{"id":6886,"date":"2022-04-10T12:43:23","date_gmt":"2022-04-10T09:43:23","guid":{"rendered":"https:\/\/pravaliacusapunuri.ro\/?post_type=product&#038;p=6886"},"modified":"2026-02-15T18:52:59","modified_gmt":"2026-02-15T16:52:59","slug":"pachet-easter-pentru-el","status":"publish","type":"product","link":"https:\/\/pravaliacusapunuri.ro\/en\/produse\/cadouri-pasti\/pachet-easter-pentru-el\/","title":{"rendered":"Cadou Easter pentru EL"},"content":{"rendered":"<p><strong>Pachet Easter pentru EL<\/strong> este compus din Deodorant natural 50 ml, Sampon solid cu rozmarin 100gr, Crema de maini cu ulei de masline 50ml, Sare de baie cu parchouli 100gr.<\/p>\n<h2>Descriere produse pachet Pachet Easter pentru EL:<\/h2>\n<p><strong>Deodorant natural 50 ml<\/strong> &#8211; este un produs fabricat din ingrediente naturale. Are rolul de a inhiba producerea bacteriilor \u0219i a preveni apari\u021bia mirosului nepl\u0103cut al transpira\u021biei.<br \/>\n<strong>Sampon solid cu rozmarin 100gr<\/strong> &#8211; are o formul\u0103 foarte concentrat\u0103 \u00een uleiuri vegetale cu efecte benefice \u00een ingrijirea p\u0103rului cu probleme. Este utilizat pentru prevenirea lor (c\u0103derea p\u0103rului, m\u0103trea\u021b\u0103, disfunc\u021bionalit\u0103\u021bi \u00een produc\u021bia de sebum, p\u0103r tern, f\u0103r\u0103 str\u0103lucire, deteriorat).<br \/>\n<strong>Crema de maini cu ulei de masline 50ml<\/strong> &#8211; este o crem\u0103 cu textur\u0103 pl\u0103cut\u0103 \u0219i delicat\u0103, care las\u0103 pielea moale \u0219i catifelat\u0103 imediat dup\u0103 aplicare.<br \/>\n<strong>Sare de baie cu parchouli 100gr<\/strong> &#8211; Ingredientele au fost alese pentru propriet\u0103\u0163ile lor de hidratare \u0219i catifelare, de \u00eendep\u0103rtare a celulelor moarte, de calmare \u015fi relaxare a pielii.<\/p>","protected":false},"excerpt":{"rendered":"<p><strong>Pachet Easter pentru EL<\/strong> este compus din<\/p>\n<ul>\n<li>Deodorant natural 50 ml,<\/li>\n<li>Sampon solid cu rozmarin 100gr,<\/li>\n<li>Crema de maini cu ulei de masline 50ml,<\/li>\n<li>Sare de baie cu patchouli 100gr.<\/li>\n<\/ul>","protected":false},"featured_media":6887,"comment_status":"closed","ping_status":"closed","template":"","meta":[],"product_brand":[],"product_cat":[147],"product_tag":[],"class_list":{"0":"post-6886","1":"product","2":"type-product","3":"status-publish","4":"has-post-thumbnail","6":"product_cat-cadouri-pasti","8":"first","9":"instock","10":"shipping-taxable","11":"purchasable","12":"product-type-simple"},"yoast_head":"<!-- This site is optimized with the Yoast SEO plugin v27.6 - https:\/\/yoast.com\/product\/yoast-seo-wordpress\/ -->\n<title>Cadou Easter pentru EL | naturale<\/title>\n<meta name=\"description\" content=\"Pachet Easter pentru EL: Deodorant natural, Sampon solid cu rozmarin, Crema de maini cu ulei de masline, Sare de baie cu parchouli.\" \/>\n<meta name=\"robots\" content=\"index, follow, max-snippet:-1, max-image-preview:large, max-video-preview:-1\" \/>\n<link rel=\"canonical\" href=\"https:\/\/pravaliacusapunuri.ro\/en\/produse\/cadouri-pasti\/pachet-easter-pentru-el\/\" \/>\n<meta property=\"og:locale\" content=\"en_US\" \/>\n<meta property=\"og:type\" content=\"article\" \/>\n<meta property=\"og:title\" content=\"Cadou Easter pentru EL | naturale\" \/>\n<meta property=\"og:description\" content=\"Pachet Easter pentru EL: Deodorant natural, Sampon solid cu rozmarin, Crema de maini cu ulei de masline, Sare de baie cu parchouli.\" \/>\n<meta property=\"og:url\" content=\"https:\/\/pravaliacusapunuri.ro\/en\/produse\/cadouri-pasti\/pachet-easter-pentru-el\/\" \/>\n<meta property=\"article:publisher\" content=\"https:\/\/www.facebook.com\/pravaliacusapunuri.ro\/\" \/>\n<meta property=\"article:modified_time\" content=\"2026-02-15T16:52:59+00:00\" \/>\n<meta property=\"og:image\" content=\"https:\/\/pravaliacusapunuri.ro\/wp-content\/uploads\/2022\/04\/Pachet-Easter-pentru-EL.jpg\" \/>\n\t<meta property=\"og:image:width\" content=\"1000\" \/>\n\t<meta property=\"og:image:height\" content=\"1000\" \/>\n\t<meta property=\"og:image:type\" content=\"image\/jpeg\" \/>\n<meta name=\"twitter:card\" content=\"summary_large_image\" \/>\n<meta name=\"twitter:label1\" content=\"Est. reading time\" \/>\n\t<meta name=\"twitter:data1\" content=\"2 minutes\" \/>\n<script type=\"application\/ld+json\" class=\"yoast-schema-graph\">{\"@context\":\"https:\\\/\\\/schema.org\",\"@graph\":[{\"@type\":\"WebPage\",\"@id\":\"https:\\\/\\\/pravaliacusapunuri.ro\\\/produse\\\/cadouri-pasti\\\/pachet-easter-pentru-el\\\/\",\"url\":\"https:\\\/\\\/pravaliacusapunuri.ro\\\/produse\\\/cadouri-pasti\\\/pachet-easter-pentru-el\\\/\",\"name\":\"Cadou Easter pentru EL | naturale\",\"isPartOf\":{\"@id\":\"https:\\\/\\\/pravaliacusapunuri.ro\\\/#website\"},\"primaryImageOfPage\":{\"@id\":\"https:\\\/\\\/pravaliacusapunuri.ro\\\/produse\\\/cadouri-pasti\\\/pachet-easter-pentru-el\\\/#primaryimage\"},\"image\":{\"@id\":\"https:\\\/\\\/pravaliacusapunuri.ro\\\/produse\\\/cadouri-pasti\\\/pachet-easter-pentru-el\\\/#primaryimage\"},\"thumbnailUrl\":\"https:\\\/\\\/pravaliacusapunuri.ro\\\/wp-content\\\/uploads\\\/2022\\\/04\\\/Pachet-Easter-pentru-EL.jpg\",\"datePublished\":\"2022-04-10T09:43:23+00:00\",\"dateModified\":\"2026-02-15T16:52:59+00:00\",\"description\":\"Pachet Easter pentru EL: Deodorant natural, Sampon solid cu rozmarin, Crema de maini cu ulei de masline, Sare de baie cu parchouli.\",\"breadcrumb\":{\"@id\":\"https:\\\/\\\/pravaliacusapunuri.ro\\\/produse\\\/cadouri-pasti\\\/pachet-easter-pentru-el\\\/#breadcrumb\"},\"inLanguage\":\"en-US\",\"potentialAction\":[{\"@type\":\"ReadAction\",\"target\":[\"https:\\\/\\\/pravaliacusapunuri.ro\\\/produse\\\/cadouri-pasti\\\/pachet-easter-pentru-el\\\/\"]}]},{\"@type\":\"ImageObject\",\"inLanguage\":\"en-US\",\"@id\":\"https:\\\/\\\/pravaliacusapunuri.ro\\\/produse\\\/cadouri-pasti\\\/pachet-easter-pentru-el\\\/#primaryimage\",\"url\":\"https:\\\/\\\/pravaliacusapunuri.ro\\\/wp-content\\\/uploads\\\/2022\\\/04\\\/Pachet-Easter-pentru-EL.jpg\",\"contentUrl\":\"https:\\\/\\\/pravaliacusapunuri.ro\\\/wp-content\\\/uploads\\\/2022\\\/04\\\/Pachet-Easter-pentru-EL.jpg\",\"width\":1000,\"height\":1000,\"caption\":\"Pachet Easter pentru EL este compus din Deodorant natural 50 ml, Sampon solid cu rozmarin 100gr, Crema de maini cu ulei de masline 50ml, Sare de baie cu parchouli 100gr.\"},{\"@type\":\"BreadcrumbList\",\"@id\":\"https:\\\/\\\/pravaliacusapunuri.ro\\\/produse\\\/cadouri-pasti\\\/pachet-easter-pentru-el\\\/#breadcrumb\",\"itemListElement\":[{\"@type\":\"ListItem\",\"position\":1,\"name\":\"Prima pagin\u0103\",\"item\":\"https:\\\/\\\/pravaliacusapunuri.ro\\\/\"},{\"@type\":\"ListItem\",\"position\":2,\"name\":\"Produse\",\"item\":\"https:\\\/\\\/pravaliacusapunuri.ro\\\/produse\\\/\"},{\"@type\":\"ListItem\",\"position\":3,\"name\":\"Cadou Easter pentru EL\"}]},{\"@type\":\"WebSite\",\"@id\":\"https:\\\/\\\/pravaliacusapunuri.ro\\\/#website\",\"url\":\"https:\\\/\\\/pravaliacusapunuri.ro\\\/\",\"name\":\"Pr\u0103v\u0103lia cu S\u0103punuri\",\"description\":\"\",\"publisher\":{\"@id\":\"https:\\\/\\\/pravaliacusapunuri.ro\\\/#organization\"},\"potentialAction\":[{\"@type\":\"SearchAction\",\"target\":{\"@type\":\"EntryPoint\",\"urlTemplate\":\"https:\\\/\\\/pravaliacusapunuri.ro\\\/?s={search_term_string}\"},\"query-input\":{\"@type\":\"PropertyValueSpecification\",\"valueRequired\":true,\"valueName\":\"search_term_string\"}}],\"inLanguage\":\"en-US\"},{\"@type\":\"Organization\",\"@id\":\"https:\\\/\\\/pravaliacusapunuri.ro\\\/#organization\",\"name\":\"Pr\u0103v\u0103lia cu S\u0103punuri SRL\",\"url\":\"https:\\\/\\\/pravaliacusapunuri.ro\\\/\",\"logo\":{\"@type\":\"ImageObject\",\"inLanguage\":\"en-US\",\"@id\":\"https:\\\/\\\/pravaliacusapunuri.ro\\\/#\\\/schema\\\/logo\\\/image\\\/\",\"url\":\"https:\\\/\\\/pravaliacusapunuri.ro\\\/wp-content\\\/uploads\\\/2023\\\/12\\\/cropped-stampila-2.png\",\"contentUrl\":\"https:\\\/\\\/pravaliacusapunuri.ro\\\/wp-content\\\/uploads\\\/2023\\\/12\\\/cropped-stampila-2.png\",\"width\":509,\"height\":448,\"caption\":\"Pr\u0103v\u0103lia cu S\u0103punuri SRL\"},\"image\":{\"@id\":\"https:\\\/\\\/pravaliacusapunuri.ro\\\/#\\\/schema\\\/logo\\\/image\\\/\"},\"sameAs\":[\"https:\\\/\\\/www.facebook.com\\\/pravaliacusapunuri.ro\\\/\",\"https:\\\/\\\/www.instagram.com\\\/pravalia_cu_sapunuri\\\/\"]}]}<\/script>\n<!-- \/ Yoast SEO plugin. -->","yoast_head_json":{"title":"Cadou Easter pentru EL | naturale","description":"Pachet Easter pentru EL: Deodorant natural, Sampon solid cu rozmarin, Crema de maini cu ulei de masline, Sare de baie cu parchouli.","robots":{"index":"index","follow":"follow","max-snippet":"max-snippet:-1","max-image-preview":"max-image-preview:large","max-video-preview":"max-video-preview:-1"},"canonical":"https:\/\/pravaliacusapunuri.ro\/en\/produse\/cadouri-pasti\/pachet-easter-pentru-el\/","og_locale":"en_US","og_type":"article","og_title":"Cadou Easter pentru EL | naturale","og_description":"Pachet Easter pentru EL: Deodorant natural, Sampon solid cu rozmarin, Crema de maini cu ulei de masline, Sare de baie cu parchouli.","og_url":"https:\/\/pravaliacusapunuri.ro\/en\/produse\/cadouri-pasti\/pachet-easter-pentru-el\/","article_publisher":"https:\/\/www.facebook.com\/pravaliacusapunuri.ro\/","article_modified_time":"2026-02-15T16:52:59+00:00","og_image":[{"width":1000,"height":1000,"url":"https:\/\/pravaliacusapunuri.ro\/wp-content\/uploads\/2022\/04\/Pachet-Easter-pentru-EL.jpg","type":"image\/jpeg"}],"twitter_card":"summary_large_image","twitter_misc":{"Est. reading time":"2 minutes"},"schema":{"@context":"https:\/\/schema.org","@graph":[{"@type":"WebPage","@id":"https:\/\/pravaliacusapunuri.ro\/produse\/cadouri-pasti\/pachet-easter-pentru-el\/","url":"https:\/\/pravaliacusapunuri.ro\/produse\/cadouri-pasti\/pachet-easter-pentru-el\/","name":"Cadou Easter pentru EL | naturale","isPartOf":{"@id":"https:\/\/pravaliacusapunuri.ro\/#website"},"primaryImageOfPage":{"@id":"https:\/\/pravaliacusapunuri.ro\/produse\/cadouri-pasti\/pachet-easter-pentru-el\/#primaryimage"},"image":{"@id":"https:\/\/pravaliacusapunuri.ro\/produse\/cadouri-pasti\/pachet-easter-pentru-el\/#primaryimage"},"thumbnailUrl":"https:\/\/pravaliacusapunuri.ro\/wp-content\/uploads\/2022\/04\/Pachet-Easter-pentru-EL.jpg","datePublished":"2022-04-10T09:43:23+00:00","dateModified":"2026-02-15T16:52:59+00:00","description":"Pachet Easter pentru EL: Deodorant natural, Sampon solid cu rozmarin, Crema de maini cu ulei de masline, Sare de baie cu parchouli.","breadcrumb":{"@id":"https:\/\/pravaliacusapunuri.ro\/produse\/cadouri-pasti\/pachet-easter-pentru-el\/#breadcrumb"},"inLanguage":"en-US","potentialAction":[{"@type":"ReadAction","target":["https:\/\/pravaliacusapunuri.ro\/produse\/cadouri-pasti\/pachet-easter-pentru-el\/"]}]},{"@type":"ImageObject","inLanguage":"en-US","@id":"https:\/\/pravaliacusapunuri.ro\/produse\/cadouri-pasti\/pachet-easter-pentru-el\/#primaryimage","url":"https:\/\/pravaliacusapunuri.ro\/wp-content\/uploads\/2022\/04\/Pachet-Easter-pentru-EL.jpg","contentUrl":"https:\/\/pravaliacusapunuri.ro\/wp-content\/uploads\/2022\/04\/Pachet-Easter-pentru-EL.jpg","width":1000,"height":1000,"caption":"Pachet Easter pentru EL este compus din Deodorant natural 50 ml, Sampon solid cu rozmarin 100gr, Crema de maini cu ulei de masline 50ml, Sare de baie cu parchouli 100gr."},{"@type":"BreadcrumbList","@id":"https:\/\/pravaliacusapunuri.ro\/produse\/cadouri-pasti\/pachet-easter-pentru-el\/#breadcrumb","itemListElement":[{"@type":"ListItem","position":1,"name":"Prima pagin\u0103","item":"https:\/\/pravaliacusapunuri.ro\/"},{"@type":"ListItem","position":2,"name":"Produse","item":"https:\/\/pravaliacusapunuri.ro\/produse\/"},{"@type":"ListItem","position":3,"name":"Cadou Easter pentru EL"}]},{"@type":"WebSite","@id":"https:\/\/pravaliacusapunuri.ro\/#website","url":"https:\/\/pravaliacusapunuri.ro\/","name":"Pr\u0103v\u0103lia cu S\u0103punuri","description":"","publisher":{"@id":"https:\/\/pravaliacusapunuri.ro\/#organization"},"potentialAction":[{"@type":"SearchAction","target":{"@type":"EntryPoint","urlTemplate":"https:\/\/pravaliacusapunuri.ro\/?s={search_term_string}"},"query-input":{"@type":"PropertyValueSpecification","valueRequired":true,"valueName":"search_term_string"}}],"inLanguage":"en-US"},{"@type":"Organization","@id":"https:\/\/pravaliacusapunuri.ro\/#organization","name":"Pr\u0103v\u0103lia cu S\u0103punuri SRL","url":"https:\/\/pravaliacusapunuri.ro\/","logo":{"@type":"ImageObject","inLanguage":"en-US","@id":"https:\/\/pravaliacusapunuri.ro\/#\/schema\/logo\/image\/","url":"https:\/\/pravaliacusapunuri.ro\/wp-content\/uploads\/2023\/12\/cropped-stampila-2.png","contentUrl":"https:\/\/pravaliacusapunuri.ro\/wp-content\/uploads\/2023\/12\/cropped-stampila-2.png","width":509,"height":448,"caption":"Pr\u0103v\u0103lia cu S\u0103punuri SRL"},"image":{"@id":"https:\/\/pravaliacusapunuri.ro\/#\/schema\/logo\/image\/"},"sameAs":["https:\/\/www.facebook.com\/pravaliacusapunuri.ro\/","https:\/\/www.instagram.com\/pravalia_cu_sapunuri\/"]}]}},"_links":{"self":[{"href":"https:\/\/pravaliacusapunuri.ro\/en\/wp-json\/wp\/v2\/product\/6886","targetHints":{"allow":["GET"]}}],"collection":[{"href":"https:\/\/pravaliacusapunuri.ro\/en\/wp-json\/wp\/v2\/product"}],"about":[{"href":"https:\/\/pravaliacusapunuri.ro\/en\/wp-json\/wp\/v2\/types\/product"}],"replies":[{"embeddable":true,"href":"https:\/\/pravaliacusapunuri.ro\/en\/wp-json\/wp\/v2\/comments?post=6886"}],"version-history":[{"count":5,"href":"https:\/\/pravaliacusapunuri.ro\/en\/wp-json\/wp\/v2\/product\/6886\/revisions"}],"predecessor-version":[{"id":7487,"href":"https:\/\/pravaliacusapunuri.ro\/en\/wp-json\/wp\/v2\/product\/6886\/revisions\/7487"}],"wp:featuredmedia":[{"embeddable":true,"href":"https:\/\/pravaliacusapunuri.ro\/en\/wp-json\/wp\/v2\/media\/6887"}],"wp:attachment":[{"href":"https:\/\/pravaliacusapunuri.ro\/en\/wp-json\/wp\/v2\/media?parent=6886"}],"wp:term":[{"taxonomy":"product_brand","embeddable":true,"href":"https:\/\/pravaliacusapunuri.ro\/en\/wp-json\/wp\/v2\/product_brand?post=6886"},{"taxonomy":"product_cat","embeddable":true,"href":"https:\/\/pravaliacusapunuri.ro\/en\/wp-json\/wp\/v2\/product_cat?post=6886"},{"taxonomy":"product_tag","embeddable":true,"href":"https:\/\/pravaliacusapunuri.ro\/en\/wp-json\/wp\/v2\/product_tag?post=6886"}],"curies":[{"name":"wp","href":"https:\/\/api.w.org\/{rel}","templated":true}]}}