{"id":6865,"date":"2022-04-09T20:00:49","date_gmt":"2022-04-09T17:00:49","guid":{"rendered":"https:\/\/pravaliacusapunuri.ro\/?post_type=product&#038;p=6865"},"modified":"2026-02-15T18:52:22","modified_gmt":"2026-02-15T16:52:22","slug":"pachet-easter-pentru-ea","status":"publish","type":"product","link":"https:\/\/pravaliacusapunuri.ro\/en\/produse\/cadouri-pasti\/pachet-easter-pentru-ea\/","title":{"rendered":"Cadou Easter pentru EA"},"content":{"rendered":"<p><strong>Pachet Easter pentru EA<\/strong> este compus din Crema de fata lejera 50ml, Sapun natural cu citrice 100gr, Sare de baie cu citrice 100gr si Balsam de buze cu catina si miere 6ml.<\/p>\n<h2>Descriere produse pachet Easter pentru EA:<\/h2>\n<ul>\n<li><strong>Crema de fata lejera 50ml<\/strong> &#8211; este formulat\u0103 cu ingrediente calmante, antiiritante, regeneratoare \u0219i anti-\u00eemb\u0103tr\u00e2nire, este o\u00a0<a href=\"https:\/\/en.wikipedia.org\/wiki\/Moisturizer\">crem\u0103 de zi<\/a>\u00a0lejer\u0103 \u0219i fin\u0103. Are un miros vegetal, se absoarbe bine, hidrateaz\u0103 \u0219i catifeleaz\u0103, nu las\u0103 strat uleios pe piele.<\/li>\n<li><strong>Sapun natural cu citrice 100gr<\/strong> &#8211; este un s\u0103pun hidratant, emolient, tonifiant, bogat \u00een ingrediente antioxidante cu efect astringent, antiseptic. Calmeaz\u0103, relaxeaz\u0103 \u015fi ajut\u0103 la eliminarea anxiet\u0103\u0163ii \u015fi a insomniei.\u00a0<strong>Se potrive\u015fte oric\u0103rui tip de ten.<\/strong><\/li>\n<li><strong>Sare de baie cu citrice 100gr<\/strong> &#8211; Ingredientele din aceasta\u00a0<strong>sare de baie efervescenta cu citrice<\/strong>\u00a0au fost alese pentru propriet\u0103\u0163ile lor de hidratare \u0219i catifelare. Au rol de \u00eendep\u0103rtare a celulelor moarte, de calmare \u015fi relaxare a pielii.<\/li>\n<li><strong>Balsam de buze cu catina si miere 6ml<\/strong> &#8211; este un balsam de buze cu factor de protec\u021bie solar\u0103. Confer\u0103 buzelor o \u00eengrijire delicat\u0103 \u0219i acestea se men\u021bin perfect protejate de factorii externi \u0219i de radia\u021biile UV.<\/li>\n<\/ul>\n<h3>Despre Pravalia cu sapunuri<\/h3>\n<p>Din cauza faptului c\u0103 principala pia\u0163\u0103 din Rom\u00e2nia, \u015fi nu numai, este acaparat\u0103 de produse pentru \u00eengrijire alc\u0103tuite, \u00een mare parte, din substan\u0163e chimice care ne pot afecta, at\u00e2t pe exterior, c\u00e2t \u015fi pe interiorul trupului, am decis s\u0103 concep acest proiect foarte drag mie \u2013\u00a0<strong>Pr\u0103v\u0103lia Cu S\u0103punuri<\/strong><i>.<\/i><\/p>\n<p>Pentru a vizualiza toate produsele din categoria Pachete Promotionale, apasa <a href=\"https:\/\/pravaliacusapunuri.ro\/en\/product-category\/pachete-promotionale\/\"><strong>AICI!<\/strong><\/a><\/p>","protected":false},"excerpt":{"rendered":"<p><strong>Pachet Easter pentru EA<\/strong> este compus din Crema de fata lejera 50ml, Sapun natural cu citrice 100gr, Sare de baie cu citrice 100gr si Balsam de buze cu catina si miere 6ml.<\/p>","protected":false},"featured_media":6866,"comment_status":"closed","ping_status":"closed","template":"","meta":[],"product_brand":[],"product_cat":[147],"product_tag":[],"class_list":{"0":"post-6865","1":"product","2":"type-product","3":"status-publish","4":"has-post-thumbnail","6":"product_cat-cadouri-pasti","8":"first","9":"instock","10":"shipping-taxable","11":"purchasable","12":"product-type-simple"},"yoast_head":"<!-- This site is optimized with the Yoast SEO plugin v27.6 - https:\/\/yoast.com\/product\/yoast-seo-wordpress\/ -->\n<title>Cadou Easter pentru EA | naturale<\/title>\n<meta name=\"description\" content=\"Pachet Easter pentru EA: Crema de fata lejera, Sapun natural cu citrice, Sare de baie cu citrice si Balsam de buze cu catina si miere.\" \/>\n<meta name=\"robots\" content=\"index, follow, max-snippet:-1, max-image-preview:large, max-video-preview:-1\" \/>\n<link rel=\"canonical\" href=\"https:\/\/pravaliacusapunuri.ro\/en\/produse\/cadouri-pasti\/pachet-easter-pentru-ea\/\" \/>\n<meta property=\"og:locale\" content=\"en_US\" \/>\n<meta property=\"og:type\" content=\"article\" \/>\n<meta property=\"og:title\" content=\"Cadou Easter pentru EA | naturale\" \/>\n<meta property=\"og:description\" content=\"Pachet Easter pentru EA: Crema de fata lejera, Sapun natural cu citrice, Sare de baie cu citrice si Balsam de buze cu catina si miere.\" \/>\n<meta property=\"og:url\" content=\"https:\/\/pravaliacusapunuri.ro\/en\/produse\/cadouri-pasti\/pachet-easter-pentru-ea\/\" \/>\n<meta property=\"article:publisher\" content=\"https:\/\/www.facebook.com\/pravaliacusapunuri.ro\/\" \/>\n<meta property=\"article:modified_time\" content=\"2026-02-15T16:52:22+00:00\" \/>\n<meta property=\"og:image\" content=\"https:\/\/pravaliacusapunuri.ro\/wp-content\/uploads\/2022\/04\/pachet-easter-pentru-ea-02.jpg\" \/>\n\t<meta property=\"og:image:width\" content=\"1000\" \/>\n\t<meta property=\"og:image:height\" content=\"1000\" \/>\n\t<meta property=\"og:image:type\" content=\"image\/jpeg\" \/>\n<meta name=\"twitter:card\" content=\"summary_large_image\" \/>\n<meta name=\"twitter:label1\" content=\"Est. reading time\" \/>\n\t<meta name=\"twitter:data1\" content=\"2 minutes\" \/>\n<script type=\"application\/ld+json\" class=\"yoast-schema-graph\">{\"@context\":\"https:\\\/\\\/schema.org\",\"@graph\":[{\"@type\":\"WebPage\",\"@id\":\"https:\\\/\\\/pravaliacusapunuri.ro\\\/produse\\\/cadouri-pasti\\\/pachet-easter-pentru-ea\\\/\",\"url\":\"https:\\\/\\\/pravaliacusapunuri.ro\\\/produse\\\/cadouri-pasti\\\/pachet-easter-pentru-ea\\\/\",\"name\":\"Cadou Easter pentru EA | naturale\",\"isPartOf\":{\"@id\":\"https:\\\/\\\/pravaliacusapunuri.ro\\\/#website\"},\"primaryImageOfPage\":{\"@id\":\"https:\\\/\\\/pravaliacusapunuri.ro\\\/produse\\\/cadouri-pasti\\\/pachet-easter-pentru-ea\\\/#primaryimage\"},\"image\":{\"@id\":\"https:\\\/\\\/pravaliacusapunuri.ro\\\/produse\\\/cadouri-pasti\\\/pachet-easter-pentru-ea\\\/#primaryimage\"},\"thumbnailUrl\":\"https:\\\/\\\/pravaliacusapunuri.ro\\\/wp-content\\\/uploads\\\/2022\\\/04\\\/pachet-easter-pentru-ea-02.jpg\",\"datePublished\":\"2022-04-09T17:00:49+00:00\",\"dateModified\":\"2026-02-15T16:52:22+00:00\",\"description\":\"Pachet Easter pentru EA: Crema de fata lejera, Sapun natural cu citrice, Sare de baie cu citrice si Balsam de buze cu catina si miere.\",\"breadcrumb\":{\"@id\":\"https:\\\/\\\/pravaliacusapunuri.ro\\\/produse\\\/cadouri-pasti\\\/pachet-easter-pentru-ea\\\/#breadcrumb\"},\"inLanguage\":\"en-US\",\"potentialAction\":[{\"@type\":\"ReadAction\",\"target\":[\"https:\\\/\\\/pravaliacusapunuri.ro\\\/produse\\\/cadouri-pasti\\\/pachet-easter-pentru-ea\\\/\"]}]},{\"@type\":\"ImageObject\",\"inLanguage\":\"en-US\",\"@id\":\"https:\\\/\\\/pravaliacusapunuri.ro\\\/produse\\\/cadouri-pasti\\\/pachet-easter-pentru-ea\\\/#primaryimage\",\"url\":\"https:\\\/\\\/pravaliacusapunuri.ro\\\/wp-content\\\/uploads\\\/2022\\\/04\\\/pachet-easter-pentru-ea-02.jpg\",\"contentUrl\":\"https:\\\/\\\/pravaliacusapunuri.ro\\\/wp-content\\\/uploads\\\/2022\\\/04\\\/pachet-easter-pentru-ea-02.jpg\",\"width\":1000,\"height\":1000,\"caption\":\"Pachet Easter pentru EA este compus din Crema de fata lejera 50ml, Sapun natural cu citrice 100gr, Sare de baie cu citrice 100gr si Balsam de buze cu catina si miere 6ml.\"},{\"@type\":\"BreadcrumbList\",\"@id\":\"https:\\\/\\\/pravaliacusapunuri.ro\\\/produse\\\/cadouri-pasti\\\/pachet-easter-pentru-ea\\\/#breadcrumb\",\"itemListElement\":[{\"@type\":\"ListItem\",\"position\":1,\"name\":\"Prima pagin\u0103\",\"item\":\"https:\\\/\\\/pravaliacusapunuri.ro\\\/\"},{\"@type\":\"ListItem\",\"position\":2,\"name\":\"Produse\",\"item\":\"https:\\\/\\\/pravaliacusapunuri.ro\\\/produse\\\/\"},{\"@type\":\"ListItem\",\"position\":3,\"name\":\"Cadou Easter pentru EA\"}]},{\"@type\":\"WebSite\",\"@id\":\"https:\\\/\\\/pravaliacusapunuri.ro\\\/#website\",\"url\":\"https:\\\/\\\/pravaliacusapunuri.ro\\\/\",\"name\":\"Pr\u0103v\u0103lia cu S\u0103punuri\",\"description\":\"\",\"publisher\":{\"@id\":\"https:\\\/\\\/pravaliacusapunuri.ro\\\/#organization\"},\"potentialAction\":[{\"@type\":\"SearchAction\",\"target\":{\"@type\":\"EntryPoint\",\"urlTemplate\":\"https:\\\/\\\/pravaliacusapunuri.ro\\\/?s={search_term_string}\"},\"query-input\":{\"@type\":\"PropertyValueSpecification\",\"valueRequired\":true,\"valueName\":\"search_term_string\"}}],\"inLanguage\":\"en-US\"},{\"@type\":\"Organization\",\"@id\":\"https:\\\/\\\/pravaliacusapunuri.ro\\\/#organization\",\"name\":\"Pr\u0103v\u0103lia cu S\u0103punuri SRL\",\"url\":\"https:\\\/\\\/pravaliacusapunuri.ro\\\/\",\"logo\":{\"@type\":\"ImageObject\",\"inLanguage\":\"en-US\",\"@id\":\"https:\\\/\\\/pravaliacusapunuri.ro\\\/#\\\/schema\\\/logo\\\/image\\\/\",\"url\":\"https:\\\/\\\/pravaliacusapunuri.ro\\\/wp-content\\\/uploads\\\/2023\\\/12\\\/cropped-stampila-2.png\",\"contentUrl\":\"https:\\\/\\\/pravaliacusapunuri.ro\\\/wp-content\\\/uploads\\\/2023\\\/12\\\/cropped-stampila-2.png\",\"width\":509,\"height\":448,\"caption\":\"Pr\u0103v\u0103lia cu S\u0103punuri SRL\"},\"image\":{\"@id\":\"https:\\\/\\\/pravaliacusapunuri.ro\\\/#\\\/schema\\\/logo\\\/image\\\/\"},\"sameAs\":[\"https:\\\/\\\/www.facebook.com\\\/pravaliacusapunuri.ro\\\/\",\"https:\\\/\\\/www.instagram.com\\\/pravalia_cu_sapunuri\\\/\"]}]}<\/script>\n<!-- \/ Yoast SEO plugin. -->","yoast_head_json":{"title":"Cadou Easter pentru EA | naturale","description":"Pachet Easter pentru EA: Crema de fata lejera, Sapun natural cu citrice, Sare de baie cu citrice si Balsam de buze cu catina si miere.","robots":{"index":"index","follow":"follow","max-snippet":"max-snippet:-1","max-image-preview":"max-image-preview:large","max-video-preview":"max-video-preview:-1"},"canonical":"https:\/\/pravaliacusapunuri.ro\/en\/produse\/cadouri-pasti\/pachet-easter-pentru-ea\/","og_locale":"en_US","og_type":"article","og_title":"Cadou Easter pentru EA | naturale","og_description":"Pachet Easter pentru EA: Crema de fata lejera, Sapun natural cu citrice, Sare de baie cu citrice si Balsam de buze cu catina si miere.","og_url":"https:\/\/pravaliacusapunuri.ro\/en\/produse\/cadouri-pasti\/pachet-easter-pentru-ea\/","article_publisher":"https:\/\/www.facebook.com\/pravaliacusapunuri.ro\/","article_modified_time":"2026-02-15T16:52:22+00:00","og_image":[{"width":1000,"height":1000,"url":"https:\/\/pravaliacusapunuri.ro\/wp-content\/uploads\/2022\/04\/pachet-easter-pentru-ea-02.jpg","type":"image\/jpeg"}],"twitter_card":"summary_large_image","twitter_misc":{"Est. reading time":"2 minutes"},"schema":{"@context":"https:\/\/schema.org","@graph":[{"@type":"WebPage","@id":"https:\/\/pravaliacusapunuri.ro\/produse\/cadouri-pasti\/pachet-easter-pentru-ea\/","url":"https:\/\/pravaliacusapunuri.ro\/produse\/cadouri-pasti\/pachet-easter-pentru-ea\/","name":"Cadou Easter pentru EA | naturale","isPartOf":{"@id":"https:\/\/pravaliacusapunuri.ro\/#website"},"primaryImageOfPage":{"@id":"https:\/\/pravaliacusapunuri.ro\/produse\/cadouri-pasti\/pachet-easter-pentru-ea\/#primaryimage"},"image":{"@id":"https:\/\/pravaliacusapunuri.ro\/produse\/cadouri-pasti\/pachet-easter-pentru-ea\/#primaryimage"},"thumbnailUrl":"https:\/\/pravaliacusapunuri.ro\/wp-content\/uploads\/2022\/04\/pachet-easter-pentru-ea-02.jpg","datePublished":"2022-04-09T17:00:49+00:00","dateModified":"2026-02-15T16:52:22+00:00","description":"Pachet Easter pentru EA: Crema de fata lejera, Sapun natural cu citrice, Sare de baie cu citrice si Balsam de buze cu catina si miere.","breadcrumb":{"@id":"https:\/\/pravaliacusapunuri.ro\/produse\/cadouri-pasti\/pachet-easter-pentru-ea\/#breadcrumb"},"inLanguage":"en-US","potentialAction":[{"@type":"ReadAction","target":["https:\/\/pravaliacusapunuri.ro\/produse\/cadouri-pasti\/pachet-easter-pentru-ea\/"]}]},{"@type":"ImageObject","inLanguage":"en-US","@id":"https:\/\/pravaliacusapunuri.ro\/produse\/cadouri-pasti\/pachet-easter-pentru-ea\/#primaryimage","url":"https:\/\/pravaliacusapunuri.ro\/wp-content\/uploads\/2022\/04\/pachet-easter-pentru-ea-02.jpg","contentUrl":"https:\/\/pravaliacusapunuri.ro\/wp-content\/uploads\/2022\/04\/pachet-easter-pentru-ea-02.jpg","width":1000,"height":1000,"caption":"Pachet Easter pentru EA este compus din Crema de fata lejera 50ml, Sapun natural cu citrice 100gr, Sare de baie cu citrice 100gr si Balsam de buze cu catina si miere 6ml."},{"@type":"BreadcrumbList","@id":"https:\/\/pravaliacusapunuri.ro\/produse\/cadouri-pasti\/pachet-easter-pentru-ea\/#breadcrumb","itemListElement":[{"@type":"ListItem","position":1,"name":"Prima pagin\u0103","item":"https:\/\/pravaliacusapunuri.ro\/"},{"@type":"ListItem","position":2,"name":"Produse","item":"https:\/\/pravaliacusapunuri.ro\/produse\/"},{"@type":"ListItem","position":3,"name":"Cadou Easter pentru EA"}]},{"@type":"WebSite","@id":"https:\/\/pravaliacusapunuri.ro\/#website","url":"https:\/\/pravaliacusapunuri.ro\/","name":"Pr\u0103v\u0103lia cu S\u0103punuri","description":"","publisher":{"@id":"https:\/\/pravaliacusapunuri.ro\/#organization"},"potentialAction":[{"@type":"SearchAction","target":{"@type":"EntryPoint","urlTemplate":"https:\/\/pravaliacusapunuri.ro\/?s={search_term_string}"},"query-input":{"@type":"PropertyValueSpecification","valueRequired":true,"valueName":"search_term_string"}}],"inLanguage":"en-US"},{"@type":"Organization","@id":"https:\/\/pravaliacusapunuri.ro\/#organization","name":"Pr\u0103v\u0103lia cu S\u0103punuri SRL","url":"https:\/\/pravaliacusapunuri.ro\/","logo":{"@type":"ImageObject","inLanguage":"en-US","@id":"https:\/\/pravaliacusapunuri.ro\/#\/schema\/logo\/image\/","url":"https:\/\/pravaliacusapunuri.ro\/wp-content\/uploads\/2023\/12\/cropped-stampila-2.png","contentUrl":"https:\/\/pravaliacusapunuri.ro\/wp-content\/uploads\/2023\/12\/cropped-stampila-2.png","width":509,"height":448,"caption":"Pr\u0103v\u0103lia cu S\u0103punuri SRL"},"image":{"@id":"https:\/\/pravaliacusapunuri.ro\/#\/schema\/logo\/image\/"},"sameAs":["https:\/\/www.facebook.com\/pravaliacusapunuri.ro\/","https:\/\/www.instagram.com\/pravalia_cu_sapunuri\/"]}]}},"_links":{"self":[{"href":"https:\/\/pravaliacusapunuri.ro\/en\/wp-json\/wp\/v2\/product\/6865","targetHints":{"allow":["GET"]}}],"collection":[{"href":"https:\/\/pravaliacusapunuri.ro\/en\/wp-json\/wp\/v2\/product"}],"about":[{"href":"https:\/\/pravaliacusapunuri.ro\/en\/wp-json\/wp\/v2\/types\/product"}],"replies":[{"embeddable":true,"href":"https:\/\/pravaliacusapunuri.ro\/en\/wp-json\/wp\/v2\/comments?post=6865"}],"version-history":[{"count":3,"href":"https:\/\/pravaliacusapunuri.ro\/en\/wp-json\/wp\/v2\/product\/6865\/revisions"}],"predecessor-version":[{"id":7488,"href":"https:\/\/pravaliacusapunuri.ro\/en\/wp-json\/wp\/v2\/product\/6865\/revisions\/7488"}],"wp:featuredmedia":[{"embeddable":true,"href":"https:\/\/pravaliacusapunuri.ro\/en\/wp-json\/wp\/v2\/media\/6866"}],"wp:attachment":[{"href":"https:\/\/pravaliacusapunuri.ro\/en\/wp-json\/wp\/v2\/media?parent=6865"}],"wp:term":[{"taxonomy":"product_brand","embeddable":true,"href":"https:\/\/pravaliacusapunuri.ro\/en\/wp-json\/wp\/v2\/product_brand?post=6865"},{"taxonomy":"product_cat","embeddable":true,"href":"https:\/\/pravaliacusapunuri.ro\/en\/wp-json\/wp\/v2\/product_cat?post=6865"},{"taxonomy":"product_tag","embeddable":true,"href":"https:\/\/pravaliacusapunuri.ro\/en\/wp-json\/wp\/v2\/product_tag?post=6865"}],"curies":[{"name":"wp","href":"https:\/\/api.w.org\/{rel}","templated":true}]}}