{"id":2519,"date":"2017-08-23T10:46:43","date_gmt":"2017-08-23T10:46:43","guid":{"rendered":"http:\/\/pravaliacusapunuri.ro\/?post_type=product&#038;p=2519"},"modified":"2022-11-28T22:06:01","modified_gmt":"2022-11-28T20:06:01","slug":"ulei-de-plaja","status":"publish","type":"product","link":"https:\/\/pravaliacusapunuri.ro\/en\/produse\/corp\/ulei-de-plaja\/","title":{"rendered":"Ulei de plaja"},"content":{"rendered":"<p><strong>Descriere<\/strong><\/p>\n<ul>\n<li>Ingredientele acestui ulei de plaja sunt protectoare la nivel celular, pregatesc pielea pentru expunerea la soare, au un continut ridicat de antioxidanti si carotenoide cu actiune antiradicalara si de protectie a pielii de factorii externi.<\/li>\n<\/ul>\n<p><strong>Beneficii ulei de plaja<\/strong><\/p>\n<ul>\n<li>Uleiul de susan absoarbe o parte din razele UV. Astfel contribuie la combaterea efectelor nocive ale expunerii indelungate sau improprii la soare.<\/li>\n<li>Uleiul de morcov este un extract de culoare aurie. Are proprietati benefice asupra pielii datorita nivelului ridicat de carotenoizi pe care il contine. Carotenoizii ajuta la reducerea efectelor nocive ale razelor UV.<\/li>\n<li>Uleiul de nuca de cocos este o solutie naturala pentru prevenirea uscarii pielii.<\/li>\n<li>Untul de shea contine acid cinamic, un antioxidant care ajuta la refacerea pielii in urma expunerii la razele UV.<\/li>\n<li>Uleiul de catina ajuta la pregatirea pielii pentru expunerea la soare si ingrijirea pielii dupa plaja.<\/li>\n<li>Uleiul de galbenele este un recunoscut reparator si antiinflamator al pielii. Are actiune calmanta, cicatrizanta, epitelizanta, reduce inflamatiile si iritatiile.<\/li>\n<li>Ingredientele acestui ulei de plaja sunt protectoare la nivel celular, pregatesc pielea pentru expunerea la soare, au un continut ridicat de antioxidanti si carotenoide cu actiune antiradicalara si de protectie a pielii de factorii externi.<\/li>\n<\/ul>\n<p><strong>Ingrediente ulei (INCI):<\/strong><\/p>\n<ul>\n<li>SESAMUM INDICUM SEED, OIL CARROT OIL, COCOS NUCIFERA OIL, OLEA EUROPAEA FRUIT OIL, BUTYROSPERMUM PARKII BUTTER, CALENDULA OFFICINALIS OIL, HIPPOPHAE RHAMNOIDES SEED OIL, TOCOPHERYL ACETATE<\/li>\n<\/ul>\n<p><strong>Mod de utilizare:<\/strong><\/p>\n<ul>\n<li>Se aplica pe pielea curata inainte de expunerea la soare. Reaplicati frecvent, in special dupa baie. Evitati expunerea prelungita la soare chiar si atunci cand folositi un produs de protectie solara.<\/li>\n<\/ul>\n<p><strong>Recomandari:<\/strong><\/p>\n<ul>\n<li>Timpul cel mai indicat pentru expunerea la soare este intre 7.30-10.30 si 16.00-18.00.<\/li>\n<\/ul>\n<p><strong>Cantitate: <\/strong>100ml \u212e<\/p>\n<p>&nbsp;<\/p>\n<div>\n<p xml:lang=\"ro-ro\" lang=\"ro-ro\"><strong xml:lang=\"ro-ro\" lang=\"ro-ro\">Referinta CPNP : 2860715<\/strong><\/p>\n<\/div>\n<div>\n<p xml:lang=\"ro-ro\" lang=\"ro-ro\"><strong xml:lang=\"ro-ro\" lang=\"ro-ro\">Testat si notificat in conformitate cu normele CEE<\/strong><\/p>\n<\/div>\n<div>\n<p xml:lang=\"ro-ro\" lang=\"ro-ro\"><strong xml:lang=\"ro-ro\" lang=\"ro-ro\"><strong>Produs cu drag in Romania!<\/strong><\/strong><\/p>\n<\/div>\n<div>&nbsp;<\/div>\n<p>&nbsp;<\/p>\n<p>&nbsp;<\/p>\n<p>Pentru a vizualiza toate produsele din categoria&nbsp;<strong>Corp<\/strong>&nbsp;apasa&nbsp;<strong><a href=\"https:\/\/pravaliacusapunuri.ro\/en\/product-category\/corp\/\">AICI<\/a><\/strong>!<\/p>","protected":false},"excerpt":{"rendered":"<p>Ingredientele acestui ulei de plaj\u0103 sunt protectoare la nivel celular, preg\u0103tesc pielea pentru expunerea la soare, au un con\u0163inut ridicat de antioxidan\u0163i \u015fi carotenoide cu ac\u0163iune antiradicalar\u0103 \u0219i de protec\u021bie a pielii de factorii externi.<\/p>\n<p><strong>Mod de utilizare:<\/strong> Se aplic\u0103 pe pielea curat\u0103 \u00eenainte de expunerea la soare. Reaplica\u021bi frecvent, \u00een special dup\u0103 baie. Evita\u021bi expunerea prelungit\u0103 la soare chiar \u0219i atunci c\u00e2nd folosi\u021bi un produs de protec\u021bie solar\u0103.<br \/>\n<strong>Recomand\u0103ri:<\/strong> Timpul cel mai indicat pentru expunerea la soare este intre 7.30-10.30 si 16.00-18.00.<br \/>\n<strong>Cantitate:&nbsp;<\/strong>100ml \u212e<\/p>","protected":false},"featured_media":6809,"comment_status":"open","ping_status":"closed","template":"","meta":[],"product_brand":[],"product_cat":[58],"product_tag":[],"class_list":{"0":"post-2519","1":"product","2":"type-product","3":"status-publish","4":"has-post-thumbnail","6":"product_cat-corp","8":"first","9":"instock","10":"shipping-taxable","11":"purchasable","12":"product-type-simple"},"yoast_head":"<!-- This site is optimized with the Yoast SEO plugin v27.6 - https:\/\/yoast.com\/product\/yoast-seo-wordpress\/ -->\n<title>Ulei de plaja pentru protec\u021bia pielii -<\/title>\n<meta name=\"description\" content=\"Ingredientele acestui ulei de plaja sunt protectoare la nivel celular. Ele preg\u0103tesc pielea pentru expunerea la soare \u0219i o protejeaz\u0103.\" \/>\n<meta name=\"robots\" content=\"index, follow, max-snippet:-1, max-image-preview:large, max-video-preview:-1\" \/>\n<link rel=\"canonical\" href=\"https:\/\/pravaliacusapunuri.ro\/en\/produse\/corp\/ulei-de-plaja\/\" \/>\n<meta property=\"og:locale\" content=\"en_US\" \/>\n<meta property=\"og:type\" content=\"article\" \/>\n<meta property=\"og:title\" content=\"Ulei de plaja pentru protec\u021bia pielii -\" \/>\n<meta property=\"og:description\" content=\"Ingredientele acestui ulei de plaja sunt protectoare la nivel celular. Ele preg\u0103tesc pielea pentru expunerea la soare \u0219i o protejeaz\u0103.\" \/>\n<meta property=\"og:url\" content=\"https:\/\/pravaliacusapunuri.ro\/en\/produse\/corp\/ulei-de-plaja\/\" \/>\n<meta property=\"article:publisher\" content=\"https:\/\/www.facebook.com\/pravaliacusapunuri.ro\/\" \/>\n<meta property=\"article:modified_time\" content=\"2022-11-28T20:06:01+00:00\" \/>\n<meta property=\"og:image\" content=\"https:\/\/pravaliacusapunuri.ro\/wp-content\/uploads\/2017\/08\/ulei-de-plaja-2022.jpg\" \/>\n\t<meta property=\"og:image:width\" content=\"1000\" \/>\n\t<meta property=\"og:image:height\" content=\"1000\" \/>\n\t<meta property=\"og:image:type\" content=\"image\/jpeg\" \/>\n<meta name=\"twitter:card\" content=\"summary_large_image\" \/>\n<meta name=\"twitter:label1\" content=\"Est. reading time\" \/>\n\t<meta name=\"twitter:data1\" content=\"2 minutes\" \/>\n<script type=\"application\/ld+json\" class=\"yoast-schema-graph\">{\"@context\":\"https:\\\/\\\/schema.org\",\"@graph\":[{\"@type\":\"WebPage\",\"@id\":\"https:\\\/\\\/pravaliacusapunuri.ro\\\/produse\\\/corp\\\/ulei-de-plaja\\\/\",\"url\":\"https:\\\/\\\/pravaliacusapunuri.ro\\\/produse\\\/corp\\\/ulei-de-plaja\\\/\",\"name\":\"Ulei de plaja pentru protec\u021bia pielii -\",\"isPartOf\":{\"@id\":\"https:\\\/\\\/pravaliacusapunuri.ro\\\/#website\"},\"primaryImageOfPage\":{\"@id\":\"https:\\\/\\\/pravaliacusapunuri.ro\\\/produse\\\/corp\\\/ulei-de-plaja\\\/#primaryimage\"},\"image\":{\"@id\":\"https:\\\/\\\/pravaliacusapunuri.ro\\\/produse\\\/corp\\\/ulei-de-plaja\\\/#primaryimage\"},\"thumbnailUrl\":\"https:\\\/\\\/pravaliacusapunuri.ro\\\/wp-content\\\/uploads\\\/2017\\\/08\\\/ulei-de-plaja-2022.jpg\",\"datePublished\":\"2017-08-23T10:46:43+00:00\",\"dateModified\":\"2022-11-28T20:06:01+00:00\",\"description\":\"Ingredientele acestui ulei de plaja sunt protectoare la nivel celular. Ele preg\u0103tesc pielea pentru expunerea la soare \u0219i o protejeaz\u0103.\",\"breadcrumb\":{\"@id\":\"https:\\\/\\\/pravaliacusapunuri.ro\\\/produse\\\/corp\\\/ulei-de-plaja\\\/#breadcrumb\"},\"inLanguage\":\"en-US\",\"potentialAction\":[{\"@type\":\"ReadAction\",\"target\":[\"https:\\\/\\\/pravaliacusapunuri.ro\\\/produse\\\/corp\\\/ulei-de-plaja\\\/\"]}]},{\"@type\":\"ImageObject\",\"inLanguage\":\"en-US\",\"@id\":\"https:\\\/\\\/pravaliacusapunuri.ro\\\/produse\\\/corp\\\/ulei-de-plaja\\\/#primaryimage\",\"url\":\"https:\\\/\\\/pravaliacusapunuri.ro\\\/wp-content\\\/uploads\\\/2017\\\/08\\\/ulei-de-plaja-2022.jpg\",\"contentUrl\":\"https:\\\/\\\/pravaliacusapunuri.ro\\\/wp-content\\\/uploads\\\/2017\\\/08\\\/ulei-de-plaja-2022.jpg\",\"width\":1000,\"height\":1000,\"caption\":\"Ingredientele acestui ulei de plaja sunt protectoare la nivel celular. Ele preg\u0103tesc pielea pentru expunerea la soare \u0219i o protejeaz\u0103.\"},{\"@type\":\"BreadcrumbList\",\"@id\":\"https:\\\/\\\/pravaliacusapunuri.ro\\\/produse\\\/corp\\\/ulei-de-plaja\\\/#breadcrumb\",\"itemListElement\":[{\"@type\":\"ListItem\",\"position\":1,\"name\":\"Prima pagin\u0103\",\"item\":\"https:\\\/\\\/pravaliacusapunuri.ro\\\/\"},{\"@type\":\"ListItem\",\"position\":2,\"name\":\"Produse\",\"item\":\"https:\\\/\\\/pravaliacusapunuri.ro\\\/produse\\\/\"},{\"@type\":\"ListItem\",\"position\":3,\"name\":\"Ulei de plaja\"}]},{\"@type\":\"WebSite\",\"@id\":\"https:\\\/\\\/pravaliacusapunuri.ro\\\/#website\",\"url\":\"https:\\\/\\\/pravaliacusapunuri.ro\\\/\",\"name\":\"Pr\u0103v\u0103lia cu S\u0103punuri\",\"description\":\"\",\"publisher\":{\"@id\":\"https:\\\/\\\/pravaliacusapunuri.ro\\\/#organization\"},\"potentialAction\":[{\"@type\":\"SearchAction\",\"target\":{\"@type\":\"EntryPoint\",\"urlTemplate\":\"https:\\\/\\\/pravaliacusapunuri.ro\\\/?s={search_term_string}\"},\"query-input\":{\"@type\":\"PropertyValueSpecification\",\"valueRequired\":true,\"valueName\":\"search_term_string\"}}],\"inLanguage\":\"en-US\"},{\"@type\":\"Organization\",\"@id\":\"https:\\\/\\\/pravaliacusapunuri.ro\\\/#organization\",\"name\":\"Pr\u0103v\u0103lia cu S\u0103punuri SRL\",\"url\":\"https:\\\/\\\/pravaliacusapunuri.ro\\\/\",\"logo\":{\"@type\":\"ImageObject\",\"inLanguage\":\"en-US\",\"@id\":\"https:\\\/\\\/pravaliacusapunuri.ro\\\/#\\\/schema\\\/logo\\\/image\\\/\",\"url\":\"https:\\\/\\\/pravaliacusapunuri.ro\\\/wp-content\\\/uploads\\\/2023\\\/12\\\/cropped-stampila-2.png\",\"contentUrl\":\"https:\\\/\\\/pravaliacusapunuri.ro\\\/wp-content\\\/uploads\\\/2023\\\/12\\\/cropped-stampila-2.png\",\"width\":509,\"height\":448,\"caption\":\"Pr\u0103v\u0103lia cu S\u0103punuri SRL\"},\"image\":{\"@id\":\"https:\\\/\\\/pravaliacusapunuri.ro\\\/#\\\/schema\\\/logo\\\/image\\\/\"},\"sameAs\":[\"https:\\\/\\\/www.facebook.com\\\/pravaliacusapunuri.ro\\\/\",\"https:\\\/\\\/www.instagram.com\\\/pravalia_cu_sapunuri\\\/\"]}]}<\/script>\n<!-- \/ Yoast SEO plugin. -->","yoast_head_json":{"title":"Ulei de plaja pentru protec\u021bia pielii -","description":"Ingredientele acestui ulei de plaja sunt protectoare la nivel celular. Ele preg\u0103tesc pielea pentru expunerea la soare \u0219i o protejeaz\u0103.","robots":{"index":"index","follow":"follow","max-snippet":"max-snippet:-1","max-image-preview":"max-image-preview:large","max-video-preview":"max-video-preview:-1"},"canonical":"https:\/\/pravaliacusapunuri.ro\/en\/produse\/corp\/ulei-de-plaja\/","og_locale":"en_US","og_type":"article","og_title":"Ulei de plaja pentru protec\u021bia pielii -","og_description":"Ingredientele acestui ulei de plaja sunt protectoare la nivel celular. Ele preg\u0103tesc pielea pentru expunerea la soare \u0219i o protejeaz\u0103.","og_url":"https:\/\/pravaliacusapunuri.ro\/en\/produse\/corp\/ulei-de-plaja\/","article_publisher":"https:\/\/www.facebook.com\/pravaliacusapunuri.ro\/","article_modified_time":"2022-11-28T20:06:01+00:00","og_image":[{"width":1000,"height":1000,"url":"https:\/\/pravaliacusapunuri.ro\/wp-content\/uploads\/2017\/08\/ulei-de-plaja-2022.jpg","type":"image\/jpeg"}],"twitter_card":"summary_large_image","twitter_misc":{"Est. reading time":"2 minutes"},"schema":{"@context":"https:\/\/schema.org","@graph":[{"@type":"WebPage","@id":"https:\/\/pravaliacusapunuri.ro\/produse\/corp\/ulei-de-plaja\/","url":"https:\/\/pravaliacusapunuri.ro\/produse\/corp\/ulei-de-plaja\/","name":"Ulei de plaja pentru protec\u021bia pielii -","isPartOf":{"@id":"https:\/\/pravaliacusapunuri.ro\/#website"},"primaryImageOfPage":{"@id":"https:\/\/pravaliacusapunuri.ro\/produse\/corp\/ulei-de-plaja\/#primaryimage"},"image":{"@id":"https:\/\/pravaliacusapunuri.ro\/produse\/corp\/ulei-de-plaja\/#primaryimage"},"thumbnailUrl":"https:\/\/pravaliacusapunuri.ro\/wp-content\/uploads\/2017\/08\/ulei-de-plaja-2022.jpg","datePublished":"2017-08-23T10:46:43+00:00","dateModified":"2022-11-28T20:06:01+00:00","description":"Ingredientele acestui ulei de plaja sunt protectoare la nivel celular. Ele preg\u0103tesc pielea pentru expunerea la soare \u0219i o protejeaz\u0103.","breadcrumb":{"@id":"https:\/\/pravaliacusapunuri.ro\/produse\/corp\/ulei-de-plaja\/#breadcrumb"},"inLanguage":"en-US","potentialAction":[{"@type":"ReadAction","target":["https:\/\/pravaliacusapunuri.ro\/produse\/corp\/ulei-de-plaja\/"]}]},{"@type":"ImageObject","inLanguage":"en-US","@id":"https:\/\/pravaliacusapunuri.ro\/produse\/corp\/ulei-de-plaja\/#primaryimage","url":"https:\/\/pravaliacusapunuri.ro\/wp-content\/uploads\/2017\/08\/ulei-de-plaja-2022.jpg","contentUrl":"https:\/\/pravaliacusapunuri.ro\/wp-content\/uploads\/2017\/08\/ulei-de-plaja-2022.jpg","width":1000,"height":1000,"caption":"Ingredientele acestui ulei de plaja sunt protectoare la nivel celular. Ele preg\u0103tesc pielea pentru expunerea la soare \u0219i o protejeaz\u0103."},{"@type":"BreadcrumbList","@id":"https:\/\/pravaliacusapunuri.ro\/produse\/corp\/ulei-de-plaja\/#breadcrumb","itemListElement":[{"@type":"ListItem","position":1,"name":"Prima pagin\u0103","item":"https:\/\/pravaliacusapunuri.ro\/"},{"@type":"ListItem","position":2,"name":"Produse","item":"https:\/\/pravaliacusapunuri.ro\/produse\/"},{"@type":"ListItem","position":3,"name":"Ulei de plaja"}]},{"@type":"WebSite","@id":"https:\/\/pravaliacusapunuri.ro\/#website","url":"https:\/\/pravaliacusapunuri.ro\/","name":"Pr\u0103v\u0103lia cu S\u0103punuri","description":"","publisher":{"@id":"https:\/\/pravaliacusapunuri.ro\/#organization"},"potentialAction":[{"@type":"SearchAction","target":{"@type":"EntryPoint","urlTemplate":"https:\/\/pravaliacusapunuri.ro\/?s={search_term_string}"},"query-input":{"@type":"PropertyValueSpecification","valueRequired":true,"valueName":"search_term_string"}}],"inLanguage":"en-US"},{"@type":"Organization","@id":"https:\/\/pravaliacusapunuri.ro\/#organization","name":"Pr\u0103v\u0103lia cu S\u0103punuri SRL","url":"https:\/\/pravaliacusapunuri.ro\/","logo":{"@type":"ImageObject","inLanguage":"en-US","@id":"https:\/\/pravaliacusapunuri.ro\/#\/schema\/logo\/image\/","url":"https:\/\/pravaliacusapunuri.ro\/wp-content\/uploads\/2023\/12\/cropped-stampila-2.png","contentUrl":"https:\/\/pravaliacusapunuri.ro\/wp-content\/uploads\/2023\/12\/cropped-stampila-2.png","width":509,"height":448,"caption":"Pr\u0103v\u0103lia cu S\u0103punuri SRL"},"image":{"@id":"https:\/\/pravaliacusapunuri.ro\/#\/schema\/logo\/image\/"},"sameAs":["https:\/\/www.facebook.com\/pravaliacusapunuri.ro\/","https:\/\/www.instagram.com\/pravalia_cu_sapunuri\/"]}]}},"_links":{"self":[{"href":"https:\/\/pravaliacusapunuri.ro\/en\/wp-json\/wp\/v2\/product\/2519","targetHints":{"allow":["GET"]}}],"collection":[{"href":"https:\/\/pravaliacusapunuri.ro\/en\/wp-json\/wp\/v2\/product"}],"about":[{"href":"https:\/\/pravaliacusapunuri.ro\/en\/wp-json\/wp\/v2\/types\/product"}],"replies":[{"embeddable":true,"href":"https:\/\/pravaliacusapunuri.ro\/en\/wp-json\/wp\/v2\/comments?post=2519"}],"version-history":[{"count":12,"href":"https:\/\/pravaliacusapunuri.ro\/en\/wp-json\/wp\/v2\/product\/2519\/revisions"}],"predecessor-version":[{"id":7220,"href":"https:\/\/pravaliacusapunuri.ro\/en\/wp-json\/wp\/v2\/product\/2519\/revisions\/7220"}],"wp:featuredmedia":[{"embeddable":true,"href":"https:\/\/pravaliacusapunuri.ro\/en\/wp-json\/wp\/v2\/media\/6809"}],"wp:attachment":[{"href":"https:\/\/pravaliacusapunuri.ro\/en\/wp-json\/wp\/v2\/media?parent=2519"}],"wp:term":[{"taxonomy":"product_brand","embeddable":true,"href":"https:\/\/pravaliacusapunuri.ro\/en\/wp-json\/wp\/v2\/product_brand?post=2519"},{"taxonomy":"product_cat","embeddable":true,"href":"https:\/\/pravaliacusapunuri.ro\/en\/wp-json\/wp\/v2\/product_cat?post=2519"},{"taxonomy":"product_tag","embeddable":true,"href":"https:\/\/pravaliacusapunuri.ro\/en\/wp-json\/wp\/v2\/product_tag?post=2519"}],"curies":[{"name":"wp","href":"https:\/\/api.w.org\/{rel}","templated":true}]}}