{"id":2518,"date":"2017-08-23T10:46:26","date_gmt":"2017-08-23T10:46:26","guid":{"rendered":"http:\/\/pravaliacusapunuri.ro\/?post_type=product&#038;p=2518"},"modified":"2023-11-28T20:46:40","modified_gmt":"2023-11-28T18:46:40","slug":"ulei-de-masaj-pentru-bebelusi","status":"publish","type":"product","link":"https:\/\/pravaliacusapunuri.ro\/en\/produse\/copii\/ulei-de-masaj-pentru-bebelusi\/","title":{"rendered":"Ulei de masaj pentru bebelusi"},"content":{"rendered":"<p><strong>Descriere Ulei de masaj pentru bebelusi<\/strong><\/p>\n<ul>\n<li>Uleiurile folosite pentru acest produs sunt usor absorbite si bine tolerate de pielea bebelusilor. Contin cantitati insemnate de vitamina E si F care au efecte excelente de emoliere si hranire a pielii.<\/li>\n<li>Uleiul de avocado protejeaza pielea si o ajuta sa se regenereze.<\/li>\n<li>Uleiul de migdale dulci, cu efect anti-inflamator se absoarbe rapid si nu lasa un film gras la suprafata pielii. Este folosit din vechime in medicina ayurvedica pentru masajul bebelusilor si adultilor si pentru tratarea unor eczeme, alegii, psioriazis.<\/li>\n<li>Recunoscut pentru efectul anti-inflamator si reparator al pielii, uleiul de galbenele este eficient in calmarea iritatiilor si ingrijirea pielii sensibile, cum este cea a bebelusilor.<\/li>\n<\/ul>\n<p><strong>Ingrediente ulei masaj (INCI):<\/strong><\/p>\n<ul>\n<li>PERSEA GRATISSIMA OIL, PRUNUS AMYGDALUS DULCIS OIL, CALENDULA OFFICINALIS OIL, TOCOPHERYL ACETATE, LAVANDULA ANGUSTIFOLIA OIL, LINALOOL<\/li>\n<\/ul>\n<p>&nbsp;<\/p>\n<p><strong>Referinta CPNP : 2860735<\/strong><\/p>\n<p><strong>Testat si notificat in conformitate cu normele CEE<\/strong><\/p>\n<p><strong>Produs cu drag in Romania!<\/strong><\/p>\n<p>&nbsp;<\/p>\n<p>&nbsp;<\/p>\n<p>Pentru a vizualiza toate produsele din categoria <strong>Copii<\/strong> apasa <a href=\"https:\/\/pravaliacusapunuri.ro\/en\/product-category\/copii\/\"><strong>AICI!<\/strong><\/a><\/p>","protected":false},"excerpt":{"rendered":"<p>Masajul practicat cu regularitate ajut\u0103 bebelu\u015fii s\u0103 se dezvolte at\u00e2t din punct de vedere psihic c\u00e2t \u015fi motor \u00een primul an de via\u0163\u0103.<\/p>\n<p><strong>Recomand\u0103ri:<\/strong> Ai grij\u0103 de pielea celor mici cu produse naturale f\u0103r\u0103 parabeni sau al\u021bi derivati petrochimici!!!<br \/>\n<strong>Cantitate:<\/strong> 50ml \u212e<\/p>","protected":false},"featured_media":6810,"comment_status":"open","ping_status":"closed","template":"","meta":[],"product_brand":[],"product_cat":[60],"product_tag":[],"class_list":{"0":"post-2518","1":"product","2":"type-product","3":"status-publish","4":"has-post-thumbnail","6":"product_cat-copii","8":"first","9":"instock","10":"shipping-taxable","11":"purchasable","12":"product-type-simple"},"yoast_head":"<!-- This site is optimized with the Yoast SEO plugin v27.6 - https:\/\/yoast.com\/product\/yoast-seo-wordpress\/ -->\n<title>Ulei de masaj pentru bebelusi -<\/title>\n<meta name=\"description\" content=\"Masarea regulata cu acest ulei de masaj pentru bebelusi, \u00eei ajut\u0103 pe ace\u0219tia s\u0103 se dezvolte at\u00e2t din punct de vedere psihic c\u00e2t \u015fi motor.\" \/>\n<meta name=\"robots\" content=\"index, follow, max-snippet:-1, max-image-preview:large, max-video-preview:-1\" \/>\n<link rel=\"canonical\" href=\"https:\/\/pravaliacusapunuri.ro\/en\/produse\/copii\/ulei-de-masaj-pentru-bebelusi\/\" \/>\n<meta property=\"og:locale\" content=\"en_US\" \/>\n<meta property=\"og:type\" content=\"article\" \/>\n<meta property=\"og:title\" content=\"Ulei de masaj pentru bebelusi -\" \/>\n<meta property=\"og:description\" content=\"Masarea regulata cu acest ulei de masaj pentru bebelusi, \u00eei ajut\u0103 pe ace\u0219tia s\u0103 se dezvolte at\u00e2t din punct de vedere psihic c\u00e2t \u015fi motor.\" \/>\n<meta property=\"og:url\" content=\"https:\/\/pravaliacusapunuri.ro\/en\/produse\/copii\/ulei-de-masaj-pentru-bebelusi\/\" \/>\n<meta property=\"article:publisher\" content=\"https:\/\/www.facebook.com\/pravaliacusapunuri.ro\/\" \/>\n<meta property=\"article:modified_time\" content=\"2023-11-28T18:46:40+00:00\" \/>\n<meta property=\"og:image\" content=\"https:\/\/pravaliacusapunuri.ro\/wp-content\/uploads\/2017\/08\/ulei-de-masaj-pentru-bebelusi-2022.jpg\" \/>\n\t<meta property=\"og:image:width\" content=\"1000\" \/>\n\t<meta property=\"og:image:height\" content=\"1000\" \/>\n\t<meta property=\"og:image:type\" content=\"image\/jpeg\" \/>\n<meta name=\"twitter:card\" content=\"summary_large_image\" \/>\n<meta name=\"twitter:label1\" content=\"Est. reading time\" \/>\n\t<meta name=\"twitter:data1\" content=\"1 minute\" \/>\n<script type=\"application\/ld+json\" class=\"yoast-schema-graph\">{\"@context\":\"https:\\\/\\\/schema.org\",\"@graph\":[{\"@type\":\"WebPage\",\"@id\":\"https:\\\/\\\/pravaliacusapunuri.ro\\\/produse\\\/copii\\\/ulei-de-masaj-pentru-bebelusi\\\/\",\"url\":\"https:\\\/\\\/pravaliacusapunuri.ro\\\/produse\\\/copii\\\/ulei-de-masaj-pentru-bebelusi\\\/\",\"name\":\"Ulei de masaj pentru bebelusi -\",\"isPartOf\":{\"@id\":\"https:\\\/\\\/pravaliacusapunuri.ro\\\/#website\"},\"primaryImageOfPage\":{\"@id\":\"https:\\\/\\\/pravaliacusapunuri.ro\\\/produse\\\/copii\\\/ulei-de-masaj-pentru-bebelusi\\\/#primaryimage\"},\"image\":{\"@id\":\"https:\\\/\\\/pravaliacusapunuri.ro\\\/produse\\\/copii\\\/ulei-de-masaj-pentru-bebelusi\\\/#primaryimage\"},\"thumbnailUrl\":\"https:\\\/\\\/pravaliacusapunuri.ro\\\/wp-content\\\/uploads\\\/2017\\\/08\\\/ulei-de-masaj-pentru-bebelusi-2022.jpg\",\"datePublished\":\"2017-08-23T10:46:26+00:00\",\"dateModified\":\"2023-11-28T18:46:40+00:00\",\"description\":\"Masarea regulata cu acest ulei de masaj pentru bebelusi, \u00eei ajut\u0103 pe ace\u0219tia s\u0103 se dezvolte at\u00e2t din punct de vedere psihic c\u00e2t \u015fi motor.\",\"breadcrumb\":{\"@id\":\"https:\\\/\\\/pravaliacusapunuri.ro\\\/produse\\\/copii\\\/ulei-de-masaj-pentru-bebelusi\\\/#breadcrumb\"},\"inLanguage\":\"en-US\",\"potentialAction\":[{\"@type\":\"ReadAction\",\"target\":[\"https:\\\/\\\/pravaliacusapunuri.ro\\\/produse\\\/copii\\\/ulei-de-masaj-pentru-bebelusi\\\/\"]}]},{\"@type\":\"ImageObject\",\"inLanguage\":\"en-US\",\"@id\":\"https:\\\/\\\/pravaliacusapunuri.ro\\\/produse\\\/copii\\\/ulei-de-masaj-pentru-bebelusi\\\/#primaryimage\",\"url\":\"https:\\\/\\\/pravaliacusapunuri.ro\\\/wp-content\\\/uploads\\\/2017\\\/08\\\/ulei-de-masaj-pentru-bebelusi-2022.jpg\",\"contentUrl\":\"https:\\\/\\\/pravaliacusapunuri.ro\\\/wp-content\\\/uploads\\\/2017\\\/08\\\/ulei-de-masaj-pentru-bebelusi-2022.jpg\",\"width\":1000,\"height\":1000,\"caption\":\"Masarea regulata cu acest ulei de masaj pentru bebelusi, \u00eei ajut\u0103 pe ace\u0219tia s\u0103 se dezvolte at\u00e2t din punct de vedere psihic c\u00e2t \u015fi motor.\"},{\"@type\":\"BreadcrumbList\",\"@id\":\"https:\\\/\\\/pravaliacusapunuri.ro\\\/produse\\\/copii\\\/ulei-de-masaj-pentru-bebelusi\\\/#breadcrumb\",\"itemListElement\":[{\"@type\":\"ListItem\",\"position\":1,\"name\":\"Prima pagin\u0103\",\"item\":\"https:\\\/\\\/pravaliacusapunuri.ro\\\/\"},{\"@type\":\"ListItem\",\"position\":2,\"name\":\"Produse\",\"item\":\"https:\\\/\\\/pravaliacusapunuri.ro\\\/produse\\\/\"},{\"@type\":\"ListItem\",\"position\":3,\"name\":\"Ulei de masaj pentru bebelusi\"}]},{\"@type\":\"WebSite\",\"@id\":\"https:\\\/\\\/pravaliacusapunuri.ro\\\/#website\",\"url\":\"https:\\\/\\\/pravaliacusapunuri.ro\\\/\",\"name\":\"Pr\u0103v\u0103lia cu S\u0103punuri\",\"description\":\"\",\"publisher\":{\"@id\":\"https:\\\/\\\/pravaliacusapunuri.ro\\\/#organization\"},\"potentialAction\":[{\"@type\":\"SearchAction\",\"target\":{\"@type\":\"EntryPoint\",\"urlTemplate\":\"https:\\\/\\\/pravaliacusapunuri.ro\\\/?s={search_term_string}\"},\"query-input\":{\"@type\":\"PropertyValueSpecification\",\"valueRequired\":true,\"valueName\":\"search_term_string\"}}],\"inLanguage\":\"en-US\"},{\"@type\":\"Organization\",\"@id\":\"https:\\\/\\\/pravaliacusapunuri.ro\\\/#organization\",\"name\":\"Pr\u0103v\u0103lia cu S\u0103punuri SRL\",\"url\":\"https:\\\/\\\/pravaliacusapunuri.ro\\\/\",\"logo\":{\"@type\":\"ImageObject\",\"inLanguage\":\"en-US\",\"@id\":\"https:\\\/\\\/pravaliacusapunuri.ro\\\/#\\\/schema\\\/logo\\\/image\\\/\",\"url\":\"https:\\\/\\\/pravaliacusapunuri.ro\\\/wp-content\\\/uploads\\\/2023\\\/12\\\/cropped-stampila-2.png\",\"contentUrl\":\"https:\\\/\\\/pravaliacusapunuri.ro\\\/wp-content\\\/uploads\\\/2023\\\/12\\\/cropped-stampila-2.png\",\"width\":509,\"height\":448,\"caption\":\"Pr\u0103v\u0103lia cu S\u0103punuri SRL\"},\"image\":{\"@id\":\"https:\\\/\\\/pravaliacusapunuri.ro\\\/#\\\/schema\\\/logo\\\/image\\\/\"},\"sameAs\":[\"https:\\\/\\\/www.facebook.com\\\/pravaliacusapunuri.ro\\\/\",\"https:\\\/\\\/www.instagram.com\\\/pravalia_cu_sapunuri\\\/\"]}]}<\/script>\n<!-- \/ Yoast SEO plugin. -->","yoast_head_json":{"title":"Ulei de masaj pentru bebelusi -","description":"Masarea regulata cu acest ulei de masaj pentru bebelusi, \u00eei ajut\u0103 pe ace\u0219tia s\u0103 se dezvolte at\u00e2t din punct de vedere psihic c\u00e2t \u015fi motor.","robots":{"index":"index","follow":"follow","max-snippet":"max-snippet:-1","max-image-preview":"max-image-preview:large","max-video-preview":"max-video-preview:-1"},"canonical":"https:\/\/pravaliacusapunuri.ro\/en\/produse\/copii\/ulei-de-masaj-pentru-bebelusi\/","og_locale":"en_US","og_type":"article","og_title":"Ulei de masaj pentru bebelusi -","og_description":"Masarea regulata cu acest ulei de masaj pentru bebelusi, \u00eei ajut\u0103 pe ace\u0219tia s\u0103 se dezvolte at\u00e2t din punct de vedere psihic c\u00e2t \u015fi motor.","og_url":"https:\/\/pravaliacusapunuri.ro\/en\/produse\/copii\/ulei-de-masaj-pentru-bebelusi\/","article_publisher":"https:\/\/www.facebook.com\/pravaliacusapunuri.ro\/","article_modified_time":"2023-11-28T18:46:40+00:00","og_image":[{"width":1000,"height":1000,"url":"https:\/\/pravaliacusapunuri.ro\/wp-content\/uploads\/2017\/08\/ulei-de-masaj-pentru-bebelusi-2022.jpg","type":"image\/jpeg"}],"twitter_card":"summary_large_image","twitter_misc":{"Est. reading time":"1 minute"},"schema":{"@context":"https:\/\/schema.org","@graph":[{"@type":"WebPage","@id":"https:\/\/pravaliacusapunuri.ro\/produse\/copii\/ulei-de-masaj-pentru-bebelusi\/","url":"https:\/\/pravaliacusapunuri.ro\/produse\/copii\/ulei-de-masaj-pentru-bebelusi\/","name":"Ulei de masaj pentru bebelusi -","isPartOf":{"@id":"https:\/\/pravaliacusapunuri.ro\/#website"},"primaryImageOfPage":{"@id":"https:\/\/pravaliacusapunuri.ro\/produse\/copii\/ulei-de-masaj-pentru-bebelusi\/#primaryimage"},"image":{"@id":"https:\/\/pravaliacusapunuri.ro\/produse\/copii\/ulei-de-masaj-pentru-bebelusi\/#primaryimage"},"thumbnailUrl":"https:\/\/pravaliacusapunuri.ro\/wp-content\/uploads\/2017\/08\/ulei-de-masaj-pentru-bebelusi-2022.jpg","datePublished":"2017-08-23T10:46:26+00:00","dateModified":"2023-11-28T18:46:40+00:00","description":"Masarea regulata cu acest ulei de masaj pentru bebelusi, \u00eei ajut\u0103 pe ace\u0219tia s\u0103 se dezvolte at\u00e2t din punct de vedere psihic c\u00e2t \u015fi motor.","breadcrumb":{"@id":"https:\/\/pravaliacusapunuri.ro\/produse\/copii\/ulei-de-masaj-pentru-bebelusi\/#breadcrumb"},"inLanguage":"en-US","potentialAction":[{"@type":"ReadAction","target":["https:\/\/pravaliacusapunuri.ro\/produse\/copii\/ulei-de-masaj-pentru-bebelusi\/"]}]},{"@type":"ImageObject","inLanguage":"en-US","@id":"https:\/\/pravaliacusapunuri.ro\/produse\/copii\/ulei-de-masaj-pentru-bebelusi\/#primaryimage","url":"https:\/\/pravaliacusapunuri.ro\/wp-content\/uploads\/2017\/08\/ulei-de-masaj-pentru-bebelusi-2022.jpg","contentUrl":"https:\/\/pravaliacusapunuri.ro\/wp-content\/uploads\/2017\/08\/ulei-de-masaj-pentru-bebelusi-2022.jpg","width":1000,"height":1000,"caption":"Masarea regulata cu acest ulei de masaj pentru bebelusi, \u00eei ajut\u0103 pe ace\u0219tia s\u0103 se dezvolte at\u00e2t din punct de vedere psihic c\u00e2t \u015fi motor."},{"@type":"BreadcrumbList","@id":"https:\/\/pravaliacusapunuri.ro\/produse\/copii\/ulei-de-masaj-pentru-bebelusi\/#breadcrumb","itemListElement":[{"@type":"ListItem","position":1,"name":"Prima pagin\u0103","item":"https:\/\/pravaliacusapunuri.ro\/"},{"@type":"ListItem","position":2,"name":"Produse","item":"https:\/\/pravaliacusapunuri.ro\/produse\/"},{"@type":"ListItem","position":3,"name":"Ulei de masaj pentru bebelusi"}]},{"@type":"WebSite","@id":"https:\/\/pravaliacusapunuri.ro\/#website","url":"https:\/\/pravaliacusapunuri.ro\/","name":"Pr\u0103v\u0103lia cu S\u0103punuri","description":"","publisher":{"@id":"https:\/\/pravaliacusapunuri.ro\/#organization"},"potentialAction":[{"@type":"SearchAction","target":{"@type":"EntryPoint","urlTemplate":"https:\/\/pravaliacusapunuri.ro\/?s={search_term_string}"},"query-input":{"@type":"PropertyValueSpecification","valueRequired":true,"valueName":"search_term_string"}}],"inLanguage":"en-US"},{"@type":"Organization","@id":"https:\/\/pravaliacusapunuri.ro\/#organization","name":"Pr\u0103v\u0103lia cu S\u0103punuri SRL","url":"https:\/\/pravaliacusapunuri.ro\/","logo":{"@type":"ImageObject","inLanguage":"en-US","@id":"https:\/\/pravaliacusapunuri.ro\/#\/schema\/logo\/image\/","url":"https:\/\/pravaliacusapunuri.ro\/wp-content\/uploads\/2023\/12\/cropped-stampila-2.png","contentUrl":"https:\/\/pravaliacusapunuri.ro\/wp-content\/uploads\/2023\/12\/cropped-stampila-2.png","width":509,"height":448,"caption":"Pr\u0103v\u0103lia cu S\u0103punuri SRL"},"image":{"@id":"https:\/\/pravaliacusapunuri.ro\/#\/schema\/logo\/image\/"},"sameAs":["https:\/\/www.facebook.com\/pravaliacusapunuri.ro\/","https:\/\/www.instagram.com\/pravalia_cu_sapunuri\/"]}]}},"_links":{"self":[{"href":"https:\/\/pravaliacusapunuri.ro\/en\/wp-json\/wp\/v2\/product\/2518","targetHints":{"allow":["GET"]}}],"collection":[{"href":"https:\/\/pravaliacusapunuri.ro\/en\/wp-json\/wp\/v2\/product"}],"about":[{"href":"https:\/\/pravaliacusapunuri.ro\/en\/wp-json\/wp\/v2\/types\/product"}],"replies":[{"embeddable":true,"href":"https:\/\/pravaliacusapunuri.ro\/en\/wp-json\/wp\/v2\/comments?post=2518"}],"version-history":[{"count":11,"href":"https:\/\/pravaliacusapunuri.ro\/en\/wp-json\/wp\/v2\/product\/2518\/revisions"}],"predecessor-version":[{"id":7221,"href":"https:\/\/pravaliacusapunuri.ro\/en\/wp-json\/wp\/v2\/product\/2518\/revisions\/7221"}],"wp:featuredmedia":[{"embeddable":true,"href":"https:\/\/pravaliacusapunuri.ro\/en\/wp-json\/wp\/v2\/media\/6810"}],"wp:attachment":[{"href":"https:\/\/pravaliacusapunuri.ro\/en\/wp-json\/wp\/v2\/media?parent=2518"}],"wp:term":[{"taxonomy":"product_brand","embeddable":true,"href":"https:\/\/pravaliacusapunuri.ro\/en\/wp-json\/wp\/v2\/product_brand?post=2518"},{"taxonomy":"product_cat","embeddable":true,"href":"https:\/\/pravaliacusapunuri.ro\/en\/wp-json\/wp\/v2\/product_cat?post=2518"},{"taxonomy":"product_tag","embeddable":true,"href":"https:\/\/pravaliacusapunuri.ro\/en\/wp-json\/wp\/v2\/product_tag?post=2518"}],"curies":[{"name":"wp","href":"https:\/\/api.w.org\/{rel}","templated":true}]}}