{"id":2517,"date":"2017-08-23T10:45:54","date_gmt":"2017-08-23T10:45:54","guid":{"rendered":"http:\/\/pravaliacusapunuri.ro\/?post_type=product&#038;p=2517"},"modified":"2023-11-28T20:44:54","modified_gmt":"2023-11-28T18:44:54","slug":"scrub-cu-vanilie-si-ciocolata","status":"publish","type":"product","link":"https:\/\/pravaliacusapunuri.ro\/en\/produse\/spa\/scrub-cu-vanilie-si-ciocolata\/","title":{"rendered":"Scrub cu Vanilie si Ciocolata"},"content":{"rendered":"<p><strong>Beneficii Scrub cu Vanilie si Ciocolata:<\/strong><\/p>\n<ul>\n<li>Catifeleaza pielea, elimina celulele moarte, stimuleaza circulatia sangelui si \u201etrezeste\u201d sistemul limfatic.<\/li>\n<li>Un copac care creste in savanele din Africa de Vest ne ofera unul dintre cele mai apreciate unturi din industria cosmetica. Untul de shea nerafinat contine vitaminele A, E, F, K, dar si minerale. Acesta constituie un excelent hidratant, deosebit de folositor pentru pielea uscata, matura, ridata sau iritata.<\/li>\n<li>Uleiul de cocos este emolient si catifelant, lasa pielea fina, moale si ingrijita.<\/li>\n<li>Zaharul brun indeparteaza pielea moarta, catifeleaza pielea aspra si uscata, facand-o neteda si parfumata.<\/li>\n<li>Pudra de cacao are un continut extrem de bogat in antioxidanti. Acestia apara pielea de agresivitatea factorilor externi (praf, poluare), impiedicand procesul de imbatranire.<\/li>\n<li>Tocoferolul, sau vitamina E este esentiala pentru sanatatea pielii.<\/li>\n<\/ul>\n<p><strong>Descriere Scrub cu Vanilie:<\/strong><\/p>\n<ul>\n<li>Parfumantul natural din flori de vanilie confera un miros exotic, delicios, usor caramelat si balsamic, gurmand.<\/li>\n<\/ul>\n<p><strong>Mod de utilizare:<\/strong><\/p>\n<ul>\n<li>Aplicati produsul pe pielea umeda masand usor intreg corpul, apoi clatiti abundent cu apa.<\/li>\n<\/ul>\n<p><strong>Ingrediente scrub (INCI):<\/strong><\/p>\n<ul>\n<li>COCOS NUCIFERA OIL, BUTYROSPERMUM PARKII BUTTER, SUCROSE, TOCOPHERYL ACETATE, THEOBROMA CACAO SEED POWDER<\/li>\n<\/ul>\n<p><strong>Cantitate: 100ml \u212e<\/strong><\/p>\n<p>&nbsp;<\/p>\n<p><strong>Referinta CPNP : 3612089<\/strong><\/p>\n<p><strong>Testat si notificat in conformitate cu normele CEE<\/strong><\/p>\n<p><strong>Produs cu drag in Romania!<\/strong><\/p>\n<p>&nbsp;<\/p>\n<p>Pentru a vizualiza toate produsele din categoria\u00a0<strong>SPA<\/strong>\u00a0apasa\u00a0<strong><a href=\"https:\/\/pravaliacusapunuri.ro\/en\/product-category\/spa\/\">AICI<\/a><\/strong>!<\/p>","protected":false},"excerpt":{"rendered":"<p>Acest <strong>scrub cu vanilie si ciocolata<\/strong> este natural. El catifeleaz\u0103 pielea, elimin\u0103 celulele moarte, stimuleaz\u0103 circula\u021bia s\u00e2ngelui \u0219i &#8222;treze\u0219te&#8221; sistemul limfatic.<\/p>\n<p><strong>Mod de utilizare:<\/strong> Aplica\u021bi produsul pe pielea umed\u0103 mas\u00e2nd u\u0219or \u00eentreg corpul, apoi cl\u0103ti\u021bi abundent cu ap\u0103.<br \/>\n<strong>Cantitate:<\/strong> 100ml \u212e<\/p>","protected":false},"featured_media":6811,"comment_status":"open","ping_status":"closed","template":"","meta":[],"product_brand":[],"product_cat":[59],"product_tag":[],"class_list":{"0":"post-2517","1":"product","2":"type-product","3":"status-publish","4":"has-post-thumbnail","6":"product_cat-spa","8":"first","9":"instock","10":"shipping-taxable","11":"purchasable","12":"product-type-simple"},"yoast_head":"<!-- This site is optimized with the Yoast SEO plugin v27.5 - https:\/\/yoast.com\/product\/yoast-seo-wordpress\/ -->\n<title>Scrub cu Vanilie si Ciocolata - | produs natural<\/title>\n<meta name=\"description\" content=\"Scrub cu vanilie si ciocolata catifeleaz\u0103 pielea, elimin\u0103 celulele moarte, stimuleaz\u0103 circula\u021bia s\u00e2ngelui \u0219i &quot;treze\u0219te&quot; sistemul limfatic.\" \/>\n<meta name=\"robots\" content=\"index, follow, max-snippet:-1, max-image-preview:large, max-video-preview:-1\" \/>\n<link rel=\"canonical\" href=\"https:\/\/pravaliacusapunuri.ro\/en\/produse\/spa\/scrub-cu-vanilie-si-ciocolata\/\" \/>\n<meta property=\"og:locale\" content=\"en_US\" \/>\n<meta property=\"og:type\" content=\"article\" \/>\n<meta property=\"og:title\" content=\"Scrub cu Vanilie si Ciocolata - | produs natural\" \/>\n<meta property=\"og:description\" content=\"Scrub cu vanilie si ciocolata catifeleaz\u0103 pielea, elimin\u0103 celulele moarte, stimuleaz\u0103 circula\u021bia s\u00e2ngelui \u0219i &quot;treze\u0219te&quot; sistemul limfatic.\" \/>\n<meta property=\"og:url\" content=\"https:\/\/pravaliacusapunuri.ro\/en\/produse\/spa\/scrub-cu-vanilie-si-ciocolata\/\" \/>\n<meta property=\"article:publisher\" content=\"https:\/\/www.facebook.com\/pravaliacusapunuri.ro\/\" \/>\n<meta property=\"article:modified_time\" content=\"2023-11-28T18:44:54+00:00\" \/>\n<meta property=\"og:image\" content=\"https:\/\/pravaliacusapunuri.ro\/wp-content\/uploads\/2017\/08\/scrub-cu-vanilie-si-ciocolata-2-2022.jpg\" \/>\n\t<meta property=\"og:image:width\" content=\"1000\" \/>\n\t<meta property=\"og:image:height\" content=\"1000\" \/>\n\t<meta property=\"og:image:type\" content=\"image\/jpeg\" \/>\n<meta name=\"twitter:card\" content=\"summary_large_image\" \/>\n<meta name=\"twitter:label1\" content=\"Est. reading time\" \/>\n\t<meta name=\"twitter:data1\" content=\"2 minutes\" \/>\n<script type=\"application\/ld+json\" class=\"yoast-schema-graph\">{\"@context\":\"https:\\\/\\\/schema.org\",\"@graph\":[{\"@type\":\"WebPage\",\"@id\":\"https:\\\/\\\/pravaliacusapunuri.ro\\\/produse\\\/spa\\\/scrub-cu-vanilie-si-ciocolata\\\/\",\"url\":\"https:\\\/\\\/pravaliacusapunuri.ro\\\/produse\\\/spa\\\/scrub-cu-vanilie-si-ciocolata\\\/\",\"name\":\"Scrub cu Vanilie si Ciocolata - | produs natural\",\"isPartOf\":{\"@id\":\"https:\\\/\\\/pravaliacusapunuri.ro\\\/#website\"},\"primaryImageOfPage\":{\"@id\":\"https:\\\/\\\/pravaliacusapunuri.ro\\\/produse\\\/spa\\\/scrub-cu-vanilie-si-ciocolata\\\/#primaryimage\"},\"image\":{\"@id\":\"https:\\\/\\\/pravaliacusapunuri.ro\\\/produse\\\/spa\\\/scrub-cu-vanilie-si-ciocolata\\\/#primaryimage\"},\"thumbnailUrl\":\"https:\\\/\\\/pravaliacusapunuri.ro\\\/wp-content\\\/uploads\\\/2017\\\/08\\\/scrub-cu-vanilie-si-ciocolata-2-2022.jpg\",\"datePublished\":\"2017-08-23T10:45:54+00:00\",\"dateModified\":\"2023-11-28T18:44:54+00:00\",\"description\":\"Scrub cu vanilie si ciocolata catifeleaz\u0103 pielea, elimin\u0103 celulele moarte, stimuleaz\u0103 circula\u021bia s\u00e2ngelui \u0219i \\\"treze\u0219te\\\" sistemul limfatic.\",\"breadcrumb\":{\"@id\":\"https:\\\/\\\/pravaliacusapunuri.ro\\\/produse\\\/spa\\\/scrub-cu-vanilie-si-ciocolata\\\/#breadcrumb\"},\"inLanguage\":\"en-US\",\"potentialAction\":[{\"@type\":\"ReadAction\",\"target\":[\"https:\\\/\\\/pravaliacusapunuri.ro\\\/produse\\\/spa\\\/scrub-cu-vanilie-si-ciocolata\\\/\"]}]},{\"@type\":\"ImageObject\",\"inLanguage\":\"en-US\",\"@id\":\"https:\\\/\\\/pravaliacusapunuri.ro\\\/produse\\\/spa\\\/scrub-cu-vanilie-si-ciocolata\\\/#primaryimage\",\"url\":\"https:\\\/\\\/pravaliacusapunuri.ro\\\/wp-content\\\/uploads\\\/2017\\\/08\\\/scrub-cu-vanilie-si-ciocolata-2-2022.jpg\",\"contentUrl\":\"https:\\\/\\\/pravaliacusapunuri.ro\\\/wp-content\\\/uploads\\\/2017\\\/08\\\/scrub-cu-vanilie-si-ciocolata-2-2022.jpg\",\"width\":1000,\"height\":1000,\"caption\":\"Scrub cu vanilie si ciocolata catifeleaz\u0103 pielea, elimin\u0103 celulele moarte, stimuleaz\u0103 circula\u021bia s\u00e2ngelui \u0219i \\\"treze\u0219te\\\" sistemul limfatic. Produs natural.\"},{\"@type\":\"BreadcrumbList\",\"@id\":\"https:\\\/\\\/pravaliacusapunuri.ro\\\/produse\\\/spa\\\/scrub-cu-vanilie-si-ciocolata\\\/#breadcrumb\",\"itemListElement\":[{\"@type\":\"ListItem\",\"position\":1,\"name\":\"Prima pagin\u0103\",\"item\":\"https:\\\/\\\/pravaliacusapunuri.ro\\\/\"},{\"@type\":\"ListItem\",\"position\":2,\"name\":\"Produse\",\"item\":\"https:\\\/\\\/pravaliacusapunuri.ro\\\/produse\\\/\"},{\"@type\":\"ListItem\",\"position\":3,\"name\":\"Scrub cu Vanilie si Ciocolata\"}]},{\"@type\":\"WebSite\",\"@id\":\"https:\\\/\\\/pravaliacusapunuri.ro\\\/#website\",\"url\":\"https:\\\/\\\/pravaliacusapunuri.ro\\\/\",\"name\":\"Pr\u0103v\u0103lia cu S\u0103punuri\",\"description\":\"\",\"publisher\":{\"@id\":\"https:\\\/\\\/pravaliacusapunuri.ro\\\/#organization\"},\"potentialAction\":[{\"@type\":\"SearchAction\",\"target\":{\"@type\":\"EntryPoint\",\"urlTemplate\":\"https:\\\/\\\/pravaliacusapunuri.ro\\\/?s={search_term_string}\"},\"query-input\":{\"@type\":\"PropertyValueSpecification\",\"valueRequired\":true,\"valueName\":\"search_term_string\"}}],\"inLanguage\":\"en-US\"},{\"@type\":\"Organization\",\"@id\":\"https:\\\/\\\/pravaliacusapunuri.ro\\\/#organization\",\"name\":\"Pr\u0103v\u0103lia cu S\u0103punuri SRL\",\"url\":\"https:\\\/\\\/pravaliacusapunuri.ro\\\/\",\"logo\":{\"@type\":\"ImageObject\",\"inLanguage\":\"en-US\",\"@id\":\"https:\\\/\\\/pravaliacusapunuri.ro\\\/#\\\/schema\\\/logo\\\/image\\\/\",\"url\":\"https:\\\/\\\/pravaliacusapunuri.ro\\\/wp-content\\\/uploads\\\/2023\\\/12\\\/cropped-stampila-2.png\",\"contentUrl\":\"https:\\\/\\\/pravaliacusapunuri.ro\\\/wp-content\\\/uploads\\\/2023\\\/12\\\/cropped-stampila-2.png\",\"width\":509,\"height\":448,\"caption\":\"Pr\u0103v\u0103lia cu S\u0103punuri SRL\"},\"image\":{\"@id\":\"https:\\\/\\\/pravaliacusapunuri.ro\\\/#\\\/schema\\\/logo\\\/image\\\/\"},\"sameAs\":[\"https:\\\/\\\/www.facebook.com\\\/pravaliacusapunuri.ro\\\/\",\"https:\\\/\\\/www.instagram.com\\\/pravalia_cu_sapunuri\\\/\"]}]}<\/script>\n<!-- \/ Yoast SEO plugin. -->","yoast_head_json":{"title":"Scrub cu Vanilie si Ciocolata - | produs natural","description":"Scrub cu vanilie si ciocolata catifeleaz\u0103 pielea, elimin\u0103 celulele moarte, stimuleaz\u0103 circula\u021bia s\u00e2ngelui \u0219i \"treze\u0219te\" sistemul limfatic.","robots":{"index":"index","follow":"follow","max-snippet":"max-snippet:-1","max-image-preview":"max-image-preview:large","max-video-preview":"max-video-preview:-1"},"canonical":"https:\/\/pravaliacusapunuri.ro\/en\/produse\/spa\/scrub-cu-vanilie-si-ciocolata\/","og_locale":"en_US","og_type":"article","og_title":"Scrub cu Vanilie si Ciocolata - | produs natural","og_description":"Scrub cu vanilie si ciocolata catifeleaz\u0103 pielea, elimin\u0103 celulele moarte, stimuleaz\u0103 circula\u021bia s\u00e2ngelui \u0219i \"treze\u0219te\" sistemul limfatic.","og_url":"https:\/\/pravaliacusapunuri.ro\/en\/produse\/spa\/scrub-cu-vanilie-si-ciocolata\/","article_publisher":"https:\/\/www.facebook.com\/pravaliacusapunuri.ro\/","article_modified_time":"2023-11-28T18:44:54+00:00","og_image":[{"width":1000,"height":1000,"url":"https:\/\/pravaliacusapunuri.ro\/wp-content\/uploads\/2017\/08\/scrub-cu-vanilie-si-ciocolata-2-2022.jpg","type":"image\/jpeg"}],"twitter_card":"summary_large_image","twitter_misc":{"Est. reading time":"2 minutes"},"schema":{"@context":"https:\/\/schema.org","@graph":[{"@type":"WebPage","@id":"https:\/\/pravaliacusapunuri.ro\/produse\/spa\/scrub-cu-vanilie-si-ciocolata\/","url":"https:\/\/pravaliacusapunuri.ro\/produse\/spa\/scrub-cu-vanilie-si-ciocolata\/","name":"Scrub cu Vanilie si Ciocolata - | produs natural","isPartOf":{"@id":"https:\/\/pravaliacusapunuri.ro\/#website"},"primaryImageOfPage":{"@id":"https:\/\/pravaliacusapunuri.ro\/produse\/spa\/scrub-cu-vanilie-si-ciocolata\/#primaryimage"},"image":{"@id":"https:\/\/pravaliacusapunuri.ro\/produse\/spa\/scrub-cu-vanilie-si-ciocolata\/#primaryimage"},"thumbnailUrl":"https:\/\/pravaliacusapunuri.ro\/wp-content\/uploads\/2017\/08\/scrub-cu-vanilie-si-ciocolata-2-2022.jpg","datePublished":"2017-08-23T10:45:54+00:00","dateModified":"2023-11-28T18:44:54+00:00","description":"Scrub cu vanilie si ciocolata catifeleaz\u0103 pielea, elimin\u0103 celulele moarte, stimuleaz\u0103 circula\u021bia s\u00e2ngelui \u0219i \"treze\u0219te\" sistemul limfatic.","breadcrumb":{"@id":"https:\/\/pravaliacusapunuri.ro\/produse\/spa\/scrub-cu-vanilie-si-ciocolata\/#breadcrumb"},"inLanguage":"en-US","potentialAction":[{"@type":"ReadAction","target":["https:\/\/pravaliacusapunuri.ro\/produse\/spa\/scrub-cu-vanilie-si-ciocolata\/"]}]},{"@type":"ImageObject","inLanguage":"en-US","@id":"https:\/\/pravaliacusapunuri.ro\/produse\/spa\/scrub-cu-vanilie-si-ciocolata\/#primaryimage","url":"https:\/\/pravaliacusapunuri.ro\/wp-content\/uploads\/2017\/08\/scrub-cu-vanilie-si-ciocolata-2-2022.jpg","contentUrl":"https:\/\/pravaliacusapunuri.ro\/wp-content\/uploads\/2017\/08\/scrub-cu-vanilie-si-ciocolata-2-2022.jpg","width":1000,"height":1000,"caption":"Scrub cu vanilie si ciocolata catifeleaz\u0103 pielea, elimin\u0103 celulele moarte, stimuleaz\u0103 circula\u021bia s\u00e2ngelui \u0219i \"treze\u0219te\" sistemul limfatic. Produs natural."},{"@type":"BreadcrumbList","@id":"https:\/\/pravaliacusapunuri.ro\/produse\/spa\/scrub-cu-vanilie-si-ciocolata\/#breadcrumb","itemListElement":[{"@type":"ListItem","position":1,"name":"Prima pagin\u0103","item":"https:\/\/pravaliacusapunuri.ro\/"},{"@type":"ListItem","position":2,"name":"Produse","item":"https:\/\/pravaliacusapunuri.ro\/produse\/"},{"@type":"ListItem","position":3,"name":"Scrub cu Vanilie si Ciocolata"}]},{"@type":"WebSite","@id":"https:\/\/pravaliacusapunuri.ro\/#website","url":"https:\/\/pravaliacusapunuri.ro\/","name":"Pr\u0103v\u0103lia cu S\u0103punuri","description":"","publisher":{"@id":"https:\/\/pravaliacusapunuri.ro\/#organization"},"potentialAction":[{"@type":"SearchAction","target":{"@type":"EntryPoint","urlTemplate":"https:\/\/pravaliacusapunuri.ro\/?s={search_term_string}"},"query-input":{"@type":"PropertyValueSpecification","valueRequired":true,"valueName":"search_term_string"}}],"inLanguage":"en-US"},{"@type":"Organization","@id":"https:\/\/pravaliacusapunuri.ro\/#organization","name":"Pr\u0103v\u0103lia cu S\u0103punuri SRL","url":"https:\/\/pravaliacusapunuri.ro\/","logo":{"@type":"ImageObject","inLanguage":"en-US","@id":"https:\/\/pravaliacusapunuri.ro\/#\/schema\/logo\/image\/","url":"https:\/\/pravaliacusapunuri.ro\/wp-content\/uploads\/2023\/12\/cropped-stampila-2.png","contentUrl":"https:\/\/pravaliacusapunuri.ro\/wp-content\/uploads\/2023\/12\/cropped-stampila-2.png","width":509,"height":448,"caption":"Pr\u0103v\u0103lia cu S\u0103punuri SRL"},"image":{"@id":"https:\/\/pravaliacusapunuri.ro\/#\/schema\/logo\/image\/"},"sameAs":["https:\/\/www.facebook.com\/pravaliacusapunuri.ro\/","https:\/\/www.instagram.com\/pravalia_cu_sapunuri\/"]}]}},"_links":{"self":[{"href":"https:\/\/pravaliacusapunuri.ro\/en\/wp-json\/wp\/v2\/product\/2517","targetHints":{"allow":["GET"]}}],"collection":[{"href":"https:\/\/pravaliacusapunuri.ro\/en\/wp-json\/wp\/v2\/product"}],"about":[{"href":"https:\/\/pravaliacusapunuri.ro\/en\/wp-json\/wp\/v2\/types\/product"}],"replies":[{"embeddable":true,"href":"https:\/\/pravaliacusapunuri.ro\/en\/wp-json\/wp\/v2\/comments?post=2517"}],"version-history":[{"count":10,"href":"https:\/\/pravaliacusapunuri.ro\/en\/wp-json\/wp\/v2\/product\/2517\/revisions"}],"predecessor-version":[{"id":7303,"href":"https:\/\/pravaliacusapunuri.ro\/en\/wp-json\/wp\/v2\/product\/2517\/revisions\/7303"}],"wp:featuredmedia":[{"embeddable":true,"href":"https:\/\/pravaliacusapunuri.ro\/en\/wp-json\/wp\/v2\/media\/6811"}],"wp:attachment":[{"href":"https:\/\/pravaliacusapunuri.ro\/en\/wp-json\/wp\/v2\/media?parent=2517"}],"wp:term":[{"taxonomy":"product_brand","embeddable":true,"href":"https:\/\/pravaliacusapunuri.ro\/en\/wp-json\/wp\/v2\/product_brand?post=2517"},{"taxonomy":"product_cat","embeddable":true,"href":"https:\/\/pravaliacusapunuri.ro\/en\/wp-json\/wp\/v2\/product_cat?post=2517"},{"taxonomy":"product_tag","embeddable":true,"href":"https:\/\/pravaliacusapunuri.ro\/en\/wp-json\/wp\/v2\/product_tag?post=2517"}],"curies":[{"name":"wp","href":"https:\/\/api.w.org\/{rel}","templated":true}]}}