{"id":2516,"date":"2017-08-23T10:45:30","date_gmt":"2017-08-23T10:45:30","guid":{"rendered":"http:\/\/pravaliacusapunuri.ro\/?post_type=product&#038;p=2516"},"modified":"2024-02-05T16:14:00","modified_gmt":"2024-02-05T14:14:00","slug":"sare-de-baie-efervescenta-cu-patchouli","status":"publish","type":"product","link":"https:\/\/pravaliacusapunuri.ro\/en\/produse\/spa\/sare-de-baie-efervescenta-cu-patchouli\/","title":{"rendered":"Sare de baie efervescenta cu Patchouli"},"content":{"rendered":"<p>Ingredientele din aceasta <strong>sare de baie<\/strong> au fost alese pentru proprietatile lor de hidratare si catifelare. Au rol de indepartare a celulelor moarte, de calmare si relaxare a pielii.<\/p>\n<p><strong>Descriere Sare de baie efervescenta cu Patchouli:<\/strong><\/p>\n<ul>\n<li>Bogata in minerale si oligoelemente, argila verde este ideala pentru remineralizarea si decongestionarea pielii. Ajuta la eliminarea excesului de sebum si a impuritatilor datorita puterii sale absorbante excelente. Este potrivita in special pentru tenul mixt sau gras.<\/li>\n<li>Sarea marina este recunoscuta inca din timpuri stravechi pentru proprietatile sale curative si de infrumusetare. Aceasta este bogata in minerale de care corpul si pielea noastra au nevoie pentru a ramane tinere si sanatoase.<\/li>\n<li>Uleiul de migdale dulci contine din belsug vitaminele E si D, minerale esentiale (magneziu si calciu), pentru un efect puternic emolient, ce-l recomanda in tratarea pielii uscate, crapate, iritate sau afectate de mancarimi. Se absoarbe foarte bine in piele.<\/li>\n<li>Bicarbonatul de sodiu neutralizeaza acizii de pe piele.<\/li>\n<li>Uleiul esential pur de patchouli este o esenta foarte apreciata pentru parfumul sau puternic si profund, cu note pamantii, lemnoase. Acesta contine o serie de principii active cu rol antiinflamator, antiinfectios, decongestionant venos, regenerator cutanat si cicatrizant.<\/li>\n<li>Dupa o asemenea baie nu va fi nevoie sa aplicati lotiune de corp, pielea va fi moale, matasoasa, cu un apect natural, ingrijit<\/li>\n<\/ul>\n<p><strong>Ingrediente Sare de baie efervescenta cu Patchouli (INCI):<\/strong><\/p>\n<ul>\n<li>SODIUM BICARBONATE, CITRIC ACID, SODIUM CHLORIDE, PRUNUS AMYGDALUS DULCIS OIL, TOCOPHERYL ACETATE, ARGILLA EXTRACT, POGOSTEMON CABLIN LEAF OIL, ROSA DAMASCENA FLOWER<\/li>\n<\/ul>\n<p><strong>Mod de utilizare:<\/strong><\/p>\n<ul>\n<li>Pentru un efect imediat recomandam a se folosi dupa dus! Umpleti cada cu apa si puneti 2-3 inimioare efervescente pline de uleiuri aromate si petale de flori, iar relaxarea poate incepe!<\/li>\n<\/ul>\n<p><strong>Cantitate:<\/strong> 100g\u00b15g \u212e<\/p>\n<p>&nbsp;<\/p>\n<p><strong>Referinta CPNP : 2860667<\/strong><\/p>\n<p><strong>Testat si notificat in conformitate cu normele CEE<\/strong><\/p>\n<p><strong>Produs cu drag in Romania!<\/strong><\/p>","protected":false},"excerpt":{"rendered":"<p><strong>Sare de baie efervescenta cu Patchouli<\/strong>. Ingredientele au fost alese pentru propriet\u0103\u0163ile lor de hidratare \u0219i catifelare, de \u00eendep\u0103rtare a celulelor moarte, de calmare \u015fi relaxare a pielii.<\/p>\n<p><strong>Mod de utilizare:<\/strong> Pentru un efect imediat recomand\u0103m a se folosi dup\u0103 du\u015f! Umple\u0163i cada cu ap\u0103 \u015fi pune\u0163i 2-3 inimioare efervescente pline de uleiuri aromate \u015fi petale de flori, iar relaxarea poate \u00eencepe!<br \/>\n<strong>Cantitate:<\/strong> 100g\u00b15g \u212e<\/p>","protected":false},"featured_media":6813,"comment_status":"open","ping_status":"closed","template":"","meta":[],"product_brand":[],"product_cat":[59],"product_tag":[],"class_list":{"0":"post-2516","1":"product","2":"type-product","3":"status-publish","4":"has-post-thumbnail","6":"product_cat-spa","8":"first","9":"instock","10":"shipping-taxable","11":"purchasable","12":"product-type-simple"},"yoast_head":"<!-- This site is optimized with the Yoast SEO plugin v27.5 - https:\/\/yoast.com\/product\/yoast-seo-wordpress\/ -->\n<title>Sare de baie efervescenta cu Patchouli -<\/title>\n<meta name=\"description\" content=\"Sare de baie efervescenta cu Patchouli are propriet\u0103\u021bi de hidratare, catifelare, \u00eendep\u0103rtare a celulelor moarte \u015fi relaxare a pielii.\" \/>\n<meta name=\"robots\" content=\"index, follow, max-snippet:-1, max-image-preview:large, max-video-preview:-1\" \/>\n<link rel=\"canonical\" href=\"https:\/\/pravaliacusapunuri.ro\/en\/produse\/spa\/sare-de-baie-efervescenta-cu-patchouli\/\" \/>\n<meta property=\"og:locale\" content=\"en_US\" \/>\n<meta property=\"og:type\" content=\"article\" \/>\n<meta property=\"og:title\" content=\"Sare de baie efervescenta cu Patchouli -\" \/>\n<meta property=\"og:description\" content=\"Sare de baie efervescenta cu Patchouli are propriet\u0103\u021bi de hidratare, catifelare, \u00eendep\u0103rtare a celulelor moarte \u015fi relaxare a pielii.\" \/>\n<meta property=\"og:url\" content=\"https:\/\/pravaliacusapunuri.ro\/en\/produse\/spa\/sare-de-baie-efervescenta-cu-patchouli\/\" \/>\n<meta property=\"article:publisher\" content=\"https:\/\/www.facebook.com\/pravaliacusapunuri.ro\/\" \/>\n<meta property=\"article:modified_time\" content=\"2024-02-05T14:14:00+00:00\" \/>\n<meta property=\"og:image\" content=\"https:\/\/pravaliacusapunuri.ro\/wp-content\/uploads\/2017\/08\/sare-de-baie-efervescenta-patchouli-2022.jpg\" \/>\n\t<meta property=\"og:image:width\" content=\"1000\" \/>\n\t<meta property=\"og:image:height\" content=\"1000\" \/>\n\t<meta property=\"og:image:type\" content=\"image\/jpeg\" \/>\n<meta name=\"twitter:card\" content=\"summary_large_image\" \/>\n<meta name=\"twitter:label1\" content=\"Est. reading time\" \/>\n\t<meta name=\"twitter:data1\" content=\"2 minutes\" \/>\n<script type=\"application\/ld+json\" class=\"yoast-schema-graph\">{\"@context\":\"https:\\\/\\\/schema.org\",\"@graph\":[{\"@type\":\"WebPage\",\"@id\":\"https:\\\/\\\/pravaliacusapunuri.ro\\\/produse\\\/spa\\\/sare-de-baie-efervescenta-cu-patchouli\\\/\",\"url\":\"https:\\\/\\\/pravaliacusapunuri.ro\\\/produse\\\/spa\\\/sare-de-baie-efervescenta-cu-patchouli\\\/\",\"name\":\"Sare de baie efervescenta cu Patchouli -\",\"isPartOf\":{\"@id\":\"https:\\\/\\\/pravaliacusapunuri.ro\\\/#website\"},\"primaryImageOfPage\":{\"@id\":\"https:\\\/\\\/pravaliacusapunuri.ro\\\/produse\\\/spa\\\/sare-de-baie-efervescenta-cu-patchouli\\\/#primaryimage\"},\"image\":{\"@id\":\"https:\\\/\\\/pravaliacusapunuri.ro\\\/produse\\\/spa\\\/sare-de-baie-efervescenta-cu-patchouli\\\/#primaryimage\"},\"thumbnailUrl\":\"https:\\\/\\\/pravaliacusapunuri.ro\\\/wp-content\\\/uploads\\\/2017\\\/08\\\/sare-de-baie-efervescenta-patchouli-2022.jpg\",\"datePublished\":\"2017-08-23T10:45:30+00:00\",\"dateModified\":\"2024-02-05T14:14:00+00:00\",\"description\":\"Sare de baie efervescenta cu Patchouli are propriet\u0103\u021bi de hidratare, catifelare, \u00eendep\u0103rtare a celulelor moarte \u015fi relaxare a pielii.\",\"breadcrumb\":{\"@id\":\"https:\\\/\\\/pravaliacusapunuri.ro\\\/produse\\\/spa\\\/sare-de-baie-efervescenta-cu-patchouli\\\/#breadcrumb\"},\"inLanguage\":\"en-US\",\"potentialAction\":[{\"@type\":\"ReadAction\",\"target\":[\"https:\\\/\\\/pravaliacusapunuri.ro\\\/produse\\\/spa\\\/sare-de-baie-efervescenta-cu-patchouli\\\/\"]}]},{\"@type\":\"ImageObject\",\"inLanguage\":\"en-US\",\"@id\":\"https:\\\/\\\/pravaliacusapunuri.ro\\\/produse\\\/spa\\\/sare-de-baie-efervescenta-cu-patchouli\\\/#primaryimage\",\"url\":\"https:\\\/\\\/pravaliacusapunuri.ro\\\/wp-content\\\/uploads\\\/2017\\\/08\\\/sare-de-baie-efervescenta-patchouli-2022.jpg\",\"contentUrl\":\"https:\\\/\\\/pravaliacusapunuri.ro\\\/wp-content\\\/uploads\\\/2017\\\/08\\\/sare-de-baie-efervescenta-patchouli-2022.jpg\",\"width\":1000,\"height\":1000,\"caption\":\"Sare de baie efervescenta cu Patchouli are propriet\u0103\u021bi de hidratare, catifelare, \u00eendep\u0103rtare a celulelor moarte \u015fi relaxare a pielii.\"},{\"@type\":\"BreadcrumbList\",\"@id\":\"https:\\\/\\\/pravaliacusapunuri.ro\\\/produse\\\/spa\\\/sare-de-baie-efervescenta-cu-patchouli\\\/#breadcrumb\",\"itemListElement\":[{\"@type\":\"ListItem\",\"position\":1,\"name\":\"Prima pagin\u0103\",\"item\":\"https:\\\/\\\/pravaliacusapunuri.ro\\\/\"},{\"@type\":\"ListItem\",\"position\":2,\"name\":\"Produse\",\"item\":\"https:\\\/\\\/pravaliacusapunuri.ro\\\/produse\\\/\"},{\"@type\":\"ListItem\",\"position\":3,\"name\":\"Sare de baie efervescenta cu Patchouli\"}]},{\"@type\":\"WebSite\",\"@id\":\"https:\\\/\\\/pravaliacusapunuri.ro\\\/#website\",\"url\":\"https:\\\/\\\/pravaliacusapunuri.ro\\\/\",\"name\":\"Pr\u0103v\u0103lia cu S\u0103punuri\",\"description\":\"\",\"publisher\":{\"@id\":\"https:\\\/\\\/pravaliacusapunuri.ro\\\/#organization\"},\"potentialAction\":[{\"@type\":\"SearchAction\",\"target\":{\"@type\":\"EntryPoint\",\"urlTemplate\":\"https:\\\/\\\/pravaliacusapunuri.ro\\\/?s={search_term_string}\"},\"query-input\":{\"@type\":\"PropertyValueSpecification\",\"valueRequired\":true,\"valueName\":\"search_term_string\"}}],\"inLanguage\":\"en-US\"},{\"@type\":\"Organization\",\"@id\":\"https:\\\/\\\/pravaliacusapunuri.ro\\\/#organization\",\"name\":\"Pr\u0103v\u0103lia cu S\u0103punuri SRL\",\"url\":\"https:\\\/\\\/pravaliacusapunuri.ro\\\/\",\"logo\":{\"@type\":\"ImageObject\",\"inLanguage\":\"en-US\",\"@id\":\"https:\\\/\\\/pravaliacusapunuri.ro\\\/#\\\/schema\\\/logo\\\/image\\\/\",\"url\":\"https:\\\/\\\/pravaliacusapunuri.ro\\\/wp-content\\\/uploads\\\/2023\\\/12\\\/cropped-stampila-2.png\",\"contentUrl\":\"https:\\\/\\\/pravaliacusapunuri.ro\\\/wp-content\\\/uploads\\\/2023\\\/12\\\/cropped-stampila-2.png\",\"width\":509,\"height\":448,\"caption\":\"Pr\u0103v\u0103lia cu S\u0103punuri SRL\"},\"image\":{\"@id\":\"https:\\\/\\\/pravaliacusapunuri.ro\\\/#\\\/schema\\\/logo\\\/image\\\/\"},\"sameAs\":[\"https:\\\/\\\/www.facebook.com\\\/pravaliacusapunuri.ro\\\/\",\"https:\\\/\\\/www.instagram.com\\\/pravalia_cu_sapunuri\\\/\"]}]}<\/script>\n<!-- \/ Yoast SEO plugin. -->","yoast_head_json":{"title":"Sare de baie efervescenta cu Patchouli -","description":"Sare de baie efervescenta cu Patchouli are propriet\u0103\u021bi de hidratare, catifelare, \u00eendep\u0103rtare a celulelor moarte \u015fi relaxare a pielii.","robots":{"index":"index","follow":"follow","max-snippet":"max-snippet:-1","max-image-preview":"max-image-preview:large","max-video-preview":"max-video-preview:-1"},"canonical":"https:\/\/pravaliacusapunuri.ro\/en\/produse\/spa\/sare-de-baie-efervescenta-cu-patchouli\/","og_locale":"en_US","og_type":"article","og_title":"Sare de baie efervescenta cu Patchouli -","og_description":"Sare de baie efervescenta cu Patchouli are propriet\u0103\u021bi de hidratare, catifelare, \u00eendep\u0103rtare a celulelor moarte \u015fi relaxare a pielii.","og_url":"https:\/\/pravaliacusapunuri.ro\/en\/produse\/spa\/sare-de-baie-efervescenta-cu-patchouli\/","article_publisher":"https:\/\/www.facebook.com\/pravaliacusapunuri.ro\/","article_modified_time":"2024-02-05T14:14:00+00:00","og_image":[{"width":1000,"height":1000,"url":"https:\/\/pravaliacusapunuri.ro\/wp-content\/uploads\/2017\/08\/sare-de-baie-efervescenta-patchouli-2022.jpg","type":"image\/jpeg"}],"twitter_card":"summary_large_image","twitter_misc":{"Est. reading time":"2 minutes"},"schema":{"@context":"https:\/\/schema.org","@graph":[{"@type":"WebPage","@id":"https:\/\/pravaliacusapunuri.ro\/produse\/spa\/sare-de-baie-efervescenta-cu-patchouli\/","url":"https:\/\/pravaliacusapunuri.ro\/produse\/spa\/sare-de-baie-efervescenta-cu-patchouli\/","name":"Sare de baie efervescenta cu Patchouli -","isPartOf":{"@id":"https:\/\/pravaliacusapunuri.ro\/#website"},"primaryImageOfPage":{"@id":"https:\/\/pravaliacusapunuri.ro\/produse\/spa\/sare-de-baie-efervescenta-cu-patchouli\/#primaryimage"},"image":{"@id":"https:\/\/pravaliacusapunuri.ro\/produse\/spa\/sare-de-baie-efervescenta-cu-patchouli\/#primaryimage"},"thumbnailUrl":"https:\/\/pravaliacusapunuri.ro\/wp-content\/uploads\/2017\/08\/sare-de-baie-efervescenta-patchouli-2022.jpg","datePublished":"2017-08-23T10:45:30+00:00","dateModified":"2024-02-05T14:14:00+00:00","description":"Sare de baie efervescenta cu Patchouli are propriet\u0103\u021bi de hidratare, catifelare, \u00eendep\u0103rtare a celulelor moarte \u015fi relaxare a pielii.","breadcrumb":{"@id":"https:\/\/pravaliacusapunuri.ro\/produse\/spa\/sare-de-baie-efervescenta-cu-patchouli\/#breadcrumb"},"inLanguage":"en-US","potentialAction":[{"@type":"ReadAction","target":["https:\/\/pravaliacusapunuri.ro\/produse\/spa\/sare-de-baie-efervescenta-cu-patchouli\/"]}]},{"@type":"ImageObject","inLanguage":"en-US","@id":"https:\/\/pravaliacusapunuri.ro\/produse\/spa\/sare-de-baie-efervescenta-cu-patchouli\/#primaryimage","url":"https:\/\/pravaliacusapunuri.ro\/wp-content\/uploads\/2017\/08\/sare-de-baie-efervescenta-patchouli-2022.jpg","contentUrl":"https:\/\/pravaliacusapunuri.ro\/wp-content\/uploads\/2017\/08\/sare-de-baie-efervescenta-patchouli-2022.jpg","width":1000,"height":1000,"caption":"Sare de baie efervescenta cu Patchouli are propriet\u0103\u021bi de hidratare, catifelare, \u00eendep\u0103rtare a celulelor moarte \u015fi relaxare a pielii."},{"@type":"BreadcrumbList","@id":"https:\/\/pravaliacusapunuri.ro\/produse\/spa\/sare-de-baie-efervescenta-cu-patchouli\/#breadcrumb","itemListElement":[{"@type":"ListItem","position":1,"name":"Prima pagin\u0103","item":"https:\/\/pravaliacusapunuri.ro\/"},{"@type":"ListItem","position":2,"name":"Produse","item":"https:\/\/pravaliacusapunuri.ro\/produse\/"},{"@type":"ListItem","position":3,"name":"Sare de baie efervescenta cu Patchouli"}]},{"@type":"WebSite","@id":"https:\/\/pravaliacusapunuri.ro\/#website","url":"https:\/\/pravaliacusapunuri.ro\/","name":"Pr\u0103v\u0103lia cu S\u0103punuri","description":"","publisher":{"@id":"https:\/\/pravaliacusapunuri.ro\/#organization"},"potentialAction":[{"@type":"SearchAction","target":{"@type":"EntryPoint","urlTemplate":"https:\/\/pravaliacusapunuri.ro\/?s={search_term_string}"},"query-input":{"@type":"PropertyValueSpecification","valueRequired":true,"valueName":"search_term_string"}}],"inLanguage":"en-US"},{"@type":"Organization","@id":"https:\/\/pravaliacusapunuri.ro\/#organization","name":"Pr\u0103v\u0103lia cu S\u0103punuri SRL","url":"https:\/\/pravaliacusapunuri.ro\/","logo":{"@type":"ImageObject","inLanguage":"en-US","@id":"https:\/\/pravaliacusapunuri.ro\/#\/schema\/logo\/image\/","url":"https:\/\/pravaliacusapunuri.ro\/wp-content\/uploads\/2023\/12\/cropped-stampila-2.png","contentUrl":"https:\/\/pravaliacusapunuri.ro\/wp-content\/uploads\/2023\/12\/cropped-stampila-2.png","width":509,"height":448,"caption":"Pr\u0103v\u0103lia cu S\u0103punuri SRL"},"image":{"@id":"https:\/\/pravaliacusapunuri.ro\/#\/schema\/logo\/image\/"},"sameAs":["https:\/\/www.facebook.com\/pravaliacusapunuri.ro\/","https:\/\/www.instagram.com\/pravalia_cu_sapunuri\/"]}]}},"_links":{"self":[{"href":"https:\/\/pravaliacusapunuri.ro\/en\/wp-json\/wp\/v2\/product\/2516","targetHints":{"allow":["GET"]}}],"collection":[{"href":"https:\/\/pravaliacusapunuri.ro\/en\/wp-json\/wp\/v2\/product"}],"about":[{"href":"https:\/\/pravaliacusapunuri.ro\/en\/wp-json\/wp\/v2\/types\/product"}],"replies":[{"embeddable":true,"href":"https:\/\/pravaliacusapunuri.ro\/en\/wp-json\/wp\/v2\/comments?post=2516"}],"version-history":[{"count":9,"href":"https:\/\/pravaliacusapunuri.ro\/en\/wp-json\/wp\/v2\/product\/2516\/revisions"}],"predecessor-version":[{"id":7223,"href":"https:\/\/pravaliacusapunuri.ro\/en\/wp-json\/wp\/v2\/product\/2516\/revisions\/7223"}],"wp:featuredmedia":[{"embeddable":true,"href":"https:\/\/pravaliacusapunuri.ro\/en\/wp-json\/wp\/v2\/media\/6813"}],"wp:attachment":[{"href":"https:\/\/pravaliacusapunuri.ro\/en\/wp-json\/wp\/v2\/media?parent=2516"}],"wp:term":[{"taxonomy":"product_brand","embeddable":true,"href":"https:\/\/pravaliacusapunuri.ro\/en\/wp-json\/wp\/v2\/product_brand?post=2516"},{"taxonomy":"product_cat","embeddable":true,"href":"https:\/\/pravaliacusapunuri.ro\/en\/wp-json\/wp\/v2\/product_cat?post=2516"},{"taxonomy":"product_tag","embeddable":true,"href":"https:\/\/pravaliacusapunuri.ro\/en\/wp-json\/wp\/v2\/product_tag?post=2516"}],"curies":[{"name":"wp","href":"https:\/\/api.w.org\/{rel}","templated":true}]}}