{"id":2512,"date":"2017-08-23T10:43:02","date_gmt":"2017-08-23T10:43:02","guid":{"rendered":"http:\/\/pravaliacusapunuri.ro\/?post_type=product&#038;p=2512"},"modified":"2023-11-28T20:44:05","modified_gmt":"2023-11-28T18:44:05","slug":"unt-de-corp-cu-argan","status":"publish","type":"product","link":"https:\/\/pravaliacusapunuri.ro\/en\/produse\/corp\/unt-de-corp-cu-argan\/","title":{"rendered":"Unt de corp cu Argan"},"content":{"rendered":"<p>Unt de corp nutritiv, emolient, regenerant si hidratant ce sporeste elasticitatea si supletea pielii.<\/p>\n<p><strong>Beneficii produs:<\/strong><\/p>\n<ul>\n<li>Uleiul de argan regenereaza, hraneste si hidrateaza pielea, reface bariera hidrolipidica, combate imbatranirea cutanata si contribuie la reducerea celulitei.<\/li>\n<li>Este ideal pentru tratarea eczemelor, cicatricilor sau arsurilor de pe piele. Este eficient si in tratarea vergeturilor in special cele de pe burta femeilor gravide.<\/li>\n<li>Untul obtinut din boabele de cacao este una dintre cele mai stabile grasimi vegetale. Confera excelente proprietati nutritive si emoliente.<\/li>\n<li>Untul de Shea hraneste pielea cu vitaminele A, E si F. Acestea contribuie la mentinerea sanatatii pielii, ajutand-o sa ramana fina si sanatoasa. Aceste vitamine fac minuni pentru persoanele a caror piele a fost afectata de expunerile repetate la soare. Reuseste sa estompeze petele astfel aparute.<\/li>\n<li>Uleiul de cocos este un produs de infrumusetare datorita proprietatilor sale antibacteriene si antifungice. In plus este un produs hidratant si foarte grijuliu cu epiderma noastra.<\/li>\n<li>Tocoferolul, sau vitamina E este esentiala pentru sanatatea pielii.<\/li>\n<\/ul>\n<p><strong>Ingrediente (INCI):<\/strong><\/p>\n<ul>\n<li>Butyrospermum Parkii Butter, Cocos Nucifera Oil, Theobroma Cacao Seed Butter, Argania Spinosa Kernel Oil, Prunus Amygdalus Dulcis Oil, Tocopheryl Acetate, Lavandula Angustifolia Oil, Pogostemon Cablin Leaf Oil, Linalool, Limonene.<\/li>\n<\/ul>\n<h4><strong>Mod de utilizare produs:<\/strong><\/h4>\n<ul>\n<li>Se aplica o cantitate mica pe zonele aferente prin masaj usor si confortabil, odata sau de doua ori pe zi.<\/li>\n<\/ul>\n<p><strong>Cantitate:<\/strong> 100ml \u212e<\/p>\n<p>&nbsp;<\/p>\n<div>\n<p lang=\"ro-ro\" xml:lang=\"ro-ro\"><strong lang=\"ro-ro\" xml:lang=\"ro-ro\">Referinta CPNP : 2860731<\/strong><\/p>\n<\/div>\n<div>\n<p lang=\"ro-ro\" xml:lang=\"ro-ro\"><strong lang=\"ro-ro\" xml:lang=\"ro-ro\">Testat si notificat in conformitate cu normele CEE<\/strong><\/p>\n<\/div>\n<div>\n<p lang=\"ro-ro\" xml:lang=\"ro-ro\"><strong lang=\"ro-ro\" xml:lang=\"ro-ro\"><strong>Produs cu drag in Romania!<\/strong><\/strong><\/p>\n<\/div>\n<p>&nbsp;<\/p>\n<p>Pentru a vizualiza toate produsele din categoria Corp, apasa <a href=\"https:\/\/pravaliacusapunuri.ro\/en\/product-category\/corp\/\"><strong>AICI!<\/strong><\/a><\/p>","protected":false},"excerpt":{"rendered":"<p><strong>Unt de corp cu Argan<\/strong> este o lo\u021biune nutritiv\u0103, emolient\u0103, regeneratoare \u0219i hidratant\u0103, ce spore\u0219te elasticitatea \u0219i suple\u021bea pielii.<\/p>\n<p><strong>Mod de utilizare:<\/strong> Se aplic\u0103 o cantitate mic\u0103 pe zonele aferente prin masaj u\u015for \u015fi confortabil, odat\u0103 sau de dou\u0103 ori pe zi.<br \/>\n<strong>Cantitate:<\/strong> 100ml \u212e<\/p>","protected":false},"featured_media":6815,"comment_status":"open","ping_status":"closed","template":"","meta":[],"product_brand":[],"product_cat":[58],"product_tag":[],"class_list":{"0":"post-2512","1":"product","2":"type-product","3":"status-publish","4":"has-post-thumbnail","6":"product_cat-corp","8":"first","9":"instock","10":"shipping-taxable","11":"purchasable","12":"product-type-simple"},"yoast_head":"<!-- This site is optimized with the Yoast SEO plugin v27.6 - https:\/\/yoast.com\/product\/yoast-seo-wordpress\/ -->\n<title>Unt de corp cu Argan regenerant \u0219i hidratant -<\/title>\n<meta name=\"description\" content=\"Unt de corp nutritiv, emolient, regenerant \u0219i hidratant, ce spore\u0219te elasticitatea \u0219i suple\u021bea pielii si reface bariera hidrolipidic\u0103.\" \/>\n<meta name=\"robots\" content=\"index, follow, max-snippet:-1, max-image-preview:large, max-video-preview:-1\" \/>\n<link rel=\"canonical\" href=\"https:\/\/pravaliacusapunuri.ro\/en\/produse\/corp\/unt-de-corp-cu-argan\/\" \/>\n<meta property=\"og:locale\" content=\"en_US\" \/>\n<meta property=\"og:type\" content=\"article\" \/>\n<meta property=\"og:title\" content=\"Unt de corp cu Argan regenerant \u0219i hidratant -\" \/>\n<meta property=\"og:description\" content=\"Unt de corp nutritiv, emolient, regenerant \u0219i hidratant, ce spore\u0219te elasticitatea \u0219i suple\u021bea pielii si reface bariera hidrolipidic\u0103.\" \/>\n<meta property=\"og:url\" content=\"https:\/\/pravaliacusapunuri.ro\/en\/produse\/corp\/unt-de-corp-cu-argan\/\" \/>\n<meta property=\"article:publisher\" content=\"https:\/\/www.facebook.com\/pravaliacusapunuri.ro\/\" \/>\n<meta property=\"article:modified_time\" content=\"2023-11-28T18:44:05+00:00\" \/>\n<meta property=\"og:image\" content=\"https:\/\/pravaliacusapunuri.ro\/wp-content\/uploads\/2017\/08\/unt-de-corp-cu-argan-02.jpg\" \/>\n\t<meta property=\"og:image:width\" content=\"1000\" \/>\n\t<meta property=\"og:image:height\" content=\"1000\" \/>\n\t<meta property=\"og:image:type\" content=\"image\/jpeg\" \/>\n<meta name=\"twitter:card\" content=\"summary_large_image\" \/>\n<meta name=\"twitter:label1\" content=\"Est. reading time\" \/>\n\t<meta name=\"twitter:data1\" content=\"2 minutes\" \/>\n<script type=\"application\/ld+json\" class=\"yoast-schema-graph\">{\"@context\":\"https:\\\/\\\/schema.org\",\"@graph\":[{\"@type\":\"WebPage\",\"@id\":\"https:\\\/\\\/pravaliacusapunuri.ro\\\/produse\\\/corp\\\/unt-de-corp-cu-argan\\\/\",\"url\":\"https:\\\/\\\/pravaliacusapunuri.ro\\\/produse\\\/corp\\\/unt-de-corp-cu-argan\\\/\",\"name\":\"Unt de corp cu Argan regenerant \u0219i hidratant -\",\"isPartOf\":{\"@id\":\"https:\\\/\\\/pravaliacusapunuri.ro\\\/#website\"},\"primaryImageOfPage\":{\"@id\":\"https:\\\/\\\/pravaliacusapunuri.ro\\\/produse\\\/corp\\\/unt-de-corp-cu-argan\\\/#primaryimage\"},\"image\":{\"@id\":\"https:\\\/\\\/pravaliacusapunuri.ro\\\/produse\\\/corp\\\/unt-de-corp-cu-argan\\\/#primaryimage\"},\"thumbnailUrl\":\"https:\\\/\\\/pravaliacusapunuri.ro\\\/wp-content\\\/uploads\\\/2017\\\/08\\\/unt-de-corp-cu-argan-02.jpg\",\"datePublished\":\"2017-08-23T10:43:02+00:00\",\"dateModified\":\"2023-11-28T18:44:05+00:00\",\"description\":\"Unt de corp nutritiv, emolient, regenerant \u0219i hidratant, ce spore\u0219te elasticitatea \u0219i suple\u021bea pielii si reface bariera hidrolipidic\u0103.\",\"breadcrumb\":{\"@id\":\"https:\\\/\\\/pravaliacusapunuri.ro\\\/produse\\\/corp\\\/unt-de-corp-cu-argan\\\/#breadcrumb\"},\"inLanguage\":\"en-US\",\"potentialAction\":[{\"@type\":\"ReadAction\",\"target\":[\"https:\\\/\\\/pravaliacusapunuri.ro\\\/produse\\\/corp\\\/unt-de-corp-cu-argan\\\/\"]}]},{\"@type\":\"ImageObject\",\"inLanguage\":\"en-US\",\"@id\":\"https:\\\/\\\/pravaliacusapunuri.ro\\\/produse\\\/corp\\\/unt-de-corp-cu-argan\\\/#primaryimage\",\"url\":\"https:\\\/\\\/pravaliacusapunuri.ro\\\/wp-content\\\/uploads\\\/2017\\\/08\\\/unt-de-corp-cu-argan-02.jpg\",\"contentUrl\":\"https:\\\/\\\/pravaliacusapunuri.ro\\\/wp-content\\\/uploads\\\/2017\\\/08\\\/unt-de-corp-cu-argan-02.jpg\",\"width\":1000,\"height\":1000,\"caption\":\"Unt de corp nutritiv, emolient, regenerant \u0219i hidratant, ce spore\u0219te elasticitatea \u0219i suple\u021bea pielii dumneavoastra.\"},{\"@type\":\"BreadcrumbList\",\"@id\":\"https:\\\/\\\/pravaliacusapunuri.ro\\\/produse\\\/corp\\\/unt-de-corp-cu-argan\\\/#breadcrumb\",\"itemListElement\":[{\"@type\":\"ListItem\",\"position\":1,\"name\":\"Prima pagin\u0103\",\"item\":\"https:\\\/\\\/pravaliacusapunuri.ro\\\/\"},{\"@type\":\"ListItem\",\"position\":2,\"name\":\"Produse\",\"item\":\"https:\\\/\\\/pravaliacusapunuri.ro\\\/produse\\\/\"},{\"@type\":\"ListItem\",\"position\":3,\"name\":\"Unt de corp cu Argan\"}]},{\"@type\":\"WebSite\",\"@id\":\"https:\\\/\\\/pravaliacusapunuri.ro\\\/#website\",\"url\":\"https:\\\/\\\/pravaliacusapunuri.ro\\\/\",\"name\":\"Pr\u0103v\u0103lia cu S\u0103punuri\",\"description\":\"\",\"publisher\":{\"@id\":\"https:\\\/\\\/pravaliacusapunuri.ro\\\/#organization\"},\"potentialAction\":[{\"@type\":\"SearchAction\",\"target\":{\"@type\":\"EntryPoint\",\"urlTemplate\":\"https:\\\/\\\/pravaliacusapunuri.ro\\\/?s={search_term_string}\"},\"query-input\":{\"@type\":\"PropertyValueSpecification\",\"valueRequired\":true,\"valueName\":\"search_term_string\"}}],\"inLanguage\":\"en-US\"},{\"@type\":\"Organization\",\"@id\":\"https:\\\/\\\/pravaliacusapunuri.ro\\\/#organization\",\"name\":\"Pr\u0103v\u0103lia cu S\u0103punuri SRL\",\"url\":\"https:\\\/\\\/pravaliacusapunuri.ro\\\/\",\"logo\":{\"@type\":\"ImageObject\",\"inLanguage\":\"en-US\",\"@id\":\"https:\\\/\\\/pravaliacusapunuri.ro\\\/#\\\/schema\\\/logo\\\/image\\\/\",\"url\":\"https:\\\/\\\/pravaliacusapunuri.ro\\\/wp-content\\\/uploads\\\/2023\\\/12\\\/cropped-stampila-2.png\",\"contentUrl\":\"https:\\\/\\\/pravaliacusapunuri.ro\\\/wp-content\\\/uploads\\\/2023\\\/12\\\/cropped-stampila-2.png\",\"width\":509,\"height\":448,\"caption\":\"Pr\u0103v\u0103lia cu S\u0103punuri SRL\"},\"image\":{\"@id\":\"https:\\\/\\\/pravaliacusapunuri.ro\\\/#\\\/schema\\\/logo\\\/image\\\/\"},\"sameAs\":[\"https:\\\/\\\/www.facebook.com\\\/pravaliacusapunuri.ro\\\/\",\"https:\\\/\\\/www.instagram.com\\\/pravalia_cu_sapunuri\\\/\"]}]}<\/script>\n<!-- \/ Yoast SEO plugin. -->","yoast_head_json":{"title":"Unt de corp cu Argan regenerant \u0219i hidratant -","description":"Unt de corp nutritiv, emolient, regenerant \u0219i hidratant, ce spore\u0219te elasticitatea \u0219i suple\u021bea pielii si reface bariera hidrolipidic\u0103.","robots":{"index":"index","follow":"follow","max-snippet":"max-snippet:-1","max-image-preview":"max-image-preview:large","max-video-preview":"max-video-preview:-1"},"canonical":"https:\/\/pravaliacusapunuri.ro\/en\/produse\/corp\/unt-de-corp-cu-argan\/","og_locale":"en_US","og_type":"article","og_title":"Unt de corp cu Argan regenerant \u0219i hidratant -","og_description":"Unt de corp nutritiv, emolient, regenerant \u0219i hidratant, ce spore\u0219te elasticitatea \u0219i suple\u021bea pielii si reface bariera hidrolipidic\u0103.","og_url":"https:\/\/pravaliacusapunuri.ro\/en\/produse\/corp\/unt-de-corp-cu-argan\/","article_publisher":"https:\/\/www.facebook.com\/pravaliacusapunuri.ro\/","article_modified_time":"2023-11-28T18:44:05+00:00","og_image":[{"width":1000,"height":1000,"url":"https:\/\/pravaliacusapunuri.ro\/wp-content\/uploads\/2017\/08\/unt-de-corp-cu-argan-02.jpg","type":"image\/jpeg"}],"twitter_card":"summary_large_image","twitter_misc":{"Est. reading time":"2 minutes"},"schema":{"@context":"https:\/\/schema.org","@graph":[{"@type":"WebPage","@id":"https:\/\/pravaliacusapunuri.ro\/produse\/corp\/unt-de-corp-cu-argan\/","url":"https:\/\/pravaliacusapunuri.ro\/produse\/corp\/unt-de-corp-cu-argan\/","name":"Unt de corp cu Argan regenerant \u0219i hidratant -","isPartOf":{"@id":"https:\/\/pravaliacusapunuri.ro\/#website"},"primaryImageOfPage":{"@id":"https:\/\/pravaliacusapunuri.ro\/produse\/corp\/unt-de-corp-cu-argan\/#primaryimage"},"image":{"@id":"https:\/\/pravaliacusapunuri.ro\/produse\/corp\/unt-de-corp-cu-argan\/#primaryimage"},"thumbnailUrl":"https:\/\/pravaliacusapunuri.ro\/wp-content\/uploads\/2017\/08\/unt-de-corp-cu-argan-02.jpg","datePublished":"2017-08-23T10:43:02+00:00","dateModified":"2023-11-28T18:44:05+00:00","description":"Unt de corp nutritiv, emolient, regenerant \u0219i hidratant, ce spore\u0219te elasticitatea \u0219i suple\u021bea pielii si reface bariera hidrolipidic\u0103.","breadcrumb":{"@id":"https:\/\/pravaliacusapunuri.ro\/produse\/corp\/unt-de-corp-cu-argan\/#breadcrumb"},"inLanguage":"en-US","potentialAction":[{"@type":"ReadAction","target":["https:\/\/pravaliacusapunuri.ro\/produse\/corp\/unt-de-corp-cu-argan\/"]}]},{"@type":"ImageObject","inLanguage":"en-US","@id":"https:\/\/pravaliacusapunuri.ro\/produse\/corp\/unt-de-corp-cu-argan\/#primaryimage","url":"https:\/\/pravaliacusapunuri.ro\/wp-content\/uploads\/2017\/08\/unt-de-corp-cu-argan-02.jpg","contentUrl":"https:\/\/pravaliacusapunuri.ro\/wp-content\/uploads\/2017\/08\/unt-de-corp-cu-argan-02.jpg","width":1000,"height":1000,"caption":"Unt de corp nutritiv, emolient, regenerant \u0219i hidratant, ce spore\u0219te elasticitatea \u0219i suple\u021bea pielii dumneavoastra."},{"@type":"BreadcrumbList","@id":"https:\/\/pravaliacusapunuri.ro\/produse\/corp\/unt-de-corp-cu-argan\/#breadcrumb","itemListElement":[{"@type":"ListItem","position":1,"name":"Prima pagin\u0103","item":"https:\/\/pravaliacusapunuri.ro\/"},{"@type":"ListItem","position":2,"name":"Produse","item":"https:\/\/pravaliacusapunuri.ro\/produse\/"},{"@type":"ListItem","position":3,"name":"Unt de corp cu Argan"}]},{"@type":"WebSite","@id":"https:\/\/pravaliacusapunuri.ro\/#website","url":"https:\/\/pravaliacusapunuri.ro\/","name":"Pr\u0103v\u0103lia cu S\u0103punuri","description":"","publisher":{"@id":"https:\/\/pravaliacusapunuri.ro\/#organization"},"potentialAction":[{"@type":"SearchAction","target":{"@type":"EntryPoint","urlTemplate":"https:\/\/pravaliacusapunuri.ro\/?s={search_term_string}"},"query-input":{"@type":"PropertyValueSpecification","valueRequired":true,"valueName":"search_term_string"}}],"inLanguage":"en-US"},{"@type":"Organization","@id":"https:\/\/pravaliacusapunuri.ro\/#organization","name":"Pr\u0103v\u0103lia cu S\u0103punuri SRL","url":"https:\/\/pravaliacusapunuri.ro\/","logo":{"@type":"ImageObject","inLanguage":"en-US","@id":"https:\/\/pravaliacusapunuri.ro\/#\/schema\/logo\/image\/","url":"https:\/\/pravaliacusapunuri.ro\/wp-content\/uploads\/2023\/12\/cropped-stampila-2.png","contentUrl":"https:\/\/pravaliacusapunuri.ro\/wp-content\/uploads\/2023\/12\/cropped-stampila-2.png","width":509,"height":448,"caption":"Pr\u0103v\u0103lia cu S\u0103punuri SRL"},"image":{"@id":"https:\/\/pravaliacusapunuri.ro\/#\/schema\/logo\/image\/"},"sameAs":["https:\/\/www.facebook.com\/pravaliacusapunuri.ro\/","https:\/\/www.instagram.com\/pravalia_cu_sapunuri\/"]}]}},"_links":{"self":[{"href":"https:\/\/pravaliacusapunuri.ro\/en\/wp-json\/wp\/v2\/product\/2512","targetHints":{"allow":["GET"]}}],"collection":[{"href":"https:\/\/pravaliacusapunuri.ro\/en\/wp-json\/wp\/v2\/product"}],"about":[{"href":"https:\/\/pravaliacusapunuri.ro\/en\/wp-json\/wp\/v2\/types\/product"}],"replies":[{"embeddable":true,"href":"https:\/\/pravaliacusapunuri.ro\/en\/wp-json\/wp\/v2\/comments?post=2512"}],"version-history":[{"count":9,"href":"https:\/\/pravaliacusapunuri.ro\/en\/wp-json\/wp\/v2\/product\/2512\/revisions"}],"predecessor-version":[{"id":7302,"href":"https:\/\/pravaliacusapunuri.ro\/en\/wp-json\/wp\/v2\/product\/2512\/revisions\/7302"}],"wp:featuredmedia":[{"embeddable":true,"href":"https:\/\/pravaliacusapunuri.ro\/en\/wp-json\/wp\/v2\/media\/6815"}],"wp:attachment":[{"href":"https:\/\/pravaliacusapunuri.ro\/en\/wp-json\/wp\/v2\/media?parent=2512"}],"wp:term":[{"taxonomy":"product_brand","embeddable":true,"href":"https:\/\/pravaliacusapunuri.ro\/en\/wp-json\/wp\/v2\/product_brand?post=2512"},{"taxonomy":"product_cat","embeddable":true,"href":"https:\/\/pravaliacusapunuri.ro\/en\/wp-json\/wp\/v2\/product_cat?post=2512"},{"taxonomy":"product_tag","embeddable":true,"href":"https:\/\/pravaliacusapunuri.ro\/en\/wp-json\/wp\/v2\/product_tag?post=2512"}],"curies":[{"name":"wp","href":"https:\/\/api.w.org\/{rel}","templated":true}]}}