{"id":2511,"date":"2017-08-23T10:42:22","date_gmt":"2017-08-23T10:42:22","guid":{"rendered":"http:\/\/pravaliacusapunuri.ro\/?post_type=product&#038;p=2511"},"modified":"2023-11-28T20:43:12","modified_gmt":"2023-11-28T18:43:12","slug":"unt-de-corp-cu-canepa-si-lotus","status":"publish","type":"product","link":"https:\/\/pravaliacusapunuri.ro\/en\/produse\/corp\/unt-de-corp-cu-canepa-si-lotus\/","title":{"rendered":"Unt de corp cu C\u00e2nep\u0103 \u0219i Lotus"},"content":{"rendered":"<p><strong>Descriere produs Unt de corp cu Canepa si Lotus:<\/strong><\/p>\n<ul>\n<li>Ingrijeste pielea sensibila si uscata, avand rolul de a reda elasticitatea acesteia. Avand in compozitia sa unt de shea, acest unt de corp are proprietati calmante si hidratante.<\/li>\n<\/ul>\n<p><strong>Beneficii Produs:<\/strong><\/p>\n<ul>\n<li>Untul de corp cu ulei de canepa calmeaza si reconditioneaza pielea uscata. Datorita acizilor grasi esentiali, poate fi un bun adjuvant in tratarea alergiilor cronice si inflamatorii.<\/li>\n<li>Potrivit unui studiu finlandez, uleiul de canepa este util in tratarea unei afectiuni cutanate inflamatorie, dermatita atopica.<\/li>\n<li>Parfumul este revigorant, verde-floral, cu note fresh, crude, subtil lemnoase, care se aseaza frumos pe piele.<\/li>\n<\/ul>\n<p><strong>Ingrediente Unt de corp cu Canepa si Lotus (INCI):<\/strong><\/p>\n<ul>\n<li>Butyrospermum Parkii Butter, Cannabis Sativa Seed Oil, Tocopheryl Acetate<\/li>\n<\/ul>\n<p><strong>Mod de utilizare produs:<\/strong><\/p>\n<ul>\n<li>Se aplica o cantitate moderata pe pielea proaspat igienizata si preferabil usor umeda, pentru favorizarea absorbtiei.<\/li>\n<\/ul>\n<p><strong>Cantitate: 100ml \u212e<\/strong><\/p>\n<p>&nbsp;<\/p>\n<div>\n<p lang=\"ro-ro\" xml:lang=\"ro-ro\"><strong lang=\"ro-ro\" xml:lang=\"ro-ro\">Referinta CPNP : 3612090<\/strong><\/p>\n<\/div>\n<div>\n<p lang=\"ro-ro\" xml:lang=\"ro-ro\"><strong lang=\"ro-ro\" xml:lang=\"ro-ro\">Testat si notificat in conformitate cu normele CEE<\/strong><\/p>\n<\/div>\n<div>\n<p lang=\"ro-ro\" xml:lang=\"ro-ro\"><strong lang=\"ro-ro\" xml:lang=\"ro-ro\"><strong>Produs cu drag in Romania!<\/strong><\/strong><\/p>\n<\/div>\n<p>&nbsp;<\/p>\n<p>Pentru a vizualiza toate produsele din categoria Corp, apasa\u00a0<a href=\"https:\/\/pravaliacusapunuri.ro\/en\/product-category\/corp\/\"><strong>AICI!<\/strong><\/a><\/p>","protected":false},"excerpt":{"rendered":"<p><strong>Unt de corp cu C\u00e2nep\u0103 \u0219i Lotus <\/strong>este un produs ce se prezint\u0103 sub forma unei creme parfumante, bogat\u0103 \u00een ingrediente nutritive, emoliente \u015fi regeneratoare.<\/p>\n<p><strong>Mod de utilizare:<\/strong> Se aplic\u0103 o cantitate moderat\u0103 pe pielea proasp\u0103t igienizat\u0103 \u015fi preferabil u\u015for umed\u0103, pentru favorizarea absorb\u0163iei.<br \/>\n<strong>Cantitate:<\/strong> 100ml \u212e<\/p>","protected":false},"featured_media":6818,"comment_status":"open","ping_status":"closed","template":"","meta":[],"product_brand":[],"product_cat":[58],"product_tag":[],"class_list":{"0":"post-2511","1":"product","2":"type-product","3":"status-publish","4":"has-post-thumbnail","6":"product_cat-corp","8":"first","9":"instock","10":"shipping-taxable","11":"purchasable","12":"product-type-simple"},"yoast_head":"<!-- This site is optimized with the Yoast SEO plugin v27.6 - https:\/\/yoast.com\/product\/yoast-seo-wordpress\/ -->\n<title>Unt de corp cu C\u00e2nep\u0103 \u0219i Lotus regenerator -<\/title>\n<meta name=\"description\" content=\"Unt de corp cu ingrediente nutritive, emoliente \u015fi regeneratoare. \u00cengrije\u0219te pielea sensibil\u0103 \u0219i uscat\u0103 \u0219i reda elasticitatea acesteia.\" \/>\n<meta name=\"robots\" content=\"index, follow, max-snippet:-1, max-image-preview:large, max-video-preview:-1\" \/>\n<link rel=\"canonical\" href=\"https:\/\/pravaliacusapunuri.ro\/en\/produse\/corp\/unt-de-corp-cu-canepa-si-lotus\/\" \/>\n<meta property=\"og:locale\" content=\"en_US\" \/>\n<meta property=\"og:type\" content=\"article\" \/>\n<meta property=\"og:title\" content=\"Unt de corp cu C\u00e2nep\u0103 \u0219i Lotus regenerator -\" \/>\n<meta property=\"og:description\" content=\"Unt de corp cu ingrediente nutritive, emoliente \u015fi regeneratoare. \u00cengrije\u0219te pielea sensibil\u0103 \u0219i uscat\u0103 \u0219i reda elasticitatea acesteia.\" \/>\n<meta property=\"og:url\" content=\"https:\/\/pravaliacusapunuri.ro\/en\/produse\/corp\/unt-de-corp-cu-canepa-si-lotus\/\" \/>\n<meta property=\"article:publisher\" content=\"https:\/\/www.facebook.com\/pravaliacusapunuri.ro\/\" \/>\n<meta property=\"article:modified_time\" content=\"2023-11-28T18:43:12+00:00\" \/>\n<meta property=\"og:image\" content=\"https:\/\/pravaliacusapunuri.ro\/wp-content\/uploads\/2017\/08\/unt-de-corp-cu-canepa-si-lotus-01.jpg\" \/>\n\t<meta property=\"og:image:width\" content=\"1000\" \/>\n\t<meta property=\"og:image:height\" content=\"1000\" \/>\n\t<meta property=\"og:image:type\" content=\"image\/jpeg\" \/>\n<meta name=\"twitter:card\" content=\"summary_large_image\" \/>\n<meta name=\"twitter:label1\" content=\"Est. reading time\" \/>\n\t<meta name=\"twitter:data1\" content=\"1 minute\" \/>\n<script type=\"application\/ld+json\" class=\"yoast-schema-graph\">{\"@context\":\"https:\\\/\\\/schema.org\",\"@graph\":[{\"@type\":\"WebPage\",\"@id\":\"https:\\\/\\\/pravaliacusapunuri.ro\\\/produse\\\/corp\\\/unt-de-corp-cu-canepa-si-lotus\\\/\",\"url\":\"https:\\\/\\\/pravaliacusapunuri.ro\\\/produse\\\/corp\\\/unt-de-corp-cu-canepa-si-lotus\\\/\",\"name\":\"Unt de corp cu C\u00e2nep\u0103 \u0219i Lotus regenerator -\",\"isPartOf\":{\"@id\":\"https:\\\/\\\/pravaliacusapunuri.ro\\\/#website\"},\"primaryImageOfPage\":{\"@id\":\"https:\\\/\\\/pravaliacusapunuri.ro\\\/produse\\\/corp\\\/unt-de-corp-cu-canepa-si-lotus\\\/#primaryimage\"},\"image\":{\"@id\":\"https:\\\/\\\/pravaliacusapunuri.ro\\\/produse\\\/corp\\\/unt-de-corp-cu-canepa-si-lotus\\\/#primaryimage\"},\"thumbnailUrl\":\"https:\\\/\\\/pravaliacusapunuri.ro\\\/wp-content\\\/uploads\\\/2017\\\/08\\\/unt-de-corp-cu-canepa-si-lotus-01.jpg\",\"datePublished\":\"2017-08-23T10:42:22+00:00\",\"dateModified\":\"2023-11-28T18:43:12+00:00\",\"description\":\"Unt de corp cu ingrediente nutritive, emoliente \u015fi regeneratoare. \u00cengrije\u0219te pielea sensibil\u0103 \u0219i uscat\u0103 \u0219i reda elasticitatea acesteia.\",\"breadcrumb\":{\"@id\":\"https:\\\/\\\/pravaliacusapunuri.ro\\\/produse\\\/corp\\\/unt-de-corp-cu-canepa-si-lotus\\\/#breadcrumb\"},\"inLanguage\":\"en-US\",\"potentialAction\":[{\"@type\":\"ReadAction\",\"target\":[\"https:\\\/\\\/pravaliacusapunuri.ro\\\/produse\\\/corp\\\/unt-de-corp-cu-canepa-si-lotus\\\/\"]}]},{\"@type\":\"ImageObject\",\"inLanguage\":\"en-US\",\"@id\":\"https:\\\/\\\/pravaliacusapunuri.ro\\\/produse\\\/corp\\\/unt-de-corp-cu-canepa-si-lotus\\\/#primaryimage\",\"url\":\"https:\\\/\\\/pravaliacusapunuri.ro\\\/wp-content\\\/uploads\\\/2017\\\/08\\\/unt-de-corp-cu-canepa-si-lotus-01.jpg\",\"contentUrl\":\"https:\\\/\\\/pravaliacusapunuri.ro\\\/wp-content\\\/uploads\\\/2017\\\/08\\\/unt-de-corp-cu-canepa-si-lotus-01.jpg\",\"width\":1000,\"height\":1000,\"caption\":\"Unt de corp cu ingrediente nutritive, emoliente \u015fi regeneratoare. \u00cengrije\u0219te pielea sensibil\u0103 \u0219i uscat\u0103 \u0219i reda elasticitatea acesteia.\"},{\"@type\":\"BreadcrumbList\",\"@id\":\"https:\\\/\\\/pravaliacusapunuri.ro\\\/produse\\\/corp\\\/unt-de-corp-cu-canepa-si-lotus\\\/#breadcrumb\",\"itemListElement\":[{\"@type\":\"ListItem\",\"position\":1,\"name\":\"Prima pagin\u0103\",\"item\":\"https:\\\/\\\/pravaliacusapunuri.ro\\\/\"},{\"@type\":\"ListItem\",\"position\":2,\"name\":\"Produse\",\"item\":\"https:\\\/\\\/pravaliacusapunuri.ro\\\/produse\\\/\"},{\"@type\":\"ListItem\",\"position\":3,\"name\":\"Unt de corp cu C\u00e2nep\u0103 \u0219i Lotus\"}]},{\"@type\":\"WebSite\",\"@id\":\"https:\\\/\\\/pravaliacusapunuri.ro\\\/#website\",\"url\":\"https:\\\/\\\/pravaliacusapunuri.ro\\\/\",\"name\":\"Pr\u0103v\u0103lia cu S\u0103punuri\",\"description\":\"\",\"publisher\":{\"@id\":\"https:\\\/\\\/pravaliacusapunuri.ro\\\/#organization\"},\"potentialAction\":[{\"@type\":\"SearchAction\",\"target\":{\"@type\":\"EntryPoint\",\"urlTemplate\":\"https:\\\/\\\/pravaliacusapunuri.ro\\\/?s={search_term_string}\"},\"query-input\":{\"@type\":\"PropertyValueSpecification\",\"valueRequired\":true,\"valueName\":\"search_term_string\"}}],\"inLanguage\":\"en-US\"},{\"@type\":\"Organization\",\"@id\":\"https:\\\/\\\/pravaliacusapunuri.ro\\\/#organization\",\"name\":\"Pr\u0103v\u0103lia cu S\u0103punuri SRL\",\"url\":\"https:\\\/\\\/pravaliacusapunuri.ro\\\/\",\"logo\":{\"@type\":\"ImageObject\",\"inLanguage\":\"en-US\",\"@id\":\"https:\\\/\\\/pravaliacusapunuri.ro\\\/#\\\/schema\\\/logo\\\/image\\\/\",\"url\":\"https:\\\/\\\/pravaliacusapunuri.ro\\\/wp-content\\\/uploads\\\/2023\\\/12\\\/cropped-stampila-2.png\",\"contentUrl\":\"https:\\\/\\\/pravaliacusapunuri.ro\\\/wp-content\\\/uploads\\\/2023\\\/12\\\/cropped-stampila-2.png\",\"width\":509,\"height\":448,\"caption\":\"Pr\u0103v\u0103lia cu S\u0103punuri SRL\"},\"image\":{\"@id\":\"https:\\\/\\\/pravaliacusapunuri.ro\\\/#\\\/schema\\\/logo\\\/image\\\/\"},\"sameAs\":[\"https:\\\/\\\/www.facebook.com\\\/pravaliacusapunuri.ro\\\/\",\"https:\\\/\\\/www.instagram.com\\\/pravalia_cu_sapunuri\\\/\"]}]}<\/script>\n<!-- \/ Yoast SEO plugin. -->","yoast_head_json":{"title":"Unt de corp cu C\u00e2nep\u0103 \u0219i Lotus regenerator -","description":"Unt de corp cu ingrediente nutritive, emoliente \u015fi regeneratoare. \u00cengrije\u0219te pielea sensibil\u0103 \u0219i uscat\u0103 \u0219i reda elasticitatea acesteia.","robots":{"index":"index","follow":"follow","max-snippet":"max-snippet:-1","max-image-preview":"max-image-preview:large","max-video-preview":"max-video-preview:-1"},"canonical":"https:\/\/pravaliacusapunuri.ro\/en\/produse\/corp\/unt-de-corp-cu-canepa-si-lotus\/","og_locale":"en_US","og_type":"article","og_title":"Unt de corp cu C\u00e2nep\u0103 \u0219i Lotus regenerator -","og_description":"Unt de corp cu ingrediente nutritive, emoliente \u015fi regeneratoare. \u00cengrije\u0219te pielea sensibil\u0103 \u0219i uscat\u0103 \u0219i reda elasticitatea acesteia.","og_url":"https:\/\/pravaliacusapunuri.ro\/en\/produse\/corp\/unt-de-corp-cu-canepa-si-lotus\/","article_publisher":"https:\/\/www.facebook.com\/pravaliacusapunuri.ro\/","article_modified_time":"2023-11-28T18:43:12+00:00","og_image":[{"width":1000,"height":1000,"url":"https:\/\/pravaliacusapunuri.ro\/wp-content\/uploads\/2017\/08\/unt-de-corp-cu-canepa-si-lotus-01.jpg","type":"image\/jpeg"}],"twitter_card":"summary_large_image","twitter_misc":{"Est. reading time":"1 minute"},"schema":{"@context":"https:\/\/schema.org","@graph":[{"@type":"WebPage","@id":"https:\/\/pravaliacusapunuri.ro\/produse\/corp\/unt-de-corp-cu-canepa-si-lotus\/","url":"https:\/\/pravaliacusapunuri.ro\/produse\/corp\/unt-de-corp-cu-canepa-si-lotus\/","name":"Unt de corp cu C\u00e2nep\u0103 \u0219i Lotus regenerator -","isPartOf":{"@id":"https:\/\/pravaliacusapunuri.ro\/#website"},"primaryImageOfPage":{"@id":"https:\/\/pravaliacusapunuri.ro\/produse\/corp\/unt-de-corp-cu-canepa-si-lotus\/#primaryimage"},"image":{"@id":"https:\/\/pravaliacusapunuri.ro\/produse\/corp\/unt-de-corp-cu-canepa-si-lotus\/#primaryimage"},"thumbnailUrl":"https:\/\/pravaliacusapunuri.ro\/wp-content\/uploads\/2017\/08\/unt-de-corp-cu-canepa-si-lotus-01.jpg","datePublished":"2017-08-23T10:42:22+00:00","dateModified":"2023-11-28T18:43:12+00:00","description":"Unt de corp cu ingrediente nutritive, emoliente \u015fi regeneratoare. \u00cengrije\u0219te pielea sensibil\u0103 \u0219i uscat\u0103 \u0219i reda elasticitatea acesteia.","breadcrumb":{"@id":"https:\/\/pravaliacusapunuri.ro\/produse\/corp\/unt-de-corp-cu-canepa-si-lotus\/#breadcrumb"},"inLanguage":"en-US","potentialAction":[{"@type":"ReadAction","target":["https:\/\/pravaliacusapunuri.ro\/produse\/corp\/unt-de-corp-cu-canepa-si-lotus\/"]}]},{"@type":"ImageObject","inLanguage":"en-US","@id":"https:\/\/pravaliacusapunuri.ro\/produse\/corp\/unt-de-corp-cu-canepa-si-lotus\/#primaryimage","url":"https:\/\/pravaliacusapunuri.ro\/wp-content\/uploads\/2017\/08\/unt-de-corp-cu-canepa-si-lotus-01.jpg","contentUrl":"https:\/\/pravaliacusapunuri.ro\/wp-content\/uploads\/2017\/08\/unt-de-corp-cu-canepa-si-lotus-01.jpg","width":1000,"height":1000,"caption":"Unt de corp cu ingrediente nutritive, emoliente \u015fi regeneratoare. \u00cengrije\u0219te pielea sensibil\u0103 \u0219i uscat\u0103 \u0219i reda elasticitatea acesteia."},{"@type":"BreadcrumbList","@id":"https:\/\/pravaliacusapunuri.ro\/produse\/corp\/unt-de-corp-cu-canepa-si-lotus\/#breadcrumb","itemListElement":[{"@type":"ListItem","position":1,"name":"Prima pagin\u0103","item":"https:\/\/pravaliacusapunuri.ro\/"},{"@type":"ListItem","position":2,"name":"Produse","item":"https:\/\/pravaliacusapunuri.ro\/produse\/"},{"@type":"ListItem","position":3,"name":"Unt de corp cu C\u00e2nep\u0103 \u0219i Lotus"}]},{"@type":"WebSite","@id":"https:\/\/pravaliacusapunuri.ro\/#website","url":"https:\/\/pravaliacusapunuri.ro\/","name":"Pr\u0103v\u0103lia cu S\u0103punuri","description":"","publisher":{"@id":"https:\/\/pravaliacusapunuri.ro\/#organization"},"potentialAction":[{"@type":"SearchAction","target":{"@type":"EntryPoint","urlTemplate":"https:\/\/pravaliacusapunuri.ro\/?s={search_term_string}"},"query-input":{"@type":"PropertyValueSpecification","valueRequired":true,"valueName":"search_term_string"}}],"inLanguage":"en-US"},{"@type":"Organization","@id":"https:\/\/pravaliacusapunuri.ro\/#organization","name":"Pr\u0103v\u0103lia cu S\u0103punuri SRL","url":"https:\/\/pravaliacusapunuri.ro\/","logo":{"@type":"ImageObject","inLanguage":"en-US","@id":"https:\/\/pravaliacusapunuri.ro\/#\/schema\/logo\/image\/","url":"https:\/\/pravaliacusapunuri.ro\/wp-content\/uploads\/2023\/12\/cropped-stampila-2.png","contentUrl":"https:\/\/pravaliacusapunuri.ro\/wp-content\/uploads\/2023\/12\/cropped-stampila-2.png","width":509,"height":448,"caption":"Pr\u0103v\u0103lia cu S\u0103punuri SRL"},"image":{"@id":"https:\/\/pravaliacusapunuri.ro\/#\/schema\/logo\/image\/"},"sameAs":["https:\/\/www.facebook.com\/pravaliacusapunuri.ro\/","https:\/\/www.instagram.com\/pravalia_cu_sapunuri\/"]}]}},"_links":{"self":[{"href":"https:\/\/pravaliacusapunuri.ro\/en\/wp-json\/wp\/v2\/product\/2511","targetHints":{"allow":["GET"]}}],"collection":[{"href":"https:\/\/pravaliacusapunuri.ro\/en\/wp-json\/wp\/v2\/product"}],"about":[{"href":"https:\/\/pravaliacusapunuri.ro\/en\/wp-json\/wp\/v2\/types\/product"}],"replies":[{"embeddable":true,"href":"https:\/\/pravaliacusapunuri.ro\/en\/wp-json\/wp\/v2\/comments?post=2511"}],"version-history":[{"count":11,"href":"https:\/\/pravaliacusapunuri.ro\/en\/wp-json\/wp\/v2\/product\/2511\/revisions"}],"predecessor-version":[{"id":7301,"href":"https:\/\/pravaliacusapunuri.ro\/en\/wp-json\/wp\/v2\/product\/2511\/revisions\/7301"}],"wp:featuredmedia":[{"embeddable":true,"href":"https:\/\/pravaliacusapunuri.ro\/en\/wp-json\/wp\/v2\/media\/6818"}],"wp:attachment":[{"href":"https:\/\/pravaliacusapunuri.ro\/en\/wp-json\/wp\/v2\/media?parent=2511"}],"wp:term":[{"taxonomy":"product_brand","embeddable":true,"href":"https:\/\/pravaliacusapunuri.ro\/en\/wp-json\/wp\/v2\/product_brand?post=2511"},{"taxonomy":"product_cat","embeddable":true,"href":"https:\/\/pravaliacusapunuri.ro\/en\/wp-json\/wp\/v2\/product_cat?post=2511"},{"taxonomy":"product_tag","embeddable":true,"href":"https:\/\/pravaliacusapunuri.ro\/en\/wp-json\/wp\/v2\/product_tag?post=2511"}],"curies":[{"name":"wp","href":"https:\/\/api.w.org\/{rel}","templated":true}]}}