{"id":2510,"date":"2017-08-23T10:41:36","date_gmt":"2017-08-23T10:41:36","guid":{"rendered":"http:\/\/pravaliacusapunuri.ro\/?post_type=product&#038;p=2510"},"modified":"2023-11-28T20:39:08","modified_gmt":"2023-11-28T18:39:08","slug":"deodorant-natural","status":"publish","type":"product","link":"https:\/\/pravaliacusapunuri.ro\/en\/produse\/corp\/deodorant-natural\/","title":{"rendered":"Deodorant natural"},"content":{"rendered":"<p><strong>Descriere:<\/strong><\/p>\n<ul>\n<li>Deodorant natural este un produs fabricat din ingrediente naturale. Are rolul de a inhiba producerea bacteriilor si a preveni aparitia mirosului neplacut al transpiratiei.<\/li>\n<\/ul>\n<p><strong>Beneficii deodorant natural:<\/strong><\/p>\n<ul>\n<li>Untul de shea si uleiul de canepa vor hrani si hidrata pielea sensibila a axilei, ajuta la vindecarea iritatiilor, in cazul in care acestea vor aparea.<\/li>\n<li>Piatra de alaun este un cristal natural, un mineral recunoscut pentru proprietatile sale astringente, antibacteriene si hemostatice.<\/li>\n<li>Bicarbonatul de sodiu ajuta la neutralizarea mirosurile neplacut, limiteaza dezvoltarea bacteriana, fungicid.<\/li>\n<li>Amidonul de porumb are calitatea de a lasa pielea supla si neteda, fiind un antiseptic natural.<\/li>\n<li>Deodorantul natural contine uleiuri esentiale pure de lavanda, rozmarin si tea tree ce asigura o bariera antibacteriana eficienta.<\/li>\n<\/ul>\n<p><strong>Ingrediente deodorant natural (INCI):<\/strong><\/p>\n<ul>\n<li>Theobroma Cacao Seed Butter, Cannabis Sativa Seed Oil, Cera Alba, Olea Europaea Fruit Oil, Butyrospermum Parkii Butter, Potassium Alum, Sodium Bicarbonate, Starch, Lavandula Angustifolia Oil, Melaleuca Alternifolia Leaf Oil, Rosmarinus Officinalis Oil, Linalool, Limonene<\/li>\n<\/ul>\n<p><strong>Cantitate:<\/strong> 50ml \u212e<\/p>\n<p>&nbsp;<\/p>\n<div>\n<p lang=\"ro-ro\" xml:lang=\"ro-ro\"><strong lang=\"ro-ro\" xml:lang=\"ro-ro\">Referinta CPNP : 2860737<\/strong><\/p>\n<\/div>\n<div>\n<p lang=\"ro-ro\" xml:lang=\"ro-ro\"><strong lang=\"ro-ro\" xml:lang=\"ro-ro\">Testat si notificat in conformitate cu normele CEE<\/strong><\/p>\n<\/div>\n<div>\n<p lang=\"ro-ro\" xml:lang=\"ro-ro\"><strong lang=\"ro-ro\" xml:lang=\"ro-ro\"><strong>Produs cu drag in Romania!<\/strong><\/strong><\/p>\n<\/div>\n<div><\/div>\n<p>&nbsp;<\/p>\n<p>&nbsp;<\/p>\n<p>Pentru a vizualiza toate produsele din categoria Corp, apasa\u00a0<a href=\"https:\/\/pravaliacusapunuri.ro\/en\/product-category\/corp\/\"><strong>AICI!<\/strong><\/a><\/p>","protected":false},"excerpt":{"rendered":"<p><strong>Deodorant natural <\/strong>este un produs fabricat din ingrediente naturale. Are rolul de a inhiba producerea bacteriilor \u0219i a preveni apari\u021bia mirosului nepl\u0103cut al transpira\u021biei.<\/p>\n<p><strong>Cantitate:<\/strong> 50ml\u00a0\u212e<\/p>","protected":false},"featured_media":6820,"comment_status":"open","ping_status":"closed","template":"","meta":[],"product_brand":[],"product_cat":[58],"product_tag":[],"class_list":{"0":"post-2510","1":"product","2":"type-product","3":"status-publish","4":"has-post-thumbnail","6":"product_cat-corp","8":"first","9":"instock","10":"shipping-taxable","11":"purchasable","12":"product-type-simple"},"yoast_head":"<!-- This site is optimized with the Yoast SEO plugin v27.6 - https:\/\/yoast.com\/product\/yoast-seo-wordpress\/ -->\n<title>Deodorant natural pielea sensibil\u0103 a axilei -<\/title>\n<meta name=\"description\" content=\"Deodorant natural are rolul de a inhiba producerea bacteriilor \u0219i a preveni apari\u021bia mirosului nepl\u0103cut al transpira\u021biei.\" \/>\n<meta name=\"robots\" content=\"index, follow, max-snippet:-1, max-image-preview:large, max-video-preview:-1\" \/>\n<link rel=\"canonical\" href=\"https:\/\/pravaliacusapunuri.ro\/en\/produse\/corp\/deodorant-natural\/\" \/>\n<meta property=\"og:locale\" content=\"en_US\" \/>\n<meta property=\"og:type\" content=\"article\" \/>\n<meta property=\"og:title\" content=\"Deodorant natural pielea sensibil\u0103 a axilei -\" \/>\n<meta property=\"og:description\" content=\"Deodorant natural are rolul de a inhiba producerea bacteriilor \u0219i a preveni apari\u021bia mirosului nepl\u0103cut al transpira\u021biei.\" \/>\n<meta property=\"og:url\" content=\"https:\/\/pravaliacusapunuri.ro\/en\/produse\/corp\/deodorant-natural\/\" \/>\n<meta property=\"article:publisher\" content=\"https:\/\/www.facebook.com\/pravaliacusapunuri.ro\/\" \/>\n<meta property=\"article:modified_time\" content=\"2023-11-28T18:39:08+00:00\" \/>\n<meta property=\"og:image\" content=\"https:\/\/pravaliacusapunuri.ro\/wp-content\/uploads\/2017\/08\/deodorant-natural-antiperspirant-02.jpg\" \/>\n\t<meta property=\"og:image:width\" content=\"1000\" \/>\n\t<meta property=\"og:image:height\" content=\"1000\" \/>\n\t<meta property=\"og:image:type\" content=\"image\/jpeg\" \/>\n<meta name=\"twitter:card\" content=\"summary_large_image\" \/>\n<meta name=\"twitter:label1\" content=\"Est. reading time\" \/>\n\t<meta name=\"twitter:data1\" content=\"2 minutes\" \/>\n<script type=\"application\/ld+json\" class=\"yoast-schema-graph\">{\"@context\":\"https:\\\/\\\/schema.org\",\"@graph\":[{\"@type\":\"WebPage\",\"@id\":\"https:\\\/\\\/pravaliacusapunuri.ro\\\/produse\\\/corp\\\/deodorant-natural\\\/\",\"url\":\"https:\\\/\\\/pravaliacusapunuri.ro\\\/produse\\\/corp\\\/deodorant-natural\\\/\",\"name\":\"Deodorant natural pielea sensibil\u0103 a axilei -\",\"isPartOf\":{\"@id\":\"https:\\\/\\\/pravaliacusapunuri.ro\\\/#website\"},\"primaryImageOfPage\":{\"@id\":\"https:\\\/\\\/pravaliacusapunuri.ro\\\/produse\\\/corp\\\/deodorant-natural\\\/#primaryimage\"},\"image\":{\"@id\":\"https:\\\/\\\/pravaliacusapunuri.ro\\\/produse\\\/corp\\\/deodorant-natural\\\/#primaryimage\"},\"thumbnailUrl\":\"https:\\\/\\\/pravaliacusapunuri.ro\\\/wp-content\\\/uploads\\\/2017\\\/08\\\/deodorant-natural-antiperspirant-02.jpg\",\"datePublished\":\"2017-08-23T10:41:36+00:00\",\"dateModified\":\"2023-11-28T18:39:08+00:00\",\"description\":\"Deodorant natural are rolul de a inhiba producerea bacteriilor \u0219i a preveni apari\u021bia mirosului nepl\u0103cut al transpira\u021biei.\",\"breadcrumb\":{\"@id\":\"https:\\\/\\\/pravaliacusapunuri.ro\\\/produse\\\/corp\\\/deodorant-natural\\\/#breadcrumb\"},\"inLanguage\":\"en-US\",\"potentialAction\":[{\"@type\":\"ReadAction\",\"target\":[\"https:\\\/\\\/pravaliacusapunuri.ro\\\/produse\\\/corp\\\/deodorant-natural\\\/\"]}]},{\"@type\":\"ImageObject\",\"inLanguage\":\"en-US\",\"@id\":\"https:\\\/\\\/pravaliacusapunuri.ro\\\/produse\\\/corp\\\/deodorant-natural\\\/#primaryimage\",\"url\":\"https:\\\/\\\/pravaliacusapunuri.ro\\\/wp-content\\\/uploads\\\/2017\\\/08\\\/deodorant-natural-antiperspirant-02.jpg\",\"contentUrl\":\"https:\\\/\\\/pravaliacusapunuri.ro\\\/wp-content\\\/uploads\\\/2017\\\/08\\\/deodorant-natural-antiperspirant-02.jpg\",\"width\":1000,\"height\":1000,\"caption\":\"Deodorant natural are rolul de a inhiba producerea bacteriilor \u0219i a preveni apari\u021bia mirosului nepl\u0103cut al transpira\u021biei.\"},{\"@type\":\"BreadcrumbList\",\"@id\":\"https:\\\/\\\/pravaliacusapunuri.ro\\\/produse\\\/corp\\\/deodorant-natural\\\/#breadcrumb\",\"itemListElement\":[{\"@type\":\"ListItem\",\"position\":1,\"name\":\"Prima pagin\u0103\",\"item\":\"https:\\\/\\\/pravaliacusapunuri.ro\\\/\"},{\"@type\":\"ListItem\",\"position\":2,\"name\":\"Produse\",\"item\":\"https:\\\/\\\/pravaliacusapunuri.ro\\\/produse\\\/\"},{\"@type\":\"ListItem\",\"position\":3,\"name\":\"Deodorant natural\"}]},{\"@type\":\"WebSite\",\"@id\":\"https:\\\/\\\/pravaliacusapunuri.ro\\\/#website\",\"url\":\"https:\\\/\\\/pravaliacusapunuri.ro\\\/\",\"name\":\"Pr\u0103v\u0103lia cu S\u0103punuri\",\"description\":\"\",\"publisher\":{\"@id\":\"https:\\\/\\\/pravaliacusapunuri.ro\\\/#organization\"},\"potentialAction\":[{\"@type\":\"SearchAction\",\"target\":{\"@type\":\"EntryPoint\",\"urlTemplate\":\"https:\\\/\\\/pravaliacusapunuri.ro\\\/?s={search_term_string}\"},\"query-input\":{\"@type\":\"PropertyValueSpecification\",\"valueRequired\":true,\"valueName\":\"search_term_string\"}}],\"inLanguage\":\"en-US\"},{\"@type\":\"Organization\",\"@id\":\"https:\\\/\\\/pravaliacusapunuri.ro\\\/#organization\",\"name\":\"Pr\u0103v\u0103lia cu S\u0103punuri SRL\",\"url\":\"https:\\\/\\\/pravaliacusapunuri.ro\\\/\",\"logo\":{\"@type\":\"ImageObject\",\"inLanguage\":\"en-US\",\"@id\":\"https:\\\/\\\/pravaliacusapunuri.ro\\\/#\\\/schema\\\/logo\\\/image\\\/\",\"url\":\"https:\\\/\\\/pravaliacusapunuri.ro\\\/wp-content\\\/uploads\\\/2023\\\/12\\\/cropped-stampila-2.png\",\"contentUrl\":\"https:\\\/\\\/pravaliacusapunuri.ro\\\/wp-content\\\/uploads\\\/2023\\\/12\\\/cropped-stampila-2.png\",\"width\":509,\"height\":448,\"caption\":\"Pr\u0103v\u0103lia cu S\u0103punuri SRL\"},\"image\":{\"@id\":\"https:\\\/\\\/pravaliacusapunuri.ro\\\/#\\\/schema\\\/logo\\\/image\\\/\"},\"sameAs\":[\"https:\\\/\\\/www.facebook.com\\\/pravaliacusapunuri.ro\\\/\",\"https:\\\/\\\/www.instagram.com\\\/pravalia_cu_sapunuri\\\/\"]}]}<\/script>\n<!-- \/ Yoast SEO plugin. -->","yoast_head_json":{"title":"Deodorant natural pielea sensibil\u0103 a axilei -","description":"Deodorant natural are rolul de a inhiba producerea bacteriilor \u0219i a preveni apari\u021bia mirosului nepl\u0103cut al transpira\u021biei.","robots":{"index":"index","follow":"follow","max-snippet":"max-snippet:-1","max-image-preview":"max-image-preview:large","max-video-preview":"max-video-preview:-1"},"canonical":"https:\/\/pravaliacusapunuri.ro\/en\/produse\/corp\/deodorant-natural\/","og_locale":"en_US","og_type":"article","og_title":"Deodorant natural pielea sensibil\u0103 a axilei -","og_description":"Deodorant natural are rolul de a inhiba producerea bacteriilor \u0219i a preveni apari\u021bia mirosului nepl\u0103cut al transpira\u021biei.","og_url":"https:\/\/pravaliacusapunuri.ro\/en\/produse\/corp\/deodorant-natural\/","article_publisher":"https:\/\/www.facebook.com\/pravaliacusapunuri.ro\/","article_modified_time":"2023-11-28T18:39:08+00:00","og_image":[{"width":1000,"height":1000,"url":"https:\/\/pravaliacusapunuri.ro\/wp-content\/uploads\/2017\/08\/deodorant-natural-antiperspirant-02.jpg","type":"image\/jpeg"}],"twitter_card":"summary_large_image","twitter_misc":{"Est. reading time":"2 minutes"},"schema":{"@context":"https:\/\/schema.org","@graph":[{"@type":"WebPage","@id":"https:\/\/pravaliacusapunuri.ro\/produse\/corp\/deodorant-natural\/","url":"https:\/\/pravaliacusapunuri.ro\/produse\/corp\/deodorant-natural\/","name":"Deodorant natural pielea sensibil\u0103 a axilei -","isPartOf":{"@id":"https:\/\/pravaliacusapunuri.ro\/#website"},"primaryImageOfPage":{"@id":"https:\/\/pravaliacusapunuri.ro\/produse\/corp\/deodorant-natural\/#primaryimage"},"image":{"@id":"https:\/\/pravaliacusapunuri.ro\/produse\/corp\/deodorant-natural\/#primaryimage"},"thumbnailUrl":"https:\/\/pravaliacusapunuri.ro\/wp-content\/uploads\/2017\/08\/deodorant-natural-antiperspirant-02.jpg","datePublished":"2017-08-23T10:41:36+00:00","dateModified":"2023-11-28T18:39:08+00:00","description":"Deodorant natural are rolul de a inhiba producerea bacteriilor \u0219i a preveni apari\u021bia mirosului nepl\u0103cut al transpira\u021biei.","breadcrumb":{"@id":"https:\/\/pravaliacusapunuri.ro\/produse\/corp\/deodorant-natural\/#breadcrumb"},"inLanguage":"en-US","potentialAction":[{"@type":"ReadAction","target":["https:\/\/pravaliacusapunuri.ro\/produse\/corp\/deodorant-natural\/"]}]},{"@type":"ImageObject","inLanguage":"en-US","@id":"https:\/\/pravaliacusapunuri.ro\/produse\/corp\/deodorant-natural\/#primaryimage","url":"https:\/\/pravaliacusapunuri.ro\/wp-content\/uploads\/2017\/08\/deodorant-natural-antiperspirant-02.jpg","contentUrl":"https:\/\/pravaliacusapunuri.ro\/wp-content\/uploads\/2017\/08\/deodorant-natural-antiperspirant-02.jpg","width":1000,"height":1000,"caption":"Deodorant natural are rolul de a inhiba producerea bacteriilor \u0219i a preveni apari\u021bia mirosului nepl\u0103cut al transpira\u021biei."},{"@type":"BreadcrumbList","@id":"https:\/\/pravaliacusapunuri.ro\/produse\/corp\/deodorant-natural\/#breadcrumb","itemListElement":[{"@type":"ListItem","position":1,"name":"Prima pagin\u0103","item":"https:\/\/pravaliacusapunuri.ro\/"},{"@type":"ListItem","position":2,"name":"Produse","item":"https:\/\/pravaliacusapunuri.ro\/produse\/"},{"@type":"ListItem","position":3,"name":"Deodorant natural"}]},{"@type":"WebSite","@id":"https:\/\/pravaliacusapunuri.ro\/#website","url":"https:\/\/pravaliacusapunuri.ro\/","name":"Pr\u0103v\u0103lia cu S\u0103punuri","description":"","publisher":{"@id":"https:\/\/pravaliacusapunuri.ro\/#organization"},"potentialAction":[{"@type":"SearchAction","target":{"@type":"EntryPoint","urlTemplate":"https:\/\/pravaliacusapunuri.ro\/?s={search_term_string}"},"query-input":{"@type":"PropertyValueSpecification","valueRequired":true,"valueName":"search_term_string"}}],"inLanguage":"en-US"},{"@type":"Organization","@id":"https:\/\/pravaliacusapunuri.ro\/#organization","name":"Pr\u0103v\u0103lia cu S\u0103punuri SRL","url":"https:\/\/pravaliacusapunuri.ro\/","logo":{"@type":"ImageObject","inLanguage":"en-US","@id":"https:\/\/pravaliacusapunuri.ro\/#\/schema\/logo\/image\/","url":"https:\/\/pravaliacusapunuri.ro\/wp-content\/uploads\/2023\/12\/cropped-stampila-2.png","contentUrl":"https:\/\/pravaliacusapunuri.ro\/wp-content\/uploads\/2023\/12\/cropped-stampila-2.png","width":509,"height":448,"caption":"Pr\u0103v\u0103lia cu S\u0103punuri SRL"},"image":{"@id":"https:\/\/pravaliacusapunuri.ro\/#\/schema\/logo\/image\/"},"sameAs":["https:\/\/www.facebook.com\/pravaliacusapunuri.ro\/","https:\/\/www.instagram.com\/pravalia_cu_sapunuri\/"]}]}},"_links":{"self":[{"href":"https:\/\/pravaliacusapunuri.ro\/en\/wp-json\/wp\/v2\/product\/2510","targetHints":{"allow":["GET"]}}],"collection":[{"href":"https:\/\/pravaliacusapunuri.ro\/en\/wp-json\/wp\/v2\/product"}],"about":[{"href":"https:\/\/pravaliacusapunuri.ro\/en\/wp-json\/wp\/v2\/types\/product"}],"replies":[{"embeddable":true,"href":"https:\/\/pravaliacusapunuri.ro\/en\/wp-json\/wp\/v2\/comments?post=2510"}],"version-history":[{"count":10,"href":"https:\/\/pravaliacusapunuri.ro\/en\/wp-json\/wp\/v2\/product\/2510\/revisions"}],"predecessor-version":[{"id":7300,"href":"https:\/\/pravaliacusapunuri.ro\/en\/wp-json\/wp\/v2\/product\/2510\/revisions\/7300"}],"wp:featuredmedia":[{"embeddable":true,"href":"https:\/\/pravaliacusapunuri.ro\/en\/wp-json\/wp\/v2\/media\/6820"}],"wp:attachment":[{"href":"https:\/\/pravaliacusapunuri.ro\/en\/wp-json\/wp\/v2\/media?parent=2510"}],"wp:term":[{"taxonomy":"product_brand","embeddable":true,"href":"https:\/\/pravaliacusapunuri.ro\/en\/wp-json\/wp\/v2\/product_brand?post=2510"},{"taxonomy":"product_cat","embeddable":true,"href":"https:\/\/pravaliacusapunuri.ro\/en\/wp-json\/wp\/v2\/product_cat?post=2510"},{"taxonomy":"product_tag","embeddable":true,"href":"https:\/\/pravaliacusapunuri.ro\/en\/wp-json\/wp\/v2\/product_tag?post=2510"}],"curies":[{"name":"wp","href":"https:\/\/api.w.org\/{rel}","templated":true}]}}