{"id":2507,"date":"2017-08-23T10:40:16","date_gmt":"2017-08-23T10:40:16","guid":{"rendered":"http:\/\/pravaliacusapunuri.ro\/?post_type=product&#038;p=2507"},"modified":"2023-11-28T20:36:04","modified_gmt":"2023-11-28T18:36:04","slug":"crema-pentru-fata-de-zi","status":"publish","type":"product","link":"https:\/\/pravaliacusapunuri.ro\/en\/produse\/fata\/crema-pentru-fata-de-zi\/","title":{"rendered":"Crem\u0103 pentru fa\u021b\u0103 de zi"},"content":{"rendered":"<p><strong>Crema pentru fata de zi<\/strong> este formulata cu ingrediente calmante, antiiritante, regeneratoare si anti-imbatranire, este o crema de zi lejera si fina. Are un miros vegetal, se absoarbe bine, hidrateaza si catifeleaza, nu lasa strat uleios pe piele.<\/p>\n<h2>Beneficii produs Crema pentru fata de zi:<\/h2>\n<ul>\n<li>Orice tip de ten poate beneficia de extractul de nalba, un activ bland, cu proprietati de hidratare, calmare si antiinflamatorii.<\/li>\n<li>Un adevarat panaceu pentru piele, gelul de aloe vera pur este foarte apreciat fiind cunoscut pentru efectul calmant, reparator, cicatrizant si hidratant, potrivit pentru orce tip de piele.<\/li>\n<li>Cu o actiune antioxidanta remarcabila, coenzima Q10 \u2013 o sinergie de ubichinona, vitamina E si squalan \u2013 confera pielii protectie ca neutralizant al radicalilor liberi impotriva imbatranirii premature datorata stresului oxidativ, mai ales pentru pielea expusa la razele solare.<\/li>\n<li>Pe langa faptul ca reda pielii, culoarea si vitalitatea, uleiul de morcov are un rol important in incetinirea procesului de imbatranire a pielii.<\/li>\n<li>Potrivit pentru orice tip de ten, uleiul de jojoba protejeaza impotriva deshidratarii, este emolient si intareste bariera hidrolipidica a pielii.<\/li>\n<li>Am parfumat aceasta crema cu ulei esential pur de grapefruit care aduce optimism si prospetime.<\/li>\n<\/ul>\n<h3><strong>Ingrediente Crema pentru fata de zi (INCI):<\/strong><\/h3>\n<p>Lavandula Angustifolia Flower Water, Aloe Barbadensis Leaf Extract, Carrot Oil, Simmondsia Chinensis Oil, Glyceryl Stearate Se, Tocopheryl Acetate, Citrus Grandis Peel Oil, Squalane, Limonene, Glycerin, Aqua, Malva Sylvestris Extract, Salicylic Acid, Ubiquinone, Citric Acid, Sodium Benzoate, Sorbic Acid, Potassium Sorbate, Benzyl Alcohol, Citral, Linalool<\/p>\n<p><strong>Cantitate:<\/strong> 50ml \u212e<\/p>\n<p>&nbsp;<\/p>\n<p><strong>Referinta CPNP : 2860746<\/strong><\/p>\n<p><strong>Testat si notificat in conformitate cu normele CEE<\/strong><\/p>\n<p><strong>Produs cu drag in Romania!<\/strong><\/p>\n<p>&nbsp;<\/p>\n<p>Pentru a vizualiza toate produsele din categoria Fata, apasa\u00a0<a href=\"https:\/\/pravaliacusapunuri.ro\/en\/product-category\/fata\/\"><strong>AICI!<\/strong><\/a><\/p>","protected":false},"excerpt":{"rendered":"<p><strong>Crem\u0103 pentru fa\u021b\u0103 de zi<\/strong> este formulat\u0103 cu ingrediente calmante, antiiritante, regeneratoare \u0219i anti-\u00eemb\u0103tr\u00e2nire, este o <a href=\"https:\/\/en.wikipedia.org\/wiki\/Moisturizer\">crem\u0103 de zi<\/a> lejer\u0103 \u0219i fin\u0103. Are un miros vegetal, se absoarbe bine, hidrateaz\u0103 \u0219i catifeleaz\u0103, nu las\u0103 strat uleios pe piele.<\/p>\n<p><strong>Cantitate:<\/strong> 50ml \u212e<\/p>","protected":false},"featured_media":6830,"comment_status":"open","ping_status":"closed","template":"","meta":[],"product_brand":[],"product_cat":[57],"product_tag":[],"class_list":{"0":"post-2507","1":"product","2":"type-product","3":"status-publish","4":"has-post-thumbnail","6":"product_cat-fata","8":"first","9":"instock","10":"shipping-taxable","11":"purchasable","12":"product-type-simple"},"yoast_head":"<!-- This site is optimized with the Yoast SEO plugin v27.4 - https:\/\/yoast.com\/product\/yoast-seo-wordpress\/ -->\n<title>Crem\u0103 pentru fa\u021b\u0103 de zi | Pravalia cu sapunuri - produse naturale<\/title>\n<meta name=\"description\" content=\"Crem\u0103 pentru fa\u021b\u0103 de zi este formulat\u0103 cu ingrediente calmante, antiiritante, regeneratoare \u0219i anti-\u00eemb\u0103tr\u00e2nire, lejer\u0103 \u0219i fin\u0103.\" \/>\n<meta name=\"robots\" content=\"index, follow, max-snippet:-1, max-image-preview:large, max-video-preview:-1\" \/>\n<link rel=\"canonical\" href=\"https:\/\/pravaliacusapunuri.ro\/en\/produse\/fata\/crema-pentru-fata-de-zi\/\" \/>\n<meta property=\"og:locale\" content=\"en_US\" \/>\n<meta property=\"og:type\" content=\"article\" \/>\n<meta property=\"og:title\" content=\"Crem\u0103 pentru fa\u021b\u0103 de zi | Pravalia cu sapunuri - produse naturale\" \/>\n<meta property=\"og:description\" content=\"Crem\u0103 pentru fa\u021b\u0103 de zi este formulat\u0103 cu ingrediente calmante, antiiritante, regeneratoare \u0219i anti-\u00eemb\u0103tr\u00e2nire, lejer\u0103 \u0219i fin\u0103.\" \/>\n<meta property=\"og:url\" content=\"https:\/\/pravaliacusapunuri.ro\/en\/produse\/fata\/crema-pentru-fata-de-zi\/\" \/>\n<meta property=\"article:publisher\" content=\"https:\/\/www.facebook.com\/pravaliacusapunuri.ro\/\" \/>\n<meta property=\"article:modified_time\" content=\"2023-11-28T18:36:04+00:00\" \/>\n<meta property=\"og:image\" content=\"https:\/\/pravaliacusapunuri.ro\/wp-content\/uploads\/2017\/08\/crema-pentru-fata-de-zi-01.jpg\" \/>\n\t<meta property=\"og:image:width\" content=\"1000\" \/>\n\t<meta property=\"og:image:height\" content=\"1000\" \/>\n\t<meta property=\"og:image:type\" content=\"image\/jpeg\" \/>\n<meta name=\"twitter:card\" content=\"summary_large_image\" \/>\n<meta name=\"twitter:label1\" content=\"Est. reading time\" \/>\n\t<meta name=\"twitter:data1\" content=\"2 minutes\" \/>\n<script type=\"application\/ld+json\" class=\"yoast-schema-graph\">{\"@context\":\"https:\\\/\\\/schema.org\",\"@graph\":[{\"@type\":\"WebPage\",\"@id\":\"https:\\\/\\\/pravaliacusapunuri.ro\\\/produse\\\/fata\\\/crema-pentru-fata-de-zi\\\/\",\"url\":\"https:\\\/\\\/pravaliacusapunuri.ro\\\/produse\\\/fata\\\/crema-pentru-fata-de-zi\\\/\",\"name\":\"Crem\u0103 pentru fa\u021b\u0103 de zi | Pravalia cu sapunuri - produse naturale\",\"isPartOf\":{\"@id\":\"https:\\\/\\\/pravaliacusapunuri.ro\\\/#website\"},\"primaryImageOfPage\":{\"@id\":\"https:\\\/\\\/pravaliacusapunuri.ro\\\/produse\\\/fata\\\/crema-pentru-fata-de-zi\\\/#primaryimage\"},\"image\":{\"@id\":\"https:\\\/\\\/pravaliacusapunuri.ro\\\/produse\\\/fata\\\/crema-pentru-fata-de-zi\\\/#primaryimage\"},\"thumbnailUrl\":\"https:\\\/\\\/pravaliacusapunuri.ro\\\/wp-content\\\/uploads\\\/2017\\\/08\\\/crema-pentru-fata-de-zi-01.jpg\",\"datePublished\":\"2017-08-23T10:40:16+00:00\",\"dateModified\":\"2023-11-28T18:36:04+00:00\",\"description\":\"Crem\u0103 pentru fa\u021b\u0103 de zi este formulat\u0103 cu ingrediente calmante, antiiritante, regeneratoare \u0219i anti-\u00eemb\u0103tr\u00e2nire, lejer\u0103 \u0219i fin\u0103.\",\"breadcrumb\":{\"@id\":\"https:\\\/\\\/pravaliacusapunuri.ro\\\/produse\\\/fata\\\/crema-pentru-fata-de-zi\\\/#breadcrumb\"},\"inLanguage\":\"en-US\",\"potentialAction\":[{\"@type\":\"ReadAction\",\"target\":[\"https:\\\/\\\/pravaliacusapunuri.ro\\\/produse\\\/fata\\\/crema-pentru-fata-de-zi\\\/\"]}]},{\"@type\":\"ImageObject\",\"inLanguage\":\"en-US\",\"@id\":\"https:\\\/\\\/pravaliacusapunuri.ro\\\/produse\\\/fata\\\/crema-pentru-fata-de-zi\\\/#primaryimage\",\"url\":\"https:\\\/\\\/pravaliacusapunuri.ro\\\/wp-content\\\/uploads\\\/2017\\\/08\\\/crema-pentru-fata-de-zi-01.jpg\",\"contentUrl\":\"https:\\\/\\\/pravaliacusapunuri.ro\\\/wp-content\\\/uploads\\\/2017\\\/08\\\/crema-pentru-fata-de-zi-01.jpg\",\"width\":1000,\"height\":1000,\"caption\":\"Crem\u0103 pentru fa\u021b\u0103 de zi este formulat\u0103 cu ingrediente calmante, antiiritante, regeneratoare \u0219i anti-\u00eemb\u0103tr\u00e2nire, lejer\u0103 \u0219i fin\u0103.\"},{\"@type\":\"BreadcrumbList\",\"@id\":\"https:\\\/\\\/pravaliacusapunuri.ro\\\/produse\\\/fata\\\/crema-pentru-fata-de-zi\\\/#breadcrumb\",\"itemListElement\":[{\"@type\":\"ListItem\",\"position\":1,\"name\":\"Prima pagin\u0103\",\"item\":\"https:\\\/\\\/pravaliacusapunuri.ro\\\/\"},{\"@type\":\"ListItem\",\"position\":2,\"name\":\"Produse\",\"item\":\"https:\\\/\\\/pravaliacusapunuri.ro\\\/produse\\\/\"},{\"@type\":\"ListItem\",\"position\":3,\"name\":\"Crem\u0103 pentru fa\u021b\u0103 de zi\"}]},{\"@type\":\"WebSite\",\"@id\":\"https:\\\/\\\/pravaliacusapunuri.ro\\\/#website\",\"url\":\"https:\\\/\\\/pravaliacusapunuri.ro\\\/\",\"name\":\"Pr\u0103v\u0103lia cu S\u0103punuri\",\"description\":\"\",\"publisher\":{\"@id\":\"https:\\\/\\\/pravaliacusapunuri.ro\\\/#organization\"},\"potentialAction\":[{\"@type\":\"SearchAction\",\"target\":{\"@type\":\"EntryPoint\",\"urlTemplate\":\"https:\\\/\\\/pravaliacusapunuri.ro\\\/?s={search_term_string}\"},\"query-input\":{\"@type\":\"PropertyValueSpecification\",\"valueRequired\":true,\"valueName\":\"search_term_string\"}}],\"inLanguage\":\"en-US\"},{\"@type\":\"Organization\",\"@id\":\"https:\\\/\\\/pravaliacusapunuri.ro\\\/#organization\",\"name\":\"Pr\u0103v\u0103lia cu S\u0103punuri SRL\",\"url\":\"https:\\\/\\\/pravaliacusapunuri.ro\\\/\",\"logo\":{\"@type\":\"ImageObject\",\"inLanguage\":\"en-US\",\"@id\":\"https:\\\/\\\/pravaliacusapunuri.ro\\\/#\\\/schema\\\/logo\\\/image\\\/\",\"url\":\"https:\\\/\\\/pravaliacusapunuri.ro\\\/wp-content\\\/uploads\\\/2023\\\/12\\\/cropped-stampila-2.png\",\"contentUrl\":\"https:\\\/\\\/pravaliacusapunuri.ro\\\/wp-content\\\/uploads\\\/2023\\\/12\\\/cropped-stampila-2.png\",\"width\":509,\"height\":448,\"caption\":\"Pr\u0103v\u0103lia cu S\u0103punuri SRL\"},\"image\":{\"@id\":\"https:\\\/\\\/pravaliacusapunuri.ro\\\/#\\\/schema\\\/logo\\\/image\\\/\"},\"sameAs\":[\"https:\\\/\\\/www.facebook.com\\\/pravaliacusapunuri.ro\\\/\",\"https:\\\/\\\/www.instagram.com\\\/pravalia_cu_sapunuri\\\/\"]}]}<\/script>\n<!-- \/ Yoast SEO plugin. -->","yoast_head_json":{"title":"Crem\u0103 pentru fa\u021b\u0103 de zi | Pravalia cu sapunuri - produse naturale","description":"Crem\u0103 pentru fa\u021b\u0103 de zi este formulat\u0103 cu ingrediente calmante, antiiritante, regeneratoare \u0219i anti-\u00eemb\u0103tr\u00e2nire, lejer\u0103 \u0219i fin\u0103.","robots":{"index":"index","follow":"follow","max-snippet":"max-snippet:-1","max-image-preview":"max-image-preview:large","max-video-preview":"max-video-preview:-1"},"canonical":"https:\/\/pravaliacusapunuri.ro\/en\/produse\/fata\/crema-pentru-fata-de-zi\/","og_locale":"en_US","og_type":"article","og_title":"Crem\u0103 pentru fa\u021b\u0103 de zi | Pravalia cu sapunuri - produse naturale","og_description":"Crem\u0103 pentru fa\u021b\u0103 de zi este formulat\u0103 cu ingrediente calmante, antiiritante, regeneratoare \u0219i anti-\u00eemb\u0103tr\u00e2nire, lejer\u0103 \u0219i fin\u0103.","og_url":"https:\/\/pravaliacusapunuri.ro\/en\/produse\/fata\/crema-pentru-fata-de-zi\/","article_publisher":"https:\/\/www.facebook.com\/pravaliacusapunuri.ro\/","article_modified_time":"2023-11-28T18:36:04+00:00","og_image":[{"width":1000,"height":1000,"url":"https:\/\/pravaliacusapunuri.ro\/wp-content\/uploads\/2017\/08\/crema-pentru-fata-de-zi-01.jpg","type":"image\/jpeg"}],"twitter_card":"summary_large_image","twitter_misc":{"Est. reading time":"2 minutes"},"schema":{"@context":"https:\/\/schema.org","@graph":[{"@type":"WebPage","@id":"https:\/\/pravaliacusapunuri.ro\/produse\/fata\/crema-pentru-fata-de-zi\/","url":"https:\/\/pravaliacusapunuri.ro\/produse\/fata\/crema-pentru-fata-de-zi\/","name":"Crem\u0103 pentru fa\u021b\u0103 de zi | Pravalia cu sapunuri - produse naturale","isPartOf":{"@id":"https:\/\/pravaliacusapunuri.ro\/#website"},"primaryImageOfPage":{"@id":"https:\/\/pravaliacusapunuri.ro\/produse\/fata\/crema-pentru-fata-de-zi\/#primaryimage"},"image":{"@id":"https:\/\/pravaliacusapunuri.ro\/produse\/fata\/crema-pentru-fata-de-zi\/#primaryimage"},"thumbnailUrl":"https:\/\/pravaliacusapunuri.ro\/wp-content\/uploads\/2017\/08\/crema-pentru-fata-de-zi-01.jpg","datePublished":"2017-08-23T10:40:16+00:00","dateModified":"2023-11-28T18:36:04+00:00","description":"Crem\u0103 pentru fa\u021b\u0103 de zi este formulat\u0103 cu ingrediente calmante, antiiritante, regeneratoare \u0219i anti-\u00eemb\u0103tr\u00e2nire, lejer\u0103 \u0219i fin\u0103.","breadcrumb":{"@id":"https:\/\/pravaliacusapunuri.ro\/produse\/fata\/crema-pentru-fata-de-zi\/#breadcrumb"},"inLanguage":"en-US","potentialAction":[{"@type":"ReadAction","target":["https:\/\/pravaliacusapunuri.ro\/produse\/fata\/crema-pentru-fata-de-zi\/"]}]},{"@type":"ImageObject","inLanguage":"en-US","@id":"https:\/\/pravaliacusapunuri.ro\/produse\/fata\/crema-pentru-fata-de-zi\/#primaryimage","url":"https:\/\/pravaliacusapunuri.ro\/wp-content\/uploads\/2017\/08\/crema-pentru-fata-de-zi-01.jpg","contentUrl":"https:\/\/pravaliacusapunuri.ro\/wp-content\/uploads\/2017\/08\/crema-pentru-fata-de-zi-01.jpg","width":1000,"height":1000,"caption":"Crem\u0103 pentru fa\u021b\u0103 de zi este formulat\u0103 cu ingrediente calmante, antiiritante, regeneratoare \u0219i anti-\u00eemb\u0103tr\u00e2nire, lejer\u0103 \u0219i fin\u0103."},{"@type":"BreadcrumbList","@id":"https:\/\/pravaliacusapunuri.ro\/produse\/fata\/crema-pentru-fata-de-zi\/#breadcrumb","itemListElement":[{"@type":"ListItem","position":1,"name":"Prima pagin\u0103","item":"https:\/\/pravaliacusapunuri.ro\/"},{"@type":"ListItem","position":2,"name":"Produse","item":"https:\/\/pravaliacusapunuri.ro\/produse\/"},{"@type":"ListItem","position":3,"name":"Crem\u0103 pentru fa\u021b\u0103 de zi"}]},{"@type":"WebSite","@id":"https:\/\/pravaliacusapunuri.ro\/#website","url":"https:\/\/pravaliacusapunuri.ro\/","name":"Pr\u0103v\u0103lia cu S\u0103punuri","description":"","publisher":{"@id":"https:\/\/pravaliacusapunuri.ro\/#organization"},"potentialAction":[{"@type":"SearchAction","target":{"@type":"EntryPoint","urlTemplate":"https:\/\/pravaliacusapunuri.ro\/?s={search_term_string}"},"query-input":{"@type":"PropertyValueSpecification","valueRequired":true,"valueName":"search_term_string"}}],"inLanguage":"en-US"},{"@type":"Organization","@id":"https:\/\/pravaliacusapunuri.ro\/#organization","name":"Pr\u0103v\u0103lia cu S\u0103punuri SRL","url":"https:\/\/pravaliacusapunuri.ro\/","logo":{"@type":"ImageObject","inLanguage":"en-US","@id":"https:\/\/pravaliacusapunuri.ro\/#\/schema\/logo\/image\/","url":"https:\/\/pravaliacusapunuri.ro\/wp-content\/uploads\/2023\/12\/cropped-stampila-2.png","contentUrl":"https:\/\/pravaliacusapunuri.ro\/wp-content\/uploads\/2023\/12\/cropped-stampila-2.png","width":509,"height":448,"caption":"Pr\u0103v\u0103lia cu S\u0103punuri SRL"},"image":{"@id":"https:\/\/pravaliacusapunuri.ro\/#\/schema\/logo\/image\/"},"sameAs":["https:\/\/www.facebook.com\/pravaliacusapunuri.ro\/","https:\/\/www.instagram.com\/pravalia_cu_sapunuri\/"]}]}},"_links":{"self":[{"href":"https:\/\/pravaliacusapunuri.ro\/en\/wp-json\/wp\/v2\/product\/2507","targetHints":{"allow":["GET"]}}],"collection":[{"href":"https:\/\/pravaliacusapunuri.ro\/en\/wp-json\/wp\/v2\/product"}],"about":[{"href":"https:\/\/pravaliacusapunuri.ro\/en\/wp-json\/wp\/v2\/types\/product"}],"replies":[{"embeddable":true,"href":"https:\/\/pravaliacusapunuri.ro\/en\/wp-json\/wp\/v2\/comments?post=2507"}],"version-history":[{"count":9,"href":"https:\/\/pravaliacusapunuri.ro\/en\/wp-json\/wp\/v2\/product\/2507\/revisions"}],"predecessor-version":[{"id":7298,"href":"https:\/\/pravaliacusapunuri.ro\/en\/wp-json\/wp\/v2\/product\/2507\/revisions\/7298"}],"wp:featuredmedia":[{"embeddable":true,"href":"https:\/\/pravaliacusapunuri.ro\/en\/wp-json\/wp\/v2\/media\/6830"}],"wp:attachment":[{"href":"https:\/\/pravaliacusapunuri.ro\/en\/wp-json\/wp\/v2\/media?parent=2507"}],"wp:term":[{"taxonomy":"product_brand","embeddable":true,"href":"https:\/\/pravaliacusapunuri.ro\/en\/wp-json\/wp\/v2\/product_brand?post=2507"},{"taxonomy":"product_cat","embeddable":true,"href":"https:\/\/pravaliacusapunuri.ro\/en\/wp-json\/wp\/v2\/product_cat?post=2507"},{"taxonomy":"product_tag","embeddable":true,"href":"https:\/\/pravaliacusapunuri.ro\/en\/wp-json\/wp\/v2\/product_tag?post=2507"}],"curies":[{"name":"wp","href":"https:\/\/api.w.org\/{rel}","templated":true}]}}