{"id":2506,"date":"2017-08-23T10:39:28","date_gmt":"2017-08-23T10:39:28","guid":{"rendered":"http:\/\/pravaliacusapunuri.ro\/?post_type=product&#038;p=2506"},"modified":"2022-11-28T22:16:24","modified_gmt":"2022-11-28T20:16:24","slug":"crema-de-maini-cu-ulei-de-masline","status":"publish","type":"product","link":"https:\/\/pravaliacusapunuri.ro\/en\/produse\/corp\/crema-de-maini-cu-ulei-de-masline\/","title":{"rendered":"Crem\u0103 de m\u00e2ini cu ulei de m\u0103sline"},"content":{"rendered":"<div data-elementor-type=\"wp-post\" data-elementor-id=\"2506\" class=\"elementor elementor-2506\">\n\t\t\t\t\t\t<section class=\"elementor-section elementor-top-section elementor-element elementor-element-405cc75b elementor-section-boxed elementor-section-height-default elementor-section-height-default\" data-id=\"405cc75b\" data-element_type=\"section\" data-e-type=\"section\">\n\t\t\t\t\t\t<div class=\"elementor-container elementor-column-gap-default\">\n\t\t\t\t\t<div class=\"elementor-column elementor-col-100 elementor-top-column elementor-element elementor-element-7e10d8f0\" data-id=\"7e10d8f0\" data-element_type=\"column\" data-e-type=\"column\">\n\t\t\t<div class=\"elementor-widget-wrap elementor-element-populated\">\n\t\t\t\t\t\t<div class=\"elementor-element elementor-element-1f1bbddc elementor-widget elementor-widget-text-editor\" data-id=\"1f1bbddc\" data-element_type=\"widget\" data-e-type=\"widget\" data-widget_type=\"text-editor.default\">\n\t\t\t\t<div class=\"elementor-widget-container\">\n\t\t\t\t\t\t\t\t\t<p><strong>Descriere:<\/strong><\/p><ul><li>Crema de maini cu ulei de masline este o crema cu textura placuta si delicata, care lasa pielea moale si catifelata imediat dupa aplicare.<\/li><\/ul><p><strong>Beneficii crema de maini cu ulei de masline:<\/strong><\/p><ul><li>Uleiul de masline asigura o hidratare intensa si durabila.<\/li><li>Ceara de albine este cunoscuta pentru actiunea ei de restructurare si elasticizare a pielii, pe care o calmeaza si o ajuta sa retina umezeala.<\/li><li>Uleiul de migdale dulci este un ulei fin, nutritiv si emolient, potrivit pentru orice tip de piele, in special pentru cea uscata, sensibila sau fragila.<\/li><li>Untul de cacao da pielii un aspect auriu\/stralucitor, este adesea recomandat pentru tratamentul unor afectiuni ale pielii, precum eczemele si dermatitele.<\/li><li>Uleiul de cocos este extrem de hranitor si patrunde pana in cele mai adanci straturi ale pielii.<\/li><li>Vitamina E confera produsului excelente proprietati emoliente si de hranire a epidermei.<\/li><\/ul><p><strong>Ingrediente crema de maini cu ulei de masline (INCI):<\/strong><\/p><ul><li>Prunus Amygdalus Dulcis Oil, Cocos Nucifera Oil, Cera Alba, Theobroma Cacao Seed Butter, Olea Europaea Fruit Oil, Tocopheryl Acetate.<\/li><\/ul><p><strong>Mod de utilizare:<\/strong><\/p><ul><li>Se aplica de mai multe ori pe zi, pielea devenind neteda, catifelata si perfect protejata.<\/li><\/ul><p><strong>Recomandari: <\/strong><\/p><ul><li>Se poate aplica atat pe maini cat si pe coate, genunchi sau calcaie.<\/li><\/ul><p><strong>Cantitate: 50ml \u212e<\/strong><\/p><p>\u00a0<\/p><div><p lang=\"ro-ro\" xml:lang=\"ro-ro\"><strong lang=\"ro-ro\" xml:lang=\"ro-ro\">Referinta CPNP : 2860695<\/strong><\/p><\/div><div><p lang=\"ro-ro\" xml:lang=\"ro-ro\"><strong lang=\"ro-ro\" xml:lang=\"ro-ro\">Testat si notificat in conformitate cu normele CEE<\/strong><\/p><\/div><div><p lang=\"ro-ro\" xml:lang=\"ro-ro\"><strong lang=\"ro-ro\" xml:lang=\"ro-ro\"><strong>Produs cu drag in Romania!<\/strong><\/strong><\/p><p lang=\"ro-ro\" xml:lang=\"ro-ro\">\u00a0<\/p><\/div><p>Pentru a vizualiza toate produsele din categoria Corp, apasa <a href=\"https:\/\/pravaliacusapunuri.ro\/en\/product-category\/corp\/\"><strong>AICI!<\/strong><\/a><\/p><p>\u00a0<\/p>\t\t\t\t\t\t\t\t<\/div>\n\t\t\t\t<\/div>\n\t\t\t\t\t<\/div>\n\t\t<\/div>\n\t\t\t\t\t<\/div>\n\t\t<\/section>\n\t\t\t\t<\/div>","protected":false},"excerpt":{"rendered":"<p><strong>Crem\u0103 de m\u00e2ini cu ulei de m\u0103sline<\/strong> este o crem\u0103 cu textur\u0103 pl\u0103cut\u0103 \u0219i delicat\u0103, care las\u0103 pielea moale \u0219i catifelat\u0103 imediat dup\u0103 aplicare.<\/p>\n<p><strong>Mod de utilizare:<\/strong> Se aplic\u0103 de mai multe ori pe zi, pielea devenind neted\u0103, catifelat\u0103 \u0219i perfect protejat\u0103.<br \/>\n<strong>Recomand\u0103ri:<\/strong> Se poate aplica at\u00e2t pe m\u00e2ini c\u00e2t \u0219i pe coate, genunchi sau c\u0103lc\u00e2ie.<br \/>\n<strong>Cantitate:<\/strong>\u00a050ml \u212e<\/p>","protected":false},"featured_media":6832,"comment_status":"open","ping_status":"closed","template":"","meta":[],"product_brand":[],"product_cat":[58],"product_tag":[],"class_list":{"0":"post-2506","1":"product","2":"type-product","3":"status-publish","4":"has-post-thumbnail","6":"product_cat-corp","8":"first","9":"instock","10":"shipping-taxable","11":"purchasable","12":"product-type-variable"},"yoast_head":"<!-- This site is optimized with the Yoast SEO plugin v27.6 - https:\/\/yoast.com\/product\/yoast-seo-wordpress\/ -->\n<title>Crema de maini cu ulei de masline - Pravalia cu sapunuri<\/title>\n<meta name=\"description\" content=\"Crem\u0103 de m\u00e2ini cu ulei de m\u0103sline este o crem\u0103 cu textur\u0103 pl\u0103cut\u0103 \u0219i delicat\u0103, care las\u0103 pielea moale \u0219i catifelat\u0103 imediat dup\u0103 aplicare.\" \/>\n<meta name=\"robots\" content=\"index, follow, max-snippet:-1, max-image-preview:large, max-video-preview:-1\" \/>\n<link rel=\"canonical\" href=\"https:\/\/pravaliacusapunuri.ro\/en\/produse\/corp\/crema-de-maini-cu-ulei-de-masline\/\" \/>\n<meta property=\"og:locale\" content=\"en_US\" \/>\n<meta property=\"og:type\" content=\"article\" \/>\n<meta property=\"og:title\" content=\"Crema de maini cu ulei de masline - Pravalia cu sapunuri\" \/>\n<meta property=\"og:description\" content=\"Crem\u0103 de m\u00e2ini cu ulei de m\u0103sline este o crem\u0103 cu textur\u0103 pl\u0103cut\u0103 \u0219i delicat\u0103, care las\u0103 pielea moale \u0219i catifelat\u0103 imediat dup\u0103 aplicare.\" \/>\n<meta property=\"og:url\" content=\"https:\/\/pravaliacusapunuri.ro\/en\/produse\/corp\/crema-de-maini-cu-ulei-de-masline\/\" \/>\n<meta property=\"article:publisher\" content=\"https:\/\/www.facebook.com\/pravaliacusapunuri.ro\/\" \/>\n<meta property=\"article:modified_time\" content=\"2022-11-28T20:16:24+00:00\" \/>\n<meta property=\"og:image\" content=\"https:\/\/pravaliacusapunuri.ro\/wp-content\/uploads\/2017\/08\/crema-de-maini-cu-ulei-de-masline-02.jpg\" \/>\n\t<meta property=\"og:image:width\" content=\"1000\" \/>\n\t<meta property=\"og:image:height\" content=\"1000\" \/>\n\t<meta property=\"og:image:type\" content=\"image\/jpeg\" \/>\n<meta name=\"twitter:card\" content=\"summary_large_image\" \/>\n<meta name=\"twitter:label1\" content=\"Est. reading time\" \/>\n\t<meta name=\"twitter:data1\" content=\"2 minutes\" \/>\n<script type=\"application\/ld+json\" class=\"yoast-schema-graph\">{\"@context\":\"https:\\\/\\\/schema.org\",\"@graph\":[{\"@type\":\"WebPage\",\"@id\":\"https:\\\/\\\/pravaliacusapunuri.ro\\\/produse\\\/corp\\\/crema-de-maini-cu-ulei-de-masline\\\/\",\"url\":\"https:\\\/\\\/pravaliacusapunuri.ro\\\/produse\\\/corp\\\/crema-de-maini-cu-ulei-de-masline\\\/\",\"name\":\"Crema de maini cu ulei de masline - Pravalia cu sapunuri\",\"isPartOf\":{\"@id\":\"https:\\\/\\\/pravaliacusapunuri.ro\\\/#website\"},\"primaryImageOfPage\":{\"@id\":\"https:\\\/\\\/pravaliacusapunuri.ro\\\/produse\\\/corp\\\/crema-de-maini-cu-ulei-de-masline\\\/#primaryimage\"},\"image\":{\"@id\":\"https:\\\/\\\/pravaliacusapunuri.ro\\\/produse\\\/corp\\\/crema-de-maini-cu-ulei-de-masline\\\/#primaryimage\"},\"thumbnailUrl\":\"https:\\\/\\\/pravaliacusapunuri.ro\\\/wp-content\\\/uploads\\\/2017\\\/08\\\/crema-de-maini-cu-ulei-de-masline-02.jpg\",\"datePublished\":\"2017-08-23T10:39:28+00:00\",\"dateModified\":\"2022-11-28T20:16:24+00:00\",\"description\":\"Crem\u0103 de m\u00e2ini cu ulei de m\u0103sline este o crem\u0103 cu textur\u0103 pl\u0103cut\u0103 \u0219i delicat\u0103, care las\u0103 pielea moale \u0219i catifelat\u0103 imediat dup\u0103 aplicare.\",\"breadcrumb\":{\"@id\":\"https:\\\/\\\/pravaliacusapunuri.ro\\\/produse\\\/corp\\\/crema-de-maini-cu-ulei-de-masline\\\/#breadcrumb\"},\"inLanguage\":\"en-US\",\"potentialAction\":[{\"@type\":\"ReadAction\",\"target\":[\"https:\\\/\\\/pravaliacusapunuri.ro\\\/produse\\\/corp\\\/crema-de-maini-cu-ulei-de-masline\\\/\"]}]},{\"@type\":\"ImageObject\",\"inLanguage\":\"en-US\",\"@id\":\"https:\\\/\\\/pravaliacusapunuri.ro\\\/produse\\\/corp\\\/crema-de-maini-cu-ulei-de-masline\\\/#primaryimage\",\"url\":\"https:\\\/\\\/pravaliacusapunuri.ro\\\/wp-content\\\/uploads\\\/2017\\\/08\\\/crema-de-maini-cu-ulei-de-masline-02.jpg\",\"contentUrl\":\"https:\\\/\\\/pravaliacusapunuri.ro\\\/wp-content\\\/uploads\\\/2017\\\/08\\\/crema-de-maini-cu-ulei-de-masline-02.jpg\",\"width\":1000,\"height\":1000,\"caption\":\"Crem\u0103 de m\u00e2ini cu ulei de m\u0103sline este o crem\u0103 cu textur\u0103 pl\u0103cut\u0103 \u0219i delicat\u0103, care las\u0103 pielea moale \u0219i catifelat\u0103 imediat dup\u0103 aplicare.\"},{\"@type\":\"BreadcrumbList\",\"@id\":\"https:\\\/\\\/pravaliacusapunuri.ro\\\/produse\\\/corp\\\/crema-de-maini-cu-ulei-de-masline\\\/#breadcrumb\",\"itemListElement\":[{\"@type\":\"ListItem\",\"position\":1,\"name\":\"Prima pagin\u0103\",\"item\":\"https:\\\/\\\/pravaliacusapunuri.ro\\\/\"},{\"@type\":\"ListItem\",\"position\":2,\"name\":\"Produse\",\"item\":\"https:\\\/\\\/pravaliacusapunuri.ro\\\/produse\\\/\"},{\"@type\":\"ListItem\",\"position\":3,\"name\":\"Crem\u0103 de m\u00e2ini cu ulei de m\u0103sline\"}]},{\"@type\":\"WebSite\",\"@id\":\"https:\\\/\\\/pravaliacusapunuri.ro\\\/#website\",\"url\":\"https:\\\/\\\/pravaliacusapunuri.ro\\\/\",\"name\":\"Pr\u0103v\u0103lia cu S\u0103punuri\",\"description\":\"\",\"publisher\":{\"@id\":\"https:\\\/\\\/pravaliacusapunuri.ro\\\/#organization\"},\"potentialAction\":[{\"@type\":\"SearchAction\",\"target\":{\"@type\":\"EntryPoint\",\"urlTemplate\":\"https:\\\/\\\/pravaliacusapunuri.ro\\\/?s={search_term_string}\"},\"query-input\":{\"@type\":\"PropertyValueSpecification\",\"valueRequired\":true,\"valueName\":\"search_term_string\"}}],\"inLanguage\":\"en-US\"},{\"@type\":\"Organization\",\"@id\":\"https:\\\/\\\/pravaliacusapunuri.ro\\\/#organization\",\"name\":\"Pr\u0103v\u0103lia cu S\u0103punuri SRL\",\"url\":\"https:\\\/\\\/pravaliacusapunuri.ro\\\/\",\"logo\":{\"@type\":\"ImageObject\",\"inLanguage\":\"en-US\",\"@id\":\"https:\\\/\\\/pravaliacusapunuri.ro\\\/#\\\/schema\\\/logo\\\/image\\\/\",\"url\":\"https:\\\/\\\/pravaliacusapunuri.ro\\\/wp-content\\\/uploads\\\/2023\\\/12\\\/cropped-stampila-2.png\",\"contentUrl\":\"https:\\\/\\\/pravaliacusapunuri.ro\\\/wp-content\\\/uploads\\\/2023\\\/12\\\/cropped-stampila-2.png\",\"width\":509,\"height\":448,\"caption\":\"Pr\u0103v\u0103lia cu S\u0103punuri SRL\"},\"image\":{\"@id\":\"https:\\\/\\\/pravaliacusapunuri.ro\\\/#\\\/schema\\\/logo\\\/image\\\/\"},\"sameAs\":[\"https:\\\/\\\/www.facebook.com\\\/pravaliacusapunuri.ro\\\/\",\"https:\\\/\\\/www.instagram.com\\\/pravalia_cu_sapunuri\\\/\"]}]}<\/script>\n<!-- \/ Yoast SEO plugin. -->","yoast_head_json":{"title":"Crema de maini cu ulei de masline - Pravalia cu sapunuri","description":"Crem\u0103 de m\u00e2ini cu ulei de m\u0103sline este o crem\u0103 cu textur\u0103 pl\u0103cut\u0103 \u0219i delicat\u0103, care las\u0103 pielea moale \u0219i catifelat\u0103 imediat dup\u0103 aplicare.","robots":{"index":"index","follow":"follow","max-snippet":"max-snippet:-1","max-image-preview":"max-image-preview:large","max-video-preview":"max-video-preview:-1"},"canonical":"https:\/\/pravaliacusapunuri.ro\/en\/produse\/corp\/crema-de-maini-cu-ulei-de-masline\/","og_locale":"en_US","og_type":"article","og_title":"Crema de maini cu ulei de masline - Pravalia cu sapunuri","og_description":"Crem\u0103 de m\u00e2ini cu ulei de m\u0103sline este o crem\u0103 cu textur\u0103 pl\u0103cut\u0103 \u0219i delicat\u0103, care las\u0103 pielea moale \u0219i catifelat\u0103 imediat dup\u0103 aplicare.","og_url":"https:\/\/pravaliacusapunuri.ro\/en\/produse\/corp\/crema-de-maini-cu-ulei-de-masline\/","article_publisher":"https:\/\/www.facebook.com\/pravaliacusapunuri.ro\/","article_modified_time":"2022-11-28T20:16:24+00:00","og_image":[{"width":1000,"height":1000,"url":"https:\/\/pravaliacusapunuri.ro\/wp-content\/uploads\/2017\/08\/crema-de-maini-cu-ulei-de-masline-02.jpg","type":"image\/jpeg"}],"twitter_card":"summary_large_image","twitter_misc":{"Est. reading time":"2 minutes"},"schema":{"@context":"https:\/\/schema.org","@graph":[{"@type":"WebPage","@id":"https:\/\/pravaliacusapunuri.ro\/produse\/corp\/crema-de-maini-cu-ulei-de-masline\/","url":"https:\/\/pravaliacusapunuri.ro\/produse\/corp\/crema-de-maini-cu-ulei-de-masline\/","name":"Crema de maini cu ulei de masline - Pravalia cu sapunuri","isPartOf":{"@id":"https:\/\/pravaliacusapunuri.ro\/#website"},"primaryImageOfPage":{"@id":"https:\/\/pravaliacusapunuri.ro\/produse\/corp\/crema-de-maini-cu-ulei-de-masline\/#primaryimage"},"image":{"@id":"https:\/\/pravaliacusapunuri.ro\/produse\/corp\/crema-de-maini-cu-ulei-de-masline\/#primaryimage"},"thumbnailUrl":"https:\/\/pravaliacusapunuri.ro\/wp-content\/uploads\/2017\/08\/crema-de-maini-cu-ulei-de-masline-02.jpg","datePublished":"2017-08-23T10:39:28+00:00","dateModified":"2022-11-28T20:16:24+00:00","description":"Crem\u0103 de m\u00e2ini cu ulei de m\u0103sline este o crem\u0103 cu textur\u0103 pl\u0103cut\u0103 \u0219i delicat\u0103, care las\u0103 pielea moale \u0219i catifelat\u0103 imediat dup\u0103 aplicare.","breadcrumb":{"@id":"https:\/\/pravaliacusapunuri.ro\/produse\/corp\/crema-de-maini-cu-ulei-de-masline\/#breadcrumb"},"inLanguage":"en-US","potentialAction":[{"@type":"ReadAction","target":["https:\/\/pravaliacusapunuri.ro\/produse\/corp\/crema-de-maini-cu-ulei-de-masline\/"]}]},{"@type":"ImageObject","inLanguage":"en-US","@id":"https:\/\/pravaliacusapunuri.ro\/produse\/corp\/crema-de-maini-cu-ulei-de-masline\/#primaryimage","url":"https:\/\/pravaliacusapunuri.ro\/wp-content\/uploads\/2017\/08\/crema-de-maini-cu-ulei-de-masline-02.jpg","contentUrl":"https:\/\/pravaliacusapunuri.ro\/wp-content\/uploads\/2017\/08\/crema-de-maini-cu-ulei-de-masline-02.jpg","width":1000,"height":1000,"caption":"Crem\u0103 de m\u00e2ini cu ulei de m\u0103sline este o crem\u0103 cu textur\u0103 pl\u0103cut\u0103 \u0219i delicat\u0103, care las\u0103 pielea moale \u0219i catifelat\u0103 imediat dup\u0103 aplicare."},{"@type":"BreadcrumbList","@id":"https:\/\/pravaliacusapunuri.ro\/produse\/corp\/crema-de-maini-cu-ulei-de-masline\/#breadcrumb","itemListElement":[{"@type":"ListItem","position":1,"name":"Prima pagin\u0103","item":"https:\/\/pravaliacusapunuri.ro\/"},{"@type":"ListItem","position":2,"name":"Produse","item":"https:\/\/pravaliacusapunuri.ro\/produse\/"},{"@type":"ListItem","position":3,"name":"Crem\u0103 de m\u00e2ini cu ulei de m\u0103sline"}]},{"@type":"WebSite","@id":"https:\/\/pravaliacusapunuri.ro\/#website","url":"https:\/\/pravaliacusapunuri.ro\/","name":"Pr\u0103v\u0103lia cu S\u0103punuri","description":"","publisher":{"@id":"https:\/\/pravaliacusapunuri.ro\/#organization"},"potentialAction":[{"@type":"SearchAction","target":{"@type":"EntryPoint","urlTemplate":"https:\/\/pravaliacusapunuri.ro\/?s={search_term_string}"},"query-input":{"@type":"PropertyValueSpecification","valueRequired":true,"valueName":"search_term_string"}}],"inLanguage":"en-US"},{"@type":"Organization","@id":"https:\/\/pravaliacusapunuri.ro\/#organization","name":"Pr\u0103v\u0103lia cu S\u0103punuri SRL","url":"https:\/\/pravaliacusapunuri.ro\/","logo":{"@type":"ImageObject","inLanguage":"en-US","@id":"https:\/\/pravaliacusapunuri.ro\/#\/schema\/logo\/image\/","url":"https:\/\/pravaliacusapunuri.ro\/wp-content\/uploads\/2023\/12\/cropped-stampila-2.png","contentUrl":"https:\/\/pravaliacusapunuri.ro\/wp-content\/uploads\/2023\/12\/cropped-stampila-2.png","width":509,"height":448,"caption":"Pr\u0103v\u0103lia cu S\u0103punuri SRL"},"image":{"@id":"https:\/\/pravaliacusapunuri.ro\/#\/schema\/logo\/image\/"},"sameAs":["https:\/\/www.facebook.com\/pravaliacusapunuri.ro\/","https:\/\/www.instagram.com\/pravalia_cu_sapunuri\/"]}]}},"_links":{"self":[{"href":"https:\/\/pravaliacusapunuri.ro\/en\/wp-json\/wp\/v2\/product\/2506","targetHints":{"allow":["GET"]}}],"collection":[{"href":"https:\/\/pravaliacusapunuri.ro\/en\/wp-json\/wp\/v2\/product"}],"about":[{"href":"https:\/\/pravaliacusapunuri.ro\/en\/wp-json\/wp\/v2\/types\/product"}],"replies":[{"embeddable":true,"href":"https:\/\/pravaliacusapunuri.ro\/en\/wp-json\/wp\/v2\/comments?post=2506"}],"version-history":[{"count":11,"href":"https:\/\/pravaliacusapunuri.ro\/en\/wp-json\/wp\/v2\/product\/2506\/revisions"}],"predecessor-version":[{"id":7235,"href":"https:\/\/pravaliacusapunuri.ro\/en\/wp-json\/wp\/v2\/product\/2506\/revisions\/7235"}],"wp:featuredmedia":[{"embeddable":true,"href":"https:\/\/pravaliacusapunuri.ro\/en\/wp-json\/wp\/v2\/media\/6832"}],"wp:attachment":[{"href":"https:\/\/pravaliacusapunuri.ro\/en\/wp-json\/wp\/v2\/media?parent=2506"}],"wp:term":[{"taxonomy":"product_brand","embeddable":true,"href":"https:\/\/pravaliacusapunuri.ro\/en\/wp-json\/wp\/v2\/product_brand?post=2506"},{"taxonomy":"product_cat","embeddable":true,"href":"https:\/\/pravaliacusapunuri.ro\/en\/wp-json\/wp\/v2\/product_cat?post=2506"},{"taxonomy":"product_tag","embeddable":true,"href":"https:\/\/pravaliacusapunuri.ro\/en\/wp-json\/wp\/v2\/product_tag?post=2506"}],"curies":[{"name":"wp","href":"https:\/\/api.w.org\/{rel}","templated":true}]}}