{"id":2504,"date":"2017-08-23T10:38:19","date_gmt":"2017-08-23T10:38:19","guid":{"rendered":"http:\/\/pravaliacusapunuri.ro\/?post_type=product&#038;p=2504"},"modified":"2023-11-28T20:27:37","modified_gmt":"2023-11-28T18:27:37","slug":"balsam-de-buze-catina-si-miere","status":"publish","type":"product","link":"https:\/\/pravaliacusapunuri.ro\/en\/produse\/fata\/balsam-de-buze-catina-si-miere\/","title":{"rendered":"Balsam de buze C\u0103tin\u0103 \u0219i Miere"},"content":{"rendered":"<p><strong>Descriere Balsam de buze Catina si Miere:<\/strong><\/p>\n<ul>\n<li>Balsam de buze Catina si Miere este un balsam pentru buze cu factor de protectie solara. Confera buzelor o ingrijire delicata si acestea se mentin perfect protejate de factorii externi si de radiatiile UV.<\/li>\n<li>Balsamul de buze este un produs care se aplica pentru a inmuia buzele uscate sau crapate si pentru a trata herpesul bucal. Uleiul de catina are proprietati nutritive, cicatrizante, reparatoare si regenerante. Patrunde rapid in buze, oferindu-le un luciu delicat si un parfum fin de portocala.<\/li>\n<\/ul>\n<p><strong>Ingrediente (INCI):<\/strong><\/p>\n<ul>\n<li>Hippophae Rhamnoides Seed Oil, Prunus Amygdalus Dulcis Oil, Theobroma Cacao Seed Butter, Cera Alba, Ricinus Communis Seed Oil, Tocopheryl Acetate, Citrus Aurantium Dulcis Oil, Honey, Linalool.<\/li>\n<\/ul>\n<p><strong>Cantitate: 6ml \u212e<\/strong><\/p>\n<p>&nbsp;<\/p>\n<div>\n<p lang=\"ro-ro\" xml:lang=\"ro-ro\"><strong lang=\"ro-ro\" xml:lang=\"ro-ro\">Referinta CPNP : 2853420<\/strong><\/p>\n<\/div>\n<div>\n<p lang=\"ro-ro\" xml:lang=\"ro-ro\"><strong lang=\"ro-ro\" xml:lang=\"ro-ro\">Testat si notificat in conformitate cu normele CEE<\/strong><\/p>\n<\/div>\n<div>\n<p lang=\"ro-ro\" xml:lang=\"ro-ro\"><strong lang=\"ro-ro\" xml:lang=\"ro-ro\">Produs cu drag in Romania!<\/strong><\/p>\n<\/div>\n<p>&nbsp;<\/p>\n<p>Pentru a vizualiza toate produsele din categoria Fata, apasa\u00a0<a href=\"https:\/\/pravaliacusapunuri.ro\/en\/product-category\/fata\/\"><strong>AICI!<\/strong><\/a><\/p>","protected":false},"excerpt":{"rendered":"<p><strong>Balsam de buze C\u0103tin\u0103 \u0219i Miere<\/strong> este un balsam de buze cu factor de protec\u021bie solar\u0103. Confer\u0103 buzelor o \u00eengrijire delicat\u0103 \u0219i acestea se men\u021bin perfect protejate de factorii externi \u0219i de radia\u021biile UV.<\/p>\n<p><strong>Cantitate:<\/strong>\u00a06ml \u212e<\/p>","protected":false},"featured_media":6837,"comment_status":"open","ping_status":"closed","template":"","meta":[],"product_brand":[],"product_cat":[57],"product_tag":[],"class_list":{"0":"post-2504","1":"product","2":"type-product","3":"status-publish","4":"has-post-thumbnail","6":"product_cat-fata","8":"first","9":"instock","10":"shipping-taxable","11":"purchasable","12":"product-type-simple"},"yoast_head":"<!-- This site is optimized with the Yoast SEO plugin v27.5 - https:\/\/yoast.com\/product\/yoast-seo-wordpress\/ -->\n<title>Balsam de buze C\u0103tin\u0103 \u0219i Miere | Pravalia cu Sapunuri - produse naturale<\/title>\n<meta name=\"description\" content=\"Balsam de buze C\u0103tin\u0103 \u0219i Miere este un balsam de buze cu factor de protec\u021bie solar\u0103. Confer\u0103 buzelor o \u00eengrijire delicat\u0103 si protectie UV.\" \/>\n<meta name=\"robots\" content=\"index, follow, max-snippet:-1, max-image-preview:large, max-video-preview:-1\" \/>\n<link rel=\"canonical\" href=\"https:\/\/pravaliacusapunuri.ro\/en\/produse\/fata\/balsam-de-buze-catina-si-miere\/\" \/>\n<meta property=\"og:locale\" content=\"en_US\" \/>\n<meta property=\"og:type\" content=\"article\" \/>\n<meta property=\"og:title\" content=\"Balsam de buze C\u0103tin\u0103 \u0219i Miere | Pravalia cu Sapunuri - produse naturale\" \/>\n<meta property=\"og:description\" content=\"Balsam de buze C\u0103tin\u0103 \u0219i Miere este un balsam de buze cu factor de protec\u021bie solar\u0103. Confer\u0103 buzelor o \u00eengrijire delicat\u0103 si protectie UV.\" \/>\n<meta property=\"og:url\" content=\"https:\/\/pravaliacusapunuri.ro\/en\/produse\/fata\/balsam-de-buze-catina-si-miere\/\" \/>\n<meta property=\"article:publisher\" content=\"https:\/\/www.facebook.com\/pravaliacusapunuri.ro\/\" \/>\n<meta property=\"article:modified_time\" content=\"2023-11-28T18:27:37+00:00\" \/>\n<meta property=\"og:image\" content=\"https:\/\/pravaliacusapunuri.ro\/wp-content\/uploads\/2017\/08\/balsam-de-buze-catina-si-miere-01.jpg\" \/>\n\t<meta property=\"og:image:width\" content=\"1000\" \/>\n\t<meta property=\"og:image:height\" content=\"1000\" \/>\n\t<meta property=\"og:image:type\" content=\"image\/jpeg\" \/>\n<meta name=\"twitter:card\" content=\"summary_large_image\" \/>\n<meta name=\"twitter:label1\" content=\"Est. reading time\" \/>\n\t<meta name=\"twitter:data1\" content=\"1 minute\" \/>\n<script type=\"application\/ld+json\" class=\"yoast-schema-graph\">{\"@context\":\"https:\\\/\\\/schema.org\",\"@graph\":[{\"@type\":\"WebPage\",\"@id\":\"https:\\\/\\\/pravaliacusapunuri.ro\\\/produse\\\/fata\\\/balsam-de-buze-catina-si-miere\\\/\",\"url\":\"https:\\\/\\\/pravaliacusapunuri.ro\\\/produse\\\/fata\\\/balsam-de-buze-catina-si-miere\\\/\",\"name\":\"Balsam de buze C\u0103tin\u0103 \u0219i Miere | Pravalia cu Sapunuri - produse naturale\",\"isPartOf\":{\"@id\":\"https:\\\/\\\/pravaliacusapunuri.ro\\\/#website\"},\"primaryImageOfPage\":{\"@id\":\"https:\\\/\\\/pravaliacusapunuri.ro\\\/produse\\\/fata\\\/balsam-de-buze-catina-si-miere\\\/#primaryimage\"},\"image\":{\"@id\":\"https:\\\/\\\/pravaliacusapunuri.ro\\\/produse\\\/fata\\\/balsam-de-buze-catina-si-miere\\\/#primaryimage\"},\"thumbnailUrl\":\"https:\\\/\\\/pravaliacusapunuri.ro\\\/wp-content\\\/uploads\\\/2017\\\/08\\\/balsam-de-buze-catina-si-miere-01.jpg\",\"datePublished\":\"2017-08-23T10:38:19+00:00\",\"dateModified\":\"2023-11-28T18:27:37+00:00\",\"description\":\"Balsam de buze C\u0103tin\u0103 \u0219i Miere este un balsam de buze cu factor de protec\u021bie solar\u0103. Confer\u0103 buzelor o \u00eengrijire delicat\u0103 si protectie UV.\",\"breadcrumb\":{\"@id\":\"https:\\\/\\\/pravaliacusapunuri.ro\\\/produse\\\/fata\\\/balsam-de-buze-catina-si-miere\\\/#breadcrumb\"},\"inLanguage\":\"en-US\",\"potentialAction\":[{\"@type\":\"ReadAction\",\"target\":[\"https:\\\/\\\/pravaliacusapunuri.ro\\\/produse\\\/fata\\\/balsam-de-buze-catina-si-miere\\\/\"]}]},{\"@type\":\"ImageObject\",\"inLanguage\":\"en-US\",\"@id\":\"https:\\\/\\\/pravaliacusapunuri.ro\\\/produse\\\/fata\\\/balsam-de-buze-catina-si-miere\\\/#primaryimage\",\"url\":\"https:\\\/\\\/pravaliacusapunuri.ro\\\/wp-content\\\/uploads\\\/2017\\\/08\\\/balsam-de-buze-catina-si-miere-01.jpg\",\"contentUrl\":\"https:\\\/\\\/pravaliacusapunuri.ro\\\/wp-content\\\/uploads\\\/2017\\\/08\\\/balsam-de-buze-catina-si-miere-01.jpg\",\"width\":1000,\"height\":1000,\"caption\":\"Balsam de buze C\u0103tin\u0103 \u0219i Miere este un balsam de buze cu factor de protec\u021bie solar\u0103. Confer\u0103 buzelor o \u00eengrijire delicat\u0103 \u0219i acestea se men\u021bin perfect protejate de factorii externi \u0219i de radia\u021biile UV.\"},{\"@type\":\"BreadcrumbList\",\"@id\":\"https:\\\/\\\/pravaliacusapunuri.ro\\\/produse\\\/fata\\\/balsam-de-buze-catina-si-miere\\\/#breadcrumb\",\"itemListElement\":[{\"@type\":\"ListItem\",\"position\":1,\"name\":\"Prima pagin\u0103\",\"item\":\"https:\\\/\\\/pravaliacusapunuri.ro\\\/\"},{\"@type\":\"ListItem\",\"position\":2,\"name\":\"Produse\",\"item\":\"https:\\\/\\\/pravaliacusapunuri.ro\\\/produse\\\/\"},{\"@type\":\"ListItem\",\"position\":3,\"name\":\"Balsam de buze C\u0103tin\u0103 \u0219i Miere\"}]},{\"@type\":\"WebSite\",\"@id\":\"https:\\\/\\\/pravaliacusapunuri.ro\\\/#website\",\"url\":\"https:\\\/\\\/pravaliacusapunuri.ro\\\/\",\"name\":\"Pr\u0103v\u0103lia cu S\u0103punuri\",\"description\":\"\",\"publisher\":{\"@id\":\"https:\\\/\\\/pravaliacusapunuri.ro\\\/#organization\"},\"potentialAction\":[{\"@type\":\"SearchAction\",\"target\":{\"@type\":\"EntryPoint\",\"urlTemplate\":\"https:\\\/\\\/pravaliacusapunuri.ro\\\/?s={search_term_string}\"},\"query-input\":{\"@type\":\"PropertyValueSpecification\",\"valueRequired\":true,\"valueName\":\"search_term_string\"}}],\"inLanguage\":\"en-US\"},{\"@type\":\"Organization\",\"@id\":\"https:\\\/\\\/pravaliacusapunuri.ro\\\/#organization\",\"name\":\"Pr\u0103v\u0103lia cu S\u0103punuri SRL\",\"url\":\"https:\\\/\\\/pravaliacusapunuri.ro\\\/\",\"logo\":{\"@type\":\"ImageObject\",\"inLanguage\":\"en-US\",\"@id\":\"https:\\\/\\\/pravaliacusapunuri.ro\\\/#\\\/schema\\\/logo\\\/image\\\/\",\"url\":\"https:\\\/\\\/pravaliacusapunuri.ro\\\/wp-content\\\/uploads\\\/2023\\\/12\\\/cropped-stampila-2.png\",\"contentUrl\":\"https:\\\/\\\/pravaliacusapunuri.ro\\\/wp-content\\\/uploads\\\/2023\\\/12\\\/cropped-stampila-2.png\",\"width\":509,\"height\":448,\"caption\":\"Pr\u0103v\u0103lia cu S\u0103punuri SRL\"},\"image\":{\"@id\":\"https:\\\/\\\/pravaliacusapunuri.ro\\\/#\\\/schema\\\/logo\\\/image\\\/\"},\"sameAs\":[\"https:\\\/\\\/www.facebook.com\\\/pravaliacusapunuri.ro\\\/\",\"https:\\\/\\\/www.instagram.com\\\/pravalia_cu_sapunuri\\\/\"]}]}<\/script>\n<!-- \/ Yoast SEO plugin. -->","yoast_head_json":{"title":"Balsam de buze C\u0103tin\u0103 \u0219i Miere | Pravalia cu Sapunuri - produse naturale","description":"Balsam de buze C\u0103tin\u0103 \u0219i Miere este un balsam de buze cu factor de protec\u021bie solar\u0103. Confer\u0103 buzelor o \u00eengrijire delicat\u0103 si protectie UV.","robots":{"index":"index","follow":"follow","max-snippet":"max-snippet:-1","max-image-preview":"max-image-preview:large","max-video-preview":"max-video-preview:-1"},"canonical":"https:\/\/pravaliacusapunuri.ro\/en\/produse\/fata\/balsam-de-buze-catina-si-miere\/","og_locale":"en_US","og_type":"article","og_title":"Balsam de buze C\u0103tin\u0103 \u0219i Miere | Pravalia cu Sapunuri - produse naturale","og_description":"Balsam de buze C\u0103tin\u0103 \u0219i Miere este un balsam de buze cu factor de protec\u021bie solar\u0103. Confer\u0103 buzelor o \u00eengrijire delicat\u0103 si protectie UV.","og_url":"https:\/\/pravaliacusapunuri.ro\/en\/produse\/fata\/balsam-de-buze-catina-si-miere\/","article_publisher":"https:\/\/www.facebook.com\/pravaliacusapunuri.ro\/","article_modified_time":"2023-11-28T18:27:37+00:00","og_image":[{"width":1000,"height":1000,"url":"https:\/\/pravaliacusapunuri.ro\/wp-content\/uploads\/2017\/08\/balsam-de-buze-catina-si-miere-01.jpg","type":"image\/jpeg"}],"twitter_card":"summary_large_image","twitter_misc":{"Est. reading time":"1 minute"},"schema":{"@context":"https:\/\/schema.org","@graph":[{"@type":"WebPage","@id":"https:\/\/pravaliacusapunuri.ro\/produse\/fata\/balsam-de-buze-catina-si-miere\/","url":"https:\/\/pravaliacusapunuri.ro\/produse\/fata\/balsam-de-buze-catina-si-miere\/","name":"Balsam de buze C\u0103tin\u0103 \u0219i Miere | Pravalia cu Sapunuri - produse naturale","isPartOf":{"@id":"https:\/\/pravaliacusapunuri.ro\/#website"},"primaryImageOfPage":{"@id":"https:\/\/pravaliacusapunuri.ro\/produse\/fata\/balsam-de-buze-catina-si-miere\/#primaryimage"},"image":{"@id":"https:\/\/pravaliacusapunuri.ro\/produse\/fata\/balsam-de-buze-catina-si-miere\/#primaryimage"},"thumbnailUrl":"https:\/\/pravaliacusapunuri.ro\/wp-content\/uploads\/2017\/08\/balsam-de-buze-catina-si-miere-01.jpg","datePublished":"2017-08-23T10:38:19+00:00","dateModified":"2023-11-28T18:27:37+00:00","description":"Balsam de buze C\u0103tin\u0103 \u0219i Miere este un balsam de buze cu factor de protec\u021bie solar\u0103. Confer\u0103 buzelor o \u00eengrijire delicat\u0103 si protectie UV.","breadcrumb":{"@id":"https:\/\/pravaliacusapunuri.ro\/produse\/fata\/balsam-de-buze-catina-si-miere\/#breadcrumb"},"inLanguage":"en-US","potentialAction":[{"@type":"ReadAction","target":["https:\/\/pravaliacusapunuri.ro\/produse\/fata\/balsam-de-buze-catina-si-miere\/"]}]},{"@type":"ImageObject","inLanguage":"en-US","@id":"https:\/\/pravaliacusapunuri.ro\/produse\/fata\/balsam-de-buze-catina-si-miere\/#primaryimage","url":"https:\/\/pravaliacusapunuri.ro\/wp-content\/uploads\/2017\/08\/balsam-de-buze-catina-si-miere-01.jpg","contentUrl":"https:\/\/pravaliacusapunuri.ro\/wp-content\/uploads\/2017\/08\/balsam-de-buze-catina-si-miere-01.jpg","width":1000,"height":1000,"caption":"Balsam de buze C\u0103tin\u0103 \u0219i Miere este un balsam de buze cu factor de protec\u021bie solar\u0103. Confer\u0103 buzelor o \u00eengrijire delicat\u0103 \u0219i acestea se men\u021bin perfect protejate de factorii externi \u0219i de radia\u021biile UV."},{"@type":"BreadcrumbList","@id":"https:\/\/pravaliacusapunuri.ro\/produse\/fata\/balsam-de-buze-catina-si-miere\/#breadcrumb","itemListElement":[{"@type":"ListItem","position":1,"name":"Prima pagin\u0103","item":"https:\/\/pravaliacusapunuri.ro\/"},{"@type":"ListItem","position":2,"name":"Produse","item":"https:\/\/pravaliacusapunuri.ro\/produse\/"},{"@type":"ListItem","position":3,"name":"Balsam de buze C\u0103tin\u0103 \u0219i Miere"}]},{"@type":"WebSite","@id":"https:\/\/pravaliacusapunuri.ro\/#website","url":"https:\/\/pravaliacusapunuri.ro\/","name":"Pr\u0103v\u0103lia cu S\u0103punuri","description":"","publisher":{"@id":"https:\/\/pravaliacusapunuri.ro\/#organization"},"potentialAction":[{"@type":"SearchAction","target":{"@type":"EntryPoint","urlTemplate":"https:\/\/pravaliacusapunuri.ro\/?s={search_term_string}"},"query-input":{"@type":"PropertyValueSpecification","valueRequired":true,"valueName":"search_term_string"}}],"inLanguage":"en-US"},{"@type":"Organization","@id":"https:\/\/pravaliacusapunuri.ro\/#organization","name":"Pr\u0103v\u0103lia cu S\u0103punuri SRL","url":"https:\/\/pravaliacusapunuri.ro\/","logo":{"@type":"ImageObject","inLanguage":"en-US","@id":"https:\/\/pravaliacusapunuri.ro\/#\/schema\/logo\/image\/","url":"https:\/\/pravaliacusapunuri.ro\/wp-content\/uploads\/2023\/12\/cropped-stampila-2.png","contentUrl":"https:\/\/pravaliacusapunuri.ro\/wp-content\/uploads\/2023\/12\/cropped-stampila-2.png","width":509,"height":448,"caption":"Pr\u0103v\u0103lia cu S\u0103punuri SRL"},"image":{"@id":"https:\/\/pravaliacusapunuri.ro\/#\/schema\/logo\/image\/"},"sameAs":["https:\/\/www.facebook.com\/pravaliacusapunuri.ro\/","https:\/\/www.instagram.com\/pravalia_cu_sapunuri\/"]}]}},"_links":{"self":[{"href":"https:\/\/pravaliacusapunuri.ro\/en\/wp-json\/wp\/v2\/product\/2504","targetHints":{"allow":["GET"]}}],"collection":[{"href":"https:\/\/pravaliacusapunuri.ro\/en\/wp-json\/wp\/v2\/product"}],"about":[{"href":"https:\/\/pravaliacusapunuri.ro\/en\/wp-json\/wp\/v2\/types\/product"}],"replies":[{"embeddable":true,"href":"https:\/\/pravaliacusapunuri.ro\/en\/wp-json\/wp\/v2\/comments?post=2504"}],"version-history":[{"count":12,"href":"https:\/\/pravaliacusapunuri.ro\/en\/wp-json\/wp\/v2\/product\/2504\/revisions"}],"predecessor-version":[{"id":7295,"href":"https:\/\/pravaliacusapunuri.ro\/en\/wp-json\/wp\/v2\/product\/2504\/revisions\/7295"}],"wp:featuredmedia":[{"embeddable":true,"href":"https:\/\/pravaliacusapunuri.ro\/en\/wp-json\/wp\/v2\/media\/6837"}],"wp:attachment":[{"href":"https:\/\/pravaliacusapunuri.ro\/en\/wp-json\/wp\/v2\/media?parent=2504"}],"wp:term":[{"taxonomy":"product_brand","embeddable":true,"href":"https:\/\/pravaliacusapunuri.ro\/en\/wp-json\/wp\/v2\/product_brand?post=2504"},{"taxonomy":"product_cat","embeddable":true,"href":"https:\/\/pravaliacusapunuri.ro\/en\/wp-json\/wp\/v2\/product_cat?post=2504"},{"taxonomy":"product_tag","embeddable":true,"href":"https:\/\/pravaliacusapunuri.ro\/en\/wp-json\/wp\/v2\/product_tag?post=2504"}],"curies":[{"name":"wp","href":"https:\/\/api.w.org\/{rel}","templated":true}]}}