{"id":15,"date":"2017-08-15T13:00:57","date_gmt":"2017-08-15T13:00:57","guid":{"rendered":"http:\/\/pravaliacusapunuri.ro\/?post_type=product&#038;p=15"},"modified":"2023-11-28T20:24:59","modified_gmt":"2023-11-28T18:24:59","slug":"sampon-solid-cu-rozmarin-si-cimbru","status":"publish","type":"product","link":"https:\/\/pravaliacusapunuri.ro\/en\/produse\/par\/sampon-solid-cu-rozmarin-si-cimbru\/","title":{"rendered":"\u0218ampon solid cu Rozmarin"},"content":{"rendered":"<p><strong>Descriere Sampon solid cu Rozmarin:<\/strong><\/p>\n<ul>\n<li>Sampon solid cu Rozmarin are o formula foarte concentrata in uleiuri vegetale cu efecte benefice in ingrijirea parului cu probleme. Este utilizat pentru prevenirea lor (caderea parului, matreata, disfunctionalitati in productia de sebum, par tern, fara stralucire, deteriorat).<\/li>\n<li>Manufacturat doar din uleiuri naturale. Uleiul de cocos actioneaza ca un balsam care hidrateaza scalpul si parul, indeparteaza matreata si ajuta la cresterea rapida a parului prin stimularea circulatiei sanguine.<\/li>\n<\/ul>\n<p><strong>Beneficii produs:<\/strong><\/p>\n<ul>\n<li>Uleiul de ricin originar din India, este un produs folosit in intreaga lume. Te va ajuta sa ai un par sanatos, bogat, stralucitor si care va creste mult mai repede decat in mod obisnuit.<\/li>\n<li>Datorita concentratiei crescute in grasimi nesaturate, uleiul de rapita are puterea de a combate parul incretit si de a face firele lungi de par mai puternice, astfel ca acestea nu se rup sau despica.<\/li>\n<li>Uleiul din germeni de grau ajuta la obtinerea unei straluciri deosebite pentru par.<\/li>\n<li>Uleiul de masline este un ulei terapeutic ce contine antioxidanti si vitamina E.<\/li>\n<li>Rozmarinul este un bun tonic pentru parul subtire sau cu mareata, incurajeaza cresterea parului. Cimbru echilibreaza productia de sebum.<\/li>\n<\/ul>\n<p><strong>Ingrediente Sampon solid cu Rozmarin (INCI):<\/strong><\/p>\n<ul>\n<li>Olea Europaea Fruit Oil, Aqua, Cocos Nucifera Oil, Sodium Hydroxide, Ricinus Communis Seed Oil, Brassica Campestris Seed Oil, Triticum Vulgare Germ Oil, Rosmarinus Officinalis Oil, Thymus Vulgaris Flower\/Leaf Oil, Limonene, Linalool.<\/li>\n<\/ul>\n<p><strong>Mod de utilizare:<\/strong><\/p>\n<ul>\n<li>Samponati si masati bine parul cu spuma rezultata timp de 2-3 minute, pentru a se distribui uniform. Este recomandat ca la fiecare spalare sa va samponati de 2-3 ori pana cand aveti senzatia de par matasos, ce \u201cscartaie de curatenie\u201d. Dupa spalare, va puteti clati cu apa in care ati diluat putin otet.<\/li>\n<\/ul>\n<p><strong>Cantitate: 100g\u00b15g \u212e<\/strong><\/p>\n<p>&nbsp;<\/p>\n<div>\n<p lang=\"ro-ro\" xml:lang=\"ro-ro\"><strong lang=\"ro-ro\" xml:lang=\"ro-ro\">Referinta CPNP : 3612093<\/strong><\/p>\n<\/div>\n<div>\n<p lang=\"ro-ro\" xml:lang=\"ro-ro\"><strong lang=\"ro-ro\" xml:lang=\"ro-ro\">Testat si notificat in conformitate cu normele CEE<\/strong><\/p>\n<\/div>\n<div>\n<p lang=\"ro-ro\" xml:lang=\"ro-ro\"><strong lang=\"ro-ro\" xml:lang=\"ro-ro\">Produs cu drag in Romania!<\/strong><\/p>\n<\/div>\n<p>&nbsp;<\/p>\n<p>&nbsp;<\/p>\n<p>Pentru a vizualiza toate produsele din categoria Par, apasa <a href=\"https:\/\/pravaliacusapunuri.ro\/en\/product-category\/par\/\"><strong>AICI!<\/strong><\/a><\/p>","protected":false},"excerpt":{"rendered":"<p><strong>\u0218ampon solid cu Rozmarin<\/strong> are o formul\u0103 foarte concentrat\u0103 \u00een uleiuri vegetale cu efecte benefice \u00een ingrijirea p\u0103rului cu probleme. Este utilizat pentru prevenirea lor (c\u0103derea p\u0103rului, m\u0103trea\u021b\u0103, disfunc\u021bionalit\u0103\u021bi \u00een produc\u021bia de sebum, p\u0103r tern, f\u0103r\u0103 str\u0103lucire, deteriorat).<\/p>\n<p><strong>Cantitate:<\/strong> 100g\u00b15g \u212e<\/p>","protected":false},"featured_media":6849,"comment_status":"open","ping_status":"closed","template":"","meta":[],"product_brand":[],"product_cat":[61],"product_tag":[],"class_list":{"0":"post-15","1":"product","2":"type-product","3":"status-publish","4":"has-post-thumbnail","6":"product_cat-par","8":"first","9":"instock","10":"shipping-taxable","11":"purchasable","12":"product-type-simple"},"yoast_head":"<!-- This site is optimized with the Yoast SEO plugin v27.4 - https:\/\/yoast.com\/product\/yoast-seo-wordpress\/ -->\n<title>Sampon solid cu Rozmarin - Pravalia cu sapunuri<\/title>\n<meta name=\"description\" content=\"\u0218ampon solid cu Rozmarin are o formul\u0103 concentrat\u0103 \u00een uleiuri vegetale pentru ingrijirea p\u0103rului cu probleme sau pentru prevenirea lor.\" \/>\n<meta name=\"robots\" content=\"index, follow, max-snippet:-1, max-image-preview:large, max-video-preview:-1\" \/>\n<link rel=\"canonical\" href=\"https:\/\/pravaliacusapunuri.ro\/en\/produse\/par\/sampon-solid-cu-rozmarin-si-cimbru\/\" \/>\n<meta property=\"og:locale\" content=\"en_US\" \/>\n<meta property=\"og:type\" content=\"article\" \/>\n<meta property=\"og:title\" content=\"Sampon solid cu Rozmarin - Pravalia cu sapunuri\" \/>\n<meta property=\"og:description\" content=\"\u0218ampon solid cu Rozmarin are o formul\u0103 concentrat\u0103 \u00een uleiuri vegetale pentru ingrijirea p\u0103rului cu probleme sau pentru prevenirea lor.\" \/>\n<meta property=\"og:url\" content=\"https:\/\/pravaliacusapunuri.ro\/en\/produse\/par\/sampon-solid-cu-rozmarin-si-cimbru\/\" \/>\n<meta property=\"article:publisher\" content=\"https:\/\/www.facebook.com\/pravaliacusapunuri.ro\/\" \/>\n<meta property=\"article:modified_time\" content=\"2023-11-28T18:24:59+00:00\" \/>\n<meta property=\"og:image\" content=\"https:\/\/pravaliacusapunuri.ro\/wp-content\/uploads\/2017\/08\/sampon-solid-cu-Rozmarin-02.jpg\" \/>\n\t<meta property=\"og:image:width\" content=\"1000\" \/>\n\t<meta property=\"og:image:height\" content=\"1000\" \/>\n\t<meta property=\"og:image:type\" content=\"image\/jpeg\" \/>\n<meta name=\"twitter:card\" content=\"summary_large_image\" \/>\n<meta name=\"twitter:label1\" content=\"Est. reading time\" \/>\n\t<meta name=\"twitter:data1\" content=\"2 minutes\" \/>\n<script type=\"application\/ld+json\" class=\"yoast-schema-graph\">{\"@context\":\"https:\\\/\\\/schema.org\",\"@graph\":[{\"@type\":\"WebPage\",\"@id\":\"https:\\\/\\\/pravaliacusapunuri.ro\\\/produse\\\/par\\\/sampon-solid-cu-rozmarin-si-cimbru\\\/\",\"url\":\"https:\\\/\\\/pravaliacusapunuri.ro\\\/produse\\\/par\\\/sampon-solid-cu-rozmarin-si-cimbru\\\/\",\"name\":\"Sampon solid cu Rozmarin - Pravalia cu sapunuri\",\"isPartOf\":{\"@id\":\"https:\\\/\\\/pravaliacusapunuri.ro\\\/#website\"},\"primaryImageOfPage\":{\"@id\":\"https:\\\/\\\/pravaliacusapunuri.ro\\\/produse\\\/par\\\/sampon-solid-cu-rozmarin-si-cimbru\\\/#primaryimage\"},\"image\":{\"@id\":\"https:\\\/\\\/pravaliacusapunuri.ro\\\/produse\\\/par\\\/sampon-solid-cu-rozmarin-si-cimbru\\\/#primaryimage\"},\"thumbnailUrl\":\"https:\\\/\\\/pravaliacusapunuri.ro\\\/wp-content\\\/uploads\\\/2017\\\/08\\\/sampon-solid-cu-Rozmarin-02.jpg\",\"datePublished\":\"2017-08-15T13:00:57+00:00\",\"dateModified\":\"2023-11-28T18:24:59+00:00\",\"description\":\"\u0218ampon solid cu Rozmarin are o formul\u0103 concentrat\u0103 \u00een uleiuri vegetale pentru ingrijirea p\u0103rului cu probleme sau pentru prevenirea lor.\",\"breadcrumb\":{\"@id\":\"https:\\\/\\\/pravaliacusapunuri.ro\\\/produse\\\/par\\\/sampon-solid-cu-rozmarin-si-cimbru\\\/#breadcrumb\"},\"inLanguage\":\"en-US\",\"potentialAction\":[{\"@type\":\"ReadAction\",\"target\":[\"https:\\\/\\\/pravaliacusapunuri.ro\\\/produse\\\/par\\\/sampon-solid-cu-rozmarin-si-cimbru\\\/\"]}]},{\"@type\":\"ImageObject\",\"inLanguage\":\"en-US\",\"@id\":\"https:\\\/\\\/pravaliacusapunuri.ro\\\/produse\\\/par\\\/sampon-solid-cu-rozmarin-si-cimbru\\\/#primaryimage\",\"url\":\"https:\\\/\\\/pravaliacusapunuri.ro\\\/wp-content\\\/uploads\\\/2017\\\/08\\\/sampon-solid-cu-Rozmarin-02.jpg\",\"contentUrl\":\"https:\\\/\\\/pravaliacusapunuri.ro\\\/wp-content\\\/uploads\\\/2017\\\/08\\\/sampon-solid-cu-Rozmarin-02.jpg\",\"width\":1000,\"height\":1000,\"caption\":\"\u0218ampon solid cu Rozmarin are o formul\u0103 concentrat\u0103 \u00een uleiuri vegetale pentru ingrijirea p\u0103rului cu probleme sau pentru prevenirea lor.\"},{\"@type\":\"BreadcrumbList\",\"@id\":\"https:\\\/\\\/pravaliacusapunuri.ro\\\/produse\\\/par\\\/sampon-solid-cu-rozmarin-si-cimbru\\\/#breadcrumb\",\"itemListElement\":[{\"@type\":\"ListItem\",\"position\":1,\"name\":\"Prima pagin\u0103\",\"item\":\"https:\\\/\\\/pravaliacusapunuri.ro\\\/\"},{\"@type\":\"ListItem\",\"position\":2,\"name\":\"Produse\",\"item\":\"https:\\\/\\\/pravaliacusapunuri.ro\\\/produse\\\/\"},{\"@type\":\"ListItem\",\"position\":3,\"name\":\"\u0218ampon solid cu Rozmarin\"}]},{\"@type\":\"WebSite\",\"@id\":\"https:\\\/\\\/pravaliacusapunuri.ro\\\/#website\",\"url\":\"https:\\\/\\\/pravaliacusapunuri.ro\\\/\",\"name\":\"Pr\u0103v\u0103lia cu S\u0103punuri\",\"description\":\"\",\"publisher\":{\"@id\":\"https:\\\/\\\/pravaliacusapunuri.ro\\\/#organization\"},\"potentialAction\":[{\"@type\":\"SearchAction\",\"target\":{\"@type\":\"EntryPoint\",\"urlTemplate\":\"https:\\\/\\\/pravaliacusapunuri.ro\\\/?s={search_term_string}\"},\"query-input\":{\"@type\":\"PropertyValueSpecification\",\"valueRequired\":true,\"valueName\":\"search_term_string\"}}],\"inLanguage\":\"en-US\"},{\"@type\":\"Organization\",\"@id\":\"https:\\\/\\\/pravaliacusapunuri.ro\\\/#organization\",\"name\":\"Pr\u0103v\u0103lia cu S\u0103punuri SRL\",\"url\":\"https:\\\/\\\/pravaliacusapunuri.ro\\\/\",\"logo\":{\"@type\":\"ImageObject\",\"inLanguage\":\"en-US\",\"@id\":\"https:\\\/\\\/pravaliacusapunuri.ro\\\/#\\\/schema\\\/logo\\\/image\\\/\",\"url\":\"https:\\\/\\\/pravaliacusapunuri.ro\\\/wp-content\\\/uploads\\\/2023\\\/12\\\/cropped-stampila-2.png\",\"contentUrl\":\"https:\\\/\\\/pravaliacusapunuri.ro\\\/wp-content\\\/uploads\\\/2023\\\/12\\\/cropped-stampila-2.png\",\"width\":509,\"height\":448,\"caption\":\"Pr\u0103v\u0103lia cu S\u0103punuri SRL\"},\"image\":{\"@id\":\"https:\\\/\\\/pravaliacusapunuri.ro\\\/#\\\/schema\\\/logo\\\/image\\\/\"},\"sameAs\":[\"https:\\\/\\\/www.facebook.com\\\/pravaliacusapunuri.ro\\\/\",\"https:\\\/\\\/www.instagram.com\\\/pravalia_cu_sapunuri\\\/\"]}]}<\/script>\n<!-- \/ Yoast SEO plugin. -->","yoast_head_json":{"title":"Sampon solid cu Rozmarin - Pravalia cu sapunuri","description":"\u0218ampon solid cu Rozmarin are o formul\u0103 concentrat\u0103 \u00een uleiuri vegetale pentru ingrijirea p\u0103rului cu probleme sau pentru prevenirea lor.","robots":{"index":"index","follow":"follow","max-snippet":"max-snippet:-1","max-image-preview":"max-image-preview:large","max-video-preview":"max-video-preview:-1"},"canonical":"https:\/\/pravaliacusapunuri.ro\/en\/produse\/par\/sampon-solid-cu-rozmarin-si-cimbru\/","og_locale":"en_US","og_type":"article","og_title":"Sampon solid cu Rozmarin - Pravalia cu sapunuri","og_description":"\u0218ampon solid cu Rozmarin are o formul\u0103 concentrat\u0103 \u00een uleiuri vegetale pentru ingrijirea p\u0103rului cu probleme sau pentru prevenirea lor.","og_url":"https:\/\/pravaliacusapunuri.ro\/en\/produse\/par\/sampon-solid-cu-rozmarin-si-cimbru\/","article_publisher":"https:\/\/www.facebook.com\/pravaliacusapunuri.ro\/","article_modified_time":"2023-11-28T18:24:59+00:00","og_image":[{"width":1000,"height":1000,"url":"https:\/\/pravaliacusapunuri.ro\/wp-content\/uploads\/2017\/08\/sampon-solid-cu-Rozmarin-02.jpg","type":"image\/jpeg"}],"twitter_card":"summary_large_image","twitter_misc":{"Est. reading time":"2 minutes"},"schema":{"@context":"https:\/\/schema.org","@graph":[{"@type":"WebPage","@id":"https:\/\/pravaliacusapunuri.ro\/produse\/par\/sampon-solid-cu-rozmarin-si-cimbru\/","url":"https:\/\/pravaliacusapunuri.ro\/produse\/par\/sampon-solid-cu-rozmarin-si-cimbru\/","name":"Sampon solid cu Rozmarin - Pravalia cu sapunuri","isPartOf":{"@id":"https:\/\/pravaliacusapunuri.ro\/#website"},"primaryImageOfPage":{"@id":"https:\/\/pravaliacusapunuri.ro\/produse\/par\/sampon-solid-cu-rozmarin-si-cimbru\/#primaryimage"},"image":{"@id":"https:\/\/pravaliacusapunuri.ro\/produse\/par\/sampon-solid-cu-rozmarin-si-cimbru\/#primaryimage"},"thumbnailUrl":"https:\/\/pravaliacusapunuri.ro\/wp-content\/uploads\/2017\/08\/sampon-solid-cu-Rozmarin-02.jpg","datePublished":"2017-08-15T13:00:57+00:00","dateModified":"2023-11-28T18:24:59+00:00","description":"\u0218ampon solid cu Rozmarin are o formul\u0103 concentrat\u0103 \u00een uleiuri vegetale pentru ingrijirea p\u0103rului cu probleme sau pentru prevenirea lor.","breadcrumb":{"@id":"https:\/\/pravaliacusapunuri.ro\/produse\/par\/sampon-solid-cu-rozmarin-si-cimbru\/#breadcrumb"},"inLanguage":"en-US","potentialAction":[{"@type":"ReadAction","target":["https:\/\/pravaliacusapunuri.ro\/produse\/par\/sampon-solid-cu-rozmarin-si-cimbru\/"]}]},{"@type":"ImageObject","inLanguage":"en-US","@id":"https:\/\/pravaliacusapunuri.ro\/produse\/par\/sampon-solid-cu-rozmarin-si-cimbru\/#primaryimage","url":"https:\/\/pravaliacusapunuri.ro\/wp-content\/uploads\/2017\/08\/sampon-solid-cu-Rozmarin-02.jpg","contentUrl":"https:\/\/pravaliacusapunuri.ro\/wp-content\/uploads\/2017\/08\/sampon-solid-cu-Rozmarin-02.jpg","width":1000,"height":1000,"caption":"\u0218ampon solid cu Rozmarin are o formul\u0103 concentrat\u0103 \u00een uleiuri vegetale pentru ingrijirea p\u0103rului cu probleme sau pentru prevenirea lor."},{"@type":"BreadcrumbList","@id":"https:\/\/pravaliacusapunuri.ro\/produse\/par\/sampon-solid-cu-rozmarin-si-cimbru\/#breadcrumb","itemListElement":[{"@type":"ListItem","position":1,"name":"Prima pagin\u0103","item":"https:\/\/pravaliacusapunuri.ro\/"},{"@type":"ListItem","position":2,"name":"Produse","item":"https:\/\/pravaliacusapunuri.ro\/produse\/"},{"@type":"ListItem","position":3,"name":"\u0218ampon solid cu Rozmarin"}]},{"@type":"WebSite","@id":"https:\/\/pravaliacusapunuri.ro\/#website","url":"https:\/\/pravaliacusapunuri.ro\/","name":"Pr\u0103v\u0103lia cu S\u0103punuri","description":"","publisher":{"@id":"https:\/\/pravaliacusapunuri.ro\/#organization"},"potentialAction":[{"@type":"SearchAction","target":{"@type":"EntryPoint","urlTemplate":"https:\/\/pravaliacusapunuri.ro\/?s={search_term_string}"},"query-input":{"@type":"PropertyValueSpecification","valueRequired":true,"valueName":"search_term_string"}}],"inLanguage":"en-US"},{"@type":"Organization","@id":"https:\/\/pravaliacusapunuri.ro\/#organization","name":"Pr\u0103v\u0103lia cu S\u0103punuri SRL","url":"https:\/\/pravaliacusapunuri.ro\/","logo":{"@type":"ImageObject","inLanguage":"en-US","@id":"https:\/\/pravaliacusapunuri.ro\/#\/schema\/logo\/image\/","url":"https:\/\/pravaliacusapunuri.ro\/wp-content\/uploads\/2023\/12\/cropped-stampila-2.png","contentUrl":"https:\/\/pravaliacusapunuri.ro\/wp-content\/uploads\/2023\/12\/cropped-stampila-2.png","width":509,"height":448,"caption":"Pr\u0103v\u0103lia cu S\u0103punuri SRL"},"image":{"@id":"https:\/\/pravaliacusapunuri.ro\/#\/schema\/logo\/image\/"},"sameAs":["https:\/\/www.facebook.com\/pravaliacusapunuri.ro\/","https:\/\/www.instagram.com\/pravalia_cu_sapunuri\/"]}]}},"_links":{"self":[{"href":"https:\/\/pravaliacusapunuri.ro\/en\/wp-json\/wp\/v2\/product\/15","targetHints":{"allow":["GET"]}}],"collection":[{"href":"https:\/\/pravaliacusapunuri.ro\/en\/wp-json\/wp\/v2\/product"}],"about":[{"href":"https:\/\/pravaliacusapunuri.ro\/en\/wp-json\/wp\/v2\/types\/product"}],"replies":[{"embeddable":true,"href":"https:\/\/pravaliacusapunuri.ro\/en\/wp-json\/wp\/v2\/comments?post=15"}],"version-history":[{"count":8,"href":"https:\/\/pravaliacusapunuri.ro\/en\/wp-json\/wp\/v2\/product\/15\/revisions"}],"predecessor-version":[{"id":7294,"href":"https:\/\/pravaliacusapunuri.ro\/en\/wp-json\/wp\/v2\/product\/15\/revisions\/7294"}],"wp:featuredmedia":[{"embeddable":true,"href":"https:\/\/pravaliacusapunuri.ro\/en\/wp-json\/wp\/v2\/media\/6849"}],"wp:attachment":[{"href":"https:\/\/pravaliacusapunuri.ro\/en\/wp-json\/wp\/v2\/media?parent=15"}],"wp:term":[{"taxonomy":"product_brand","embeddable":true,"href":"https:\/\/pravaliacusapunuri.ro\/en\/wp-json\/wp\/v2\/product_brand?post=15"},{"taxonomy":"product_cat","embeddable":true,"href":"https:\/\/pravaliacusapunuri.ro\/en\/wp-json\/wp\/v2\/product_cat?post=15"},{"taxonomy":"product_tag","embeddable":true,"href":"https:\/\/pravaliacusapunuri.ro\/en\/wp-json\/wp\/v2\/product_tag?post=15"}],"curies":[{"name":"wp","href":"https:\/\/api.w.org\/{rel}","templated":true}]}}