{"id":14,"date":"2017-08-15T12:59:55","date_gmt":"2017-08-15T12:59:55","guid":{"rendered":"http:\/\/pravaliacusapunuri.ro\/?post_type=product&#038;p=14"},"modified":"2023-11-28T20:23:54","modified_gmt":"2023-11-28T18:23:54","slug":"sapun-revigorant-cu-citrice","status":"publish","type":"product","link":"https:\/\/pravaliacusapunuri.ro\/en\/produse\/sapun-natural\/sapun-revigorant-cu-citrice\/","title":{"rendered":"S\u0103pun natural cu Citrice \u0219i Morcov"},"content":{"rendered":"<p><strong>Descriere:<\/strong><\/p>\n<ul>\n<li>Sapun natural cu Citrice si Morcov este un sapun hidratant, emolient, tonifiant, bogat in ingrediente antioxidante cu efect astringent, antiseptic. Calmeaza, relaxeaza si ajuta la eliminarea anxietatii si a insomniei. Se potriveste oricarui tip de ten.<\/li>\n<\/ul>\n<p><strong>Beneficii Sapun natural cu Citrice si Morcov:<\/strong><\/p>\n<ul>\n<li>Morcovul are proprietati antiinflamatorii, ajuta pielea sa isi recapete tonusul si vitalitatea.<\/li>\n<li>Uleiul esential de portocale fortifica si calmeaza tenul iritat redandu-i supletea, astfel tenul isi va recapata elasticitatea iar ridurile vor fi mult estompate.<\/li>\n<li>Uleiul esential de lamaie curata foarte bine pielea, elimina excesul de sebum si impuritatile.<\/li>\n<li>Uleiul esential de lemongrass are efect calmant si antiinflamator.<\/li>\n<li>Uleiurile de baza din sapunurile noastre:<\/li>\n<li>Uleiul de masline este un foarte bun hidratant, ajuta la regenerarea tesuturilor si la reducerea inflamatiilor. Atrage umezeala si o pastreaza, creand la suprafata pielii un film permeabil, care permite pielii sa respire, sa transpire si in acelasi timp ii mentine hidratarea. Curata bine si face o spuma fina.<\/li>\n<li>Uleiul de cocos contine un procent ridicat de antioxidanti care previn imbatranirea pielii si care constituie un filtru UV natural.<\/li>\n<li>Uleiul de floarea soarelui este un ulei vegetal hidratant ce formeaza un strat protector la suprafata pielii, strat ce pastreaza umezeala in piele. Contine o cantitate mare de vitamina E. Este foarte potrivit pentru pielea sensibila, matura, uscata.<\/li>\n<li>Uleiul de ricin este un ingredient important in sapun pentru ca potenteaza efectele benefice ale altor uleiuri. Este eficient in tratarea infectiilor, a iritatiilor si a inflamatiilor pielii.<\/li>\n<li>Untul de cacao are un continut ridicat de antioxidanti cu puternic efect de antiimbatranire. Intensifica regenerarea si intareste rezistenta pielii, conferindu-i aspect matasos.<\/li>\n<\/ul>\n<p><strong>Ingrediente Sapun natural cu Citrice si Morcov (INCI):<\/strong><\/p>\n<ul>\n<li>Olea Europaea Fruit Oil, Aqua, Cocos Nucifera Oil, Sodium Hydroxide, Helianthus Annuus Hybrid Oil, Ricinus Communis Seed Oil, Theobroma Cacao Seed Butter, Citrus Limon Leaf\/Peel\/Stem Oil, Cymbopogon Citratus Leaf Oil, Citrus Aurantium Dulcis Oil, Daucus Carota, Limonene, Geraniol, Citral, Linalool.<\/li>\n<\/ul>\n<p><strong>Utilizare:<\/strong> fata, maini, corp<br \/>\n<strong>Recomandari:<\/strong> potrivit pentru orice tip de piele.<\/p>\n<p><em><strong>Realizat manual prin metoda la rece!<\/strong><\/em><\/p>\n<p><strong>Cantitate: 100g\u00b15g \u212e<\/strong><\/p>\n<p>&nbsp;<\/p>\n<div>\n<p lang=\"ro-ro\" xml:lang=\"ro-ro\"><strong lang=\"ro-ro\" xml:lang=\"ro-ro\">Referinta CPNP : 2860550<\/strong><\/p>\n<p lang=\"ro-ro\" xml:lang=\"ro-ro\"><strong lang=\"ro-ro\" xml:lang=\"ro-ro\">Testat si notificat in conformitate cu normele CEE<\/strong><\/p>\n<\/div>\n<div>\n<p lang=\"ro-ro\" xml:lang=\"ro-ro\"><strong lang=\"ro-ro\" xml:lang=\"ro-ro\">Produs cu drag in Romania!<\/strong><\/p>\n<\/div>\n<p>&nbsp;<\/p>\n<p>&nbsp;<\/p>\n<p>Pentru a vizualiza toate produsele din categoria Sapun Natural, apasa <a href=\"https:\/\/pravaliacusapunuri.ro\/en\/product-category\/sapun-natural\/\"><strong>AICI!<\/strong><\/a><\/p>","protected":false},"excerpt":{"rendered":"<p><strong>S\u0103pun natural cu Citrice \u0219i Morcov<\/strong> este un s\u0103pun hidratant, emolient, tonifiant, bogat \u00een ingrediente antioxidante cu efect astringent, antiseptic. Calmeaz\u0103, relaxeaz\u0103 \u015fi ajut\u0103 la eliminarea anxiet\u0103\u0163ii \u015fi a insomniei. <strong>Se potrive\u015fte oric\u0103rui tip de ten.<\/strong><\/p>\n<p><strong>Utilizare:<\/strong> fata, maini, corp<br \/>\n<strong>Recomand\u0103ri:<\/strong> potrivit pentru orice tip de piele.<br \/>\n<strong>Cantitate:<\/strong> 100g\u00b15g \u212e<\/p>\n<p><strong>Realizat manual prin metoda la rece!<\/strong><\/p>","protected":false},"featured_media":6853,"comment_status":"open","ping_status":"closed","template":"","meta":[],"product_brand":[],"product_cat":[56],"product_tag":[],"class_list":{"0":"post-14","1":"product","2":"type-product","3":"status-publish","4":"has-post-thumbnail","6":"product_cat-sapun-natural","8":"first","9":"instock","10":"shipping-taxable","11":"purchasable","12":"product-type-simple"},"yoast_head":"<!-- This site is optimized with the Yoast SEO plugin v27.4 - https:\/\/yoast.com\/product\/yoast-seo-wordpress\/ -->\n<title>Sapun natural cu Citrice si Morcov - Pravalia cu sapunuri<\/title>\n<meta name=\"description\" content=\"S\u0103pun natural cu Citrice \u0219i Morcov este hidratant, emolient, tonifiant, cu ingrediente antioxidante cu efect astringent, antiseptic.\" \/>\n<meta name=\"robots\" content=\"index, follow, max-snippet:-1, max-image-preview:large, max-video-preview:-1\" \/>\n<link rel=\"canonical\" href=\"https:\/\/pravaliacusapunuri.ro\/en\/produse\/sapun-natural\/sapun-revigorant-cu-citrice\/\" \/>\n<meta property=\"og:locale\" content=\"en_US\" \/>\n<meta property=\"og:type\" content=\"article\" \/>\n<meta property=\"og:title\" content=\"Sapun natural cu Citrice si Morcov - Pravalia cu sapunuri\" \/>\n<meta property=\"og:description\" content=\"S\u0103pun natural cu Citrice \u0219i Morcov este hidratant, emolient, tonifiant, cu ingrediente antioxidante cu efect astringent, antiseptic.\" \/>\n<meta property=\"og:url\" content=\"https:\/\/pravaliacusapunuri.ro\/en\/produse\/sapun-natural\/sapun-revigorant-cu-citrice\/\" \/>\n<meta property=\"article:publisher\" content=\"https:\/\/www.facebook.com\/pravaliacusapunuri.ro\/\" \/>\n<meta property=\"article:modified_time\" content=\"2023-11-28T18:23:54+00:00\" \/>\n<meta property=\"og:image\" content=\"https:\/\/pravaliacusapunuri.ro\/wp-content\/uploads\/2017\/08\/sapun-natural-cu-citrice-si-morcov-01.jpg\" \/>\n\t<meta property=\"og:image:width\" content=\"1000\" \/>\n\t<meta property=\"og:image:height\" content=\"1000\" \/>\n\t<meta property=\"og:image:type\" content=\"image\/jpeg\" \/>\n<meta name=\"twitter:card\" content=\"summary_large_image\" \/>\n<meta name=\"twitter:label1\" content=\"Est. reading time\" \/>\n\t<meta name=\"twitter:data1\" content=\"2 minutes\" \/>\n<script type=\"application\/ld+json\" class=\"yoast-schema-graph\">{\"@context\":\"https:\\\/\\\/schema.org\",\"@graph\":[{\"@type\":\"WebPage\",\"@id\":\"https:\\\/\\\/pravaliacusapunuri.ro\\\/produse\\\/sapun-natural\\\/sapun-revigorant-cu-citrice\\\/\",\"url\":\"https:\\\/\\\/pravaliacusapunuri.ro\\\/produse\\\/sapun-natural\\\/sapun-revigorant-cu-citrice\\\/\",\"name\":\"Sapun natural cu Citrice si Morcov - Pravalia cu sapunuri\",\"isPartOf\":{\"@id\":\"https:\\\/\\\/pravaliacusapunuri.ro\\\/#website\"},\"primaryImageOfPage\":{\"@id\":\"https:\\\/\\\/pravaliacusapunuri.ro\\\/produse\\\/sapun-natural\\\/sapun-revigorant-cu-citrice\\\/#primaryimage\"},\"image\":{\"@id\":\"https:\\\/\\\/pravaliacusapunuri.ro\\\/produse\\\/sapun-natural\\\/sapun-revigorant-cu-citrice\\\/#primaryimage\"},\"thumbnailUrl\":\"https:\\\/\\\/pravaliacusapunuri.ro\\\/wp-content\\\/uploads\\\/2017\\\/08\\\/sapun-natural-cu-citrice-si-morcov-01.jpg\",\"datePublished\":\"2017-08-15T12:59:55+00:00\",\"dateModified\":\"2023-11-28T18:23:54+00:00\",\"description\":\"S\u0103pun natural cu Citrice \u0219i Morcov este hidratant, emolient, tonifiant, cu ingrediente antioxidante cu efect astringent, antiseptic.\",\"breadcrumb\":{\"@id\":\"https:\\\/\\\/pravaliacusapunuri.ro\\\/produse\\\/sapun-natural\\\/sapun-revigorant-cu-citrice\\\/#breadcrumb\"},\"inLanguage\":\"en-US\",\"potentialAction\":[{\"@type\":\"ReadAction\",\"target\":[\"https:\\\/\\\/pravaliacusapunuri.ro\\\/produse\\\/sapun-natural\\\/sapun-revigorant-cu-citrice\\\/\"]}]},{\"@type\":\"ImageObject\",\"inLanguage\":\"en-US\",\"@id\":\"https:\\\/\\\/pravaliacusapunuri.ro\\\/produse\\\/sapun-natural\\\/sapun-revigorant-cu-citrice\\\/#primaryimage\",\"url\":\"https:\\\/\\\/pravaliacusapunuri.ro\\\/wp-content\\\/uploads\\\/2017\\\/08\\\/sapun-natural-cu-citrice-si-morcov-01.jpg\",\"contentUrl\":\"https:\\\/\\\/pravaliacusapunuri.ro\\\/wp-content\\\/uploads\\\/2017\\\/08\\\/sapun-natural-cu-citrice-si-morcov-01.jpg\",\"width\":1000,\"height\":1000,\"caption\":\"S\u0103pun natural cu Citrice \u0219i Morcov este hidratant, emolient, tonifiant, cu ingrediente antioxidante cu efect astringent, antiseptic.\"},{\"@type\":\"BreadcrumbList\",\"@id\":\"https:\\\/\\\/pravaliacusapunuri.ro\\\/produse\\\/sapun-natural\\\/sapun-revigorant-cu-citrice\\\/#breadcrumb\",\"itemListElement\":[{\"@type\":\"ListItem\",\"position\":1,\"name\":\"Prima pagin\u0103\",\"item\":\"https:\\\/\\\/pravaliacusapunuri.ro\\\/\"},{\"@type\":\"ListItem\",\"position\":2,\"name\":\"Produse\",\"item\":\"https:\\\/\\\/pravaliacusapunuri.ro\\\/produse\\\/\"},{\"@type\":\"ListItem\",\"position\":3,\"name\":\"S\u0103pun natural cu Citrice \u0219i Morcov\"}]},{\"@type\":\"WebSite\",\"@id\":\"https:\\\/\\\/pravaliacusapunuri.ro\\\/#website\",\"url\":\"https:\\\/\\\/pravaliacusapunuri.ro\\\/\",\"name\":\"Pr\u0103v\u0103lia cu S\u0103punuri\",\"description\":\"\",\"publisher\":{\"@id\":\"https:\\\/\\\/pravaliacusapunuri.ro\\\/#organization\"},\"potentialAction\":[{\"@type\":\"SearchAction\",\"target\":{\"@type\":\"EntryPoint\",\"urlTemplate\":\"https:\\\/\\\/pravaliacusapunuri.ro\\\/?s={search_term_string}\"},\"query-input\":{\"@type\":\"PropertyValueSpecification\",\"valueRequired\":true,\"valueName\":\"search_term_string\"}}],\"inLanguage\":\"en-US\"},{\"@type\":\"Organization\",\"@id\":\"https:\\\/\\\/pravaliacusapunuri.ro\\\/#organization\",\"name\":\"Pr\u0103v\u0103lia cu S\u0103punuri SRL\",\"url\":\"https:\\\/\\\/pravaliacusapunuri.ro\\\/\",\"logo\":{\"@type\":\"ImageObject\",\"inLanguage\":\"en-US\",\"@id\":\"https:\\\/\\\/pravaliacusapunuri.ro\\\/#\\\/schema\\\/logo\\\/image\\\/\",\"url\":\"https:\\\/\\\/pravaliacusapunuri.ro\\\/wp-content\\\/uploads\\\/2023\\\/12\\\/cropped-stampila-2.png\",\"contentUrl\":\"https:\\\/\\\/pravaliacusapunuri.ro\\\/wp-content\\\/uploads\\\/2023\\\/12\\\/cropped-stampila-2.png\",\"width\":509,\"height\":448,\"caption\":\"Pr\u0103v\u0103lia cu S\u0103punuri SRL\"},\"image\":{\"@id\":\"https:\\\/\\\/pravaliacusapunuri.ro\\\/#\\\/schema\\\/logo\\\/image\\\/\"},\"sameAs\":[\"https:\\\/\\\/www.facebook.com\\\/pravaliacusapunuri.ro\\\/\",\"https:\\\/\\\/www.instagram.com\\\/pravalia_cu_sapunuri\\\/\"]}]}<\/script>\n<!-- \/ Yoast SEO plugin. -->","yoast_head_json":{"title":"Sapun natural cu Citrice si Morcov - Pravalia cu sapunuri","description":"S\u0103pun natural cu Citrice \u0219i Morcov este hidratant, emolient, tonifiant, cu ingrediente antioxidante cu efect astringent, antiseptic.","robots":{"index":"index","follow":"follow","max-snippet":"max-snippet:-1","max-image-preview":"max-image-preview:large","max-video-preview":"max-video-preview:-1"},"canonical":"https:\/\/pravaliacusapunuri.ro\/en\/produse\/sapun-natural\/sapun-revigorant-cu-citrice\/","og_locale":"en_US","og_type":"article","og_title":"Sapun natural cu Citrice si Morcov - Pravalia cu sapunuri","og_description":"S\u0103pun natural cu Citrice \u0219i Morcov este hidratant, emolient, tonifiant, cu ingrediente antioxidante cu efect astringent, antiseptic.","og_url":"https:\/\/pravaliacusapunuri.ro\/en\/produse\/sapun-natural\/sapun-revigorant-cu-citrice\/","article_publisher":"https:\/\/www.facebook.com\/pravaliacusapunuri.ro\/","article_modified_time":"2023-11-28T18:23:54+00:00","og_image":[{"width":1000,"height":1000,"url":"https:\/\/pravaliacusapunuri.ro\/wp-content\/uploads\/2017\/08\/sapun-natural-cu-citrice-si-morcov-01.jpg","type":"image\/jpeg"}],"twitter_card":"summary_large_image","twitter_misc":{"Est. reading time":"2 minutes"},"schema":{"@context":"https:\/\/schema.org","@graph":[{"@type":"WebPage","@id":"https:\/\/pravaliacusapunuri.ro\/produse\/sapun-natural\/sapun-revigorant-cu-citrice\/","url":"https:\/\/pravaliacusapunuri.ro\/produse\/sapun-natural\/sapun-revigorant-cu-citrice\/","name":"Sapun natural cu Citrice si Morcov - Pravalia cu sapunuri","isPartOf":{"@id":"https:\/\/pravaliacusapunuri.ro\/#website"},"primaryImageOfPage":{"@id":"https:\/\/pravaliacusapunuri.ro\/produse\/sapun-natural\/sapun-revigorant-cu-citrice\/#primaryimage"},"image":{"@id":"https:\/\/pravaliacusapunuri.ro\/produse\/sapun-natural\/sapun-revigorant-cu-citrice\/#primaryimage"},"thumbnailUrl":"https:\/\/pravaliacusapunuri.ro\/wp-content\/uploads\/2017\/08\/sapun-natural-cu-citrice-si-morcov-01.jpg","datePublished":"2017-08-15T12:59:55+00:00","dateModified":"2023-11-28T18:23:54+00:00","description":"S\u0103pun natural cu Citrice \u0219i Morcov este hidratant, emolient, tonifiant, cu ingrediente antioxidante cu efect astringent, antiseptic.","breadcrumb":{"@id":"https:\/\/pravaliacusapunuri.ro\/produse\/sapun-natural\/sapun-revigorant-cu-citrice\/#breadcrumb"},"inLanguage":"en-US","potentialAction":[{"@type":"ReadAction","target":["https:\/\/pravaliacusapunuri.ro\/produse\/sapun-natural\/sapun-revigorant-cu-citrice\/"]}]},{"@type":"ImageObject","inLanguage":"en-US","@id":"https:\/\/pravaliacusapunuri.ro\/produse\/sapun-natural\/sapun-revigorant-cu-citrice\/#primaryimage","url":"https:\/\/pravaliacusapunuri.ro\/wp-content\/uploads\/2017\/08\/sapun-natural-cu-citrice-si-morcov-01.jpg","contentUrl":"https:\/\/pravaliacusapunuri.ro\/wp-content\/uploads\/2017\/08\/sapun-natural-cu-citrice-si-morcov-01.jpg","width":1000,"height":1000,"caption":"S\u0103pun natural cu Citrice \u0219i Morcov este hidratant, emolient, tonifiant, cu ingrediente antioxidante cu efect astringent, antiseptic."},{"@type":"BreadcrumbList","@id":"https:\/\/pravaliacusapunuri.ro\/produse\/sapun-natural\/sapun-revigorant-cu-citrice\/#breadcrumb","itemListElement":[{"@type":"ListItem","position":1,"name":"Prima pagin\u0103","item":"https:\/\/pravaliacusapunuri.ro\/"},{"@type":"ListItem","position":2,"name":"Produse","item":"https:\/\/pravaliacusapunuri.ro\/produse\/"},{"@type":"ListItem","position":3,"name":"S\u0103pun natural cu Citrice \u0219i Morcov"}]},{"@type":"WebSite","@id":"https:\/\/pravaliacusapunuri.ro\/#website","url":"https:\/\/pravaliacusapunuri.ro\/","name":"Pr\u0103v\u0103lia cu S\u0103punuri","description":"","publisher":{"@id":"https:\/\/pravaliacusapunuri.ro\/#organization"},"potentialAction":[{"@type":"SearchAction","target":{"@type":"EntryPoint","urlTemplate":"https:\/\/pravaliacusapunuri.ro\/?s={search_term_string}"},"query-input":{"@type":"PropertyValueSpecification","valueRequired":true,"valueName":"search_term_string"}}],"inLanguage":"en-US"},{"@type":"Organization","@id":"https:\/\/pravaliacusapunuri.ro\/#organization","name":"Pr\u0103v\u0103lia cu S\u0103punuri SRL","url":"https:\/\/pravaliacusapunuri.ro\/","logo":{"@type":"ImageObject","inLanguage":"en-US","@id":"https:\/\/pravaliacusapunuri.ro\/#\/schema\/logo\/image\/","url":"https:\/\/pravaliacusapunuri.ro\/wp-content\/uploads\/2023\/12\/cropped-stampila-2.png","contentUrl":"https:\/\/pravaliacusapunuri.ro\/wp-content\/uploads\/2023\/12\/cropped-stampila-2.png","width":509,"height":448,"caption":"Pr\u0103v\u0103lia cu S\u0103punuri SRL"},"image":{"@id":"https:\/\/pravaliacusapunuri.ro\/#\/schema\/logo\/image\/"},"sameAs":["https:\/\/www.facebook.com\/pravaliacusapunuri.ro\/","https:\/\/www.instagram.com\/pravalia_cu_sapunuri\/"]}]}},"_links":{"self":[{"href":"https:\/\/pravaliacusapunuri.ro\/en\/wp-json\/wp\/v2\/product\/14","targetHints":{"allow":["GET"]}}],"collection":[{"href":"https:\/\/pravaliacusapunuri.ro\/en\/wp-json\/wp\/v2\/product"}],"about":[{"href":"https:\/\/pravaliacusapunuri.ro\/en\/wp-json\/wp\/v2\/types\/product"}],"replies":[{"embeddable":true,"href":"https:\/\/pravaliacusapunuri.ro\/en\/wp-json\/wp\/v2\/comments?post=14"}],"version-history":[{"count":12,"href":"https:\/\/pravaliacusapunuri.ro\/en\/wp-json\/wp\/v2\/product\/14\/revisions"}],"predecessor-version":[{"id":7293,"href":"https:\/\/pravaliacusapunuri.ro\/en\/wp-json\/wp\/v2\/product\/14\/revisions\/7293"}],"wp:featuredmedia":[{"embeddable":true,"href":"https:\/\/pravaliacusapunuri.ro\/en\/wp-json\/wp\/v2\/media\/6853"}],"wp:attachment":[{"href":"https:\/\/pravaliacusapunuri.ro\/en\/wp-json\/wp\/v2\/media?parent=14"}],"wp:term":[{"taxonomy":"product_brand","embeddable":true,"href":"https:\/\/pravaliacusapunuri.ro\/en\/wp-json\/wp\/v2\/product_brand?post=14"},{"taxonomy":"product_cat","embeddable":true,"href":"https:\/\/pravaliacusapunuri.ro\/en\/wp-json\/wp\/v2\/product_cat?post=14"},{"taxonomy":"product_tag","embeddable":true,"href":"https:\/\/pravaliacusapunuri.ro\/en\/wp-json\/wp\/v2\/product_tag?post=14"}],"curies":[{"name":"wp","href":"https:\/\/api.w.org\/{rel}","templated":true}]}}