{"id":13,"date":"2017-08-15T12:59:07","date_gmt":"2017-08-15T12:59:07","guid":{"rendered":"http:\/\/pravaliacusapunuri.ro\/?post_type=product&#038;p=13"},"modified":"2023-11-28T20:23:01","modified_gmt":"2023-11-28T18:23:01","slug":"sapun-pentru-copii-cu-shea-si-galbenele","status":"publish","type":"product","link":"https:\/\/pravaliacusapunuri.ro\/en\/produse\/sapun-natural\/sapun-pentru-copii-cu-shea-si-galbenele\/","title":{"rendered":"S\u0103pun natural pentru copii cu Shea \u0219i G\u0103lbenele"},"content":{"rendered":"<p><strong>Descriere:<\/strong><\/p>\n<ul>\n<li>Sapun natural pentru copii cu Shea si Galbenele este potrivit atat pentru bebelusi si copii cat si pentru cei care vor sa se bucure de proprietatile minunate ale unui sapun fabricat manual exclusiv din uleiuri vegetale si unturi exotice.<\/li>\n<\/ul>\n<p><strong>Beneficii Sapun natural pentru copii cu Shea si Galbenele:<\/strong><\/p>\n<ul>\n<li>Uleiul de galbenele este recomandat pentru ingrijirea pielii copiilor, in ingrijirea tenului sensibil, a pielii fragile, a pielii afectate de iritatii sau rani superficiale, este potrivit si pentru tenul afectat de roseata sau cuperoza.<\/li>\n<li>Untul de shea este printre cel mai hidratant ulei din lume, bogat in vitamina A si E, este reconoscut ca remediu in vindecarea arsurilor, cicatricelor si dermatitelor.<\/li>\n<li>Ulei esential de lavanda netezeste si relaxeaza pielea.<\/li>\n<li>Argila roz curata cu blandete pielea sensibila.<\/li>\n<li>Uleiurile de baza din sapunurile noastre:<\/li>\n<li>Uleiul de masline este un foarte bun hidratant, ajuta la regenerarea tesuturilor si la reducerea inflamatiilor. Atrage umezeala si o pastreaza, creand la suprafata pielii un film permeabil, care permite pielii sa respire, sa transpire si in acelasi timp ii mentine hidratarea. Este potrivit pentru pielea sensibila, inclusiv pentru cea a bebelusilor. Curata bine si face o spuma fina.<\/li>\n<li>Uleiul de cocos contine un procent ridicat de antioxidanti care previn imbatranirea pielii si care constituie un filtru UV natural.<\/li>\n<li>Uleiul de floarea soarelui este un ulei vegetal hidratant ce formeaza un strat protector la suprafata pielii, strat ce pastreaza umezeala in piele. Contine o cantitate mare de vitamina E. Este foarte potrivit pentru pielea sensibila, matura, uscata.<\/li>\n<li>Uleiul de ricin este un ingredient important in sapun pentru ca potenteaza efectele benefice ale altor uleiuri. Este eficient in tratarea infectiilor, a iritatiilor si a inflamatiilor pielii.<\/li>\n<li>Untul de cacao are un continut ridicat de antioxidanti cu puternic efect de antiimbatranire. Intensifica regenerarea si intareste rezistenta pielii, conferindu-i aspect matasos.<\/li>\n<\/ul>\n<p><strong>Ingrediente Sapun natural pentru copii cu Shea si Galbenele (INCI):<\/strong><\/p>\n<ul>\n<li>Olea Europaea Fruit Oil, Aqua, Cocos Nucifera Oil, Sodium Hydroxide, Ricinus Communis Seed Oil, Helianthus Annuus Hybrid Oil, Calendula Officinalis Oil, Theobroma Cacao Seed Butter, Butyrospermum Parkii Butter, Calendula Officinalis Powder, Lavandula Angustifolia Oil, Argilla Extract, Linalool.<\/li>\n<\/ul>\n<p><em><strong>Realizat manual prin metoda la rece!<\/strong><\/em><\/p>\n<p>&nbsp;<\/p>\n<p><strong>Utilizare:<\/strong> fata, maini, corp.<br \/>\n<strong>Recomandari: <\/strong>util pentru orice tip de piele, inclusiv piele sensibila.<\/p>\n<p><strong>Cantitate: 100g\u00b15g \u212e<\/strong><\/p>\n<p>&nbsp;<\/p>\n<div>\n<p lang=\"ro-ro\" xml:lang=\"ro-ro\"><strong lang=\"ro-ro\" xml:lang=\"ro-ro\">Referinta CPNP : 3612092<\/strong><\/p>\n<\/div>\n<div>\n<p lang=\"ro-ro\" xml:lang=\"ro-ro\"><strong lang=\"ro-ro\" xml:lang=\"ro-ro\">Testat si notificat in conformitate cu normele CEE<\/strong><\/p>\n<\/div>\n<div>\n<p lang=\"ro-ro\" xml:lang=\"ro-ro\"><strong lang=\"ro-ro\" xml:lang=\"ro-ro\">Produs cu drag in Romania!<\/strong><\/p>\n<\/div>\n<p>&nbsp;<\/p>\n<p>&nbsp;<\/p>\n<p>Pentru a vizualiza toate produsele din categoria Sapun Natural, apasa\u00a0<a href=\"https:\/\/pravaliacusapunuri.ro\/en\/product-category\/sapun-natural\/\"><strong>AICI!<\/strong><\/a><\/p>","protected":false},"excerpt":{"rendered":"<p><strong>S\u0103pun natural pentru copii cu Shea \u0219i G\u0103lbenele<\/strong> este potrivit at\u00e2t pentru bebelu\u0219i \u0219i copii c\u00e2t si pentru cei care vor s\u0103 se bucure de propriet\u0103\u021bile minunate ale unui s\u0103pun fabricat manual exclusiv din uleiuri vegetale \u015fi unturi exotice.<\/p>\n<p><strong>Utilizare:<\/strong> fata, maini, corp.<br \/>\n<strong>Recomand\u0103ri:<\/strong> util pentru orice tip de piele, inclusiv piele sensibil\u0103.<br \/>\n<strong>Cantitate:<\/strong> 100g\u00b15g \u212e<\/p>\n<p><strong>Realizat manual prin metoda la rece!<\/strong><\/p>","protected":false},"featured_media":6855,"comment_status":"open","ping_status":"closed","template":"","meta":[],"product_brand":[],"product_cat":[60,56],"product_tag":[],"class_list":{"0":"post-13","1":"product","2":"type-product","3":"status-publish","4":"has-post-thumbnail","6":"product_cat-copii","7":"product_cat-sapun-natural","9":"first","10":"instock","11":"shipping-taxable","12":"purchasable","13":"product-type-simple"},"yoast_head":"<!-- This site is optimized with the Yoast SEO plugin v27.4 - https:\/\/yoast.com\/product\/yoast-seo-wordpress\/ -->\n<title>Sapun natural pentru copii cu Shea si Galbenele - Pravalia cu sapunuri<\/title>\n<meta name=\"description\" content=\"S\u0103pun natural pentru copii cu Shea \u0219i G\u0103lbenele este potrivit at\u00e2t pentru bebelu\u0219i \u0219i copii. Fabricat manual exclusiv din uleiuri.\" \/>\n<meta name=\"robots\" content=\"index, follow, max-snippet:-1, max-image-preview:large, max-video-preview:-1\" \/>\n<link rel=\"canonical\" href=\"https:\/\/pravaliacusapunuri.ro\/en\/produse\/sapun-natural\/sapun-pentru-copii-cu-shea-si-galbenele\/\" \/>\n<meta property=\"og:locale\" content=\"en_US\" \/>\n<meta property=\"og:type\" content=\"article\" \/>\n<meta property=\"og:title\" content=\"Sapun natural pentru copii cu Shea si Galbenele - Pravalia cu sapunuri\" \/>\n<meta property=\"og:description\" content=\"S\u0103pun natural pentru copii cu Shea \u0219i G\u0103lbenele este potrivit at\u00e2t pentru bebelu\u0219i \u0219i copii. Fabricat manual exclusiv din uleiuri.\" \/>\n<meta property=\"og:url\" content=\"https:\/\/pravaliacusapunuri.ro\/en\/produse\/sapun-natural\/sapun-pentru-copii-cu-shea-si-galbenele\/\" \/>\n<meta property=\"article:publisher\" content=\"https:\/\/www.facebook.com\/pravaliacusapunuri.ro\/\" \/>\n<meta property=\"article:modified_time\" content=\"2023-11-28T18:23:01+00:00\" \/>\n<meta property=\"og:image\" content=\"https:\/\/pravaliacusapunuri.ro\/wp-content\/uploads\/2017\/08\/Sapun-natural-pentru-copii-cu-Shea-Galbenele-02.jpg\" \/>\n\t<meta property=\"og:image:width\" content=\"1000\" \/>\n\t<meta property=\"og:image:height\" content=\"1000\" \/>\n\t<meta property=\"og:image:type\" content=\"image\/jpeg\" \/>\n<meta name=\"twitter:card\" content=\"summary_large_image\" \/>\n<meta name=\"twitter:label1\" content=\"Est. reading time\" \/>\n\t<meta name=\"twitter:data1\" content=\"3 minutes\" \/>\n<script type=\"application\/ld+json\" class=\"yoast-schema-graph\">{\"@context\":\"https:\\\/\\\/schema.org\",\"@graph\":[{\"@type\":\"WebPage\",\"@id\":\"https:\\\/\\\/pravaliacusapunuri.ro\\\/produse\\\/sapun-natural\\\/sapun-pentru-copii-cu-shea-si-galbenele\\\/\",\"url\":\"https:\\\/\\\/pravaliacusapunuri.ro\\\/produse\\\/sapun-natural\\\/sapun-pentru-copii-cu-shea-si-galbenele\\\/\",\"name\":\"Sapun natural pentru copii cu Shea si Galbenele - Pravalia cu sapunuri\",\"isPartOf\":{\"@id\":\"https:\\\/\\\/pravaliacusapunuri.ro\\\/#website\"},\"primaryImageOfPage\":{\"@id\":\"https:\\\/\\\/pravaliacusapunuri.ro\\\/produse\\\/sapun-natural\\\/sapun-pentru-copii-cu-shea-si-galbenele\\\/#primaryimage\"},\"image\":{\"@id\":\"https:\\\/\\\/pravaliacusapunuri.ro\\\/produse\\\/sapun-natural\\\/sapun-pentru-copii-cu-shea-si-galbenele\\\/#primaryimage\"},\"thumbnailUrl\":\"https:\\\/\\\/pravaliacusapunuri.ro\\\/wp-content\\\/uploads\\\/2017\\\/08\\\/Sapun-natural-pentru-copii-cu-Shea-Galbenele-02.jpg\",\"datePublished\":\"2017-08-15T12:59:07+00:00\",\"dateModified\":\"2023-11-28T18:23:01+00:00\",\"description\":\"S\u0103pun natural pentru copii cu Shea \u0219i G\u0103lbenele este potrivit at\u00e2t pentru bebelu\u0219i \u0219i copii. Fabricat manual exclusiv din uleiuri.\",\"breadcrumb\":{\"@id\":\"https:\\\/\\\/pravaliacusapunuri.ro\\\/produse\\\/sapun-natural\\\/sapun-pentru-copii-cu-shea-si-galbenele\\\/#breadcrumb\"},\"inLanguage\":\"en-US\",\"potentialAction\":[{\"@type\":\"ReadAction\",\"target\":[\"https:\\\/\\\/pravaliacusapunuri.ro\\\/produse\\\/sapun-natural\\\/sapun-pentru-copii-cu-shea-si-galbenele\\\/\"]}]},{\"@type\":\"ImageObject\",\"inLanguage\":\"en-US\",\"@id\":\"https:\\\/\\\/pravaliacusapunuri.ro\\\/produse\\\/sapun-natural\\\/sapun-pentru-copii-cu-shea-si-galbenele\\\/#primaryimage\",\"url\":\"https:\\\/\\\/pravaliacusapunuri.ro\\\/wp-content\\\/uploads\\\/2017\\\/08\\\/Sapun-natural-pentru-copii-cu-Shea-Galbenele-02.jpg\",\"contentUrl\":\"https:\\\/\\\/pravaliacusapunuri.ro\\\/wp-content\\\/uploads\\\/2017\\\/08\\\/Sapun-natural-pentru-copii-cu-Shea-Galbenele-02.jpg\",\"width\":1000,\"height\":1000,\"caption\":\"S\u0103pun natural pentru copii cu Shea \u0219i G\u0103lbenele este potrivit at\u00e2t pentru bebelu\u0219i \u0219i copii. Fabricat manual exclusiv din uleiuri.\"},{\"@type\":\"BreadcrumbList\",\"@id\":\"https:\\\/\\\/pravaliacusapunuri.ro\\\/produse\\\/sapun-natural\\\/sapun-pentru-copii-cu-shea-si-galbenele\\\/#breadcrumb\",\"itemListElement\":[{\"@type\":\"ListItem\",\"position\":1,\"name\":\"Prima pagin\u0103\",\"item\":\"https:\\\/\\\/pravaliacusapunuri.ro\\\/\"},{\"@type\":\"ListItem\",\"position\":2,\"name\":\"Produse\",\"item\":\"https:\\\/\\\/pravaliacusapunuri.ro\\\/produse\\\/\"},{\"@type\":\"ListItem\",\"position\":3,\"name\":\"S\u0103pun natural pentru copii cu Shea \u0219i G\u0103lbenele\"}]},{\"@type\":\"WebSite\",\"@id\":\"https:\\\/\\\/pravaliacusapunuri.ro\\\/#website\",\"url\":\"https:\\\/\\\/pravaliacusapunuri.ro\\\/\",\"name\":\"Pr\u0103v\u0103lia cu S\u0103punuri\",\"description\":\"\",\"publisher\":{\"@id\":\"https:\\\/\\\/pravaliacusapunuri.ro\\\/#organization\"},\"potentialAction\":[{\"@type\":\"SearchAction\",\"target\":{\"@type\":\"EntryPoint\",\"urlTemplate\":\"https:\\\/\\\/pravaliacusapunuri.ro\\\/?s={search_term_string}\"},\"query-input\":{\"@type\":\"PropertyValueSpecification\",\"valueRequired\":true,\"valueName\":\"search_term_string\"}}],\"inLanguage\":\"en-US\"},{\"@type\":\"Organization\",\"@id\":\"https:\\\/\\\/pravaliacusapunuri.ro\\\/#organization\",\"name\":\"Pr\u0103v\u0103lia cu S\u0103punuri SRL\",\"url\":\"https:\\\/\\\/pravaliacusapunuri.ro\\\/\",\"logo\":{\"@type\":\"ImageObject\",\"inLanguage\":\"en-US\",\"@id\":\"https:\\\/\\\/pravaliacusapunuri.ro\\\/#\\\/schema\\\/logo\\\/image\\\/\",\"url\":\"https:\\\/\\\/pravaliacusapunuri.ro\\\/wp-content\\\/uploads\\\/2023\\\/12\\\/cropped-stampila-2.png\",\"contentUrl\":\"https:\\\/\\\/pravaliacusapunuri.ro\\\/wp-content\\\/uploads\\\/2023\\\/12\\\/cropped-stampila-2.png\",\"width\":509,\"height\":448,\"caption\":\"Pr\u0103v\u0103lia cu S\u0103punuri SRL\"},\"image\":{\"@id\":\"https:\\\/\\\/pravaliacusapunuri.ro\\\/#\\\/schema\\\/logo\\\/image\\\/\"},\"sameAs\":[\"https:\\\/\\\/www.facebook.com\\\/pravaliacusapunuri.ro\\\/\",\"https:\\\/\\\/www.instagram.com\\\/pravalia_cu_sapunuri\\\/\"]}]}<\/script>\n<!-- \/ Yoast SEO plugin. -->","yoast_head_json":{"title":"Sapun natural pentru copii cu Shea si Galbenele - Pravalia cu sapunuri","description":"S\u0103pun natural pentru copii cu Shea \u0219i G\u0103lbenele este potrivit at\u00e2t pentru bebelu\u0219i \u0219i copii. Fabricat manual exclusiv din uleiuri.","robots":{"index":"index","follow":"follow","max-snippet":"max-snippet:-1","max-image-preview":"max-image-preview:large","max-video-preview":"max-video-preview:-1"},"canonical":"https:\/\/pravaliacusapunuri.ro\/en\/produse\/sapun-natural\/sapun-pentru-copii-cu-shea-si-galbenele\/","og_locale":"en_US","og_type":"article","og_title":"Sapun natural pentru copii cu Shea si Galbenele - Pravalia cu sapunuri","og_description":"S\u0103pun natural pentru copii cu Shea \u0219i G\u0103lbenele este potrivit at\u00e2t pentru bebelu\u0219i \u0219i copii. Fabricat manual exclusiv din uleiuri.","og_url":"https:\/\/pravaliacusapunuri.ro\/en\/produse\/sapun-natural\/sapun-pentru-copii-cu-shea-si-galbenele\/","article_publisher":"https:\/\/www.facebook.com\/pravaliacusapunuri.ro\/","article_modified_time":"2023-11-28T18:23:01+00:00","og_image":[{"width":1000,"height":1000,"url":"https:\/\/pravaliacusapunuri.ro\/wp-content\/uploads\/2017\/08\/Sapun-natural-pentru-copii-cu-Shea-Galbenele-02.jpg","type":"image\/jpeg"}],"twitter_card":"summary_large_image","twitter_misc":{"Est. reading time":"3 minutes"},"schema":{"@context":"https:\/\/schema.org","@graph":[{"@type":"WebPage","@id":"https:\/\/pravaliacusapunuri.ro\/produse\/sapun-natural\/sapun-pentru-copii-cu-shea-si-galbenele\/","url":"https:\/\/pravaliacusapunuri.ro\/produse\/sapun-natural\/sapun-pentru-copii-cu-shea-si-galbenele\/","name":"Sapun natural pentru copii cu Shea si Galbenele - Pravalia cu sapunuri","isPartOf":{"@id":"https:\/\/pravaliacusapunuri.ro\/#website"},"primaryImageOfPage":{"@id":"https:\/\/pravaliacusapunuri.ro\/produse\/sapun-natural\/sapun-pentru-copii-cu-shea-si-galbenele\/#primaryimage"},"image":{"@id":"https:\/\/pravaliacusapunuri.ro\/produse\/sapun-natural\/sapun-pentru-copii-cu-shea-si-galbenele\/#primaryimage"},"thumbnailUrl":"https:\/\/pravaliacusapunuri.ro\/wp-content\/uploads\/2017\/08\/Sapun-natural-pentru-copii-cu-Shea-Galbenele-02.jpg","datePublished":"2017-08-15T12:59:07+00:00","dateModified":"2023-11-28T18:23:01+00:00","description":"S\u0103pun natural pentru copii cu Shea \u0219i G\u0103lbenele este potrivit at\u00e2t pentru bebelu\u0219i \u0219i copii. Fabricat manual exclusiv din uleiuri.","breadcrumb":{"@id":"https:\/\/pravaliacusapunuri.ro\/produse\/sapun-natural\/sapun-pentru-copii-cu-shea-si-galbenele\/#breadcrumb"},"inLanguage":"en-US","potentialAction":[{"@type":"ReadAction","target":["https:\/\/pravaliacusapunuri.ro\/produse\/sapun-natural\/sapun-pentru-copii-cu-shea-si-galbenele\/"]}]},{"@type":"ImageObject","inLanguage":"en-US","@id":"https:\/\/pravaliacusapunuri.ro\/produse\/sapun-natural\/sapun-pentru-copii-cu-shea-si-galbenele\/#primaryimage","url":"https:\/\/pravaliacusapunuri.ro\/wp-content\/uploads\/2017\/08\/Sapun-natural-pentru-copii-cu-Shea-Galbenele-02.jpg","contentUrl":"https:\/\/pravaliacusapunuri.ro\/wp-content\/uploads\/2017\/08\/Sapun-natural-pentru-copii-cu-Shea-Galbenele-02.jpg","width":1000,"height":1000,"caption":"S\u0103pun natural pentru copii cu Shea \u0219i G\u0103lbenele este potrivit at\u00e2t pentru bebelu\u0219i \u0219i copii. Fabricat manual exclusiv din uleiuri."},{"@type":"BreadcrumbList","@id":"https:\/\/pravaliacusapunuri.ro\/produse\/sapun-natural\/sapun-pentru-copii-cu-shea-si-galbenele\/#breadcrumb","itemListElement":[{"@type":"ListItem","position":1,"name":"Prima pagin\u0103","item":"https:\/\/pravaliacusapunuri.ro\/"},{"@type":"ListItem","position":2,"name":"Produse","item":"https:\/\/pravaliacusapunuri.ro\/produse\/"},{"@type":"ListItem","position":3,"name":"S\u0103pun natural pentru copii cu Shea \u0219i G\u0103lbenele"}]},{"@type":"WebSite","@id":"https:\/\/pravaliacusapunuri.ro\/#website","url":"https:\/\/pravaliacusapunuri.ro\/","name":"Pr\u0103v\u0103lia cu S\u0103punuri","description":"","publisher":{"@id":"https:\/\/pravaliacusapunuri.ro\/#organization"},"potentialAction":[{"@type":"SearchAction","target":{"@type":"EntryPoint","urlTemplate":"https:\/\/pravaliacusapunuri.ro\/?s={search_term_string}"},"query-input":{"@type":"PropertyValueSpecification","valueRequired":true,"valueName":"search_term_string"}}],"inLanguage":"en-US"},{"@type":"Organization","@id":"https:\/\/pravaliacusapunuri.ro\/#organization","name":"Pr\u0103v\u0103lia cu S\u0103punuri SRL","url":"https:\/\/pravaliacusapunuri.ro\/","logo":{"@type":"ImageObject","inLanguage":"en-US","@id":"https:\/\/pravaliacusapunuri.ro\/#\/schema\/logo\/image\/","url":"https:\/\/pravaliacusapunuri.ro\/wp-content\/uploads\/2023\/12\/cropped-stampila-2.png","contentUrl":"https:\/\/pravaliacusapunuri.ro\/wp-content\/uploads\/2023\/12\/cropped-stampila-2.png","width":509,"height":448,"caption":"Pr\u0103v\u0103lia cu S\u0103punuri SRL"},"image":{"@id":"https:\/\/pravaliacusapunuri.ro\/#\/schema\/logo\/image\/"},"sameAs":["https:\/\/www.facebook.com\/pravaliacusapunuri.ro\/","https:\/\/www.instagram.com\/pravalia_cu_sapunuri\/"]}]}},"_links":{"self":[{"href":"https:\/\/pravaliacusapunuri.ro\/en\/wp-json\/wp\/v2\/product\/13","targetHints":{"allow":["GET"]}}],"collection":[{"href":"https:\/\/pravaliacusapunuri.ro\/en\/wp-json\/wp\/v2\/product"}],"about":[{"href":"https:\/\/pravaliacusapunuri.ro\/en\/wp-json\/wp\/v2\/types\/product"}],"replies":[{"embeddable":true,"href":"https:\/\/pravaliacusapunuri.ro\/en\/wp-json\/wp\/v2\/comments?post=13"}],"version-history":[{"count":10,"href":"https:\/\/pravaliacusapunuri.ro\/en\/wp-json\/wp\/v2\/product\/13\/revisions"}],"predecessor-version":[{"id":7292,"href":"https:\/\/pravaliacusapunuri.ro\/en\/wp-json\/wp\/v2\/product\/13\/revisions\/7292"}],"wp:featuredmedia":[{"embeddable":true,"href":"https:\/\/pravaliacusapunuri.ro\/en\/wp-json\/wp\/v2\/media\/6855"}],"wp:attachment":[{"href":"https:\/\/pravaliacusapunuri.ro\/en\/wp-json\/wp\/v2\/media?parent=13"}],"wp:term":[{"taxonomy":"product_brand","embeddable":true,"href":"https:\/\/pravaliacusapunuri.ro\/en\/wp-json\/wp\/v2\/product_brand?post=13"},{"taxonomy":"product_cat","embeddable":true,"href":"https:\/\/pravaliacusapunuri.ro\/en\/wp-json\/wp\/v2\/product_cat?post=13"},{"taxonomy":"product_tag","embeddable":true,"href":"https:\/\/pravaliacusapunuri.ro\/en\/wp-json\/wp\/v2\/product_tag?post=13"}],"curies":[{"name":"wp","href":"https:\/\/api.w.org\/{rel}","templated":true}]}}