{"id":12,"date":"2017-08-15T12:58:16","date_gmt":"2017-08-15T12:58:16","guid":{"rendered":"http:\/\/pravaliacusapunuri.ro\/?post_type=product&#038;p=12"},"modified":"2023-11-28T20:22:12","modified_gmt":"2023-11-28T18:22:12","slug":"sapun-tonifiant-cu-ciocolata-si-menta","status":"publish","type":"product","link":"https:\/\/pravaliacusapunuri.ro\/en\/produse\/sapun-natural\/sapun-tonifiant-cu-ciocolata-si-menta\/","title":{"rendered":"S\u0103pun natural cu Ciocolat\u0103 \u0219i Ment\u0103"},"content":{"rendered":"<p><strong>Descriere:<\/strong><\/p>\n<ul>\n<li>Sapun natural cu Ciocolata si Menta are un efect revigorant, racorind pielea! Contine o cantitate mare de antioxidanti care au rolul de a proteja pielea de efectele nocive ale mediului (radicali liberi, praf, poluare etc.) si are puternice efecte anti-imbatranire. Manufacturat din unturi si uleiuri naturale.<\/li>\n<\/ul>\n<p><strong>Beneficii Sapun natural cu Ciocolata si Menta:<\/strong><\/p>\n<ul>\n<li>Cacaoa are un continut extrem de bogat in antioxidanti care apara pielea de agresivitatea factorilor externi (praf, poluare), impiedicand procesul de imbatranire<\/li>\n<li>Argila verde este bogata in minerale si oligoelemente, este ideala pentru remineralizarea si decongestionarea pielii, ajuta la eliminarea excesului de sebum si a impuritatilor<\/li>\n<li>Infuzia de menta curata porii dilatati si improspateaza tenul<\/li>\n<li>Uleiul esential de menta contine mentol, care este bun pentru piele, deoarece creeaza o senzatie de racorire. In plus, hraneste pielea obosita si imbunatateste textura pielii grase sau uleioase<\/li>\n<li>Uleiul esential de patchouli are un efect foarte bun impotriva ridurilor, readuce fermitatea pielii, calmeza inflamatiile, catifeleaza pielea aspra si crapata<\/li>\n<\/ul>\n<p><strong>Uleiurile de baza din sapunurile noastre:<\/strong><\/p>\n<ul>\n<li>Uleiul de masline este un foarte bun hidratant, ajuta la regenerarea tesuturilor si la reducerea inflamatiilor. Atrage umezeala si o pastreaza, creand la suprafata pielii un film permeabil, care permite pielii sa respire, sa transpire si in acelasi timp ii mentine hidratarea. Curata bine si face o spuma fina<\/li>\n<li>Uleiul de cocos contine un procent ridicat de antioxidanti care previn imbatranirea pielii si care constituie un filtru UV natural<\/li>\n<li>Uleiul de floarea soarelui este un ulei vegetal hidratant ce formeaza un strat protector la suprafata pielii, strat ce pastreaza umezeala in piele. Contine o cantitate mare de vitamina E. Este foarte potrivit pentru pielea sensibila, matura, uscata<\/li>\n<li>Uleiul de ricin este un ingredient important in sapun pentru ca potenteaza efectele benefice ale altor uleiuri. Este eficient in tratarea infectiilor, a iritatiilor si a inflamatiilor pielii<\/li>\n<li>Untul de cacao are un continut ridicat de antioxidanti cu puternic efect de antiimbatranire. Intensifica regenerarea si intareste rezistenta pielii, conferindu-i aspect matasos<\/li>\n<\/ul>\n<p><strong>Ingrediente Sapun natural cu Ciocolata si Menta (INCI):<\/strong><\/p>\n<ul>\n<li>Olea Europaea Fruit Oil, Aqua, Cocos Nucifera Oil, Sodium Hydroxide, Helianthus Annuus Hybrid Oil, Ricinus Communis Seed Oil, Theobroma Cacao Seed Butter, Mentha Piperita Oil, Mentha Piperita Leaf, Pogostemon Cablin Leaf Oil, Argilla Extract, Theobroma Cacao Seed Powder, Limonene.<\/li>\n<\/ul>\n<p><em><strong>Realizat manual prin metoda la rece!<\/strong><\/em><\/p>\n<p><strong>Utilizare:<\/strong> fata, maini, corp.<\/p>\n<p><strong>Recomandari:<\/strong> ten mixt\/gras, acneic.<\/p>\n<p><strong>Cantitate: 100g\u00b15g \u212e<\/strong><\/p>\n<p>&nbsp;<\/p>\n<div>\n<p lang=\"ro-ro\" xml:lang=\"ro-ro\"><strong lang=\"ro-ro\" xml:lang=\"ro-ro\">Referinta CPNP : 28<\/strong><strong>60372<\/strong><\/p>\n<\/div>\n<div>\n<p lang=\"ro-ro\" xml:lang=\"ro-ro\"><strong lang=\"ro-ro\" xml:lang=\"ro-ro\">Testat si notificat in conformitate cu normele CEE<\/strong><\/p>\n<\/div>\n<div>\n<p lang=\"ro-ro\" xml:lang=\"ro-ro\"><strong lang=\"ro-ro\" xml:lang=\"ro-ro\">Produs cu drag in Romania!<\/strong><\/p>\n<\/div>\n<p>&nbsp;<\/p>\n<p>&nbsp;<\/p>\n<p>Pentru a vizualiza toate produsele din categoria Sapun Natural, apasa\u00a0<a href=\"https:\/\/pravaliacusapunuri.ro\/en\/product-category\/sapun-natural\/\"><strong>AICI!<\/strong><\/a><\/p>","protected":false},"excerpt":{"rendered":"<p><strong>S\u0103pun natural cu Ciocolat\u0103 \u0219i Ment\u0103<\/strong> are un efect revigorant, r\u0103corind pielea! Con\u0163ine o cantitate mare de antioxidan\u0163i care au rolul de a proteja pielea de efectele nocive ale mediului (radicali liberi, praf, poluare etc.) \u015fi are puternice efecte anti-\u00eemb\u0103tr\u00e2nire. Manufacturat din unturi \u0219i uleiuri naturale.<\/p>\n<p><strong>Utilizare:<\/strong> fata, maini, corp<br \/>\n<strong>Recomand\u0103ri:<\/strong> ten mixt\/gras, acneic<br \/>\n<strong>Cantitate:\u00a0<\/strong>100g\u00b15g \u212e<\/p>\n<p><strong>Realizat manual prin metoda la rece!<\/strong><\/p>","protected":false},"featured_media":6859,"comment_status":"open","ping_status":"closed","template":"","meta":[],"product_brand":[],"product_cat":[56],"product_tag":[],"class_list":{"0":"post-12","1":"product","2":"type-product","3":"status-publish","4":"has-post-thumbnail","6":"product_cat-sapun-natural","8":"first","9":"instock","10":"shipping-taxable","11":"purchasable","12":"product-type-simple"},"yoast_head":"<!-- This site is optimized with the Yoast SEO plugin v27.4 - https:\/\/yoast.com\/product\/yoast-seo-wordpress\/ -->\n<title>Sapun natural cu Ciocolata si Menta - Pravalia cu sapunuri<\/title>\n<meta name=\"description\" content=\"S\u0103pun natural cu Ciocolat\u0103 \u0219i Ment\u0103 are un efect revigorant, r\u0103corind pielea! Protejeaza pielea \u015fi are puternice efecte anti-\u00eemb\u0103tr\u00e2nire.\" \/>\n<meta name=\"robots\" content=\"index, follow, max-snippet:-1, max-image-preview:large, max-video-preview:-1\" \/>\n<link rel=\"canonical\" href=\"https:\/\/pravaliacusapunuri.ro\/en\/produse\/sapun-natural\/sapun-tonifiant-cu-ciocolata-si-menta\/\" \/>\n<meta property=\"og:locale\" content=\"en_US\" \/>\n<meta property=\"og:type\" content=\"article\" \/>\n<meta property=\"og:title\" content=\"Sapun natural cu Ciocolata si Menta - Pravalia cu sapunuri\" \/>\n<meta property=\"og:description\" content=\"S\u0103pun natural cu Ciocolat\u0103 \u0219i Ment\u0103 are un efect revigorant, r\u0103corind pielea! Protejeaza pielea \u015fi are puternice efecte anti-\u00eemb\u0103tr\u00e2nire.\" \/>\n<meta property=\"og:url\" content=\"https:\/\/pravaliacusapunuri.ro\/en\/produse\/sapun-natural\/sapun-tonifiant-cu-ciocolata-si-menta\/\" \/>\n<meta property=\"article:publisher\" content=\"https:\/\/www.facebook.com\/pravaliacusapunuri.ro\/\" \/>\n<meta property=\"article:modified_time\" content=\"2023-11-28T18:22:12+00:00\" \/>\n<meta property=\"og:image\" content=\"https:\/\/pravaliacusapunuri.ro\/wp-content\/uploads\/2017\/08\/Sapun-natural-Ciocolata-Menta-01.jpg\" \/>\n\t<meta property=\"og:image:width\" content=\"1000\" \/>\n\t<meta property=\"og:image:height\" content=\"1000\" \/>\n\t<meta property=\"og:image:type\" content=\"image\/jpeg\" \/>\n<meta name=\"twitter:card\" content=\"summary_large_image\" \/>\n<meta name=\"twitter:label1\" content=\"Est. reading time\" \/>\n\t<meta name=\"twitter:data1\" content=\"3 minutes\" \/>\n<script type=\"application\/ld+json\" class=\"yoast-schema-graph\">{\"@context\":\"https:\\\/\\\/schema.org\",\"@graph\":[{\"@type\":\"WebPage\",\"@id\":\"https:\\\/\\\/pravaliacusapunuri.ro\\\/produse\\\/sapun-natural\\\/sapun-tonifiant-cu-ciocolata-si-menta\\\/\",\"url\":\"https:\\\/\\\/pravaliacusapunuri.ro\\\/produse\\\/sapun-natural\\\/sapun-tonifiant-cu-ciocolata-si-menta\\\/\",\"name\":\"Sapun natural cu Ciocolata si Menta - Pravalia cu sapunuri\",\"isPartOf\":{\"@id\":\"https:\\\/\\\/pravaliacusapunuri.ro\\\/#website\"},\"primaryImageOfPage\":{\"@id\":\"https:\\\/\\\/pravaliacusapunuri.ro\\\/produse\\\/sapun-natural\\\/sapun-tonifiant-cu-ciocolata-si-menta\\\/#primaryimage\"},\"image\":{\"@id\":\"https:\\\/\\\/pravaliacusapunuri.ro\\\/produse\\\/sapun-natural\\\/sapun-tonifiant-cu-ciocolata-si-menta\\\/#primaryimage\"},\"thumbnailUrl\":\"https:\\\/\\\/pravaliacusapunuri.ro\\\/wp-content\\\/uploads\\\/2017\\\/08\\\/Sapun-natural-Ciocolata-Menta-01.jpg\",\"datePublished\":\"2017-08-15T12:58:16+00:00\",\"dateModified\":\"2023-11-28T18:22:12+00:00\",\"description\":\"S\u0103pun natural cu Ciocolat\u0103 \u0219i Ment\u0103 are un efect revigorant, r\u0103corind pielea! Protejeaza pielea \u015fi are puternice efecte anti-\u00eemb\u0103tr\u00e2nire.\",\"breadcrumb\":{\"@id\":\"https:\\\/\\\/pravaliacusapunuri.ro\\\/produse\\\/sapun-natural\\\/sapun-tonifiant-cu-ciocolata-si-menta\\\/#breadcrumb\"},\"inLanguage\":\"en-US\",\"potentialAction\":[{\"@type\":\"ReadAction\",\"target\":[\"https:\\\/\\\/pravaliacusapunuri.ro\\\/produse\\\/sapun-natural\\\/sapun-tonifiant-cu-ciocolata-si-menta\\\/\"]}]},{\"@type\":\"ImageObject\",\"inLanguage\":\"en-US\",\"@id\":\"https:\\\/\\\/pravaliacusapunuri.ro\\\/produse\\\/sapun-natural\\\/sapun-tonifiant-cu-ciocolata-si-menta\\\/#primaryimage\",\"url\":\"https:\\\/\\\/pravaliacusapunuri.ro\\\/wp-content\\\/uploads\\\/2017\\\/08\\\/Sapun-natural-Ciocolata-Menta-01.jpg\",\"contentUrl\":\"https:\\\/\\\/pravaliacusapunuri.ro\\\/wp-content\\\/uploads\\\/2017\\\/08\\\/Sapun-natural-Ciocolata-Menta-01.jpg\",\"width\":1000,\"height\":1000,\"caption\":\"S\u0103pun natural cu Ciocolat\u0103 \u0219i Ment\u0103 are un efect revigorant, r\u0103corind pielea! Protejeaza pielea \u015fi are puternice efecte anti-\u00eemb\u0103tr\u00e2nire.\"},{\"@type\":\"BreadcrumbList\",\"@id\":\"https:\\\/\\\/pravaliacusapunuri.ro\\\/produse\\\/sapun-natural\\\/sapun-tonifiant-cu-ciocolata-si-menta\\\/#breadcrumb\",\"itemListElement\":[{\"@type\":\"ListItem\",\"position\":1,\"name\":\"Prima pagin\u0103\",\"item\":\"https:\\\/\\\/pravaliacusapunuri.ro\\\/\"},{\"@type\":\"ListItem\",\"position\":2,\"name\":\"Produse\",\"item\":\"https:\\\/\\\/pravaliacusapunuri.ro\\\/produse\\\/\"},{\"@type\":\"ListItem\",\"position\":3,\"name\":\"S\u0103pun natural cu Ciocolat\u0103 \u0219i Ment\u0103\"}]},{\"@type\":\"WebSite\",\"@id\":\"https:\\\/\\\/pravaliacusapunuri.ro\\\/#website\",\"url\":\"https:\\\/\\\/pravaliacusapunuri.ro\\\/\",\"name\":\"Pr\u0103v\u0103lia cu S\u0103punuri\",\"description\":\"\",\"publisher\":{\"@id\":\"https:\\\/\\\/pravaliacusapunuri.ro\\\/#organization\"},\"potentialAction\":[{\"@type\":\"SearchAction\",\"target\":{\"@type\":\"EntryPoint\",\"urlTemplate\":\"https:\\\/\\\/pravaliacusapunuri.ro\\\/?s={search_term_string}\"},\"query-input\":{\"@type\":\"PropertyValueSpecification\",\"valueRequired\":true,\"valueName\":\"search_term_string\"}}],\"inLanguage\":\"en-US\"},{\"@type\":\"Organization\",\"@id\":\"https:\\\/\\\/pravaliacusapunuri.ro\\\/#organization\",\"name\":\"Pr\u0103v\u0103lia cu S\u0103punuri SRL\",\"url\":\"https:\\\/\\\/pravaliacusapunuri.ro\\\/\",\"logo\":{\"@type\":\"ImageObject\",\"inLanguage\":\"en-US\",\"@id\":\"https:\\\/\\\/pravaliacusapunuri.ro\\\/#\\\/schema\\\/logo\\\/image\\\/\",\"url\":\"https:\\\/\\\/pravaliacusapunuri.ro\\\/wp-content\\\/uploads\\\/2023\\\/12\\\/cropped-stampila-2.png\",\"contentUrl\":\"https:\\\/\\\/pravaliacusapunuri.ro\\\/wp-content\\\/uploads\\\/2023\\\/12\\\/cropped-stampila-2.png\",\"width\":509,\"height\":448,\"caption\":\"Pr\u0103v\u0103lia cu S\u0103punuri SRL\"},\"image\":{\"@id\":\"https:\\\/\\\/pravaliacusapunuri.ro\\\/#\\\/schema\\\/logo\\\/image\\\/\"},\"sameAs\":[\"https:\\\/\\\/www.facebook.com\\\/pravaliacusapunuri.ro\\\/\",\"https:\\\/\\\/www.instagram.com\\\/pravalia_cu_sapunuri\\\/\"]}]}<\/script>\n<!-- \/ Yoast SEO plugin. -->","yoast_head_json":{"title":"Sapun natural cu Ciocolata si Menta - Pravalia cu sapunuri","description":"S\u0103pun natural cu Ciocolat\u0103 \u0219i Ment\u0103 are un efect revigorant, r\u0103corind pielea! Protejeaza pielea \u015fi are puternice efecte anti-\u00eemb\u0103tr\u00e2nire.","robots":{"index":"index","follow":"follow","max-snippet":"max-snippet:-1","max-image-preview":"max-image-preview:large","max-video-preview":"max-video-preview:-1"},"canonical":"https:\/\/pravaliacusapunuri.ro\/en\/produse\/sapun-natural\/sapun-tonifiant-cu-ciocolata-si-menta\/","og_locale":"en_US","og_type":"article","og_title":"Sapun natural cu Ciocolata si Menta - Pravalia cu sapunuri","og_description":"S\u0103pun natural cu Ciocolat\u0103 \u0219i Ment\u0103 are un efect revigorant, r\u0103corind pielea! Protejeaza pielea \u015fi are puternice efecte anti-\u00eemb\u0103tr\u00e2nire.","og_url":"https:\/\/pravaliacusapunuri.ro\/en\/produse\/sapun-natural\/sapun-tonifiant-cu-ciocolata-si-menta\/","article_publisher":"https:\/\/www.facebook.com\/pravaliacusapunuri.ro\/","article_modified_time":"2023-11-28T18:22:12+00:00","og_image":[{"width":1000,"height":1000,"url":"https:\/\/pravaliacusapunuri.ro\/wp-content\/uploads\/2017\/08\/Sapun-natural-Ciocolata-Menta-01.jpg","type":"image\/jpeg"}],"twitter_card":"summary_large_image","twitter_misc":{"Est. reading time":"3 minutes"},"schema":{"@context":"https:\/\/schema.org","@graph":[{"@type":"WebPage","@id":"https:\/\/pravaliacusapunuri.ro\/produse\/sapun-natural\/sapun-tonifiant-cu-ciocolata-si-menta\/","url":"https:\/\/pravaliacusapunuri.ro\/produse\/sapun-natural\/sapun-tonifiant-cu-ciocolata-si-menta\/","name":"Sapun natural cu Ciocolata si Menta - Pravalia cu sapunuri","isPartOf":{"@id":"https:\/\/pravaliacusapunuri.ro\/#website"},"primaryImageOfPage":{"@id":"https:\/\/pravaliacusapunuri.ro\/produse\/sapun-natural\/sapun-tonifiant-cu-ciocolata-si-menta\/#primaryimage"},"image":{"@id":"https:\/\/pravaliacusapunuri.ro\/produse\/sapun-natural\/sapun-tonifiant-cu-ciocolata-si-menta\/#primaryimage"},"thumbnailUrl":"https:\/\/pravaliacusapunuri.ro\/wp-content\/uploads\/2017\/08\/Sapun-natural-Ciocolata-Menta-01.jpg","datePublished":"2017-08-15T12:58:16+00:00","dateModified":"2023-11-28T18:22:12+00:00","description":"S\u0103pun natural cu Ciocolat\u0103 \u0219i Ment\u0103 are un efect revigorant, r\u0103corind pielea! Protejeaza pielea \u015fi are puternice efecte anti-\u00eemb\u0103tr\u00e2nire.","breadcrumb":{"@id":"https:\/\/pravaliacusapunuri.ro\/produse\/sapun-natural\/sapun-tonifiant-cu-ciocolata-si-menta\/#breadcrumb"},"inLanguage":"en-US","potentialAction":[{"@type":"ReadAction","target":["https:\/\/pravaliacusapunuri.ro\/produse\/sapun-natural\/sapun-tonifiant-cu-ciocolata-si-menta\/"]}]},{"@type":"ImageObject","inLanguage":"en-US","@id":"https:\/\/pravaliacusapunuri.ro\/produse\/sapun-natural\/sapun-tonifiant-cu-ciocolata-si-menta\/#primaryimage","url":"https:\/\/pravaliacusapunuri.ro\/wp-content\/uploads\/2017\/08\/Sapun-natural-Ciocolata-Menta-01.jpg","contentUrl":"https:\/\/pravaliacusapunuri.ro\/wp-content\/uploads\/2017\/08\/Sapun-natural-Ciocolata-Menta-01.jpg","width":1000,"height":1000,"caption":"S\u0103pun natural cu Ciocolat\u0103 \u0219i Ment\u0103 are un efect revigorant, r\u0103corind pielea! Protejeaza pielea \u015fi are puternice efecte anti-\u00eemb\u0103tr\u00e2nire."},{"@type":"BreadcrumbList","@id":"https:\/\/pravaliacusapunuri.ro\/produse\/sapun-natural\/sapun-tonifiant-cu-ciocolata-si-menta\/#breadcrumb","itemListElement":[{"@type":"ListItem","position":1,"name":"Prima pagin\u0103","item":"https:\/\/pravaliacusapunuri.ro\/"},{"@type":"ListItem","position":2,"name":"Produse","item":"https:\/\/pravaliacusapunuri.ro\/produse\/"},{"@type":"ListItem","position":3,"name":"S\u0103pun natural cu Ciocolat\u0103 \u0219i Ment\u0103"}]},{"@type":"WebSite","@id":"https:\/\/pravaliacusapunuri.ro\/#website","url":"https:\/\/pravaliacusapunuri.ro\/","name":"Pr\u0103v\u0103lia cu S\u0103punuri","description":"","publisher":{"@id":"https:\/\/pravaliacusapunuri.ro\/#organization"},"potentialAction":[{"@type":"SearchAction","target":{"@type":"EntryPoint","urlTemplate":"https:\/\/pravaliacusapunuri.ro\/?s={search_term_string}"},"query-input":{"@type":"PropertyValueSpecification","valueRequired":true,"valueName":"search_term_string"}}],"inLanguage":"en-US"},{"@type":"Organization","@id":"https:\/\/pravaliacusapunuri.ro\/#organization","name":"Pr\u0103v\u0103lia cu S\u0103punuri SRL","url":"https:\/\/pravaliacusapunuri.ro\/","logo":{"@type":"ImageObject","inLanguage":"en-US","@id":"https:\/\/pravaliacusapunuri.ro\/#\/schema\/logo\/image\/","url":"https:\/\/pravaliacusapunuri.ro\/wp-content\/uploads\/2023\/12\/cropped-stampila-2.png","contentUrl":"https:\/\/pravaliacusapunuri.ro\/wp-content\/uploads\/2023\/12\/cropped-stampila-2.png","width":509,"height":448,"caption":"Pr\u0103v\u0103lia cu S\u0103punuri SRL"},"image":{"@id":"https:\/\/pravaliacusapunuri.ro\/#\/schema\/logo\/image\/"},"sameAs":["https:\/\/www.facebook.com\/pravaliacusapunuri.ro\/","https:\/\/www.instagram.com\/pravalia_cu_sapunuri\/"]}]}},"_links":{"self":[{"href":"https:\/\/pravaliacusapunuri.ro\/en\/wp-json\/wp\/v2\/product\/12","targetHints":{"allow":["GET"]}}],"collection":[{"href":"https:\/\/pravaliacusapunuri.ro\/en\/wp-json\/wp\/v2\/product"}],"about":[{"href":"https:\/\/pravaliacusapunuri.ro\/en\/wp-json\/wp\/v2\/types\/product"}],"replies":[{"embeddable":true,"href":"https:\/\/pravaliacusapunuri.ro\/en\/wp-json\/wp\/v2\/comments?post=12"}],"version-history":[{"count":16,"href":"https:\/\/pravaliacusapunuri.ro\/en\/wp-json\/wp\/v2\/product\/12\/revisions"}],"predecessor-version":[{"id":7291,"href":"https:\/\/pravaliacusapunuri.ro\/en\/wp-json\/wp\/v2\/product\/12\/revisions\/7291"}],"wp:featuredmedia":[{"embeddable":true,"href":"https:\/\/pravaliacusapunuri.ro\/en\/wp-json\/wp\/v2\/media\/6859"}],"wp:attachment":[{"href":"https:\/\/pravaliacusapunuri.ro\/en\/wp-json\/wp\/v2\/media?parent=12"}],"wp:term":[{"taxonomy":"product_brand","embeddable":true,"href":"https:\/\/pravaliacusapunuri.ro\/en\/wp-json\/wp\/v2\/product_brand?post=12"},{"taxonomy":"product_cat","embeddable":true,"href":"https:\/\/pravaliacusapunuri.ro\/en\/wp-json\/wp\/v2\/product_cat?post=12"},{"taxonomy":"product_tag","embeddable":true,"href":"https:\/\/pravaliacusapunuri.ro\/en\/wp-json\/wp\/v2\/product_tag?post=12"}],"curies":[{"name":"wp","href":"https:\/\/api.w.org\/{rel}","templated":true}]}}