{"id":36,"date":"2017-04-14T01:17:27","date_gmt":"2017-04-14T01:17:27","guid":{"rendered":"http:\/\/7uptheme.com\/wordpress\/fruitshop\/?page_id=36"},"modified":"2024-10-07T16:55:49","modified_gmt":"2024-10-07T13:55:49","slug":"contact","status":"publish","type":"page","link":"https:\/\/pravaliacusapunuri.ro\/en\/contact\/","title":{"rendered":"Contact"},"content":{"rendered":"<p><strong>Firma care de\u021bine magazinul:\u00a0<\/strong>PRAVALIA CU SAPUNURI SRL- Comuna Berceni, Ilfov<br \/>\n<strong>Num\u0103r \u00eenregistrare Registrul Comer\u021bului:\u00a0<\/strong>J23\/2071\/09.05.2019<br \/>\n<strong>CIF:\u00a0<\/strong>37508424<\/p>\n<p>IBAN: RO08INGB0000999906753131<\/p>\n<p>Banca: ING BANK NV<\/p>\n<p>Moneda: RON<\/p>\n<p><strong>Preluare comenzi <\/strong><br \/>\n<strong>Luni-Vineri:<\/strong> 9:00-17:00<br \/>\n<strong>Telefon:<\/strong> <a href=\"tel:0749572415\">0749.572.415<\/a><br \/>\n<strong>e-mail: pravaliacusapunuri@yahoo.com<\/strong><\/p>","protected":false},"excerpt":{"rendered":"<p>Firma care de\u021bine magazinul:\u00a0PRAVALIA CU SAPUNURI SRL- Comuna Berceni, Ilfov Num\u0103r \u00eenregistrare Registrul Comer\u021bului:\u00a0J23\/2071\/09.05.2019 CIF:\u00a037508424 IBAN: RO08INGB0000999906753131 Banca: ING BANK NV Moneda: RON Preluare comenzi Luni-Vineri: 9:00-17:00 Telefon: 0749.572.415 e-mail: [&hellip;]<\/p>\n","protected":false},"author":1,"featured_media":0,"parent":0,"menu_order":0,"comment_status":"closed","ping_status":"closed","template":"","meta":{"footnotes":""},"class_list":["post-36","page","type-page","status-publish","hentry"],"yoast_head":"<!-- This site is optimized with the Yoast SEO plugin v27.5 - https:\/\/yoast.com\/product\/yoast-seo-wordpress\/ -->\n<title>Contact - Pravalia cu sapunuri<\/title>\n<meta name=\"description\" content=\"Daca ai intrebari despre produsele noastre si nu numai, nu ezita sa ne contactezi si noi iti vom raspunde in cel mai scurt timp posibil.\" \/>\n<meta name=\"robots\" content=\"index, follow, max-snippet:-1, max-image-preview:large, max-video-preview:-1\" \/>\n<link rel=\"canonical\" href=\"https:\/\/pravaliacusapunuri.ro\/en\/contact\/\" \/>\n<meta property=\"og:locale\" content=\"en_US\" \/>\n<meta property=\"og:type\" content=\"article\" \/>\n<meta property=\"og:title\" content=\"Contact - Pravalia cu sapunuri\" \/>\n<meta property=\"og:description\" content=\"Daca ai intrebari despre produsele noastre si nu numai, nu ezita sa ne contactezi si noi iti vom raspunde in cel mai scurt timp posibil.\" \/>\n<meta property=\"og:url\" content=\"https:\/\/pravaliacusapunuri.ro\/en\/contact\/\" \/>\n<meta property=\"article:publisher\" content=\"https:\/\/www.facebook.com\/pravaliacusapunuri.ro\/\" \/>\n<meta property=\"article:modified_time\" content=\"2024-10-07T13:55:49+00:00\" \/>\n<meta name=\"twitter:card\" content=\"summary_large_image\" \/>\n<script type=\"application\/ld+json\" class=\"yoast-schema-graph\">{\"@context\":\"https:\\\/\\\/schema.org\",\"@graph\":[{\"@type\":\"WebPage\",\"@id\":\"https:\\\/\\\/pravaliacusapunuri.ro\\\/contact\\\/\",\"url\":\"https:\\\/\\\/pravaliacusapunuri.ro\\\/contact\\\/\",\"name\":\"Contact - Pravalia cu sapunuri\",\"isPartOf\":{\"@id\":\"https:\\\/\\\/pravaliacusapunuri.ro\\\/#website\"},\"datePublished\":\"2017-04-14T01:17:27+00:00\",\"dateModified\":\"2024-10-07T13:55:49+00:00\",\"description\":\"Daca ai intrebari despre produsele noastre si nu numai, nu ezita sa ne contactezi si noi iti vom raspunde in cel mai scurt timp posibil.\",\"breadcrumb\":{\"@id\":\"https:\\\/\\\/pravaliacusapunuri.ro\\\/contact\\\/#breadcrumb\"},\"inLanguage\":\"en-US\",\"potentialAction\":[{\"@type\":\"ReadAction\",\"target\":[\"https:\\\/\\\/pravaliacusapunuri.ro\\\/contact\\\/\"]}]},{\"@type\":\"BreadcrumbList\",\"@id\":\"https:\\\/\\\/pravaliacusapunuri.ro\\\/contact\\\/#breadcrumb\",\"itemListElement\":[{\"@type\":\"ListItem\",\"position\":1,\"name\":\"Prima pagin\u0103\",\"item\":\"https:\\\/\\\/pravaliacusapunuri.ro\\\/\"},{\"@type\":\"ListItem\",\"position\":2,\"name\":\"Contact\"}]},{\"@type\":\"WebSite\",\"@id\":\"https:\\\/\\\/pravaliacusapunuri.ro\\\/#website\",\"url\":\"https:\\\/\\\/pravaliacusapunuri.ro\\\/\",\"name\":\"Pr\u0103v\u0103lia cu S\u0103punuri\",\"description\":\"\",\"publisher\":{\"@id\":\"https:\\\/\\\/pravaliacusapunuri.ro\\\/#organization\"},\"potentialAction\":[{\"@type\":\"SearchAction\",\"target\":{\"@type\":\"EntryPoint\",\"urlTemplate\":\"https:\\\/\\\/pravaliacusapunuri.ro\\\/?s={search_term_string}\"},\"query-input\":{\"@type\":\"PropertyValueSpecification\",\"valueRequired\":true,\"valueName\":\"search_term_string\"}}],\"inLanguage\":\"en-US\"},{\"@type\":\"Organization\",\"@id\":\"https:\\\/\\\/pravaliacusapunuri.ro\\\/#organization\",\"name\":\"Pr\u0103v\u0103lia cu S\u0103punuri SRL\",\"url\":\"https:\\\/\\\/pravaliacusapunuri.ro\\\/\",\"logo\":{\"@type\":\"ImageObject\",\"inLanguage\":\"en-US\",\"@id\":\"https:\\\/\\\/pravaliacusapunuri.ro\\\/#\\\/schema\\\/logo\\\/image\\\/\",\"url\":\"https:\\\/\\\/pravaliacusapunuri.ro\\\/wp-content\\\/uploads\\\/2023\\\/12\\\/cropped-stampila-2.png\",\"contentUrl\":\"https:\\\/\\\/pravaliacusapunuri.ro\\\/wp-content\\\/uploads\\\/2023\\\/12\\\/cropped-stampila-2.png\",\"width\":509,\"height\":448,\"caption\":\"Pr\u0103v\u0103lia cu S\u0103punuri SRL\"},\"image\":{\"@id\":\"https:\\\/\\\/pravaliacusapunuri.ro\\\/#\\\/schema\\\/logo\\\/image\\\/\"},\"sameAs\":[\"https:\\\/\\\/www.facebook.com\\\/pravaliacusapunuri.ro\\\/\",\"https:\\\/\\\/www.instagram.com\\\/pravalia_cu_sapunuri\\\/\"]}]}<\/script>\n<!-- \/ Yoast SEO plugin. -->","yoast_head_json":{"title":"Contact - Pravalia cu sapunuri","description":"Daca ai intrebari despre produsele noastre si nu numai, nu ezita sa ne contactezi si noi iti vom raspunde in cel mai scurt timp posibil.","robots":{"index":"index","follow":"follow","max-snippet":"max-snippet:-1","max-image-preview":"max-image-preview:large","max-video-preview":"max-video-preview:-1"},"canonical":"https:\/\/pravaliacusapunuri.ro\/en\/contact\/","og_locale":"en_US","og_type":"article","og_title":"Contact - Pravalia cu sapunuri","og_description":"Daca ai intrebari despre produsele noastre si nu numai, nu ezita sa ne contactezi si noi iti vom raspunde in cel mai scurt timp posibil.","og_url":"https:\/\/pravaliacusapunuri.ro\/en\/contact\/","article_publisher":"https:\/\/www.facebook.com\/pravaliacusapunuri.ro\/","article_modified_time":"2024-10-07T13:55:49+00:00","twitter_card":"summary_large_image","schema":{"@context":"https:\/\/schema.org","@graph":[{"@type":"WebPage","@id":"https:\/\/pravaliacusapunuri.ro\/contact\/","url":"https:\/\/pravaliacusapunuri.ro\/contact\/","name":"Contact - Pravalia cu sapunuri","isPartOf":{"@id":"https:\/\/pravaliacusapunuri.ro\/#website"},"datePublished":"2017-04-14T01:17:27+00:00","dateModified":"2024-10-07T13:55:49+00:00","description":"Daca ai intrebari despre produsele noastre si nu numai, nu ezita sa ne contactezi si noi iti vom raspunde in cel mai scurt timp posibil.","breadcrumb":{"@id":"https:\/\/pravaliacusapunuri.ro\/contact\/#breadcrumb"},"inLanguage":"en-US","potentialAction":[{"@type":"ReadAction","target":["https:\/\/pravaliacusapunuri.ro\/contact\/"]}]},{"@type":"BreadcrumbList","@id":"https:\/\/pravaliacusapunuri.ro\/contact\/#breadcrumb","itemListElement":[{"@type":"ListItem","position":1,"name":"Prima pagin\u0103","item":"https:\/\/pravaliacusapunuri.ro\/"},{"@type":"ListItem","position":2,"name":"Contact"}]},{"@type":"WebSite","@id":"https:\/\/pravaliacusapunuri.ro\/#website","url":"https:\/\/pravaliacusapunuri.ro\/","name":"Pr\u0103v\u0103lia cu S\u0103punuri","description":"","publisher":{"@id":"https:\/\/pravaliacusapunuri.ro\/#organization"},"potentialAction":[{"@type":"SearchAction","target":{"@type":"EntryPoint","urlTemplate":"https:\/\/pravaliacusapunuri.ro\/?s={search_term_string}"},"query-input":{"@type":"PropertyValueSpecification","valueRequired":true,"valueName":"search_term_string"}}],"inLanguage":"en-US"},{"@type":"Organization","@id":"https:\/\/pravaliacusapunuri.ro\/#organization","name":"Pr\u0103v\u0103lia cu S\u0103punuri SRL","url":"https:\/\/pravaliacusapunuri.ro\/","logo":{"@type":"ImageObject","inLanguage":"en-US","@id":"https:\/\/pravaliacusapunuri.ro\/#\/schema\/logo\/image\/","url":"https:\/\/pravaliacusapunuri.ro\/wp-content\/uploads\/2023\/12\/cropped-stampila-2.png","contentUrl":"https:\/\/pravaliacusapunuri.ro\/wp-content\/uploads\/2023\/12\/cropped-stampila-2.png","width":509,"height":448,"caption":"Pr\u0103v\u0103lia cu S\u0103punuri SRL"},"image":{"@id":"https:\/\/pravaliacusapunuri.ro\/#\/schema\/logo\/image\/"},"sameAs":["https:\/\/www.facebook.com\/pravaliacusapunuri.ro\/","https:\/\/www.instagram.com\/pravalia_cu_sapunuri\/"]}]}},"_links":{"self":[{"href":"https:\/\/pravaliacusapunuri.ro\/en\/wp-json\/wp\/v2\/pages\/36","targetHints":{"allow":["GET"]}}],"collection":[{"href":"https:\/\/pravaliacusapunuri.ro\/en\/wp-json\/wp\/v2\/pages"}],"about":[{"href":"https:\/\/pravaliacusapunuri.ro\/en\/wp-json\/wp\/v2\/types\/page"}],"author":[{"embeddable":true,"href":"https:\/\/pravaliacusapunuri.ro\/en\/wp-json\/wp\/v2\/users\/1"}],"replies":[{"embeddable":true,"href":"https:\/\/pravaliacusapunuri.ro\/en\/wp-json\/wp\/v2\/comments?post=36"}],"version-history":[{"count":39,"href":"https:\/\/pravaliacusapunuri.ro\/en\/wp-json\/wp\/v2\/pages\/36\/revisions"}],"predecessor-version":[{"id":7397,"href":"https:\/\/pravaliacusapunuri.ro\/en\/wp-json\/wp\/v2\/pages\/36\/revisions\/7397"}],"wp:attachment":[{"href":"https:\/\/pravaliacusapunuri.ro\/en\/wp-json\/wp\/v2\/media?parent=36"}],"curies":[{"name":"wp","href":"https:\/\/api.w.org\/{rel}","templated":true}]}}