{"id":34,"date":"2017-04-14T01:17:07","date_gmt":"2017-04-14T01:17:07","guid":{"rendered":"http:\/\/7uptheme.com\/wordpress\/fruitshop\/?page_id=34"},"modified":"2024-10-07T16:53:12","modified_gmt":"2024-10-07T13:53:12","slug":"despre-noi","status":"publish","type":"page","link":"https:\/\/pravaliacusapunuri.ro\/en\/despre-noi\/","title":{"rendered":"Despre noi"},"content":{"rendered":"<div data-elementor-type=\"wp-post\" data-elementor-id=\"34\" class=\"elementor elementor-34\">\n\t\t\t\t\t\t<section class=\"elementor-section elementor-top-section elementor-element elementor-element-3b48f0a8 elementor-section-content-middle elementor-section-boxed elementor-section-height-default elementor-section-height-default\" data-id=\"3b48f0a8\" data-element_type=\"section\" data-e-type=\"section\">\n\t\t\t\t\t\t<div class=\"elementor-container elementor-column-gap-default\">\n\t\t\t\t\t<div class=\"elementor-column elementor-col-100 elementor-top-column elementor-element elementor-element-dd057a0\" data-id=\"dd057a0\" data-element_type=\"column\" data-e-type=\"column\">\n\t\t\t<div class=\"elementor-widget-wrap elementor-element-populated\">\n\t\t\t\t\t\t<div class=\"elementor-element elementor-element-69a1a76c elementor-widget elementor-widget-text-editor\" data-id=\"69a1a76c\" data-element_type=\"widget\" data-e-type=\"widget\" data-widget_type=\"text-editor.default\">\n\t\t\t\t<div class=\"elementor-widget-container\">\n\t\t\t\t\t\t\t\t\t<div class=\"elementor-element elementor-element-6bbdaed elementor-widget elementor-widget-heading\" data-id=\"6bbdaed\"><div class=\"elementor-widget-container\"><h4 class=\"elementor-heading-title elementor-size-default\"><span style=\"color: #000000\">Cine sau ce suntem noi? Simplu. Un stil de via\u0163\u0103.<\/span><\/h4><\/div><\/div><div class=\"elementor-element elementor-element-fd27872 elementor-widget elementor-widget-divider\" data-id=\"fd27872\"><div class=\"elementor-widget-container\"><div class=\"elementor-divider\">\u00a0<\/div><\/div><\/div><div class=\"elementor-element elementor-element-240b57f elementor-widget elementor-widget-text-editor\" data-id=\"240b57f\"><div class=\"elementor-widget-container\"><div class=\"elementor-text-editor elementor-clearfix\"><p>Din cauza faptului c\u0103 principala pia\u0163\u0103 din Rom\u00e2nia, \u015fi nu numai, este acaparat\u0103 de produse pentru \u00eengrijire alc\u0103tuite, \u00een mare parte, din substan\u0163e chimice care ne pot afecta, at\u00e2t pe exterior, c\u00e2t \u015fi pe interiorul trupului, am decis s\u0103 concep acest proiect foarte drag mie \u2013 <strong>Pr\u0103v\u0103lia Cu S\u0103punuri<\/strong><i>.<\/i><\/p><\/div><\/div><\/div><div class=\"elementor-element elementor-element-37d2e4a elementor-widget elementor-widget-heading\" data-id=\"37d2e4a\"><div class=\"elementor-widget-container\"><h4 class=\"elementor-heading-title elementor-size-default\"><span style=\"color: #000000\">Iar totul a avut la baz\u0103 o simpl\u0103 pasiune \u2013 un simplu s\u0103pun&#8230; creat altfel.<\/span><\/h4><\/div><\/div><p>Mai \u00eent\u00e2i a fost o necesitate, ce a pornit din dorin\u0163a de a schimba ceva \u00een igiena familiei mele, apoi am realizat c\u0103, \u00een timp, a crescut o pasiune de a culege informa\u0163ii cu privire la diferite ingrediente \u015fi de a-mi crea propriile sortimente. Astfel, am \u00eenceput s\u0103-mi extind gama de crea\u0163ii <i>casnice<\/i>, a\u015f zice, \u015fi <i>naturale<\/i>, menite s\u0103 \u00eemi ofere siguran\u0163a pe care nu o \u00eent\u00e2lnim mereu \u00een produsele renumite de pe pia\u0163\u0103.<\/p><p>O gam\u0103 care s\u0103 m\u0103 protejeze, s\u0103 aduc\u0103 confort \u015fi prosperitate pielii. \u015ei, mai ales, o gam\u0103 care m\u0103 ajut\u0103 s\u0103 contribui la starea de bine a celor din jurul meu. Iar lucrul acesta m\u0103 motiveaz\u0103 s\u0103 m\u0103 str\u0103duiesc mai mult, s\u0103 dau mai mult \u015fi s\u0103 devin, cu fiecare zi ce trece, o versiune mai bun\u0103 a ceea ce sunt.<\/p>\t\t\t\t\t\t\t\t<\/div>\n\t\t\t\t<\/div>\n\t\t\t\t<div class=\"elementor-element elementor-element-d61576c elementor-widget elementor-widget-spacer\" data-id=\"d61576c\" data-element_type=\"widget\" data-e-type=\"widget\" data-widget_type=\"spacer.default\">\n\t\t\t\t<div class=\"elementor-widget-container\">\n\t\t\t\t\t\t\t<div class=\"elementor-spacer\">\n\t\t\t<div class=\"elementor-spacer-inner\"><\/div>\n\t\t<\/div>\n\t\t\t\t\t\t<\/div>\n\t\t\t\t<\/div>\n\t\t\t\t<div class=\"elementor-element elementor-element-7643985 elementor-widget elementor-widget-heading\" data-id=\"7643985\" data-element_type=\"widget\" data-e-type=\"widget\" id=\"Testimoniale\" data-widget_type=\"heading.default\">\n\t\t\t\t<div class=\"elementor-widget-container\">\n\t\t\t\t\t<h2 class=\"elementor-heading-title elementor-size-default\">Parerile clientilor<\/h2>\t\t\t\t<\/div>\n\t\t\t\t<\/div>\n\t\t\t\t<div class=\"elementor-element elementor-element-29fb31a elementor-widget elementor-widget-text-editor\" data-id=\"29fb31a\" data-element_type=\"widget\" data-e-type=\"widget\" data-widget_type=\"text-editor.default\">\n\t\t\t\t<div class=\"elementor-widget-container\">\n\t\t\t\t\t\t\t\t\t<blockquote><p style=\"text-align: center\">Sunt mul\u021bumit\u0103 de produse, incep sa se vada diferentele\u2026 cu ajutorul untului de corp cu canepa am resuit sa scap de iritatiile de pe picioare. Multumesc mult!<\/p><\/blockquote><p style=\"text-align: center\"><strong>Mihaela<\/strong><\/p>\t\t\t\t\t\t\t\t<\/div>\n\t\t\t\t<\/div>\n\t\t\t\t<div class=\"elementor-element elementor-element-6eaaa0a elementor-widget elementor-widget-text-editor\" data-id=\"6eaaa0a\" data-element_type=\"widget\" data-e-type=\"widget\" data-widget_type=\"text-editor.default\">\n\t\t\t\t<div class=\"elementor-widget-container\">\n\t\t\t\t\t\t\t\t\t<blockquote><p style=\"text-align: center\">Produsele sunt super, nu ma asteptam sa-mi placa asa de mult. Recomand!<\/p><\/blockquote><p style=\"text-align: center\"><strong>Ana Maria<\/strong><\/p>\t\t\t\t\t\t\t\t<\/div>\n\t\t\t\t<\/div>\n\t\t\t\t<div class=\"elementor-element elementor-element-46a4302 elementor-widget elementor-widget-text-editor\" data-id=\"46a4302\" data-element_type=\"widget\" data-e-type=\"widget\" data-widget_type=\"text-editor.default\">\n\t\t\t\t<div class=\"elementor-widget-container\">\n\t\t\t\t\t\t\t\t\t<blockquote><p style=\"text-align: center\">Crema cu avocado it s the best:) are textura usoara, cremoasa, se absoarbe instant in piele, eu o folosesc inclusiv vara! Nu are miros puternic, pe mine m-a &#8222;uns&#8221; la suflet! Inimioarele din sare pentru baie sunt adevarate bijuterii! Pielea ramane fina si fara sa ma dau cu gel de dus cu o patrime crema hidratanta:) au o aroma extraordinara si le am folosit si la baia copiilor! Recunosc ca le am folosit mai mult ca si cadou alaturi de un balsam de buze sau de un sapun ambalat elegant!<\/p><\/blockquote><p style=\"text-align: center\"><strong>Angela<\/strong><\/p>\t\t\t\t\t\t\t\t<\/div>\n\t\t\t\t<\/div>\n\t\t\t\t<div class=\"elementor-element elementor-element-444f137 elementor-widget elementor-widget-text-editor\" data-id=\"444f137\" data-element_type=\"widget\" data-e-type=\"widget\" data-widget_type=\"text-editor.default\">\n\t\t\t\t<div class=\"elementor-widget-container\">\n\t\t\t\t\t\t\t\t\t<blockquote><p style=\"text-align: center\">Crema cu avocado e foarte bun\u0103 \u0219i nu mai am coji pe fa\u021b\u0103.<\/p><\/blockquote><p style=\"text-align: center\"><strong>Alexa<\/strong><\/p>\t\t\t\t\t\t\t\t<\/div>\n\t\t\t\t<\/div>\n\t\t\t\t<div class=\"elementor-element elementor-element-67d8fbc elementor-widget elementor-widget-text-editor\" data-id=\"67d8fbc\" data-element_type=\"widget\" data-e-type=\"widget\" data-widget_type=\"text-editor.default\">\n\t\t\t\t<div class=\"elementor-widget-container\">\n\t\t\t\t\t\t\t\t\t<blockquote><p style=\"text-align: center\">Mamei mele ii prinde foarte bine crema pentru ochi si fata, iar pe mine m-au incantat sapunurile si inimioarele efervescente pentru baie. Sapunurile curata foarte bine si nu usuca pielea. Nu mi-e teama sa folosesc aceste produse si pentru copiii mei. Recomand!<\/p><\/blockquote><p style=\"text-align: center\"><strong>Elena<\/strong><\/p>\t\t\t\t\t\t\t\t<\/div>\n\t\t\t\t<\/div>\n\t\t\t\t<div class=\"elementor-element elementor-element-7fb6703 elementor-widget elementor-widget-text-editor\" data-id=\"7fb6703\" data-element_type=\"widget\" data-e-type=\"widget\" data-widget_type=\"text-editor.default\">\n\t\t\t\t<div class=\"elementor-widget-container\">\n\t\t\t\t\t\t\t\t\t<blockquote><p style=\"text-align: center\">De cand am descoperit samponul solid cu rozmarin nu am mai folosit altceva. Cur\u0103\u021b\u0103 foarte bine p\u0103rul. Am p\u0103r cu tent\u0103 de \u00eengr\u0103\u0219are, la 2-3 zile trebuia sp\u0103lat. Acum \u00eel sp\u0103l la 5-6 zile, chiar \u0219i la s\u0103pt\u0103m\u00e2n\u0103. Este ideal! Recomand!<\/p><\/blockquote><p style=\"text-align: center\"><strong>Mihaela<\/strong><\/p>\t\t\t\t\t\t\t\t<\/div>\n\t\t\t\t<\/div>\n\t\t\t\t<div class=\"elementor-element elementor-element-60fb73f elementor-widget elementor-widget-text-editor\" data-id=\"60fb73f\" data-element_type=\"widget\" data-e-type=\"widget\" data-widget_type=\"text-editor.default\">\n\t\t\t\t<div class=\"elementor-widget-container\">\n\t\t\t\t\t\t\t\t\t<blockquote><p style=\"text-align: center\">Sunt foarte mul\u021bumit\u0103 de produsele primite. Beneficiile se v\u0103d de la prima folosire, sunt de calitate, din ingrediente naturale, fara chimicale, parfumate \u0219i au un pre\u021b accesibil oricui. Mul\u021bumesc! Va doresc succes!<\/p><\/blockquote><p style=\"text-align: center\"><strong>Bianca, 37 ani<\/strong><\/p>\t\t\t\t\t\t\t\t<\/div>\n\t\t\t\t<\/div>\n\t\t\t\t<div class=\"elementor-element elementor-element-b1409f8 elementor-widget elementor-widget-text-editor\" data-id=\"b1409f8\" data-element_type=\"widget\" data-e-type=\"widget\" data-widget_type=\"text-editor.default\">\n\t\t\t\t<div class=\"elementor-widget-container\">\n\t\t\t\t\t\t\t\t\t<blockquote><p style=\"text-align: center\">Multumesc , Pravalia cu sapunuri! Fiecare baie este un adevarat moment de rasfat datorita sarurilor efervescente. Cea cu levantica este preferata mea!<\/p><\/blockquote><p style=\"text-align: center\"><strong>Andreea<\/strong><\/p>\t\t\t\t\t\t\t\t<\/div>\n\t\t\t\t<\/div>\n\t\t\t\t\t<\/div>\n\t\t<\/div>\n\t\t\t\t\t<\/div>\n\t\t<\/section>\n\t\t\t\t<\/div>","protected":false},"excerpt":{"rendered":"<p>Cine sau ce suntem noi? Simplu. Un stil de via\u0163\u0103. \u00a0 Din cauza faptului c\u0103 principala pia\u0163\u0103 din Rom\u00e2nia, \u015fi nu numai, este acaparat\u0103 de produse pentru \u00eengrijire alc\u0103tuite, \u00een [&hellip;]<\/p>\n","protected":false},"author":1,"featured_media":3210,"parent":0,"menu_order":0,"comment_status":"closed","ping_status":"closed","template":"","meta":{"footnotes":""},"class_list":["post-34","page","type-page","status-publish","has-post-thumbnail","hentry"],"yoast_head":"<!-- This site is optimized with the Yoast SEO plugin v27.5 - https:\/\/yoast.com\/product\/yoast-seo-wordpress\/ -->\n<title>Despre noi - Pravalia cu sapunuri<\/title>\n<meta name=\"description\" content=\"Afla despre produsele noastre si ce le face sa fie atat de speciale.\" \/>\n<meta name=\"robots\" content=\"index, follow, max-snippet:-1, max-image-preview:large, max-video-preview:-1\" \/>\n<link rel=\"canonical\" href=\"https:\/\/pravaliacusapunuri.ro\/en\/despre-noi\/\" \/>\n<meta property=\"og:locale\" content=\"en_US\" \/>\n<meta property=\"og:type\" content=\"article\" \/>\n<meta property=\"og:title\" content=\"Despre noi - Pravalia cu sapunuri\" \/>\n<meta property=\"og:description\" content=\"Afla despre produsele noastre si ce le face sa fie atat de speciale.\" \/>\n<meta property=\"og:url\" content=\"https:\/\/pravaliacusapunuri.ro\/en\/despre-noi\/\" \/>\n<meta property=\"article:publisher\" content=\"https:\/\/www.facebook.com\/pravaliacusapunuri.ro\/\" \/>\n<meta property=\"article:modified_time\" content=\"2024-10-07T13:53:12+00:00\" \/>\n<meta property=\"og:image\" content=\"https:\/\/pravaliacusapunuri.ro\/wp-content\/uploads\/2018\/11\/photo-1454873019514-eae2f086587a.jpg\" \/>\n\t<meta property=\"og:image:width\" content=\"752\" \/>\n\t<meta property=\"og:image:height\" content=\"500\" \/>\n\t<meta property=\"og:image:type\" content=\"image\/jpeg\" \/>\n<meta name=\"twitter:card\" content=\"summary_large_image\" \/>\n<meta name=\"twitter:label1\" content=\"Est. reading time\" \/>\n\t<meta name=\"twitter:data1\" content=\"3 minutes\" \/>\n<script type=\"application\/ld+json\" class=\"yoast-schema-graph\">{\"@context\":\"https:\\\/\\\/schema.org\",\"@graph\":[{\"@type\":\"WebPage\",\"@id\":\"https:\\\/\\\/pravaliacusapunuri.ro\\\/despre-noi\\\/\",\"url\":\"https:\\\/\\\/pravaliacusapunuri.ro\\\/despre-noi\\\/\",\"name\":\"Despre noi - Pravalia cu sapunuri\",\"isPartOf\":{\"@id\":\"https:\\\/\\\/pravaliacusapunuri.ro\\\/#website\"},\"primaryImageOfPage\":{\"@id\":\"https:\\\/\\\/pravaliacusapunuri.ro\\\/despre-noi\\\/#primaryimage\"},\"image\":{\"@id\":\"https:\\\/\\\/pravaliacusapunuri.ro\\\/despre-noi\\\/#primaryimage\"},\"thumbnailUrl\":\"https:\\\/\\\/pravaliacusapunuri.ro\\\/wp-content\\\/uploads\\\/2018\\\/11\\\/photo-1454873019514-eae2f086587a.jpg\",\"datePublished\":\"2017-04-14T01:17:07+00:00\",\"dateModified\":\"2024-10-07T13:53:12+00:00\",\"description\":\"Afla despre produsele noastre si ce le face sa fie atat de speciale.\",\"breadcrumb\":{\"@id\":\"https:\\\/\\\/pravaliacusapunuri.ro\\\/despre-noi\\\/#breadcrumb\"},\"inLanguage\":\"en-US\",\"potentialAction\":[{\"@type\":\"ReadAction\",\"target\":[\"https:\\\/\\\/pravaliacusapunuri.ro\\\/despre-noi\\\/\"]}]},{\"@type\":\"ImageObject\",\"inLanguage\":\"en-US\",\"@id\":\"https:\\\/\\\/pravaliacusapunuri.ro\\\/despre-noi\\\/#primaryimage\",\"url\":\"https:\\\/\\\/pravaliacusapunuri.ro\\\/wp-content\\\/uploads\\\/2018\\\/11\\\/photo-1454873019514-eae2f086587a.jpg\",\"contentUrl\":\"https:\\\/\\\/pravaliacusapunuri.ro\\\/wp-content\\\/uploads\\\/2018\\\/11\\\/photo-1454873019514-eae2f086587a.jpg\",\"width\":752,\"height\":500},{\"@type\":\"BreadcrumbList\",\"@id\":\"https:\\\/\\\/pravaliacusapunuri.ro\\\/despre-noi\\\/#breadcrumb\",\"itemListElement\":[{\"@type\":\"ListItem\",\"position\":1,\"name\":\"Prima pagin\u0103\",\"item\":\"https:\\\/\\\/pravaliacusapunuri.ro\\\/\"},{\"@type\":\"ListItem\",\"position\":2,\"name\":\"Despre noi\"}]},{\"@type\":\"WebSite\",\"@id\":\"https:\\\/\\\/pravaliacusapunuri.ro\\\/#website\",\"url\":\"https:\\\/\\\/pravaliacusapunuri.ro\\\/\",\"name\":\"Pr\u0103v\u0103lia cu S\u0103punuri\",\"description\":\"\",\"publisher\":{\"@id\":\"https:\\\/\\\/pravaliacusapunuri.ro\\\/#organization\"},\"potentialAction\":[{\"@type\":\"SearchAction\",\"target\":{\"@type\":\"EntryPoint\",\"urlTemplate\":\"https:\\\/\\\/pravaliacusapunuri.ro\\\/?s={search_term_string}\"},\"query-input\":{\"@type\":\"PropertyValueSpecification\",\"valueRequired\":true,\"valueName\":\"search_term_string\"}}],\"inLanguage\":\"en-US\"},{\"@type\":\"Organization\",\"@id\":\"https:\\\/\\\/pravaliacusapunuri.ro\\\/#organization\",\"name\":\"Pr\u0103v\u0103lia cu S\u0103punuri SRL\",\"url\":\"https:\\\/\\\/pravaliacusapunuri.ro\\\/\",\"logo\":{\"@type\":\"ImageObject\",\"inLanguage\":\"en-US\",\"@id\":\"https:\\\/\\\/pravaliacusapunuri.ro\\\/#\\\/schema\\\/logo\\\/image\\\/\",\"url\":\"https:\\\/\\\/pravaliacusapunuri.ro\\\/wp-content\\\/uploads\\\/2023\\\/12\\\/cropped-stampila-2.png\",\"contentUrl\":\"https:\\\/\\\/pravaliacusapunuri.ro\\\/wp-content\\\/uploads\\\/2023\\\/12\\\/cropped-stampila-2.png\",\"width\":509,\"height\":448,\"caption\":\"Pr\u0103v\u0103lia cu S\u0103punuri SRL\"},\"image\":{\"@id\":\"https:\\\/\\\/pravaliacusapunuri.ro\\\/#\\\/schema\\\/logo\\\/image\\\/\"},\"sameAs\":[\"https:\\\/\\\/www.facebook.com\\\/pravaliacusapunuri.ro\\\/\",\"https:\\\/\\\/www.instagram.com\\\/pravalia_cu_sapunuri\\\/\"]}]}<\/script>\n<!-- \/ Yoast SEO plugin. -->","yoast_head_json":{"title":"Despre noi - Pravalia cu sapunuri","description":"Afla despre produsele noastre si ce le face sa fie atat de speciale.","robots":{"index":"index","follow":"follow","max-snippet":"max-snippet:-1","max-image-preview":"max-image-preview:large","max-video-preview":"max-video-preview:-1"},"canonical":"https:\/\/pravaliacusapunuri.ro\/en\/despre-noi\/","og_locale":"en_US","og_type":"article","og_title":"Despre noi - Pravalia cu sapunuri","og_description":"Afla despre produsele noastre si ce le face sa fie atat de speciale.","og_url":"https:\/\/pravaliacusapunuri.ro\/en\/despre-noi\/","article_publisher":"https:\/\/www.facebook.com\/pravaliacusapunuri.ro\/","article_modified_time":"2024-10-07T13:53:12+00:00","og_image":[{"width":752,"height":500,"url":"https:\/\/pravaliacusapunuri.ro\/wp-content\/uploads\/2018\/11\/photo-1454873019514-eae2f086587a.jpg","type":"image\/jpeg"}],"twitter_card":"summary_large_image","twitter_misc":{"Est. reading time":"3 minutes"},"schema":{"@context":"https:\/\/schema.org","@graph":[{"@type":"WebPage","@id":"https:\/\/pravaliacusapunuri.ro\/despre-noi\/","url":"https:\/\/pravaliacusapunuri.ro\/despre-noi\/","name":"Despre noi - Pravalia cu sapunuri","isPartOf":{"@id":"https:\/\/pravaliacusapunuri.ro\/#website"},"primaryImageOfPage":{"@id":"https:\/\/pravaliacusapunuri.ro\/despre-noi\/#primaryimage"},"image":{"@id":"https:\/\/pravaliacusapunuri.ro\/despre-noi\/#primaryimage"},"thumbnailUrl":"https:\/\/pravaliacusapunuri.ro\/wp-content\/uploads\/2018\/11\/photo-1454873019514-eae2f086587a.jpg","datePublished":"2017-04-14T01:17:07+00:00","dateModified":"2024-10-07T13:53:12+00:00","description":"Afla despre produsele noastre si ce le face sa fie atat de speciale.","breadcrumb":{"@id":"https:\/\/pravaliacusapunuri.ro\/despre-noi\/#breadcrumb"},"inLanguage":"en-US","potentialAction":[{"@type":"ReadAction","target":["https:\/\/pravaliacusapunuri.ro\/despre-noi\/"]}]},{"@type":"ImageObject","inLanguage":"en-US","@id":"https:\/\/pravaliacusapunuri.ro\/despre-noi\/#primaryimage","url":"https:\/\/pravaliacusapunuri.ro\/wp-content\/uploads\/2018\/11\/photo-1454873019514-eae2f086587a.jpg","contentUrl":"https:\/\/pravaliacusapunuri.ro\/wp-content\/uploads\/2018\/11\/photo-1454873019514-eae2f086587a.jpg","width":752,"height":500},{"@type":"BreadcrumbList","@id":"https:\/\/pravaliacusapunuri.ro\/despre-noi\/#breadcrumb","itemListElement":[{"@type":"ListItem","position":1,"name":"Prima pagin\u0103","item":"https:\/\/pravaliacusapunuri.ro\/"},{"@type":"ListItem","position":2,"name":"Despre noi"}]},{"@type":"WebSite","@id":"https:\/\/pravaliacusapunuri.ro\/#website","url":"https:\/\/pravaliacusapunuri.ro\/","name":"Pr\u0103v\u0103lia cu S\u0103punuri","description":"","publisher":{"@id":"https:\/\/pravaliacusapunuri.ro\/#organization"},"potentialAction":[{"@type":"SearchAction","target":{"@type":"EntryPoint","urlTemplate":"https:\/\/pravaliacusapunuri.ro\/?s={search_term_string}"},"query-input":{"@type":"PropertyValueSpecification","valueRequired":true,"valueName":"search_term_string"}}],"inLanguage":"en-US"},{"@type":"Organization","@id":"https:\/\/pravaliacusapunuri.ro\/#organization","name":"Pr\u0103v\u0103lia cu S\u0103punuri SRL","url":"https:\/\/pravaliacusapunuri.ro\/","logo":{"@type":"ImageObject","inLanguage":"en-US","@id":"https:\/\/pravaliacusapunuri.ro\/#\/schema\/logo\/image\/","url":"https:\/\/pravaliacusapunuri.ro\/wp-content\/uploads\/2023\/12\/cropped-stampila-2.png","contentUrl":"https:\/\/pravaliacusapunuri.ro\/wp-content\/uploads\/2023\/12\/cropped-stampila-2.png","width":509,"height":448,"caption":"Pr\u0103v\u0103lia cu S\u0103punuri SRL"},"image":{"@id":"https:\/\/pravaliacusapunuri.ro\/#\/schema\/logo\/image\/"},"sameAs":["https:\/\/www.facebook.com\/pravaliacusapunuri.ro\/","https:\/\/www.instagram.com\/pravalia_cu_sapunuri\/"]}]}},"_links":{"self":[{"href":"https:\/\/pravaliacusapunuri.ro\/en\/wp-json\/wp\/v2\/pages\/34","targetHints":{"allow":["GET"]}}],"collection":[{"href":"https:\/\/pravaliacusapunuri.ro\/en\/wp-json\/wp\/v2\/pages"}],"about":[{"href":"https:\/\/pravaliacusapunuri.ro\/en\/wp-json\/wp\/v2\/types\/page"}],"author":[{"embeddable":true,"href":"https:\/\/pravaliacusapunuri.ro\/en\/wp-json\/wp\/v2\/users\/1"}],"replies":[{"embeddable":true,"href":"https:\/\/pravaliacusapunuri.ro\/en\/wp-json\/wp\/v2\/comments?post=34"}],"version-history":[{"count":32,"href":"https:\/\/pravaliacusapunuri.ro\/en\/wp-json\/wp\/v2\/pages\/34\/revisions"}],"predecessor-version":[{"id":7396,"href":"https:\/\/pravaliacusapunuri.ro\/en\/wp-json\/wp\/v2\/pages\/34\/revisions\/7396"}],"wp:featuredmedia":[{"embeddable":true,"href":"https:\/\/pravaliacusapunuri.ro\/en\/wp-json\/wp\/v2\/media\/3210"}],"wp:attachment":[{"href":"https:\/\/pravaliacusapunuri.ro\/en\/wp-json\/wp\/v2\/media?parent=34"}],"curies":[{"name":"wp","href":"https:\/\/api.w.org\/{rel}","templated":true}]}}