{"id":3322,"date":"2018-12-05T12:52:01","date_gmt":"2018-12-05T12:52:01","guid":{"rendered":"https:\/\/pravaliacusapunuri.ro\/?page_id=3322"},"modified":"2020-07-29T19:40:58","modified_gmt":"2020-07-29T16:40:58","slug":"livrarea-si-returnarea-produselor","status":"publish","type":"page","link":"https:\/\/pravaliacusapunuri.ro\/en\/livrarea-si-returnarea-produselor\/","title":{"rendered":"Livrarea \u0219i returnarea produselor"},"content":{"rendered":"<div data-elementor-type=\"wp-post\" data-elementor-id=\"3322\" class=\"elementor elementor-3322\">\n\t\t\t\t\t\t<section class=\"elementor-section elementor-top-section elementor-element elementor-element-aea1056 elementor-section-boxed elementor-section-height-default elementor-section-height-default\" data-id=\"aea1056\" data-element_type=\"section\" data-e-type=\"section\">\n\t\t\t\t\t\t<div class=\"elementor-container elementor-column-gap-default\">\n\t\t\t\t\t<div class=\"elementor-column elementor-col-100 elementor-top-column elementor-element elementor-element-1091f26\" data-id=\"1091f26\" data-element_type=\"column\" data-e-type=\"column\">\n\t\t\t<div class=\"elementor-widget-wrap elementor-element-populated\">\n\t\t\t\t\t\t<div class=\"elementor-element elementor-element-33d9f1d elementor-widget elementor-widget-heading\" data-id=\"33d9f1d\" data-element_type=\"widget\" data-e-type=\"widget\" data-widget_type=\"heading.default\">\n\t\t\t\t<div class=\"elementor-widget-container\">\n\t\t\t\t\t<h2 class=\"elementor-heading-title elementor-size-default\">Livrare<\/h2>\t\t\t\t<\/div>\n\t\t\t\t<\/div>\n\t\t\t\t<div class=\"elementor-element elementor-element-7b68873 elementor-widget elementor-widget-text-editor\" data-id=\"7b68873\" data-element_type=\"widget\" data-e-type=\"widget\" data-widget_type=\"text-editor.default\">\n\t\t\t\t<div class=\"elementor-widget-container\">\n\t\t\t\t\t\t\t\t\t<div id=\"yMail_cursorElementTracker_1596014763440\">Produsele vor fi expediate \u00een 1-2 zile lucratoare de la plasarea comenzii, prin curier rapid (DPD).\u00a0<\/div><div id=\"yMail_cursorElementTracker_1596014763440\">\u00a0<\/div><div id=\"yMail_cursorElementTracker_1596014763440\">Livrarile se fac doar in zilele lucratoare, iar comenzile se preiau pana in ora 14:00.<\/div><div id=\"yMail_cursorElementTracker_1596014763440\">\u00a0<\/div><ul><li id=\"yMail_cursorElementTracker_1596014763440\">Comenzile plasate in timpul saptamanii dupa ora 14:00 vor fi preluate a doua zi.<\/li><li>Comenzile plasate vineri dupa ora 14:00 si comenzile plasate in weekend se proceseaz\u0103 \u00eencep\u00e2nd cu diminea\u021ba zilei de luni care urmeaz\u0103.<\/li><\/ul><div id=\"yMail_cursorElementTracker_1596014763440\">Coletele cu valoare mai mare de 200 RON beneficiaza de transport gratuit.<\/div><div>\u00a0<\/div><ul><li>Taxele de livrare sunt dupa cum urmeaza: curier\u00a0 plata ramburs \u2013 19lei.<\/li><\/ul><div id=\"yMail_cursorElementTracker_1596014803383\">*\u00cen termen de 1-2 zile lucr\u0103toare de la confirmarea expeditiei coletului vei fi contactat\/\u0103 de c\u0103tre curier pe numarul de telefon pe care l-ai furnizat \u00een momentul plas\u0103rii comenzii.\u00a0<\/div>\t\t\t\t\t\t\t\t<\/div>\n\t\t\t\t<\/div>\n\t\t\t\t<div class=\"elementor-element elementor-element-de23fcc elementor-widget elementor-widget-heading\" data-id=\"de23fcc\" data-element_type=\"widget\" data-e-type=\"widget\" data-widget_type=\"heading.default\">\n\t\t\t\t<div class=\"elementor-widget-container\">\n\t\t\t\t\t<h2 class=\"elementor-heading-title elementor-size-default\">Politica de retur<\/h2>\t\t\t\t<\/div>\n\t\t\t\t<\/div>\n\t\t\t\t<div class=\"elementor-element elementor-element-916863e elementor-widget elementor-widget-text-editor\" data-id=\"916863e\" data-element_type=\"widget\" data-e-type=\"widget\" data-widget_type=\"text-editor.default\">\n\t\t\t\t<div class=\"elementor-widget-container\">\n\t\t\t\t\t\t\t\t\t<p><span style=\"font-size: 15px;\">Clientul Pravalia cu Sapunuri are dreptul s\u0103 renun\u0163e la produsele cump\u0103rate, f\u0103r\u0103 a fi nevoit s\u0103 justifice decizia de renun\u0163are \u015fi f\u0103r\u0103 a suporta alte costuri dec\u00e2t cele prevazute la art.13 alin.(3) si art.14 din O.U.G Nr.34\/2014, \u00een termen de 14 zile \u00eencep\u00e2nd de la ziua \u00een care a intrat \u00een posesia fizic\u0103 a produselor. Conform legisla\u0163iei in vigoare, renun\u0163area la cump\u0103rare este aplicabil\u0103 doar clien\u0163ilor persoane fizice.<\/span><\/p><p>Clientul trebuie s\u0103 verifice comanda primit\u0103 \u0219i s\u0103 notifice Pravalia cu Sapunuri \u00een cazul \u00een care a constatat diferen\u021be, erori sau neconformit\u0103\u021bi.<\/p><p>Se pot returna numai produsele cumparate de pe site-ul www.pravaliacusapunuri.ro \u0219i neconforme cu specifica\u021biile de pe acest site \u00een momentul cump\u0103r\u0103rii sau produse trimise eronat de c\u0103tre Pravalia cu Sapunuri. Produsele returnate trebuie s\u0103 fie \u00een aceea\u0219i stare \u00een care au fost livrate, \u00een ambalajul original, cu toate accesoriile, cu etichetele intacte \u0219i documentele care le-au \u00eenso\u021bit, ambalate corespunz\u0103tor pentru protec\u021bia pe durata transportului. Nu se vor returna produse desigilate sau folosite.<\/p><p>Pentru a-\u0219i exercita dreptul de retragere, clientul trebuie s\u0103 informeze Pravalia cu Sapunuri \u00eenainte de expirarea perioadei de retragere, cu privire la decizia de a se retrage din contract, utiliz\u00e2nd adresa de e-mail contact@pravaliacusapunuri.ro sau sunand la numarul de telefon afisat pe site.<\/p><p>Pravalia cu Sapunuri va rambursa consumatorului contravaloarea produselor returnate \u00een cel mult 14 zile calendaristice de la data prelu\u0103rii produselor returnate.<\/p>\t\t\t\t\t\t\t\t<\/div>\n\t\t\t\t<\/div>\n\t\t\t\t\t<\/div>\n\t\t<\/div>\n\t\t\t\t\t<\/div>\n\t\t<\/section>\n\t\t\t\t<\/div>","protected":false},"excerpt":{"rendered":"<p>Livrare Produsele vor fi expediate \u00een 1-2 zile lucratoare de la plasarea comenzii, prin curier rapid (DPD).\u00a0\u00a0Livrarile se fac doar in zilele lucratoare, iar comenzile se preiau pana in ora [&hellip;]<\/p>\n","protected":false},"author":1,"featured_media":0,"parent":0,"menu_order":0,"comment_status":"closed","ping_status":"closed","template":"","meta":{"footnotes":""},"class_list":["post-3322","page","type-page","status-publish","hentry"],"yoast_head":"<!-- This site is optimized with the Yoast SEO plugin v27.5 - https:\/\/yoast.com\/product\/yoast-seo-wordpress\/ -->\n<title>Livrarea \u0219i returnarea produselor -<\/title>\n<meta name=\"robots\" content=\"index, follow, max-snippet:-1, max-image-preview:large, max-video-preview:-1\" \/>\n<link rel=\"canonical\" href=\"https:\/\/pravaliacusapunuri.ro\/en\/livrarea-si-returnarea-produselor\/\" \/>\n<meta property=\"og:locale\" content=\"en_US\" \/>\n<meta property=\"og:type\" content=\"article\" \/>\n<meta property=\"og:title\" content=\"Livrarea \u0219i returnarea produselor -\" \/>\n<meta property=\"og:description\" content=\"Livrare Produsele vor fi expediate \u00een 1-2 zile lucratoare de la plasarea comenzii, prin curier rapid (DPD).\u00a0\u00a0Livrarile se fac doar in zilele lucratoare, iar comenzile se preiau pana in ora [&hellip;]\" \/>\n<meta property=\"og:url\" content=\"https:\/\/pravaliacusapunuri.ro\/en\/livrarea-si-returnarea-produselor\/\" \/>\n<meta property=\"article:publisher\" content=\"https:\/\/www.facebook.com\/pravaliacusapunuri.ro\/\" \/>\n<meta property=\"article:modified_time\" content=\"2020-07-29T16:40:58+00:00\" \/>\n<meta name=\"twitter:card\" content=\"summary_large_image\" \/>\n<meta name=\"twitter:label1\" content=\"Est. reading time\" \/>\n\t<meta name=\"twitter:data1\" content=\"2 minutes\" \/>\n<script type=\"application\/ld+json\" class=\"yoast-schema-graph\">{\"@context\":\"https:\\\/\\\/schema.org\",\"@graph\":[{\"@type\":\"WebPage\",\"@id\":\"https:\\\/\\\/pravaliacusapunuri.ro\\\/livrarea-si-returnarea-produselor\\\/\",\"url\":\"https:\\\/\\\/pravaliacusapunuri.ro\\\/livrarea-si-returnarea-produselor\\\/\",\"name\":\"Livrarea \u0219i returnarea produselor -\",\"isPartOf\":{\"@id\":\"https:\\\/\\\/pravaliacusapunuri.ro\\\/#website\"},\"datePublished\":\"2018-12-05T12:52:01+00:00\",\"dateModified\":\"2020-07-29T16:40:58+00:00\",\"breadcrumb\":{\"@id\":\"https:\\\/\\\/pravaliacusapunuri.ro\\\/livrarea-si-returnarea-produselor\\\/#breadcrumb\"},\"inLanguage\":\"en-US\",\"potentialAction\":[{\"@type\":\"ReadAction\",\"target\":[\"https:\\\/\\\/pravaliacusapunuri.ro\\\/livrarea-si-returnarea-produselor\\\/\"]}]},{\"@type\":\"BreadcrumbList\",\"@id\":\"https:\\\/\\\/pravaliacusapunuri.ro\\\/livrarea-si-returnarea-produselor\\\/#breadcrumb\",\"itemListElement\":[{\"@type\":\"ListItem\",\"position\":1,\"name\":\"Prima pagin\u0103\",\"item\":\"https:\\\/\\\/pravaliacusapunuri.ro\\\/\"},{\"@type\":\"ListItem\",\"position\":2,\"name\":\"Livrarea \u0219i returnarea produselor\"}]},{\"@type\":\"WebSite\",\"@id\":\"https:\\\/\\\/pravaliacusapunuri.ro\\\/#website\",\"url\":\"https:\\\/\\\/pravaliacusapunuri.ro\\\/\",\"name\":\"Pr\u0103v\u0103lia cu S\u0103punuri\",\"description\":\"\",\"publisher\":{\"@id\":\"https:\\\/\\\/pravaliacusapunuri.ro\\\/#organization\"},\"potentialAction\":[{\"@type\":\"SearchAction\",\"target\":{\"@type\":\"EntryPoint\",\"urlTemplate\":\"https:\\\/\\\/pravaliacusapunuri.ro\\\/?s={search_term_string}\"},\"query-input\":{\"@type\":\"PropertyValueSpecification\",\"valueRequired\":true,\"valueName\":\"search_term_string\"}}],\"inLanguage\":\"en-US\"},{\"@type\":\"Organization\",\"@id\":\"https:\\\/\\\/pravaliacusapunuri.ro\\\/#organization\",\"name\":\"Pr\u0103v\u0103lia cu S\u0103punuri SRL\",\"url\":\"https:\\\/\\\/pravaliacusapunuri.ro\\\/\",\"logo\":{\"@type\":\"ImageObject\",\"inLanguage\":\"en-US\",\"@id\":\"https:\\\/\\\/pravaliacusapunuri.ro\\\/#\\\/schema\\\/logo\\\/image\\\/\",\"url\":\"https:\\\/\\\/pravaliacusapunuri.ro\\\/wp-content\\\/uploads\\\/2023\\\/12\\\/cropped-stampila-2.png\",\"contentUrl\":\"https:\\\/\\\/pravaliacusapunuri.ro\\\/wp-content\\\/uploads\\\/2023\\\/12\\\/cropped-stampila-2.png\",\"width\":509,\"height\":448,\"caption\":\"Pr\u0103v\u0103lia cu S\u0103punuri SRL\"},\"image\":{\"@id\":\"https:\\\/\\\/pravaliacusapunuri.ro\\\/#\\\/schema\\\/logo\\\/image\\\/\"},\"sameAs\":[\"https:\\\/\\\/www.facebook.com\\\/pravaliacusapunuri.ro\\\/\",\"https:\\\/\\\/www.instagram.com\\\/pravalia_cu_sapunuri\\\/\"]}]}<\/script>\n<!-- \/ Yoast SEO plugin. -->","yoast_head_json":{"title":"Livrarea \u0219i returnarea produselor -","robots":{"index":"index","follow":"follow","max-snippet":"max-snippet:-1","max-image-preview":"max-image-preview:large","max-video-preview":"max-video-preview:-1"},"canonical":"https:\/\/pravaliacusapunuri.ro\/en\/livrarea-si-returnarea-produselor\/","og_locale":"en_US","og_type":"article","og_title":"Livrarea \u0219i returnarea produselor -","og_description":"Livrare Produsele vor fi expediate \u00een 1-2 zile lucratoare de la plasarea comenzii, prin curier rapid (DPD).\u00a0\u00a0Livrarile se fac doar in zilele lucratoare, iar comenzile se preiau pana in ora [&hellip;]","og_url":"https:\/\/pravaliacusapunuri.ro\/en\/livrarea-si-returnarea-produselor\/","article_publisher":"https:\/\/www.facebook.com\/pravaliacusapunuri.ro\/","article_modified_time":"2020-07-29T16:40:58+00:00","twitter_card":"summary_large_image","twitter_misc":{"Est. reading time":"2 minutes"},"schema":{"@context":"https:\/\/schema.org","@graph":[{"@type":"WebPage","@id":"https:\/\/pravaliacusapunuri.ro\/livrarea-si-returnarea-produselor\/","url":"https:\/\/pravaliacusapunuri.ro\/livrarea-si-returnarea-produselor\/","name":"Livrarea \u0219i returnarea produselor -","isPartOf":{"@id":"https:\/\/pravaliacusapunuri.ro\/#website"},"datePublished":"2018-12-05T12:52:01+00:00","dateModified":"2020-07-29T16:40:58+00:00","breadcrumb":{"@id":"https:\/\/pravaliacusapunuri.ro\/livrarea-si-returnarea-produselor\/#breadcrumb"},"inLanguage":"en-US","potentialAction":[{"@type":"ReadAction","target":["https:\/\/pravaliacusapunuri.ro\/livrarea-si-returnarea-produselor\/"]}]},{"@type":"BreadcrumbList","@id":"https:\/\/pravaliacusapunuri.ro\/livrarea-si-returnarea-produselor\/#breadcrumb","itemListElement":[{"@type":"ListItem","position":1,"name":"Prima pagin\u0103","item":"https:\/\/pravaliacusapunuri.ro\/"},{"@type":"ListItem","position":2,"name":"Livrarea \u0219i returnarea produselor"}]},{"@type":"WebSite","@id":"https:\/\/pravaliacusapunuri.ro\/#website","url":"https:\/\/pravaliacusapunuri.ro\/","name":"Pr\u0103v\u0103lia cu S\u0103punuri","description":"","publisher":{"@id":"https:\/\/pravaliacusapunuri.ro\/#organization"},"potentialAction":[{"@type":"SearchAction","target":{"@type":"EntryPoint","urlTemplate":"https:\/\/pravaliacusapunuri.ro\/?s={search_term_string}"},"query-input":{"@type":"PropertyValueSpecification","valueRequired":true,"valueName":"search_term_string"}}],"inLanguage":"en-US"},{"@type":"Organization","@id":"https:\/\/pravaliacusapunuri.ro\/#organization","name":"Pr\u0103v\u0103lia cu S\u0103punuri SRL","url":"https:\/\/pravaliacusapunuri.ro\/","logo":{"@type":"ImageObject","inLanguage":"en-US","@id":"https:\/\/pravaliacusapunuri.ro\/#\/schema\/logo\/image\/","url":"https:\/\/pravaliacusapunuri.ro\/wp-content\/uploads\/2023\/12\/cropped-stampila-2.png","contentUrl":"https:\/\/pravaliacusapunuri.ro\/wp-content\/uploads\/2023\/12\/cropped-stampila-2.png","width":509,"height":448,"caption":"Pr\u0103v\u0103lia cu S\u0103punuri SRL"},"image":{"@id":"https:\/\/pravaliacusapunuri.ro\/#\/schema\/logo\/image\/"},"sameAs":["https:\/\/www.facebook.com\/pravaliacusapunuri.ro\/","https:\/\/www.instagram.com\/pravalia_cu_sapunuri\/"]}]}},"_links":{"self":[{"href":"https:\/\/pravaliacusapunuri.ro\/en\/wp-json\/wp\/v2\/pages\/3322","targetHints":{"allow":["GET"]}}],"collection":[{"href":"https:\/\/pravaliacusapunuri.ro\/en\/wp-json\/wp\/v2\/pages"}],"about":[{"href":"https:\/\/pravaliacusapunuri.ro\/en\/wp-json\/wp\/v2\/types\/page"}],"author":[{"embeddable":true,"href":"https:\/\/pravaliacusapunuri.ro\/en\/wp-json\/wp\/v2\/users\/1"}],"replies":[{"embeddable":true,"href":"https:\/\/pravaliacusapunuri.ro\/en\/wp-json\/wp\/v2\/comments?post=3322"}],"version-history":[{"count":7,"href":"https:\/\/pravaliacusapunuri.ro\/en\/wp-json\/wp\/v2\/pages\/3322\/revisions"}],"predecessor-version":[{"id":3440,"href":"https:\/\/pravaliacusapunuri.ro\/en\/wp-json\/wp\/v2\/pages\/3322\/revisions\/3440"}],"wp:attachment":[{"href":"https:\/\/pravaliacusapunuri.ro\/en\/wp-json\/wp\/v2\/media?parent=3322"}],"curies":[{"name":"wp","href":"https:\/\/api.w.org\/{rel}","templated":true}]}}