{"id":3316,"date":"2018-12-05T12:48:09","date_gmt":"2018-12-05T12:48:09","guid":{"rendered":"https:\/\/pravaliacusapunuri.ro\/?page_id=3316"},"modified":"2020-08-09T17:06:56","modified_gmt":"2020-08-09T14:06:56","slug":"cum-comand","status":"publish","type":"page","link":"https:\/\/pravaliacusapunuri.ro\/en\/cum-comand\/","title":{"rendered":"Cum comand?"},"content":{"rendered":"<div data-elementor-type=\"wp-post\" data-elementor-id=\"3316\" class=\"elementor elementor-3316\">\n\t\t\t\t\t\t<section class=\"elementor-section elementor-top-section elementor-element elementor-element-9c5339e elementor-section-boxed elementor-section-height-default elementor-section-height-default\" data-id=\"9c5339e\" data-element_type=\"section\" data-e-type=\"section\">\n\t\t\t\t\t\t<div class=\"elementor-container elementor-column-gap-default\">\n\t\t\t\t\t<div class=\"elementor-column elementor-col-100 elementor-top-column elementor-element elementor-element-9ac67bc\" data-id=\"9ac67bc\" data-element_type=\"column\" data-e-type=\"column\">\n\t\t\t<div class=\"elementor-widget-wrap elementor-element-populated\">\n\t\t\t\t\t\t<div class=\"elementor-element elementor-element-1d0ba23 elementor-widget elementor-widget-text-editor\" data-id=\"1d0ba23\" data-element_type=\"widget\" data-e-type=\"widget\" data-widget_type=\"text-editor.default\">\n\t\t\t\t<div class=\"elementor-widget-container\">\n\t\t\t\t\t\t\t\t\t<p>Pentru a putea face cump\u0103r\u0103turi pe site-ul www.pravaliacusapunuri.ro po\u021bi s\u0103 adaugi produsele direct \u00een co\u0219.<\/p><p>Odat\u0103 ce ai g\u0103sit produsele pe care vrei sa le cumperi, apas\u0103 butonul \u201eAdaug\u0103 \u00een co\u0219\u201d.<\/p><p>Dup\u0103 ce ai ad\u0103ugat \u00een co\u0219ul de cump\u0103r\u0103turi produsele dorite, \u00een cantit\u0103\u021bile corespunz\u0103toare, verific\u0103 dac\u0103 toate produsele din co\u0219 sunt \u00een concordan\u021b\u0103 cu op\u021biunile tale. Daca ai un cupon de reducere aplica-l.<\/p><p>Acum poti continua prin apasarea butonului \u201cContinua cu finalizarea\u201d.<\/p><p>Dac\u0103 ai f\u0103cut cump\u0103r\u0103turi de la noi mai \u00eenainte, te rog s\u0103-\u021bi introduci detaliile contului \u00een c\u0103su\u021bele de mai jos. Dac\u0103 e\u0219ti un client nou, te rog s\u0103 continui la sec\u021biunea facturare \u0219i livrare.<\/p><p>Pentru ca produsele pe care le doresti sa ajunga la tine, este nevoie sa \u021bi le expediem prin curier (DPD). Ai la dispozitie urmatoarea modalitate de plata:<\/p><ul><li>Plata ramburs la predarea coletului de catre curier.<\/li><\/ul><p>Dup\u0103 verificarea comenzii \u0219i selectarea op\u021biunii de plat\u0103, se poate lansa comanda. Pe site va fi afi\u0219at un mesaj comand\u0103 finalizat\u0103 \u0219i vei primi un e-mail de confirmare la adresa de e-mail cu care te-ai \u00eenregistrat.<\/p>\t\t\t\t\t\t\t\t<\/div>\n\t\t\t\t<\/div>\n\t\t\t\t\t<\/div>\n\t\t<\/div>\n\t\t\t\t\t<\/div>\n\t\t<\/section>\n\t\t\t\t<\/div>","protected":false},"excerpt":{"rendered":"<p>Pentru a putea face cump\u0103r\u0103turi pe site-ul www.pravaliacusapunuri.ro po\u021bi s\u0103 adaugi produsele direct \u00een co\u0219. Odat\u0103 ce ai g\u0103sit produsele pe care vrei sa le cumperi, apas\u0103 butonul \u201eAdaug\u0103 \u00een [&hellip;]<\/p>\n","protected":false},"author":1,"featured_media":0,"parent":0,"menu_order":0,"comment_status":"closed","ping_status":"closed","template":"","meta":{"footnotes":""},"class_list":["post-3316","page","type-page","status-publish","hentry"],"yoast_head":"<!-- This site is optimized with the Yoast SEO plugin v27.5 - https:\/\/yoast.com\/product\/yoast-seo-wordpress\/ -->\n<title>Cum comand? -<\/title>\n<meta name=\"robots\" content=\"index, follow, max-snippet:-1, max-image-preview:large, max-video-preview:-1\" \/>\n<link rel=\"canonical\" href=\"https:\/\/pravaliacusapunuri.ro\/en\/cum-comand\/\" \/>\n<meta property=\"og:locale\" content=\"en_US\" \/>\n<meta property=\"og:type\" content=\"article\" \/>\n<meta property=\"og:title\" content=\"Cum comand? -\" \/>\n<meta property=\"og:description\" content=\"Pentru a putea face cump\u0103r\u0103turi pe site-ul www.pravaliacusapunuri.ro po\u021bi s\u0103 adaugi produsele direct \u00een co\u0219. Odat\u0103 ce ai g\u0103sit produsele pe care vrei sa le cumperi, apas\u0103 butonul \u201eAdaug\u0103 \u00een [&hellip;]\" \/>\n<meta property=\"og:url\" content=\"https:\/\/pravaliacusapunuri.ro\/en\/cum-comand\/\" \/>\n<meta property=\"article:publisher\" content=\"https:\/\/www.facebook.com\/pravaliacusapunuri.ro\/\" \/>\n<meta property=\"article:modified_time\" content=\"2020-08-09T14:06:56+00:00\" \/>\n<meta name=\"twitter:card\" content=\"summary_large_image\" \/>\n<meta name=\"twitter:label1\" content=\"Est. reading time\" \/>\n\t<meta name=\"twitter:data1\" content=\"1 minute\" \/>\n<script type=\"application\/ld+json\" class=\"yoast-schema-graph\">{\"@context\":\"https:\\\/\\\/schema.org\",\"@graph\":[{\"@type\":\"WebPage\",\"@id\":\"https:\\\/\\\/pravaliacusapunuri.ro\\\/cum-comand\\\/\",\"url\":\"https:\\\/\\\/pravaliacusapunuri.ro\\\/cum-comand\\\/\",\"name\":\"Cum comand? -\",\"isPartOf\":{\"@id\":\"https:\\\/\\\/pravaliacusapunuri.ro\\\/#website\"},\"datePublished\":\"2018-12-05T12:48:09+00:00\",\"dateModified\":\"2020-08-09T14:06:56+00:00\",\"breadcrumb\":{\"@id\":\"https:\\\/\\\/pravaliacusapunuri.ro\\\/cum-comand\\\/#breadcrumb\"},\"inLanguage\":\"en-US\",\"potentialAction\":[{\"@type\":\"ReadAction\",\"target\":[\"https:\\\/\\\/pravaliacusapunuri.ro\\\/cum-comand\\\/\"]}]},{\"@type\":\"BreadcrumbList\",\"@id\":\"https:\\\/\\\/pravaliacusapunuri.ro\\\/cum-comand\\\/#breadcrumb\",\"itemListElement\":[{\"@type\":\"ListItem\",\"position\":1,\"name\":\"Prima pagin\u0103\",\"item\":\"https:\\\/\\\/pravaliacusapunuri.ro\\\/\"},{\"@type\":\"ListItem\",\"position\":2,\"name\":\"Cum comand?\"}]},{\"@type\":\"WebSite\",\"@id\":\"https:\\\/\\\/pravaliacusapunuri.ro\\\/#website\",\"url\":\"https:\\\/\\\/pravaliacusapunuri.ro\\\/\",\"name\":\"Pr\u0103v\u0103lia cu S\u0103punuri\",\"description\":\"\",\"publisher\":{\"@id\":\"https:\\\/\\\/pravaliacusapunuri.ro\\\/#organization\"},\"potentialAction\":[{\"@type\":\"SearchAction\",\"target\":{\"@type\":\"EntryPoint\",\"urlTemplate\":\"https:\\\/\\\/pravaliacusapunuri.ro\\\/?s={search_term_string}\"},\"query-input\":{\"@type\":\"PropertyValueSpecification\",\"valueRequired\":true,\"valueName\":\"search_term_string\"}}],\"inLanguage\":\"en-US\"},{\"@type\":\"Organization\",\"@id\":\"https:\\\/\\\/pravaliacusapunuri.ro\\\/#organization\",\"name\":\"Pr\u0103v\u0103lia cu S\u0103punuri SRL\",\"url\":\"https:\\\/\\\/pravaliacusapunuri.ro\\\/\",\"logo\":{\"@type\":\"ImageObject\",\"inLanguage\":\"en-US\",\"@id\":\"https:\\\/\\\/pravaliacusapunuri.ro\\\/#\\\/schema\\\/logo\\\/image\\\/\",\"url\":\"https:\\\/\\\/pravaliacusapunuri.ro\\\/wp-content\\\/uploads\\\/2023\\\/12\\\/cropped-stampila-2.png\",\"contentUrl\":\"https:\\\/\\\/pravaliacusapunuri.ro\\\/wp-content\\\/uploads\\\/2023\\\/12\\\/cropped-stampila-2.png\",\"width\":509,\"height\":448,\"caption\":\"Pr\u0103v\u0103lia cu S\u0103punuri SRL\"},\"image\":{\"@id\":\"https:\\\/\\\/pravaliacusapunuri.ro\\\/#\\\/schema\\\/logo\\\/image\\\/\"},\"sameAs\":[\"https:\\\/\\\/www.facebook.com\\\/pravaliacusapunuri.ro\\\/\",\"https:\\\/\\\/www.instagram.com\\\/pravalia_cu_sapunuri\\\/\"]}]}<\/script>\n<!-- \/ Yoast SEO plugin. -->","yoast_head_json":{"title":"Cum comand? -","robots":{"index":"index","follow":"follow","max-snippet":"max-snippet:-1","max-image-preview":"max-image-preview:large","max-video-preview":"max-video-preview:-1"},"canonical":"https:\/\/pravaliacusapunuri.ro\/en\/cum-comand\/","og_locale":"en_US","og_type":"article","og_title":"Cum comand? -","og_description":"Pentru a putea face cump\u0103r\u0103turi pe site-ul www.pravaliacusapunuri.ro po\u021bi s\u0103 adaugi produsele direct \u00een co\u0219. Odat\u0103 ce ai g\u0103sit produsele pe care vrei sa le cumperi, apas\u0103 butonul \u201eAdaug\u0103 \u00een [&hellip;]","og_url":"https:\/\/pravaliacusapunuri.ro\/en\/cum-comand\/","article_publisher":"https:\/\/www.facebook.com\/pravaliacusapunuri.ro\/","article_modified_time":"2020-08-09T14:06:56+00:00","twitter_card":"summary_large_image","twitter_misc":{"Est. reading time":"1 minute"},"schema":{"@context":"https:\/\/schema.org","@graph":[{"@type":"WebPage","@id":"https:\/\/pravaliacusapunuri.ro\/cum-comand\/","url":"https:\/\/pravaliacusapunuri.ro\/cum-comand\/","name":"Cum comand? -","isPartOf":{"@id":"https:\/\/pravaliacusapunuri.ro\/#website"},"datePublished":"2018-12-05T12:48:09+00:00","dateModified":"2020-08-09T14:06:56+00:00","breadcrumb":{"@id":"https:\/\/pravaliacusapunuri.ro\/cum-comand\/#breadcrumb"},"inLanguage":"en-US","potentialAction":[{"@type":"ReadAction","target":["https:\/\/pravaliacusapunuri.ro\/cum-comand\/"]}]},{"@type":"BreadcrumbList","@id":"https:\/\/pravaliacusapunuri.ro\/cum-comand\/#breadcrumb","itemListElement":[{"@type":"ListItem","position":1,"name":"Prima pagin\u0103","item":"https:\/\/pravaliacusapunuri.ro\/"},{"@type":"ListItem","position":2,"name":"Cum comand?"}]},{"@type":"WebSite","@id":"https:\/\/pravaliacusapunuri.ro\/#website","url":"https:\/\/pravaliacusapunuri.ro\/","name":"Pr\u0103v\u0103lia cu S\u0103punuri","description":"","publisher":{"@id":"https:\/\/pravaliacusapunuri.ro\/#organization"},"potentialAction":[{"@type":"SearchAction","target":{"@type":"EntryPoint","urlTemplate":"https:\/\/pravaliacusapunuri.ro\/?s={search_term_string}"},"query-input":{"@type":"PropertyValueSpecification","valueRequired":true,"valueName":"search_term_string"}}],"inLanguage":"en-US"},{"@type":"Organization","@id":"https:\/\/pravaliacusapunuri.ro\/#organization","name":"Pr\u0103v\u0103lia cu S\u0103punuri SRL","url":"https:\/\/pravaliacusapunuri.ro\/","logo":{"@type":"ImageObject","inLanguage":"en-US","@id":"https:\/\/pravaliacusapunuri.ro\/#\/schema\/logo\/image\/","url":"https:\/\/pravaliacusapunuri.ro\/wp-content\/uploads\/2023\/12\/cropped-stampila-2.png","contentUrl":"https:\/\/pravaliacusapunuri.ro\/wp-content\/uploads\/2023\/12\/cropped-stampila-2.png","width":509,"height":448,"caption":"Pr\u0103v\u0103lia cu S\u0103punuri SRL"},"image":{"@id":"https:\/\/pravaliacusapunuri.ro\/#\/schema\/logo\/image\/"},"sameAs":["https:\/\/www.facebook.com\/pravaliacusapunuri.ro\/","https:\/\/www.instagram.com\/pravalia_cu_sapunuri\/"]}]}},"_links":{"self":[{"href":"https:\/\/pravaliacusapunuri.ro\/en\/wp-json\/wp\/v2\/pages\/3316","targetHints":{"allow":["GET"]}}],"collection":[{"href":"https:\/\/pravaliacusapunuri.ro\/en\/wp-json\/wp\/v2\/pages"}],"about":[{"href":"https:\/\/pravaliacusapunuri.ro\/en\/wp-json\/wp\/v2\/types\/page"}],"author":[{"embeddable":true,"href":"https:\/\/pravaliacusapunuri.ro\/en\/wp-json\/wp\/v2\/users\/1"}],"replies":[{"embeddable":true,"href":"https:\/\/pravaliacusapunuri.ro\/en\/wp-json\/wp\/v2\/comments?post=3316"}],"version-history":[{"count":7,"href":"https:\/\/pravaliacusapunuri.ro\/en\/wp-json\/wp\/v2\/pages\/3316\/revisions"}],"predecessor-version":[{"id":3444,"href":"https:\/\/pravaliacusapunuri.ro\/en\/wp-json\/wp\/v2\/pages\/3316\/revisions\/3444"}],"wp:attachment":[{"href":"https:\/\/pravaliacusapunuri.ro\/en\/wp-json\/wp\/v2\/media?parent=3316"}],"curies":[{"name":"wp","href":"https:\/\/api.w.org\/{rel}","templated":true}]}}