{"id":3278,"date":"2018-12-05T11:18:40","date_gmt":"2018-12-05T11:18:40","guid":{"rendered":"https:\/\/pravaliacusapunuri.ro\/?page_id=3278"},"modified":"2021-01-10T00:42:39","modified_gmt":"2021-01-09T22:42:39","slug":"termeni-si-conditii","status":"publish","type":"page","link":"https:\/\/pravaliacusapunuri.ro\/en\/termeni-si-conditii\/","title":{"rendered":"Termeni \u0219i condi\u021bii"},"content":{"rendered":"<div data-elementor-type=\"wp-post\" data-elementor-id=\"3278\" class=\"elementor elementor-3278\">\n\t\t\t\t\t\t<section class=\"elementor-section elementor-top-section elementor-element elementor-element-23b0a58 elementor-section-boxed elementor-section-height-default elementor-section-height-default\" data-id=\"23b0a58\" data-element_type=\"section\" data-e-type=\"section\">\n\t\t\t\t\t\t<div class=\"elementor-container elementor-column-gap-default\">\n\t\t\t\t\t<div class=\"elementor-column elementor-col-100 elementor-top-column elementor-element elementor-element-e71daed\" data-id=\"e71daed\" data-element_type=\"column\" data-e-type=\"column\">\n\t\t\t<div class=\"elementor-widget-wrap elementor-element-populated\">\n\t\t\t\t\t\t<div class=\"elementor-element elementor-element-13f6379 elementor-widget elementor-widget-text-editor\" data-id=\"13f6379\" data-element_type=\"widget\" data-e-type=\"widget\" data-widget_type=\"text-editor.default\">\n\t\t\t\t<div class=\"elementor-widget-container\">\n\t\t\t\t\t\t\t\t\t<p>Folosirea (vizitarea sau cumpararea produselor) acestui site, implica acceptarea acestor conditii de utilizare. Pentru folosirea in cele mai bune conditii a site-ului, se recomanda citirea cu atentie a acestui document. pravaliacusapunuri.ro isi asuma dreptul de a face modificari ale acestor prevederi fara o alta notificare.<\/p><p>Acest website este intretinut de Pravalia cu sapunuri SRL-D.<\/p><p><b>DREPTURI DE AUTOR<\/b><\/p><p>Intregul continut al site-ului pravaliacusapunuri.ro &#8211; texte, imagini, simboluri, elemente de grafica si alte date &#8211; este proprietatea pravaliacusapunuri.ro si este aparat de Legea drepturilor de autor si de legile privind proprietatea intelectuala si industriala. Folosirea fara acordul pravaliacusapunuri.ro a oricaror elemente enumerate mai sus se pedepseste conform legilor in vigoare.<\/p><p><b>ACCESUL LA SITE<\/b><\/p><p>Pravalia cu sapunuri SRL-D garanteaza utilizatorului acces limitat, in interes personal, pe acest site si nu ii confera dreptul de a descarca sau de a modifica partial sau integral site-ul, de a reproduce partial sau integral site-ul, de a copia, de a vinde\/revinde sau de a exploata site-ul in orice alta maniera, in scopuri comerciale sau contrare intereselor Pravalia cu sapunuri SRL-D, fara acordul scris al acesteia.<\/p><p><b>COMENTARII, COMUNICARI SI ALTE INFORMATII<\/b><\/p><p>Cei care acceseaza\/viziteaza site-ul pot face comentarii si orice alte comunicari; pot sa transmita sugestii, idei, intrebari sau alte informatii, atata timp cat continutul acestora nu este ilegal, obscen, amenintator, defaimator, nu tulbura in nici un fel viata privata a altor persoane, nu incalca drepturile de proprietate intelectuala, nu contine virusi, texte vizand diverse campanii de promovare, scrisori in lant, mail-uri in masa sau orice alta forma de<\/p><p>spam. Persoanele care vor utiliza o adresa falsa de e-mail sau vor transmite mesaje electronice sau orice alte comunicari in numele unei alte persoane fizice sau juridice sau in numele oricarei alte entitati vor fi sanctionate in conformitate cu legile in vigoare. Pravalia cu sapunuri SRL-D are dreptul de a sterge orice astfel de continuturi identificate pe site. Pravalia cu sapunuri SRL-D nu va purta responsabilitatea si nici nu va putea fi obligata la nici un fel de despagubiri pentru orice fel de daune produse de asemenea comunicari. Pravalia cu sapunuri SRL-D nu isi asuma nici o responsabilitate pentru continutul mesajelor afisate de un utilizator prin intermediul site-ului pravaliacusapunuri.ro<\/p><p>Produsele prezentate pe pravaliacusapunuri.ro sunt produse si comercializare de Pravalia cu sapunuri SRL-D. Preturile produselor pot fi schimbate oricand. Verificati pretul final de vanzare inainte de a achizitiona un produs.<\/p><p><b>SECURITATEA INFORMATIILOR<\/b><\/p><p>Acest site foloseste masuri de securitate impotriva pierderii, alterarii sau folosirii gresite a informatiilor care se afla in controlul nostru. Pravalia cu sapunuri SRL-D nu isi asuma insa responsabilitatea pentru pierderile de informatii cauzate de erori ale softului cu care este conceput si gazduit site-ul. De asemenea nu raspundem pentru erorile in securitatea serverului care gazduieste site-ul.<\/p><p><b>DECLINAREA RESPONSABILITATII<\/b><\/p><p>Imaginile sunt prezentate pe site cu titlu de exemplu, iar produsele efectiv livrate pot diferi de imagini in orice mod ( aspect, culoare etc.) Orice reclamatie privind calitatea produselor, livrarea sau plata va fi adusa la cunostinta companiei Pravalia cu sapunuri SRL-D in termen legal pentru solutionarea problemei sesizate de client. In cazul in care produsele nu se pot livra sau sufera defectiuni pe parcursul livrarii, clientul poate cere returnarea imediata a sumelor incasate deja de compania Pravalia cu sapunuri SRL-D, dar nu si alte despagubiri. Pravalia cu sapunuri SRL-D condamna incercarile de frauda si acorda tot sprijinul necesar recuperarii eventualelor pierderi. Fiind de acord cu acest document, clientul isi asuma in totalitate aceste riscuri. Valoarea maxima a obligatiilor companie Pravalia cu sapunuri SRL-D fata de orice client in cazul nelivrarii sau a livrarii necorespunzatoare este valoarea sumelor incasate de Pravalia cu sapunuri SRL-D de la acest client<\/p>\t\t\t\t\t\t\t\t<\/div>\n\t\t\t\t<\/div>\n\t\t\t\t<div class=\"elementor-element elementor-element-d38db81 elementor-widget elementor-widget-text-editor\" data-id=\"d38db81\" data-element_type=\"widget\" data-e-type=\"widget\" id=\"ReturnareaProduselor\" data-widget_type=\"text-editor.default\">\n\t\t\t\t<div class=\"elementor-widget-container\">\n\t\t\t\t\t\t\t\t\t<p><b style=\"font-style: inherit;\">RETURNAREA PRODUSELOR<\/b><\/p><p>In afara cazurilor invocate mai sus, clientul are dreptul ca, in termen de 14 zile calendaristice de la primirea produselor, sa notifice in scris Pravalia cu sapunuri SRL-D asupra deciziei sale de a renunta la produsele comandate, fara obligativitatea invocarii unui motiv anume. Se pot returna numai produsele cumparate de pe site-ul pravaliacusapunuri.ro \u0219i neconforme cu specifica\u021biile de pe acest site \u00een momentul cump\u0103r\u0103rii sau produse trimise eronat de c\u0103tre Pravalia cu Sapunuri. Produsele returnate trebuie s\u0103 fie \u00een aceea\u0219i stare \u00een care au fost livrate, \u00een ambalajul original, cu toate<\/p><p>accesoriile, cu etichetele intacte \u0219i documentele care le-au \u00eenso\u021bit, ambalate corespunz\u0103tor pentru protec\u021bia pe durata transportului. Nu se vor returna produse desigilate sau folosite.<\/p><p>Pravalia cu sapunuri SRL-D are obligatia sa returneze in termen de 14 zile calendaristice contravaloarea produselor comandate, daca acestea au fost achitate.<\/p><p><b>COLECTAREA SI UTILIZAREA DATELOR CU CARACTER PERSONAL<\/b><\/p><p>Utilizarea datelor cu caracter personal de catre Pravalia cu sapunuri SRL-D este in conformitate cu reglementarile legale in vigoare in legatura cu protectia persoanelor cu privire la prelucrarea datelor cu caracter personal si libera circulatie a acestor date.<\/p><p>Utilizam informatiile stranse de pe site-ul pravaliacusapunuri.ro in scopul de a administra inregistrarea conturilor dvs., de a solutiona intrebarile dvs, de a imbunatati site-ul nostru. La inregistrarea in cont v-ati dat acordul asupra utilizarii datelor dvs cu caracter personal pentru a fi informati prin e-mail sau alte forme de comunicare asupra actualizarii site-urilor web, noilor oportunitati oferite de Pravalia cu sapunuri SRL-D si asupra informatiilor aditionale care sunt in interesul dvs precum si news-lettere cu informatii utile.<\/p><p><b>DEZVALUIREA SI TRANSMITEREA INFORMATIILOR CU CARACTER PERSONAL<\/b><\/p><p>Pravalia cu sapunuri SRL-D nu va transmite (prin vanzare sau inchiriere) catre terte parti informatiile dvs. cu caracter personal.<\/p><p>Pravalia cu sapunuri SRL-D poate, totusi, transmite informatia tertilor in urmatoarele cazuri:<\/p><ol><li>Cu acordul dvs.;<\/li><li>Daca este necesara transmiterea unor informatii in vederea furnizarii produselor si serviciilor solicitate de dvs.<\/li><li>Putem transmite informatii cu caracter personal autoritatilor sau institutiilor publice conform prevederilor legale sau bunei-credinte daca:<ul><li>previne o infractiune sau protejeaza siguranta nationala<\/li><li>e prevazut intr-o dispozitie legala<\/li><li>protejeaza siguranta individului sau siguranta publica<\/li><li>protejeaza drepturile companiei Pravalia cu sapunuri SRL-D<\/li><li>aceste informatii sunt necesare in vederea rezolvarii diferitelor situatii.<\/li><\/ul><\/li><li>in cazul in care activitatile dvs. contravin termenilor si conditiilor statuate de Pravalia cu sapunuri SRL-D sau a instructiunilor pentru utilizarea anumitor produse si servicii;<\/li><\/ol><p><b>TAXE SUPLIMENTARE<\/b><\/p><p>Pretul final platit de client este format din pretul produsului si cheltuielile de expeditie. Pravalia cu sapunuri SRL-D nu percepe nici o taxa suplimentara clientului la cumpararea produsului.<\/p><p><b>CONDITII LEGALE<\/b><\/p><p>Site-ul pravaliacusapunuri.ro functioneaza conform prevederilor legale ale Statului Roman.<\/p><p><b>DISPUTE SI CONFLICTE<\/b><\/p><p>Orice conflict aparut intre Pravalia cu sapunuri SRL-D si clienti se incearca a fi rezolvat pe cale amiabila prin intelegere intre cele doua parti. In cazul in care acest lucru nu este posibil se vor aplica prevederile legale romanesti din acest domeniu, iar solutionarea conflictelor este de compententa instantelor romanesti.<\/p>\t\t\t\t\t\t\t\t<\/div>\n\t\t\t\t<\/div>\n\t\t\t\t\t<\/div>\n\t\t<\/div>\n\t\t\t\t\t<\/div>\n\t\t<\/section>\n\t\t\t\t<\/div>","protected":false},"excerpt":{"rendered":"<p>Folosirea (vizitarea sau cumpararea produselor) acestui site, implica acceptarea acestor conditii de utilizare. Pentru folosirea in cele mai bune conditii a site-ului, se recomanda citirea cu atentie a acestui document. [&hellip;]<\/p>\n","protected":false},"author":1,"featured_media":0,"parent":0,"menu_order":0,"comment_status":"closed","ping_status":"closed","template":"","meta":{"footnotes":""},"class_list":["post-3278","page","type-page","status-publish","hentry"],"yoast_head":"<!-- This site is optimized with the Yoast SEO plugin v27.5 - https:\/\/yoast.com\/product\/yoast-seo-wordpress\/ -->\n<title>Termeni \u0219i condi\u021bii -<\/title>\n<meta name=\"robots\" content=\"index, follow, max-snippet:-1, max-image-preview:large, max-video-preview:-1\" \/>\n<link rel=\"canonical\" href=\"https:\/\/pravaliacusapunuri.ro\/en\/termeni-si-conditii\/\" \/>\n<meta property=\"og:locale\" content=\"en_US\" \/>\n<meta property=\"og:type\" content=\"article\" \/>\n<meta property=\"og:title\" content=\"Termeni \u0219i condi\u021bii -\" \/>\n<meta property=\"og:description\" content=\"Folosirea (vizitarea sau cumpararea produselor) acestui site, implica acceptarea acestor conditii de utilizare. Pentru folosirea in cele mai bune conditii a site-ului, se recomanda citirea cu atentie a acestui document. [&hellip;]\" \/>\n<meta property=\"og:url\" content=\"https:\/\/pravaliacusapunuri.ro\/en\/termeni-si-conditii\/\" \/>\n<meta property=\"article:publisher\" content=\"https:\/\/www.facebook.com\/pravaliacusapunuri.ro\/\" \/>\n<meta property=\"article:modified_time\" content=\"2021-01-09T22:42:39+00:00\" \/>\n<meta name=\"twitter:card\" content=\"summary_large_image\" \/>\n<meta name=\"twitter:label1\" content=\"Est. reading time\" \/>\n\t<meta name=\"twitter:data1\" content=\"5 minutes\" \/>\n<script type=\"application\/ld+json\" class=\"yoast-schema-graph\">{\"@context\":\"https:\\\/\\\/schema.org\",\"@graph\":[{\"@type\":\"WebPage\",\"@id\":\"https:\\\/\\\/pravaliacusapunuri.ro\\\/termeni-si-conditii\\\/\",\"url\":\"https:\\\/\\\/pravaliacusapunuri.ro\\\/termeni-si-conditii\\\/\",\"name\":\"Termeni \u0219i condi\u021bii -\",\"isPartOf\":{\"@id\":\"https:\\\/\\\/pravaliacusapunuri.ro\\\/#website\"},\"datePublished\":\"2018-12-05T11:18:40+00:00\",\"dateModified\":\"2021-01-09T22:42:39+00:00\",\"breadcrumb\":{\"@id\":\"https:\\\/\\\/pravaliacusapunuri.ro\\\/termeni-si-conditii\\\/#breadcrumb\"},\"inLanguage\":\"en-US\",\"potentialAction\":[{\"@type\":\"ReadAction\",\"target\":[\"https:\\\/\\\/pravaliacusapunuri.ro\\\/termeni-si-conditii\\\/\"]}]},{\"@type\":\"BreadcrumbList\",\"@id\":\"https:\\\/\\\/pravaliacusapunuri.ro\\\/termeni-si-conditii\\\/#breadcrumb\",\"itemListElement\":[{\"@type\":\"ListItem\",\"position\":1,\"name\":\"Prima pagin\u0103\",\"item\":\"https:\\\/\\\/pravaliacusapunuri.ro\\\/\"},{\"@type\":\"ListItem\",\"position\":2,\"name\":\"Termeni \u0219i condi\u021bii\"}]},{\"@type\":\"WebSite\",\"@id\":\"https:\\\/\\\/pravaliacusapunuri.ro\\\/#website\",\"url\":\"https:\\\/\\\/pravaliacusapunuri.ro\\\/\",\"name\":\"Pr\u0103v\u0103lia cu S\u0103punuri\",\"description\":\"\",\"publisher\":{\"@id\":\"https:\\\/\\\/pravaliacusapunuri.ro\\\/#organization\"},\"potentialAction\":[{\"@type\":\"SearchAction\",\"target\":{\"@type\":\"EntryPoint\",\"urlTemplate\":\"https:\\\/\\\/pravaliacusapunuri.ro\\\/?s={search_term_string}\"},\"query-input\":{\"@type\":\"PropertyValueSpecification\",\"valueRequired\":true,\"valueName\":\"search_term_string\"}}],\"inLanguage\":\"en-US\"},{\"@type\":\"Organization\",\"@id\":\"https:\\\/\\\/pravaliacusapunuri.ro\\\/#organization\",\"name\":\"Pr\u0103v\u0103lia cu S\u0103punuri SRL\",\"url\":\"https:\\\/\\\/pravaliacusapunuri.ro\\\/\",\"logo\":{\"@type\":\"ImageObject\",\"inLanguage\":\"en-US\",\"@id\":\"https:\\\/\\\/pravaliacusapunuri.ro\\\/#\\\/schema\\\/logo\\\/image\\\/\",\"url\":\"https:\\\/\\\/pravaliacusapunuri.ro\\\/wp-content\\\/uploads\\\/2023\\\/12\\\/cropped-stampila-2.png\",\"contentUrl\":\"https:\\\/\\\/pravaliacusapunuri.ro\\\/wp-content\\\/uploads\\\/2023\\\/12\\\/cropped-stampila-2.png\",\"width\":509,\"height\":448,\"caption\":\"Pr\u0103v\u0103lia cu S\u0103punuri SRL\"},\"image\":{\"@id\":\"https:\\\/\\\/pravaliacusapunuri.ro\\\/#\\\/schema\\\/logo\\\/image\\\/\"},\"sameAs\":[\"https:\\\/\\\/www.facebook.com\\\/pravaliacusapunuri.ro\\\/\",\"https:\\\/\\\/www.instagram.com\\\/pravalia_cu_sapunuri\\\/\"]}]}<\/script>\n<!-- \/ Yoast SEO plugin. -->","yoast_head_json":{"title":"Termeni \u0219i condi\u021bii -","robots":{"index":"index","follow":"follow","max-snippet":"max-snippet:-1","max-image-preview":"max-image-preview:large","max-video-preview":"max-video-preview:-1"},"canonical":"https:\/\/pravaliacusapunuri.ro\/en\/termeni-si-conditii\/","og_locale":"en_US","og_type":"article","og_title":"Termeni \u0219i condi\u021bii -","og_description":"Folosirea (vizitarea sau cumpararea produselor) acestui site, implica acceptarea acestor conditii de utilizare. Pentru folosirea in cele mai bune conditii a site-ului, se recomanda citirea cu atentie a acestui document. [&hellip;]","og_url":"https:\/\/pravaliacusapunuri.ro\/en\/termeni-si-conditii\/","article_publisher":"https:\/\/www.facebook.com\/pravaliacusapunuri.ro\/","article_modified_time":"2021-01-09T22:42:39+00:00","twitter_card":"summary_large_image","twitter_misc":{"Est. reading time":"5 minutes"},"schema":{"@context":"https:\/\/schema.org","@graph":[{"@type":"WebPage","@id":"https:\/\/pravaliacusapunuri.ro\/termeni-si-conditii\/","url":"https:\/\/pravaliacusapunuri.ro\/termeni-si-conditii\/","name":"Termeni \u0219i condi\u021bii -","isPartOf":{"@id":"https:\/\/pravaliacusapunuri.ro\/#website"},"datePublished":"2018-12-05T11:18:40+00:00","dateModified":"2021-01-09T22:42:39+00:00","breadcrumb":{"@id":"https:\/\/pravaliacusapunuri.ro\/termeni-si-conditii\/#breadcrumb"},"inLanguage":"en-US","potentialAction":[{"@type":"ReadAction","target":["https:\/\/pravaliacusapunuri.ro\/termeni-si-conditii\/"]}]},{"@type":"BreadcrumbList","@id":"https:\/\/pravaliacusapunuri.ro\/termeni-si-conditii\/#breadcrumb","itemListElement":[{"@type":"ListItem","position":1,"name":"Prima pagin\u0103","item":"https:\/\/pravaliacusapunuri.ro\/"},{"@type":"ListItem","position":2,"name":"Termeni \u0219i condi\u021bii"}]},{"@type":"WebSite","@id":"https:\/\/pravaliacusapunuri.ro\/#website","url":"https:\/\/pravaliacusapunuri.ro\/","name":"Pr\u0103v\u0103lia cu S\u0103punuri","description":"","publisher":{"@id":"https:\/\/pravaliacusapunuri.ro\/#organization"},"potentialAction":[{"@type":"SearchAction","target":{"@type":"EntryPoint","urlTemplate":"https:\/\/pravaliacusapunuri.ro\/?s={search_term_string}"},"query-input":{"@type":"PropertyValueSpecification","valueRequired":true,"valueName":"search_term_string"}}],"inLanguage":"en-US"},{"@type":"Organization","@id":"https:\/\/pravaliacusapunuri.ro\/#organization","name":"Pr\u0103v\u0103lia cu S\u0103punuri SRL","url":"https:\/\/pravaliacusapunuri.ro\/","logo":{"@type":"ImageObject","inLanguage":"en-US","@id":"https:\/\/pravaliacusapunuri.ro\/#\/schema\/logo\/image\/","url":"https:\/\/pravaliacusapunuri.ro\/wp-content\/uploads\/2023\/12\/cropped-stampila-2.png","contentUrl":"https:\/\/pravaliacusapunuri.ro\/wp-content\/uploads\/2023\/12\/cropped-stampila-2.png","width":509,"height":448,"caption":"Pr\u0103v\u0103lia cu S\u0103punuri SRL"},"image":{"@id":"https:\/\/pravaliacusapunuri.ro\/#\/schema\/logo\/image\/"},"sameAs":["https:\/\/www.facebook.com\/pravaliacusapunuri.ro\/","https:\/\/www.instagram.com\/pravalia_cu_sapunuri\/"]}]}},"_links":{"self":[{"href":"https:\/\/pravaliacusapunuri.ro\/en\/wp-json\/wp\/v2\/pages\/3278","targetHints":{"allow":["GET"]}}],"collection":[{"href":"https:\/\/pravaliacusapunuri.ro\/en\/wp-json\/wp\/v2\/pages"}],"about":[{"href":"https:\/\/pravaliacusapunuri.ro\/en\/wp-json\/wp\/v2\/types\/page"}],"author":[{"embeddable":true,"href":"https:\/\/pravaliacusapunuri.ro\/en\/wp-json\/wp\/v2\/users\/1"}],"replies":[{"embeddable":true,"href":"https:\/\/pravaliacusapunuri.ro\/en\/wp-json\/wp\/v2\/comments?post=3278"}],"version-history":[{"count":10,"href":"https:\/\/pravaliacusapunuri.ro\/en\/wp-json\/wp\/v2\/pages\/3278\/revisions"}],"predecessor-version":[{"id":6711,"href":"https:\/\/pravaliacusapunuri.ro\/en\/wp-json\/wp\/v2\/pages\/3278\/revisions\/6711"}],"wp:attachment":[{"href":"https:\/\/pravaliacusapunuri.ro\/en\/wp-json\/wp\/v2\/media?parent=3278"}],"curies":[{"name":"wp","href":"https:\/\/api.w.org\/{rel}","templated":true}]}}